{"id":339,"date":"2024-10-22T15:10:39","date_gmt":"2024-10-22T15:10:39","guid":{"rendered":"https:\/\/spinbetter.center\/lv\/?page_id=339"},"modified":"2025-07-11T15:13:50","modified_gmt":"2025-07-11T15:13:50","slug":"promo-code","status":"publish","type":"page","link":"https:\/\/spinbetter.center\/lv\/promo-code\/","title":{"rendered":"Promo kods"},"content":{"rendered":"","protected":false},"excerpt":{"rendered":"","protected":false},"author":1,"featured_media":0,"parent":0,"menu_order":0,"comment_status":"closed","ping_status":"closed","template":"","meta":{"footnotes":""},"class_list":["post-339","page","type-page","status-publish","hentry"],"yoast_head":"<!-- This site is optimized with the Yoast SEO plugin v24.5 - https:\/\/yoast.com\/wordpress\/plugins\/seo\/ -->\n<title>SpinBetter 2025 Promo kodi: papildu iesp\u0113ja ieg\u016bt bonusu<\/title>\n<meta name=\"description\" content=\"SpinBetter promo kodu defin\u012bcija un k\u0101da ir to v\u0113rt\u012bba sp\u0113l\u0113t\u0101jam. Kur mekl\u0113t slepeno kombin\u0101ciju. Likmju kodu sec\u012bba.\" \/>\n<meta name=\"robots\" content=\"index, follow, max-snippet:-1, max-image-preview:large, max-video-preview:-1\" \/>\n<link rel=\"canonical\" href=\"https:\/\/spinbetter.center\/lv\/promo-code\/\" \/>\n<meta property=\"og:locale\" content=\"lv_LV\" \/>\n<meta property=\"og:type\" content=\"article\" \/>\n<meta property=\"og:title\" content=\"SpinBetter 2025 Promo kodi: papildu iesp\u0113ja ieg\u016bt bonusu\" \/>\n<meta property=\"og:description\" content=\"SpinBetter promo kodu defin\u012bcija un k\u0101da ir to v\u0113rt\u012bba sp\u0113l\u0113t\u0101jam. Kur mekl\u0113t slepeno kombin\u0101ciju. Likmju kodu sec\u012bba.\" \/>\n<meta property=\"og:url\" content=\"https:\/\/spinbetter.center\/lv\/promo-code\/\" \/>\n<meta property=\"og:site_name\" content=\"Spinbetter Center lv\" \/>\n<meta property=\"article:modified_time\" content=\"2025-07-11T15:13:50+00:00\" \/>\n<meta name=\"twitter:card\" content=\"summary_large_image\" \/>\n<script type=\"application\/ld+json\" class=\"yoast-schema-graph\">{\"@context\":\"https:\/\/schema.org\",\"@graph\":[{\"@type\":\"WebPage\",\"@id\":\"https:\/\/spinbetter.center\/lv\/promo-code\/\",\"url\":\"https:\/\/spinbetter.center\/lv\/promo-code\/\",\"name\":\"SpinBetter 2025 Promo kodi: papildu iesp\u0113ja ieg\u016bt bonusu\",\"isPartOf\":{\"@id\":\"https:\/\/spinbetter.center\/lv\/#website\"},\"datePublished\":\"2024-10-22T15:10:39+00:00\",\"dateModified\":\"2025-07-11T15:13:50+00:00\",\"description\":\"SpinBetter promo kodu defin\u012bcija un k\u0101da ir to v\u0113rt\u012bba sp\u0113l\u0113t\u0101jam. Kur mekl\u0113t slepeno kombin\u0101ciju. Likmju kodu sec\u012bba.\",\"breadcrumb\":{\"@id\":\"https:\/\/spinbetter.center\/lv\/promo-code\/#breadcrumb\"},\"inLanguage\":\"lv-LV\",\"potentialAction\":[{\"@type\":\"ReadAction\",\"target\":[\"https:\/\/spinbetter.center\/lv\/promo-code\/\"]}]},{\"@type\":\"BreadcrumbList\",\"@id\":\"https:\/\/spinbetter.center\/lv\/promo-code\/#breadcrumb\",\"itemListElement\":[{\"@type\":\"ListItem\",\"position\":1,\"name\":\"Home\",\"item\":\"https:\/\/spinbetter.center\/lv\/\"},{\"@type\":\"ListItem\",\"position\":2,\"name\":\"Promo kods\"}]},{\"@type\":\"WebSite\",\"@id\":\"https:\/\/spinbetter.center\/lv\/#website\",\"url\":\"https:\/\/spinbetter.center\/lv\/\",\"name\":\"SpinBetter\",\"description\":\"SpinBetter\",\"alternateName\":\"Spin Better\",\"potentialAction\":[{\"@type\":\"SearchAction\",\"target\":{\"@type\":\"EntryPoint\",\"urlTemplate\":\"https:\/\/spinbetter.center\/lv\/?s={search_term_string}\"},\"query-input\":{\"@type\":\"PropertyValueSpecification\",\"valueRequired\":true,\"valueName\":\"search_term_string\"}}],\"inLanguage\":\"lv-LV\"}]}<\/script>\n<!-- \/ Yoast SEO plugin. -->","yoast_head_json":{"title":"SpinBetter 2025 Promo kodi: papildu iesp\u0113ja ieg\u016bt bonusu","description":"SpinBetter promo kodu defin\u012bcija un k\u0101da ir to v\u0113rt\u012bba sp\u0113l\u0113t\u0101jam. Kur mekl\u0113t slepeno kombin\u0101ciju. Likmju kodu sec\u012bba.","robots":{"index":"index","follow":"follow","max-snippet":"max-snippet:-1","max-image-preview":"max-image-preview:large","max-video-preview":"max-video-preview:-1"},"canonical":"https:\/\/spinbetter.center\/lv\/promo-code\/","og_locale":"lv_LV","og_type":"article","og_title":"SpinBetter 2025 Promo kodi: papildu iesp\u0113ja ieg\u016bt bonusu","og_description":"SpinBetter promo kodu defin\u012bcija un k\u0101da ir to v\u0113rt\u012bba sp\u0113l\u0113t\u0101jam. Kur mekl\u0113t slepeno kombin\u0101ciju. Likmju kodu sec\u012bba.","og_url":"https:\/\/spinbetter.center\/lv\/promo-code\/","og_site_name":"Spinbetter Center lv","article_modified_time":"2025-07-11T15:13:50+00:00","twitter_card":"summary_large_image","schema":{"@context":"https:\/\/schema.org","@graph":[{"@type":"WebPage","@id":"https:\/\/spinbetter.center\/lv\/promo-code\/","url":"https:\/\/spinbetter.center\/lv\/promo-code\/","name":"SpinBetter 2025 Promo kodi: papildu iesp\u0113ja ieg\u016bt bonusu","isPartOf":{"@id":"https:\/\/spinbetter.center\/lv\/#website"},"datePublished":"2024-10-22T15:10:39+00:00","dateModified":"2025-07-11T15:13:50+00:00","description":"SpinBetter promo kodu defin\u012bcija un k\u0101da ir to v\u0113rt\u012bba sp\u0113l\u0113t\u0101jam. Kur mekl\u0113t slepeno kombin\u0101ciju. Likmju kodu sec\u012bba.","breadcrumb":{"@id":"https:\/\/spinbetter.center\/lv\/promo-code\/#breadcrumb"},"inLanguage":"lv-LV","potentialAction":[{"@type":"ReadAction","target":["https:\/\/spinbetter.center\/lv\/promo-code\/"]}]},{"@type":"BreadcrumbList","@id":"https:\/\/spinbetter.center\/lv\/promo-code\/#breadcrumb","itemListElement":[{"@type":"ListItem","position":1,"name":"Home","item":"https:\/\/spinbetter.center\/lv\/"},{"@type":"ListItem","position":2,"name":"Promo kods"}]},{"@type":"WebSite","@id":"https:\/\/spinbetter.center\/lv\/#website","url":"https:\/\/spinbetter.center\/lv\/","name":"SpinBetter","description":"SpinBetter","alternateName":"Spin Better","potentialAction":[{"@type":"SearchAction","target":{"@type":"EntryPoint","urlTemplate":"https:\/\/spinbetter.center\/lv\/?s={search_term_string}"},"query-input":{"@type":"PropertyValueSpecification","valueRequired":true,"valueName":"search_term_string"}}],"inLanguage":"lv-LV"}]}},"_links":{"self":[{"href":"https:\/\/spinbetter.center\/lv\/wp-json\/wp\/v2\/pages\/339","targetHints":{"allow":["GET"]}}],"collection":[{"href":"https:\/\/spinbetter.center\/lv\/wp-json\/wp\/v2\/pages"}],"about":[{"href":"https:\/\/spinbetter.center\/lv\/wp-json\/wp\/v2\/types\/page"}],"author":[{"embeddable":true,"href":"https:\/\/spinbetter.center\/lv\/wp-json\/wp\/v2\/users\/1"}],"replies":[{"embeddable":true,"href":"https:\/\/spinbetter.center\/lv\/wp-json\/wp\/v2\/comments?post=339"}],"version-history":[{"count":5,"href":"https:\/\/spinbetter.center\/lv\/wp-json\/wp\/v2\/pages\/339\/revisions"}],"predecessor-version":[{"id":616,"href":"https:\/\/spinbetter.center\/lv\/wp-json\/wp\/v2\/pages\/339\/revisions\/616"}],"wp:attachment":[{"href":"https:\/\/spinbetter.center\/lv\/wp-json\/wp\/v2\/media?parent=339"}],"curies":[{"name":"wp","href":"https:\/\/api.w.org\/{rel}","templated":true}]}}