{"id":274,"date":"2024-09-18T14:59:05","date_gmt":"2024-09-18T14:59:05","guid":{"rendered":"https:\/\/spinbetter.center\/lv\/?page_id=274"},"modified":"2025-04-21T10:16:15","modified_gmt":"2025-04-21T10:16:15","slug":"casino","status":"publish","type":"page","link":"https:\/\/spinbetter.center\/lv\/casino\/","title":{"rendered":"Kazino"},"content":{"rendered":"","protected":false},"excerpt":{"rendered":"","protected":false},"author":1,"featured_media":0,"parent":0,"menu_order":0,"comment_status":"closed","ping_status":"closed","template":"","meta":{"footnotes":""},"class_list":["post-274","page","type-page","status-publish","hentry"],"yoast_head":"<!-- This site is optimized with the Yoast SEO plugin v27.4 - https:\/\/yoast.com\/product\/yoast-seo-wordpress\/ -->\n<title>SpinBetter kazino: sp\u0113\u013cu autom\u0101ti, Live kazino, Aviator<\/title>\n<meta name=\"description\" content=\"Vair\u0101ki t\u016bksto\u0161i kazino izklaides jebkurai gaumei. Soli pa solim, k\u0101 re\u0123istr\u0113ties SpinBetter tie\u0161saistes kazino. Apsveikuma bonuss un stimuli eso\u0161ajiem klientiem.\" \/>\n<meta name=\"robots\" content=\"index, follow, max-snippet:-1, max-image-preview:large, max-video-preview:-1\" \/>\n<link rel=\"canonical\" href=\"https:\/\/spinbetter.center\/lv\/casino\/\" \/>\n<meta property=\"og:locale\" content=\"lv_LV\" \/>\n<meta property=\"og:type\" content=\"article\" \/>\n<meta property=\"og:title\" content=\"SpinBetter kazino: sp\u0113\u013cu autom\u0101ti, Live kazino, Aviator\" \/>\n<meta property=\"og:description\" content=\"Vair\u0101ki t\u016bksto\u0161i kazino izklaides jebkurai gaumei. Soli pa solim, k\u0101 re\u0123istr\u0113ties SpinBetter tie\u0161saistes kazino. Apsveikuma bonuss un stimuli eso\u0161ajiem klientiem.\" \/>\n<meta property=\"og:url\" content=\"https:\/\/spinbetter.center\/lv\/casino\/\" \/>\n<meta property=\"og:site_name\" content=\"Spinbetter Center lv\" \/>\n<meta property=\"article:modified_time\" content=\"2025-04-21T10:16:15+00:00\" \/>\n<meta name=\"twitter:card\" content=\"summary_large_image\" \/>\n<script type=\"application\/ld+json\" class=\"yoast-schema-graph\">{\"@context\":\"https:\\\/\\\/schema.org\",\"@graph\":[{\"@type\":\"WebPage\",\"@id\":\"https:\\\/\\\/spinbetter.center\\\/lv\\\/casino\\\/\",\"url\":\"https:\\\/\\\/spinbetter.center\\\/lv\\\/casino\\\/\",\"name\":\"SpinBetter kazino: sp\u0113\u013cu autom\u0101ti, Live kazino, Aviator\",\"isPartOf\":{\"@id\":\"https:\\\/\\\/spinbetter.center\\\/lv\\\/#website\"},\"datePublished\":\"2024-09-18T14:59:05+00:00\",\"dateModified\":\"2025-04-21T10:16:15+00:00\",\"description\":\"Vair\u0101ki t\u016bksto\u0161i kazino izklaides jebkurai gaumei. Soli pa solim, k\u0101 re\u0123istr\u0113ties SpinBetter tie\u0161saistes kazino. Apsveikuma bonuss un stimuli eso\u0161ajiem klientiem.\",\"breadcrumb\":{\"@id\":\"https:\\\/\\\/spinbetter.center\\\/lv\\\/casino\\\/#breadcrumb\"},\"inLanguage\":\"lv-LV\",\"potentialAction\":[{\"@type\":\"ReadAction\",\"target\":[\"https:\\\/\\\/spinbetter.center\\\/lv\\\/casino\\\/\"]}]},{\"@type\":\"BreadcrumbList\",\"@id\":\"https:\\\/\\\/spinbetter.center\\\/lv\\\/casino\\\/#breadcrumb\",\"itemListElement\":[{\"@type\":\"ListItem\",\"position\":1,\"name\":\"Home\",\"item\":\"https:\\\/\\\/spinbetter.center\\\/lv\\\/\"},{\"@type\":\"ListItem\",\"position\":2,\"name\":\"Kazino\"}]},{\"@type\":\"WebSite\",\"@id\":\"https:\\\/\\\/spinbetter.center\\\/lv\\\/#website\",\"url\":\"https:\\\/\\\/spinbetter.center\\\/lv\\\/\",\"name\":\"SpinBetter\",\"description\":\"SpinBetter\",\"alternateName\":\"Spin Better\",\"potentialAction\":[{\"@type\":\"SearchAction\",\"target\":{\"@type\":\"EntryPoint\",\"urlTemplate\":\"https:\\\/\\\/spinbetter.center\\\/lv\\\/?s={search_term_string}\"},\"query-input\":{\"@type\":\"PropertyValueSpecification\",\"valueRequired\":true,\"valueName\":\"search_term_string\"}}],\"inLanguage\":\"lv-LV\"}]}<\/script>\n<!-- \/ Yoast SEO plugin. -->","yoast_head_json":{"title":"SpinBetter kazino: sp\u0113\u013cu autom\u0101ti, Live kazino, Aviator","description":"Vair\u0101ki t\u016bksto\u0161i kazino izklaides jebkurai gaumei. Soli pa solim, k\u0101 re\u0123istr\u0113ties SpinBetter tie\u0161saistes kazino. Apsveikuma bonuss un stimuli eso\u0161ajiem klientiem.","robots":{"index":"index","follow":"follow","max-snippet":"max-snippet:-1","max-image-preview":"max-image-preview:large","max-video-preview":"max-video-preview:-1"},"canonical":"https:\/\/spinbetter.center\/lv\/casino\/","og_locale":"lv_LV","og_type":"article","og_title":"SpinBetter kazino: sp\u0113\u013cu autom\u0101ti, Live kazino, Aviator","og_description":"Vair\u0101ki t\u016bksto\u0161i kazino izklaides jebkurai gaumei. Soli pa solim, k\u0101 re\u0123istr\u0113ties SpinBetter tie\u0161saistes kazino. Apsveikuma bonuss un stimuli eso\u0161ajiem klientiem.","og_url":"https:\/\/spinbetter.center\/lv\/casino\/","og_site_name":"Spinbetter Center lv","article_modified_time":"2025-04-21T10:16:15+00:00","twitter_card":"summary_large_image","schema":{"@context":"https:\/\/schema.org","@graph":[{"@type":"WebPage","@id":"https:\/\/spinbetter.center\/lv\/casino\/","url":"https:\/\/spinbetter.center\/lv\/casino\/","name":"SpinBetter kazino: sp\u0113\u013cu autom\u0101ti, Live kazino, Aviator","isPartOf":{"@id":"https:\/\/spinbetter.center\/lv\/#website"},"datePublished":"2024-09-18T14:59:05+00:00","dateModified":"2025-04-21T10:16:15+00:00","description":"Vair\u0101ki t\u016bksto\u0161i kazino izklaides jebkurai gaumei. Soli pa solim, k\u0101 re\u0123istr\u0113ties SpinBetter tie\u0161saistes kazino. Apsveikuma bonuss un stimuli eso\u0161ajiem klientiem.","breadcrumb":{"@id":"https:\/\/spinbetter.center\/lv\/casino\/#breadcrumb"},"inLanguage":"lv-LV","potentialAction":[{"@type":"ReadAction","target":["https:\/\/spinbetter.center\/lv\/casino\/"]}]},{"@type":"BreadcrumbList","@id":"https:\/\/spinbetter.center\/lv\/casino\/#breadcrumb","itemListElement":[{"@type":"ListItem","position":1,"name":"Home","item":"https:\/\/spinbetter.center\/lv\/"},{"@type":"ListItem","position":2,"name":"Kazino"}]},{"@type":"WebSite","@id":"https:\/\/spinbetter.center\/lv\/#website","url":"https:\/\/spinbetter.center\/lv\/","name":"SpinBetter","description":"SpinBetter","alternateName":"Spin Better","potentialAction":[{"@type":"SearchAction","target":{"@type":"EntryPoint","urlTemplate":"https:\/\/spinbetter.center\/lv\/?s={search_term_string}"},"query-input":{"@type":"PropertyValueSpecification","valueRequired":true,"valueName":"search_term_string"}}],"inLanguage":"lv-LV"}]}},"_links":{"self":[{"href":"https:\/\/spinbetter.center\/lv\/wp-json\/wp\/v2\/pages\/274","targetHints":{"allow":["GET"]}}],"collection":[{"href":"https:\/\/spinbetter.center\/lv\/wp-json\/wp\/v2\/pages"}],"about":[{"href":"https:\/\/spinbetter.center\/lv\/wp-json\/wp\/v2\/types\/page"}],"author":[{"embeddable":true,"href":"https:\/\/spinbetter.center\/lv\/wp-json\/wp\/v2\/users\/1"}],"replies":[{"embeddable":true,"href":"https:\/\/spinbetter.center\/lv\/wp-json\/wp\/v2\/comments?post=274"}],"version-history":[{"count":5,"href":"https:\/\/spinbetter.center\/lv\/wp-json\/wp\/v2\/pages\/274\/revisions"}],"predecessor-version":[{"id":589,"href":"https:\/\/spinbetter.center\/lv\/wp-json\/wp\/v2\/pages\/274\/revisions\/589"}],"wp:attachment":[{"href":"https:\/\/spinbetter.center\/lv\/wp-json\/wp\/v2\/media?parent=274"}],"curies":[{"name":"wp","href":"https:\/\/api.w.org\/{rel}","templated":true}]}}