{"id":2,"date":"2023-05-18T17:18:34","date_gmt":"2023-05-18T17:18:34","guid":{"rendered":"https:\/\/spinbetter.center\/lv\/?page_id=2"},"modified":"2025-09-22T14:45:09","modified_gmt":"2025-09-22T14:45:09","slug":"sample-page","status":"publish","type":"page","link":"https:\/\/spinbetter.center\/lv\/","title":{"rendered":"S\u0101kums"},"content":{"rendered":"","protected":false},"excerpt":{"rendered":"","protected":false},"author":1,"featured_media":0,"parent":0,"menu_order":0,"comment_status":"closed","ping_status":"open","template":"","meta":{"footnotes":""},"class_list":["post-2","page","type-page","status-publish","hentry"],"yoast_head":"<!-- This site is optimized with the Yoast SEO plugin v27.4 - https:\/\/yoast.com\/product\/yoast-seo-wordpress\/ -->\n<title>SpinBetter \u1409 Sporta un Cyber sporta der\u012bbas, tie\u0161saistes kazino<\/title>\n<meta name=\"description\" content=\"SpinBetter 2025 detaliz\u0113ts p\u0101rskats. \u26a1Up to 1,750 EUR un 150 freespins bonuss. 8000+ sporta sp\u0113les un t\u016bksto\u0161iem kazino aktivit\u0101\u0161u\" \/>\n<meta name=\"robots\" content=\"index, follow, max-snippet:-1, max-image-preview:large, max-video-preview:-1\" \/>\n<link rel=\"canonical\" href=\"https:\/\/spinbetter.center\/lv\/\" \/>\n<meta property=\"og:locale\" content=\"lv_LV\" \/>\n<meta property=\"og:type\" content=\"article\" \/>\n<meta property=\"og:title\" content=\"SpinBetter \u1409 Sporta un Cyber sporta der\u012bbas, tie\u0161saistes kazino\" \/>\n<meta property=\"og:description\" content=\"SpinBetter 2025 detaliz\u0113ts p\u0101rskats. \u26a1Up to 1,750 EUR un 150 freespins bonuss. 8000+ sporta sp\u0113les un t\u016bksto\u0161iem kazino aktivit\u0101\u0161u\" \/>\n<meta property=\"og:url\" content=\"https:\/\/spinbetter.center\/lv\/\" \/>\n<meta property=\"og:site_name\" content=\"Spinbetter Center lv\" \/>\n<meta property=\"article:modified_time\" content=\"2025-09-22T14:45:09+00:00\" \/>\n<meta name=\"twitter:card\" content=\"summary_large_image\" \/>\n<script type=\"application\/ld+json\" class=\"yoast-schema-graph\">{\"@context\":\"https:\\\/\\\/schema.org\",\"@graph\":[{\"@type\":\"WebPage\",\"@id\":\"https:\\\/\\\/spinbetter.center\\\/lv\\\/\",\"url\":\"https:\\\/\\\/spinbetter.center\\\/lv\\\/\",\"name\":\"SpinBetter \u1409 Sporta un Cyber sporta der\u012bbas, tie\u0161saistes kazino\",\"isPartOf\":{\"@id\":\"https:\\\/\\\/spinbetter.center\\\/lv\\\/#website\"},\"datePublished\":\"2023-05-18T17:18:34+00:00\",\"dateModified\":\"2025-09-22T14:45:09+00:00\",\"description\":\"SpinBetter 2025 detaliz\u0113ts p\u0101rskats. \u26a1Up to 1,750 EUR un 150 freespins bonuss. 8000+ sporta sp\u0113les un t\u016bksto\u0161iem kazino aktivit\u0101\u0161u\",\"breadcrumb\":{\"@id\":\"https:\\\/\\\/spinbetter.center\\\/lv\\\/#breadcrumb\"},\"inLanguage\":\"lv-LV\",\"potentialAction\":[{\"@type\":\"ReadAction\",\"target\":[\"https:\\\/\\\/spinbetter.center\\\/lv\\\/\"]}]},{\"@type\":\"BreadcrumbList\",\"@id\":\"https:\\\/\\\/spinbetter.center\\\/lv\\\/#breadcrumb\",\"itemListElement\":[{\"@type\":\"ListItem\",\"position\":1,\"name\":\"Home\",\"item\":\"https:\\\/\\\/spinbetter.center\\\/lv\\\/\"},{\"@type\":\"ListItem\",\"position\":2,\"name\":\"S\u0101kums\"}]},{\"@type\":\"WebSite\",\"@id\":\"https:\\\/\\\/spinbetter.center\\\/lv\\\/#website\",\"url\":\"https:\\\/\\\/spinbetter.center\\\/lv\\\/\",\"name\":\"SpinBetter\",\"description\":\"SpinBetter\",\"alternateName\":\"Spin Better\",\"potentialAction\":[{\"@type\":\"SearchAction\",\"target\":{\"@type\":\"EntryPoint\",\"urlTemplate\":\"https:\\\/\\\/spinbetter.center\\\/lv\\\/?s={search_term_string}\"},\"query-input\":{\"@type\":\"PropertyValueSpecification\",\"valueRequired\":true,\"valueName\":\"search_term_string\"}}],\"inLanguage\":\"lv-LV\"}]}<\/script>\n<!-- \/ Yoast SEO plugin. -->","yoast_head_json":{"title":"SpinBetter \u1409 Sporta un Cyber sporta der\u012bbas, tie\u0161saistes kazino","description":"SpinBetter 2025 detaliz\u0113ts p\u0101rskats. \u26a1Up to 1,750 EUR un 150 freespins bonuss. 8000+ sporta sp\u0113les un t\u016bksto\u0161iem kazino aktivit\u0101\u0161u","robots":{"index":"index","follow":"follow","max-snippet":"max-snippet:-1","max-image-preview":"max-image-preview:large","max-video-preview":"max-video-preview:-1"},"canonical":"https:\/\/spinbetter.center\/lv\/","og_locale":"lv_LV","og_type":"article","og_title":"SpinBetter \u1409 Sporta un Cyber sporta der\u012bbas, tie\u0161saistes kazino","og_description":"SpinBetter 2025 detaliz\u0113ts p\u0101rskats. \u26a1Up to 1,750 EUR un 150 freespins bonuss. 8000+ sporta sp\u0113les un t\u016bksto\u0161iem kazino aktivit\u0101\u0161u","og_url":"https:\/\/spinbetter.center\/lv\/","og_site_name":"Spinbetter Center lv","article_modified_time":"2025-09-22T14:45:09+00:00","twitter_card":"summary_large_image","schema":{"@context":"https:\/\/schema.org","@graph":[{"@type":"WebPage","@id":"https:\/\/spinbetter.center\/lv\/","url":"https:\/\/spinbetter.center\/lv\/","name":"SpinBetter \u1409 Sporta un Cyber sporta der\u012bbas, tie\u0161saistes kazino","isPartOf":{"@id":"https:\/\/spinbetter.center\/lv\/#website"},"datePublished":"2023-05-18T17:18:34+00:00","dateModified":"2025-09-22T14:45:09+00:00","description":"SpinBetter 2025 detaliz\u0113ts p\u0101rskats. \u26a1Up to 1,750 EUR un 150 freespins bonuss. 8000+ sporta sp\u0113les un t\u016bksto\u0161iem kazino aktivit\u0101\u0161u","breadcrumb":{"@id":"https:\/\/spinbetter.center\/lv\/#breadcrumb"},"inLanguage":"lv-LV","potentialAction":[{"@type":"ReadAction","target":["https:\/\/spinbetter.center\/lv\/"]}]},{"@type":"BreadcrumbList","@id":"https:\/\/spinbetter.center\/lv\/#breadcrumb","itemListElement":[{"@type":"ListItem","position":1,"name":"Home","item":"https:\/\/spinbetter.center\/lv\/"},{"@type":"ListItem","position":2,"name":"S\u0101kums"}]},{"@type":"WebSite","@id":"https:\/\/spinbetter.center\/lv\/#website","url":"https:\/\/spinbetter.center\/lv\/","name":"SpinBetter","description":"SpinBetter","alternateName":"Spin Better","potentialAction":[{"@type":"SearchAction","target":{"@type":"EntryPoint","urlTemplate":"https:\/\/spinbetter.center\/lv\/?s={search_term_string}"},"query-input":{"@type":"PropertyValueSpecification","valueRequired":true,"valueName":"search_term_string"}}],"inLanguage":"lv-LV"}]}},"amp_enabled":true,"_links":{"self":[{"href":"https:\/\/spinbetter.center\/lv\/wp-json\/wp\/v2\/pages\/2","targetHints":{"allow":["GET"]}}],"collection":[{"href":"https:\/\/spinbetter.center\/lv\/wp-json\/wp\/v2\/pages"}],"about":[{"href":"https:\/\/spinbetter.center\/lv\/wp-json\/wp\/v2\/types\/page"}],"author":[{"embeddable":true,"href":"https:\/\/spinbetter.center\/lv\/wp-json\/wp\/v2\/users\/1"}],"replies":[{"embeddable":true,"href":"https:\/\/spinbetter.center\/lv\/wp-json\/wp\/v2\/comments?post=2"}],"version-history":[{"count":14,"href":"https:\/\/spinbetter.center\/lv\/wp-json\/wp\/v2\/pages\/2\/revisions"}],"predecessor-version":[{"id":618,"href":"https:\/\/spinbetter.center\/lv\/wp-json\/wp\/v2\/pages\/2\/revisions\/618"}],"wp:attachment":[{"href":"https:\/\/spinbetter.center\/lv\/wp-json\/wp\/v2\/media?parent=2"}],"curies":[{"name":"wp","href":"https:\/\/api.w.org\/{rel}","templated":true}]}}