{"id":500,"date":"2025-04-17T07:28:09","date_gmt":"2025-04-17T07:28:09","guid":{"rendered":"https:\/\/spinbetter.center\/luxembourg\/?page_id=500"},"modified":"2025-07-24T20:53:37","modified_gmt":"2025-07-24T20:53:37","slug":"reload-bonus","status":"publish","type":"page","link":"https:\/\/spinbetter.center\/luxembourg\/bonuses\/reload-bonus\/","title":{"rendered":"Auflade Bonus"},"content":{"rendered":"","protected":false},"excerpt":{"rendered":"","protected":false},"author":1,"featured_media":0,"parent":272,"menu_order":0,"comment_status":"closed","ping_status":"closed","template":"","meta":{"footnotes":""},"class_list":["post-500","page","type-page","status-publish","hentry"],"yoast_head":"<!-- This site is optimized with the Yoast SEO plugin v24.5 - https:\/\/yoast.com\/wordpress\/plugins\/seo\/ -->\n<title>50% Auflade Bonus + 50 Freispiele jeden Mittwoch!<\/title>\n<meta name=\"description\" content=\"Verpassen Sie nicht Ihren Gl\u00fccksspielgewinn am Mittwoch! Holen Sie sich einen 50%-Bonus bis zu 200 \u20ac und 50 Freispiele, indem Sie einfach 15 \u20ac einzahlen. Dieser Bonus ist Ihre Chance, gro\u00df zu gewinnen! Erh\u00f6hen Sie Ihre Eins\u00e4tze und erobern Sie jeden Mittwoch die Spielautomaten!\" \/>\n<meta name=\"robots\" content=\"index, follow, max-snippet:-1, max-image-preview:large, max-video-preview:-1\" \/>\n<link rel=\"canonical\" href=\"https:\/\/spinbetter.center\/luxembourg\/bonuses\/reload-bonus\/\" \/>\n<meta property=\"og:locale\" content=\"fr_FR\" \/>\n<meta property=\"og:type\" content=\"article\" \/>\n<meta property=\"og:title\" content=\"50% Auflade Bonus + 50 Freispiele jeden Mittwoch!\" \/>\n<meta property=\"og:description\" content=\"Verpassen Sie nicht Ihren Gl\u00fccksspielgewinn am Mittwoch! Holen Sie sich einen 50%-Bonus bis zu 200 \u20ac und 50 Freispiele, indem Sie einfach 15 \u20ac einzahlen. Dieser Bonus ist Ihre Chance, gro\u00df zu gewinnen! Erh\u00f6hen Sie Ihre Eins\u00e4tze und erobern Sie jeden Mittwoch die Spielautomaten!\" \/>\n<meta property=\"og:url\" content=\"https:\/\/spinbetter.center\/luxembourg\/bonuses\/reload-bonus\/\" \/>\n<meta property=\"og:site_name\" content=\"Spinbetter center de\" \/>\n<meta property=\"article:modified_time\" content=\"2025-07-24T20:53:37+00:00\" \/>\n<meta name=\"twitter:card\" content=\"summary_large_image\" \/>\n<script type=\"application\/ld+json\" class=\"yoast-schema-graph\">{\"@context\":\"https:\/\/schema.org\",\"@graph\":[{\"@type\":\"WebPage\",\"@id\":\"https:\/\/spinbetter.center\/luxembourg\/bonuses\/reload-bonus\/\",\"url\":\"https:\/\/spinbetter.center\/luxembourg\/bonuses\/reload-bonus\/\",\"name\":\"50% Auflade Bonus + 50 Freispiele jeden Mittwoch!\",\"isPartOf\":{\"@id\":\"https:\/\/spinbetter.center\/luxembourg\/#website\"},\"datePublished\":\"2025-04-17T07:28:09+00:00\",\"dateModified\":\"2025-07-24T20:53:37+00:00\",\"description\":\"Verpassen Sie nicht Ihren Gl\u00fccksspielgewinn am Mittwoch! Holen Sie sich einen 50%-Bonus bis zu 200 \u20ac und 50 Freispiele, indem Sie einfach 15 \u20ac einzahlen. Dieser Bonus ist Ihre Chance, gro\u00df zu gewinnen! Erh\u00f6hen Sie Ihre Eins\u00e4tze und erobern Sie jeden Mittwoch die Spielautomaten!\",\"breadcrumb\":{\"@id\":\"https:\/\/spinbetter.center\/luxembourg\/bonuses\/reload-bonus\/#breadcrumb\"},\"inLanguage\":\"fr-NE\",\"potentialAction\":[{\"@type\":\"ReadAction\",\"target\":[\"https:\/\/spinbetter.center\/luxembourg\/bonuses\/reload-bonus\/\"]}]},{\"@type\":\"BreadcrumbList\",\"@id\":\"https:\/\/spinbetter.center\/luxembourg\/bonuses\/reload-bonus\/#breadcrumb\",\"itemListElement\":[{\"@type\":\"ListItem\",\"position\":1,\"name\":\"Home\",\"item\":\"https:\/\/spinbetter.center\/luxembourg\/\"},{\"@type\":\"ListItem\",\"position\":2,\"name\":\"Boni\",\"item\":\"https:\/\/spinbetter.center\/luxembourg\/bonuses\/\"},{\"@type\":\"ListItem\",\"position\":3,\"name\":\"Auflade Bonus\"}]},{\"@type\":\"WebSite\",\"@id\":\"https:\/\/spinbetter.center\/luxembourg\/#website\",\"url\":\"https:\/\/spinbetter.center\/luxembourg\/\",\"name\":\"Spinbetter center de\",\"description\":\"My WordPress Blog\",\"potentialAction\":[{\"@type\":\"SearchAction\",\"target\":{\"@type\":\"EntryPoint\",\"urlTemplate\":\"https:\/\/spinbetter.center\/luxembourg\/?s={search_term_string}\"},\"query-input\":{\"@type\":\"PropertyValueSpecification\",\"valueRequired\":true,\"valueName\":\"search_term_string\"}}],\"inLanguage\":\"fr-NE\"}]}<\/script>\n<!-- \/ Yoast SEO plugin. -->","yoast_head_json":{"title":"50% Auflade Bonus + 50 Freispiele jeden Mittwoch!","description":"Verpassen Sie nicht Ihren Gl\u00fccksspielgewinn am Mittwoch! Holen Sie sich einen 50%-Bonus bis zu 200 \u20ac und 50 Freispiele, indem Sie einfach 15 \u20ac einzahlen. Dieser Bonus ist Ihre Chance, gro\u00df zu gewinnen! Erh\u00f6hen Sie Ihre Eins\u00e4tze und erobern Sie jeden Mittwoch die Spielautomaten!","robots":{"index":"index","follow":"follow","max-snippet":"max-snippet:-1","max-image-preview":"max-image-preview:large","max-video-preview":"max-video-preview:-1"},"canonical":"https:\/\/spinbetter.center\/luxembourg\/bonuses\/reload-bonus\/","og_locale":"fr_FR","og_type":"article","og_title":"50% Auflade Bonus + 50 Freispiele jeden Mittwoch!","og_description":"Verpassen Sie nicht Ihren Gl\u00fccksspielgewinn am Mittwoch! Holen Sie sich einen 50%-Bonus bis zu 200 \u20ac und 50 Freispiele, indem Sie einfach 15 \u20ac einzahlen. Dieser Bonus ist Ihre Chance, gro\u00df zu gewinnen! Erh\u00f6hen Sie Ihre Eins\u00e4tze und erobern Sie jeden Mittwoch die Spielautomaten!","og_url":"https:\/\/spinbetter.center\/luxembourg\/bonuses\/reload-bonus\/","og_site_name":"Spinbetter center de","article_modified_time":"2025-07-24T20:53:37+00:00","twitter_card":"summary_large_image","schema":{"@context":"https:\/\/schema.org","@graph":[{"@type":"WebPage","@id":"https:\/\/spinbetter.center\/luxembourg\/bonuses\/reload-bonus\/","url":"https:\/\/spinbetter.center\/luxembourg\/bonuses\/reload-bonus\/","name":"50% Auflade Bonus + 50 Freispiele jeden Mittwoch!","isPartOf":{"@id":"https:\/\/spinbetter.center\/luxembourg\/#website"},"datePublished":"2025-04-17T07:28:09+00:00","dateModified":"2025-07-24T20:53:37+00:00","description":"Verpassen Sie nicht Ihren Gl\u00fccksspielgewinn am Mittwoch! Holen Sie sich einen 50%-Bonus bis zu 200 \u20ac und 50 Freispiele, indem Sie einfach 15 \u20ac einzahlen. Dieser Bonus ist Ihre Chance, gro\u00df zu gewinnen! Erh\u00f6hen Sie Ihre Eins\u00e4tze und erobern Sie jeden Mittwoch die Spielautomaten!","breadcrumb":{"@id":"https:\/\/spinbetter.center\/luxembourg\/bonuses\/reload-bonus\/#breadcrumb"},"inLanguage":"fr-NE","potentialAction":[{"@type":"ReadAction","target":["https:\/\/spinbetter.center\/luxembourg\/bonuses\/reload-bonus\/"]}]},{"@type":"BreadcrumbList","@id":"https:\/\/spinbetter.center\/luxembourg\/bonuses\/reload-bonus\/#breadcrumb","itemListElement":[{"@type":"ListItem","position":1,"name":"Home","item":"https:\/\/spinbetter.center\/luxembourg\/"},{"@type":"ListItem","position":2,"name":"Boni","item":"https:\/\/spinbetter.center\/luxembourg\/bonuses\/"},{"@type":"ListItem","position":3,"name":"Auflade Bonus"}]},{"@type":"WebSite","@id":"https:\/\/spinbetter.center\/luxembourg\/#website","url":"https:\/\/spinbetter.center\/luxembourg\/","name":"Spinbetter center de","description":"My WordPress Blog","potentialAction":[{"@type":"SearchAction","target":{"@type":"EntryPoint","urlTemplate":"https:\/\/spinbetter.center\/luxembourg\/?s={search_term_string}"},"query-input":{"@type":"PropertyValueSpecification","valueRequired":true,"valueName":"search_term_string"}}],"inLanguage":"fr-NE"}]}},"_links":{"self":[{"href":"https:\/\/spinbetter.center\/luxembourg\/wp-json\/wp\/v2\/pages\/500","targetHints":{"allow":["GET"]}}],"collection":[{"href":"https:\/\/spinbetter.center\/luxembourg\/wp-json\/wp\/v2\/pages"}],"about":[{"href":"https:\/\/spinbetter.center\/luxembourg\/wp-json\/wp\/v2\/types\/page"}],"author":[{"embeddable":true,"href":"https:\/\/spinbetter.center\/luxembourg\/wp-json\/wp\/v2\/users\/1"}],"replies":[{"embeddable":true,"href":"https:\/\/spinbetter.center\/luxembourg\/wp-json\/wp\/v2\/comments?post=500"}],"version-history":[{"count":2,"href":"https:\/\/spinbetter.center\/luxembourg\/wp-json\/wp\/v2\/pages\/500\/revisions"}],"predecessor-version":[{"id":542,"href":"https:\/\/spinbetter.center\/luxembourg\/wp-json\/wp\/v2\/pages\/500\/revisions\/542"}],"up":[{"embeddable":true,"href":"https:\/\/spinbetter.center\/luxembourg\/wp-json\/wp\/v2\/pages\/272"}],"wp:attachment":[{"href":"https:\/\/spinbetter.center\/luxembourg\/wp-json\/wp\/v2\/media?parent=500"}],"curies":[{"name":"wp","href":"https:\/\/api.w.org\/{rel}","templated":true}]}}