{"id":809,"date":"2025-07-16T07:25:27","date_gmt":"2025-07-16T07:25:27","guid":{"rendered":"https:\/\/spinbetter.center\/lu\/?page_id=809"},"modified":"2025-07-27T08:31:37","modified_gmt":"2025-07-27T08:31:37","slug":"deposit-lottery","status":"publish","type":"page","link":"https:\/\/spinbetter.center\/lu\/bonuses\/deposit-lottery\/","title":{"rendered":"Depotlotterie"},"content":{"rendered":"","protected":false},"excerpt":{"rendered":"","protected":false},"author":1,"featured_media":0,"parent":272,"menu_order":0,"comment_status":"closed","ping_status":"closed","template":"","meta":{"footnotes":""},"class_list":["post-809","page","type-page","status-publish","hentry"],"yoast_head":"<!-- This site is optimized with the Yoast SEO plugin v27.4 - https:\/\/yoast.com\/product\/yoast-seo-wordpress\/ -->\n<title>SpinBetter Wochenlotterie \u27a4 Gewannt gratis Wetten a 30.000 \u20ac!<\/title>\n<meta name=\"description\" content=\"Maacht eng Kautioun bei SpinBetter a maacht mat bei der w\u00f6chentlecher Lotterie mat engem Pr\u00e4ispool vun 30.000 EUR an 2 Millioune Promo-Punkten! Klickt op &quot;Participate&quot; a kritt \u00c4r genial gratis Wetten!\" \/>\n<meta name=\"robots\" content=\"index, follow, max-snippet:-1, max-image-preview:large, max-video-preview:-1\" \/>\n<link rel=\"canonical\" href=\"https:\/\/spinbetter.center\/lu\/bonuses\/deposit-lottery\/\" \/>\n<meta property=\"og:locale\" content=\"fr_FR\" \/>\n<meta property=\"og:type\" content=\"article\" \/>\n<meta property=\"og:title\" content=\"SpinBetter Wochenlotterie \u27a4 Gewannt gratis Wetten a 30.000 \u20ac!\" \/>\n<meta property=\"og:description\" content=\"Maacht eng Kautioun bei SpinBetter a maacht mat bei der w\u00f6chentlecher Lotterie mat engem Pr\u00e4ispool vun 30.000 EUR an 2 Millioune Promo-Punkten! Klickt op &quot;Participate&quot; a kritt \u00c4r genial gratis Wetten!\" \/>\n<meta property=\"og:url\" content=\"https:\/\/spinbetter.center\/lu\/bonuses\/deposit-lottery\/\" \/>\n<meta property=\"og:site_name\" content=\"Spinbetter center Lu\" \/>\n<meta property=\"article:modified_time\" content=\"2025-07-27T08:31:37+00:00\" \/>\n<meta name=\"twitter:card\" content=\"summary_large_image\" \/>\n<script type=\"application\/ld+json\" class=\"yoast-schema-graph\">{\"@context\":\"https:\\\/\\\/schema.org\",\"@graph\":[{\"@type\":\"WebPage\",\"@id\":\"https:\\\/\\\/spinbetter.center\\\/lu\\\/bonuses\\\/deposit-lottery\\\/\",\"url\":\"https:\\\/\\\/spinbetter.center\\\/lu\\\/bonuses\\\/deposit-lottery\\\/\",\"name\":\"SpinBetter Wochenlotterie \u27a4 Gewannt gratis Wetten a 30.000 \u20ac!\",\"isPartOf\":{\"@id\":\"https:\\\/\\\/spinbetter.center\\\/lu\\\/#website\"},\"datePublished\":\"2025-07-16T07:25:27+00:00\",\"dateModified\":\"2025-07-27T08:31:37+00:00\",\"description\":\"Maacht eng Kautioun bei SpinBetter a maacht mat bei der w\u00f6chentlecher Lotterie mat engem Pr\u00e4ispool vun 30.000 EUR an 2 Millioune Promo-Punkten! Klickt op \\\"Participate\\\" a kritt \u00c4r genial gratis Wetten!\",\"breadcrumb\":{\"@id\":\"https:\\\/\\\/spinbetter.center\\\/lu\\\/bonuses\\\/deposit-lottery\\\/#breadcrumb\"},\"inLanguage\":\"fr-NE\",\"potentialAction\":[{\"@type\":\"ReadAction\",\"target\":[\"https:\\\/\\\/spinbetter.center\\\/lu\\\/bonuses\\\/deposit-lottery\\\/\"]}]},{\"@type\":\"BreadcrumbList\",\"@id\":\"https:\\\/\\\/spinbetter.center\\\/lu\\\/bonuses\\\/deposit-lottery\\\/#breadcrumb\",\"itemListElement\":[{\"@type\":\"ListItem\",\"position\":1,\"name\":\"Home\",\"item\":\"https:\\\/\\\/spinbetter.center\\\/lu\\\/\"},{\"@type\":\"ListItem\",\"position\":2,\"name\":\"Bonusen\",\"item\":\"https:\\\/\\\/spinbetter.center\\\/lu\\\/bonuses\\\/\"},{\"@type\":\"ListItem\",\"position\":3,\"name\":\"Depotlotterie\"}]},{\"@type\":\"WebSite\",\"@id\":\"https:\\\/\\\/spinbetter.center\\\/lu\\\/#website\",\"url\":\"https:\\\/\\\/spinbetter.center\\\/lu\\\/\",\"name\":\"SpinBetter\",\"description\":\"SpinBetter\",\"alternateName\":\"Spin Better\",\"potentialAction\":[{\"@type\":\"SearchAction\",\"target\":{\"@type\":\"EntryPoint\",\"urlTemplate\":\"https:\\\/\\\/spinbetter.center\\\/lu\\\/?s={search_term_string}\"},\"query-input\":{\"@type\":\"PropertyValueSpecification\",\"valueRequired\":true,\"valueName\":\"search_term_string\"}}],\"inLanguage\":\"fr-NE\"}]}<\/script>\n<!-- \/ Yoast SEO plugin. -->","yoast_head_json":{"title":"SpinBetter Wochenlotterie \u27a4 Gewannt gratis Wetten a 30.000 \u20ac!","description":"Maacht eng Kautioun bei SpinBetter a maacht mat bei der w\u00f6chentlecher Lotterie mat engem Pr\u00e4ispool vun 30.000 EUR an 2 Millioune Promo-Punkten! Klickt op \"Participate\" a kritt \u00c4r genial gratis Wetten!","robots":{"index":"index","follow":"follow","max-snippet":"max-snippet:-1","max-image-preview":"max-image-preview:large","max-video-preview":"max-video-preview:-1"},"canonical":"https:\/\/spinbetter.center\/lu\/bonuses\/deposit-lottery\/","og_locale":"fr_FR","og_type":"article","og_title":"SpinBetter Wochenlotterie \u27a4 Gewannt gratis Wetten a 30.000 \u20ac!","og_description":"Maacht eng Kautioun bei SpinBetter a maacht mat bei der w\u00f6chentlecher Lotterie mat engem Pr\u00e4ispool vun 30.000 EUR an 2 Millioune Promo-Punkten! Klickt op \"Participate\" a kritt \u00c4r genial gratis Wetten!","og_url":"https:\/\/spinbetter.center\/lu\/bonuses\/deposit-lottery\/","og_site_name":"Spinbetter center Lu","article_modified_time":"2025-07-27T08:31:37+00:00","twitter_card":"summary_large_image","schema":{"@context":"https:\/\/schema.org","@graph":[{"@type":"WebPage","@id":"https:\/\/spinbetter.center\/lu\/bonuses\/deposit-lottery\/","url":"https:\/\/spinbetter.center\/lu\/bonuses\/deposit-lottery\/","name":"SpinBetter Wochenlotterie \u27a4 Gewannt gratis Wetten a 30.000 \u20ac!","isPartOf":{"@id":"https:\/\/spinbetter.center\/lu\/#website"},"datePublished":"2025-07-16T07:25:27+00:00","dateModified":"2025-07-27T08:31:37+00:00","description":"Maacht eng Kautioun bei SpinBetter a maacht mat bei der w\u00f6chentlecher Lotterie mat engem Pr\u00e4ispool vun 30.000 EUR an 2 Millioune Promo-Punkten! Klickt op \"Participate\" a kritt \u00c4r genial gratis Wetten!","breadcrumb":{"@id":"https:\/\/spinbetter.center\/lu\/bonuses\/deposit-lottery\/#breadcrumb"},"inLanguage":"fr-NE","potentialAction":[{"@type":"ReadAction","target":["https:\/\/spinbetter.center\/lu\/bonuses\/deposit-lottery\/"]}]},{"@type":"BreadcrumbList","@id":"https:\/\/spinbetter.center\/lu\/bonuses\/deposit-lottery\/#breadcrumb","itemListElement":[{"@type":"ListItem","position":1,"name":"Home","item":"https:\/\/spinbetter.center\/lu\/"},{"@type":"ListItem","position":2,"name":"Bonusen","item":"https:\/\/spinbetter.center\/lu\/bonuses\/"},{"@type":"ListItem","position":3,"name":"Depotlotterie"}]},{"@type":"WebSite","@id":"https:\/\/spinbetter.center\/lu\/#website","url":"https:\/\/spinbetter.center\/lu\/","name":"SpinBetter","description":"SpinBetter","alternateName":"Spin Better","potentialAction":[{"@type":"SearchAction","target":{"@type":"EntryPoint","urlTemplate":"https:\/\/spinbetter.center\/lu\/?s={search_term_string}"},"query-input":{"@type":"PropertyValueSpecification","valueRequired":true,"valueName":"search_term_string"}}],"inLanguage":"fr-NE"}]}},"_links":{"self":[{"href":"https:\/\/spinbetter.center\/lu\/wp-json\/wp\/v2\/pages\/809","targetHints":{"allow":["GET"]}}],"collection":[{"href":"https:\/\/spinbetter.center\/lu\/wp-json\/wp\/v2\/pages"}],"about":[{"href":"https:\/\/spinbetter.center\/lu\/wp-json\/wp\/v2\/types\/page"}],"author":[{"embeddable":true,"href":"https:\/\/spinbetter.center\/lu\/wp-json\/wp\/v2\/users\/1"}],"replies":[{"embeddable":true,"href":"https:\/\/spinbetter.center\/lu\/wp-json\/wp\/v2\/comments?post=809"}],"version-history":[{"count":6,"href":"https:\/\/spinbetter.center\/lu\/wp-json\/wp\/v2\/pages\/809\/revisions"}],"predecessor-version":[{"id":832,"href":"https:\/\/spinbetter.center\/lu\/wp-json\/wp\/v2\/pages\/809\/revisions\/832"}],"up":[{"embeddable":true,"href":"https:\/\/spinbetter.center\/lu\/wp-json\/wp\/v2\/pages\/272"}],"wp:attachment":[{"href":"https:\/\/spinbetter.center\/lu\/wp-json\/wp\/v2\/media?parent=809"}],"curies":[{"name":"wp","href":"https:\/\/api.w.org\/{rel}","templated":true}]}}