{"id":766,"date":"2024-04-27T05:59:42","date_gmt":"2024-04-27T05:59:42","guid":{"rendered":"https:\/\/spinbetter.center\/lu\/?page_id=766"},"modified":"2025-07-23T22:11:42","modified_gmt":"2025-07-23T22:11:42","slug":"games","status":"publish","type":"page","link":"https:\/\/spinbetter.center\/lu\/games\/","title":{"rendered":"Spiller"},"content":{"rendered":"","protected":false},"excerpt":{"rendered":"","protected":false},"author":1,"featured_media":0,"parent":0,"menu_order":0,"comment_status":"closed","ping_status":"closed","template":"","meta":{"footnotes":""},"class_list":["post-766","page","type-page","status-publish","hentry"],"yoast_head":"<!-- This site is optimized with the Yoast SEO plugin v27.4 - https:\/\/yoast.com\/product\/yoast-seo-wordpress\/ -->\n<title>SpinBetter Luxembourg Spiller: Iwwer 10.000 Spill\u00ebnnerhalung<\/title>\n<meta name=\"description\" content=\"Taucht Iech an d&#039;Welt vum SpinBetter Gl\u00e9cksspiller an! Fangt \u00c4ert Gl\u00e9ck mat iwwer 10.000 spannenden \u00cbnnerhalungsm\u00e9iglechkeeten vun iwwer 150 Top Ubidder. Spillt, gew\u00ebnnt an entdeckt nei Horizonten vu Spaass - fair Spiller, onheemlech Quoten an n\u00ebmme richteg Emotiounen!\" \/>\n<meta name=\"robots\" content=\"index, follow, max-snippet:-1, max-image-preview:large, max-video-preview:-1\" \/>\n<link rel=\"canonical\" href=\"https:\/\/spinbetter.center\/lu\/games\/\" \/>\n<meta property=\"og:locale\" content=\"fr_FR\" \/>\n<meta property=\"og:type\" content=\"article\" \/>\n<meta property=\"og:title\" content=\"SpinBetter Luxembourg Spiller: Iwwer 10.000 Spill\u00ebnnerhalung\" \/>\n<meta property=\"og:description\" content=\"Taucht Iech an d&#039;Welt vum SpinBetter Gl\u00e9cksspiller an! Fangt \u00c4ert Gl\u00e9ck mat iwwer 10.000 spannenden \u00cbnnerhalungsm\u00e9iglechkeeten vun iwwer 150 Top Ubidder. Spillt, gew\u00ebnnt an entdeckt nei Horizonten vu Spaass - fair Spiller, onheemlech Quoten an n\u00ebmme richteg Emotiounen!\" \/>\n<meta property=\"og:url\" content=\"https:\/\/spinbetter.center\/lu\/games\/\" \/>\n<meta property=\"og:site_name\" content=\"Spinbetter center Lu\" \/>\n<meta property=\"article:modified_time\" content=\"2025-07-23T22:11:42+00:00\" \/>\n<meta name=\"twitter:card\" content=\"summary_large_image\" \/>\n<script type=\"application\/ld+json\" class=\"yoast-schema-graph\">{\"@context\":\"https:\\\/\\\/schema.org\",\"@graph\":[{\"@type\":\"WebPage\",\"@id\":\"https:\\\/\\\/spinbetter.center\\\/lu\\\/games\\\/\",\"url\":\"https:\\\/\\\/spinbetter.center\\\/lu\\\/games\\\/\",\"name\":\"SpinBetter Luxembourg Spiller: Iwwer 10.000 Spill\u00ebnnerhalung\",\"isPartOf\":{\"@id\":\"https:\\\/\\\/spinbetter.center\\\/lu\\\/#website\"},\"datePublished\":\"2024-04-27T05:59:42+00:00\",\"dateModified\":\"2025-07-23T22:11:42+00:00\",\"description\":\"Taucht Iech an d'Welt vum SpinBetter Gl\u00e9cksspiller an! Fangt \u00c4ert Gl\u00e9ck mat iwwer 10.000 spannenden \u00cbnnerhalungsm\u00e9iglechkeeten vun iwwer 150 Top Ubidder. Spillt, gew\u00ebnnt an entdeckt nei Horizonten vu Spaass - fair Spiller, onheemlech Quoten an n\u00ebmme richteg Emotiounen!\",\"breadcrumb\":{\"@id\":\"https:\\\/\\\/spinbetter.center\\\/lu\\\/games\\\/#breadcrumb\"},\"inLanguage\":\"fr-NE\",\"potentialAction\":[{\"@type\":\"ReadAction\",\"target\":[\"https:\\\/\\\/spinbetter.center\\\/lu\\\/games\\\/\"]}]},{\"@type\":\"BreadcrumbList\",\"@id\":\"https:\\\/\\\/spinbetter.center\\\/lu\\\/games\\\/#breadcrumb\",\"itemListElement\":[{\"@type\":\"ListItem\",\"position\":1,\"name\":\"Home\",\"item\":\"https:\\\/\\\/spinbetter.center\\\/lu\\\/\"},{\"@type\":\"ListItem\",\"position\":2,\"name\":\"Spiller\"}]},{\"@type\":\"WebSite\",\"@id\":\"https:\\\/\\\/spinbetter.center\\\/lu\\\/#website\",\"url\":\"https:\\\/\\\/spinbetter.center\\\/lu\\\/\",\"name\":\"SpinBetter\",\"description\":\"SpinBetter\",\"alternateName\":\"Spin Better\",\"potentialAction\":[{\"@type\":\"SearchAction\",\"target\":{\"@type\":\"EntryPoint\",\"urlTemplate\":\"https:\\\/\\\/spinbetter.center\\\/lu\\\/?s={search_term_string}\"},\"query-input\":{\"@type\":\"PropertyValueSpecification\",\"valueRequired\":true,\"valueName\":\"search_term_string\"}}],\"inLanguage\":\"fr-NE\"}]}<\/script>\n<!-- \/ Yoast SEO plugin. -->","yoast_head_json":{"title":"SpinBetter Luxembourg Spiller: Iwwer 10.000 Spill\u00ebnnerhalung","description":"Taucht Iech an d'Welt vum SpinBetter Gl\u00e9cksspiller an! Fangt \u00c4ert Gl\u00e9ck mat iwwer 10.000 spannenden \u00cbnnerhalungsm\u00e9iglechkeeten vun iwwer 150 Top Ubidder. Spillt, gew\u00ebnnt an entdeckt nei Horizonten vu Spaass - fair Spiller, onheemlech Quoten an n\u00ebmme richteg Emotiounen!","robots":{"index":"index","follow":"follow","max-snippet":"max-snippet:-1","max-image-preview":"max-image-preview:large","max-video-preview":"max-video-preview:-1"},"canonical":"https:\/\/spinbetter.center\/lu\/games\/","og_locale":"fr_FR","og_type":"article","og_title":"SpinBetter Luxembourg Spiller: Iwwer 10.000 Spill\u00ebnnerhalung","og_description":"Taucht Iech an d'Welt vum SpinBetter Gl\u00e9cksspiller an! Fangt \u00c4ert Gl\u00e9ck mat iwwer 10.000 spannenden \u00cbnnerhalungsm\u00e9iglechkeeten vun iwwer 150 Top Ubidder. Spillt, gew\u00ebnnt an entdeckt nei Horizonten vu Spaass - fair Spiller, onheemlech Quoten an n\u00ebmme richteg Emotiounen!","og_url":"https:\/\/spinbetter.center\/lu\/games\/","og_site_name":"Spinbetter center Lu","article_modified_time":"2025-07-23T22:11:42+00:00","twitter_card":"summary_large_image","schema":{"@context":"https:\/\/schema.org","@graph":[{"@type":"WebPage","@id":"https:\/\/spinbetter.center\/lu\/games\/","url":"https:\/\/spinbetter.center\/lu\/games\/","name":"SpinBetter Luxembourg Spiller: Iwwer 10.000 Spill\u00ebnnerhalung","isPartOf":{"@id":"https:\/\/spinbetter.center\/lu\/#website"},"datePublished":"2024-04-27T05:59:42+00:00","dateModified":"2025-07-23T22:11:42+00:00","description":"Taucht Iech an d'Welt vum SpinBetter Gl\u00e9cksspiller an! Fangt \u00c4ert Gl\u00e9ck mat iwwer 10.000 spannenden \u00cbnnerhalungsm\u00e9iglechkeeten vun iwwer 150 Top Ubidder. Spillt, gew\u00ebnnt an entdeckt nei Horizonten vu Spaass - fair Spiller, onheemlech Quoten an n\u00ebmme richteg Emotiounen!","breadcrumb":{"@id":"https:\/\/spinbetter.center\/lu\/games\/#breadcrumb"},"inLanguage":"fr-NE","potentialAction":[{"@type":"ReadAction","target":["https:\/\/spinbetter.center\/lu\/games\/"]}]},{"@type":"BreadcrumbList","@id":"https:\/\/spinbetter.center\/lu\/games\/#breadcrumb","itemListElement":[{"@type":"ListItem","position":1,"name":"Home","item":"https:\/\/spinbetter.center\/lu\/"},{"@type":"ListItem","position":2,"name":"Spiller"}]},{"@type":"WebSite","@id":"https:\/\/spinbetter.center\/lu\/#website","url":"https:\/\/spinbetter.center\/lu\/","name":"SpinBetter","description":"SpinBetter","alternateName":"Spin Better","potentialAction":[{"@type":"SearchAction","target":{"@type":"EntryPoint","urlTemplate":"https:\/\/spinbetter.center\/lu\/?s={search_term_string}"},"query-input":{"@type":"PropertyValueSpecification","valueRequired":true,"valueName":"search_term_string"}}],"inLanguage":"fr-NE"}]}},"_links":{"self":[{"href":"https:\/\/spinbetter.center\/lu\/wp-json\/wp\/v2\/pages\/766","targetHints":{"allow":["GET"]}}],"collection":[{"href":"https:\/\/spinbetter.center\/lu\/wp-json\/wp\/v2\/pages"}],"about":[{"href":"https:\/\/spinbetter.center\/lu\/wp-json\/wp\/v2\/types\/page"}],"author":[{"embeddable":true,"href":"https:\/\/spinbetter.center\/lu\/wp-json\/wp\/v2\/users\/1"}],"replies":[{"embeddable":true,"href":"https:\/\/spinbetter.center\/lu\/wp-json\/wp\/v2\/comments?post=766"}],"version-history":[{"count":6,"href":"https:\/\/spinbetter.center\/lu\/wp-json\/wp\/v2\/pages\/766\/revisions"}],"predecessor-version":[{"id":865,"href":"https:\/\/spinbetter.center\/lu\/wp-json\/wp\/v2\/pages\/766\/revisions\/865"}],"wp:attachment":[{"href":"https:\/\/spinbetter.center\/lu\/wp-json\/wp\/v2\/media?parent=766"}],"curies":[{"name":"wp","href":"https:\/\/api.w.org\/{rel}","templated":true}]}}