{"id":744,"date":"2025-05-19T06:21:41","date_gmt":"2025-05-19T06:21:41","guid":{"rendered":"https:\/\/spinbetter.center\/lu\/?page_id=744"},"modified":"2025-07-23T17:39:02","modified_gmt":"2025-07-23T17:39:02","slug":"free-bet","status":"publish","type":"page","link":"https:\/\/spinbetter.center\/lu\/bonuses\/free-bet\/","title":{"rendered":"Gratis Wett"},"content":{"rendered":"","protected":false},"excerpt":{"rendered":"","protected":false},"author":1,"featured_media":0,"parent":272,"menu_order":0,"comment_status":"closed","ping_status":"closed","template":"","meta":{"footnotes":""},"class_list":["post-744","page","type-page","status-publish","hentry"],"yoast_head":"<!-- This site is optimized with the Yoast SEO plugin v27.4 - https:\/\/yoast.com\/product\/yoast-seo-wordpress\/ -->\n<title>Gratis Wett 10 EUR an der App \u1409 Wett a kritt Bonus!<\/title>\n<meta name=\"description\" content=\"Net n\u00ebmme spillen, gewannen! Mir ginn 10 EUR gratis Wetten an der App! Install\u00e9iert eis App a wetten op Sport! Direkt Gew\u00ebnn, spannend Wetten an eenzegaarteg M\u00e9iglechkeeten waarden op Iech.\" \/>\n<meta name=\"robots\" content=\"index, follow, max-snippet:-1, max-image-preview:large, max-video-preview:-1\" \/>\n<link rel=\"canonical\" href=\"https:\/\/spinbetter.center\/lu\/bonuses\/free-bet\/\" \/>\n<meta property=\"og:locale\" content=\"fr_FR\" \/>\n<meta property=\"og:type\" content=\"article\" \/>\n<meta property=\"og:title\" content=\"Gratis Wett 10 EUR an der App \u1409 Wett a kritt Bonus!\" \/>\n<meta property=\"og:description\" content=\"Net n\u00ebmme spillen, gewannen! Mir ginn 10 EUR gratis Wetten an der App! Install\u00e9iert eis App a wetten op Sport! Direkt Gew\u00ebnn, spannend Wetten an eenzegaarteg M\u00e9iglechkeeten waarden op Iech.\" \/>\n<meta property=\"og:url\" content=\"https:\/\/spinbetter.center\/lu\/bonuses\/free-bet\/\" \/>\n<meta property=\"og:site_name\" content=\"Spinbetter center Lu\" \/>\n<meta property=\"article:modified_time\" content=\"2025-07-23T17:39:02+00:00\" \/>\n<meta name=\"twitter:card\" content=\"summary_large_image\" \/>\n<script type=\"application\/ld+json\" class=\"yoast-schema-graph\">{\"@context\":\"https:\\\/\\\/schema.org\",\"@graph\":[{\"@type\":\"WebPage\",\"@id\":\"https:\\\/\\\/spinbetter.center\\\/lu\\\/bonuses\\\/free-bet\\\/\",\"url\":\"https:\\\/\\\/spinbetter.center\\\/lu\\\/bonuses\\\/free-bet\\\/\",\"name\":\"Gratis Wett 10 EUR an der App \u1409 Wett a kritt Bonus!\",\"isPartOf\":{\"@id\":\"https:\\\/\\\/spinbetter.center\\\/lu\\\/#website\"},\"datePublished\":\"2025-05-19T06:21:41+00:00\",\"dateModified\":\"2025-07-23T17:39:02+00:00\",\"description\":\"Net n\u00ebmme spillen, gewannen! Mir ginn 10 EUR gratis Wetten an der App! Install\u00e9iert eis App a wetten op Sport! Direkt Gew\u00ebnn, spannend Wetten an eenzegaarteg M\u00e9iglechkeeten waarden op Iech.\",\"breadcrumb\":{\"@id\":\"https:\\\/\\\/spinbetter.center\\\/lu\\\/bonuses\\\/free-bet\\\/#breadcrumb\"},\"inLanguage\":\"fr-NE\",\"potentialAction\":[{\"@type\":\"ReadAction\",\"target\":[\"https:\\\/\\\/spinbetter.center\\\/lu\\\/bonuses\\\/free-bet\\\/\"]}]},{\"@type\":\"BreadcrumbList\",\"@id\":\"https:\\\/\\\/spinbetter.center\\\/lu\\\/bonuses\\\/free-bet\\\/#breadcrumb\",\"itemListElement\":[{\"@type\":\"ListItem\",\"position\":1,\"name\":\"Home\",\"item\":\"https:\\\/\\\/spinbetter.center\\\/lu\\\/\"},{\"@type\":\"ListItem\",\"position\":2,\"name\":\"Bonusen\",\"item\":\"https:\\\/\\\/spinbetter.center\\\/lu\\\/bonuses\\\/\"},{\"@type\":\"ListItem\",\"position\":3,\"name\":\"Gratis Wett\"}]},{\"@type\":\"WebSite\",\"@id\":\"https:\\\/\\\/spinbetter.center\\\/lu\\\/#website\",\"url\":\"https:\\\/\\\/spinbetter.center\\\/lu\\\/\",\"name\":\"SpinBetter\",\"description\":\"SpinBetter\",\"alternateName\":\"Spin Better\",\"potentialAction\":[{\"@type\":\"SearchAction\",\"target\":{\"@type\":\"EntryPoint\",\"urlTemplate\":\"https:\\\/\\\/spinbetter.center\\\/lu\\\/?s={search_term_string}\"},\"query-input\":{\"@type\":\"PropertyValueSpecification\",\"valueRequired\":true,\"valueName\":\"search_term_string\"}}],\"inLanguage\":\"fr-NE\"}]}<\/script>\n<!-- \/ Yoast SEO plugin. -->","yoast_head_json":{"title":"Gratis Wett 10 EUR an der App \u1409 Wett a kritt Bonus!","description":"Net n\u00ebmme spillen, gewannen! Mir ginn 10 EUR gratis Wetten an der App! Install\u00e9iert eis App a wetten op Sport! Direkt Gew\u00ebnn, spannend Wetten an eenzegaarteg M\u00e9iglechkeeten waarden op Iech.","robots":{"index":"index","follow":"follow","max-snippet":"max-snippet:-1","max-image-preview":"max-image-preview:large","max-video-preview":"max-video-preview:-1"},"canonical":"https:\/\/spinbetter.center\/lu\/bonuses\/free-bet\/","og_locale":"fr_FR","og_type":"article","og_title":"Gratis Wett 10 EUR an der App \u1409 Wett a kritt Bonus!","og_description":"Net n\u00ebmme spillen, gewannen! Mir ginn 10 EUR gratis Wetten an der App! Install\u00e9iert eis App a wetten op Sport! Direkt Gew\u00ebnn, spannend Wetten an eenzegaarteg M\u00e9iglechkeeten waarden op Iech.","og_url":"https:\/\/spinbetter.center\/lu\/bonuses\/free-bet\/","og_site_name":"Spinbetter center Lu","article_modified_time":"2025-07-23T17:39:02+00:00","twitter_card":"summary_large_image","schema":{"@context":"https:\/\/schema.org","@graph":[{"@type":"WebPage","@id":"https:\/\/spinbetter.center\/lu\/bonuses\/free-bet\/","url":"https:\/\/spinbetter.center\/lu\/bonuses\/free-bet\/","name":"Gratis Wett 10 EUR an der App \u1409 Wett a kritt Bonus!","isPartOf":{"@id":"https:\/\/spinbetter.center\/lu\/#website"},"datePublished":"2025-05-19T06:21:41+00:00","dateModified":"2025-07-23T17:39:02+00:00","description":"Net n\u00ebmme spillen, gewannen! Mir ginn 10 EUR gratis Wetten an der App! Install\u00e9iert eis App a wetten op Sport! Direkt Gew\u00ebnn, spannend Wetten an eenzegaarteg M\u00e9iglechkeeten waarden op Iech.","breadcrumb":{"@id":"https:\/\/spinbetter.center\/lu\/bonuses\/free-bet\/#breadcrumb"},"inLanguage":"fr-NE","potentialAction":[{"@type":"ReadAction","target":["https:\/\/spinbetter.center\/lu\/bonuses\/free-bet\/"]}]},{"@type":"BreadcrumbList","@id":"https:\/\/spinbetter.center\/lu\/bonuses\/free-bet\/#breadcrumb","itemListElement":[{"@type":"ListItem","position":1,"name":"Home","item":"https:\/\/spinbetter.center\/lu\/"},{"@type":"ListItem","position":2,"name":"Bonusen","item":"https:\/\/spinbetter.center\/lu\/bonuses\/"},{"@type":"ListItem","position":3,"name":"Gratis Wett"}]},{"@type":"WebSite","@id":"https:\/\/spinbetter.center\/lu\/#website","url":"https:\/\/spinbetter.center\/lu\/","name":"SpinBetter","description":"SpinBetter","alternateName":"Spin Better","potentialAction":[{"@type":"SearchAction","target":{"@type":"EntryPoint","urlTemplate":"https:\/\/spinbetter.center\/lu\/?s={search_term_string}"},"query-input":{"@type":"PropertyValueSpecification","valueRequired":true,"valueName":"search_term_string"}}],"inLanguage":"fr-NE"}]}},"amp_enabled":true,"_links":{"self":[{"href":"https:\/\/spinbetter.center\/lu\/wp-json\/wp\/v2\/pages\/744","targetHints":{"allow":["GET"]}}],"collection":[{"href":"https:\/\/spinbetter.center\/lu\/wp-json\/wp\/v2\/pages"}],"about":[{"href":"https:\/\/spinbetter.center\/lu\/wp-json\/wp\/v2\/types\/page"}],"author":[{"embeddable":true,"href":"https:\/\/spinbetter.center\/lu\/wp-json\/wp\/v2\/users\/1"}],"replies":[{"embeddable":true,"href":"https:\/\/spinbetter.center\/lu\/wp-json\/wp\/v2\/comments?post=744"}],"version-history":[{"count":7,"href":"https:\/\/spinbetter.center\/lu\/wp-json\/wp\/v2\/pages\/744\/revisions"}],"predecessor-version":[{"id":836,"href":"https:\/\/spinbetter.center\/lu\/wp-json\/wp\/v2\/pages\/744\/revisions\/836"}],"up":[{"embeddable":true,"href":"https:\/\/spinbetter.center\/lu\/wp-json\/wp\/v2\/pages\/272"}],"wp:attachment":[{"href":"https:\/\/spinbetter.center\/lu\/wp-json\/wp\/v2\/media?parent=744"}],"curies":[{"name":"wp","href":"https:\/\/api.w.org\/{rel}","templated":true}]}}