{"id":527,"date":"2025-03-31T05:47:08","date_gmt":"2025-03-31T05:47:08","guid":{"rendered":"https:\/\/spinbetter.center\/lu\/?page_id=527"},"modified":"2025-07-23T18:11:32","modified_gmt":"2025-07-23T18:11:32","slug":"reload-bonus","status":"publish","type":"page","link":"https:\/\/spinbetter.center\/lu\/bonuses\/reload-bonus\/","title":{"rendered":"Bonus oplueden"},"content":{"rendered":"","protected":false},"excerpt":{"rendered":"","protected":false},"author":1,"featured_media":0,"parent":272,"menu_order":0,"comment_status":"closed","ping_status":"closed","template":"","meta":{"footnotes":""},"class_list":["post-527","page","type-page","status-publish","hentry"],"yoast_head":"<!-- This site is optimized with the Yoast SEO plugin v27.4 - https:\/\/yoast.com\/product\/yoast-seo-wordpress\/ -->\n<title>50% Reload Bonus + 50 gratis Spiller all M\u00ebttwoch!<\/title>\n<meta name=\"description\" content=\"Verpasst \u00c4re Spillgew\u00ebnn M\u00ebttwochs net! Kritt e Bonus vu 50% bis zu 200 EUR a 50 gratis Spiller andeems Dir just 15 EUR depos\u00e9iert. D\u00ebse Bonus ass \u00c4r Chance grouss ze gewannen! Erh\u00e9icht \u00c4r As\u00e4tz a eruewert Spillmaschinnen all M\u00ebttwoch!\" \/>\n<meta name=\"robots\" content=\"index, follow, max-snippet:-1, max-image-preview:large, max-video-preview:-1\" \/>\n<link rel=\"canonical\" href=\"https:\/\/spinbetter.center\/lu\/bonuses\/reload-bonus\/\" \/>\n<meta property=\"og:locale\" content=\"fr_FR\" \/>\n<meta property=\"og:type\" content=\"article\" \/>\n<meta property=\"og:title\" content=\"50% Reload Bonus + 50 gratis Spiller all M\u00ebttwoch!\" \/>\n<meta property=\"og:description\" content=\"Verpasst \u00c4re Spillgew\u00ebnn M\u00ebttwochs net! Kritt e Bonus vu 50% bis zu 200 EUR a 50 gratis Spiller andeems Dir just 15 EUR depos\u00e9iert. D\u00ebse Bonus ass \u00c4r Chance grouss ze gewannen! Erh\u00e9icht \u00c4r As\u00e4tz a eruewert Spillmaschinnen all M\u00ebttwoch!\" \/>\n<meta property=\"og:url\" content=\"https:\/\/spinbetter.center\/lu\/bonuses\/reload-bonus\/\" \/>\n<meta property=\"og:site_name\" content=\"Spinbetter center Lu\" \/>\n<meta property=\"article:modified_time\" content=\"2025-07-23T18:11:32+00:00\" \/>\n<meta name=\"twitter:card\" content=\"summary_large_image\" \/>\n<script type=\"application\/ld+json\" class=\"yoast-schema-graph\">{\"@context\":\"https:\\\/\\\/schema.org\",\"@graph\":[{\"@type\":\"WebPage\",\"@id\":\"https:\\\/\\\/spinbetter.center\\\/lu\\\/bonuses\\\/reload-bonus\\\/\",\"url\":\"https:\\\/\\\/spinbetter.center\\\/lu\\\/bonuses\\\/reload-bonus\\\/\",\"name\":\"50% Reload Bonus + 50 gratis Spiller all M\u00ebttwoch!\",\"isPartOf\":{\"@id\":\"https:\\\/\\\/spinbetter.center\\\/lu\\\/#website\"},\"datePublished\":\"2025-03-31T05:47:08+00:00\",\"dateModified\":\"2025-07-23T18:11:32+00:00\",\"description\":\"Verpasst \u00c4re Spillgew\u00ebnn M\u00ebttwochs net! Kritt e Bonus vu 50% bis zu 200 EUR a 50 gratis Spiller andeems Dir just 15 EUR depos\u00e9iert. D\u00ebse Bonus ass \u00c4r Chance grouss ze gewannen! Erh\u00e9icht \u00c4r As\u00e4tz a eruewert Spillmaschinnen all M\u00ebttwoch!\",\"breadcrumb\":{\"@id\":\"https:\\\/\\\/spinbetter.center\\\/lu\\\/bonuses\\\/reload-bonus\\\/#breadcrumb\"},\"inLanguage\":\"fr-NE\",\"potentialAction\":[{\"@type\":\"ReadAction\",\"target\":[\"https:\\\/\\\/spinbetter.center\\\/lu\\\/bonuses\\\/reload-bonus\\\/\"]}]},{\"@type\":\"BreadcrumbList\",\"@id\":\"https:\\\/\\\/spinbetter.center\\\/lu\\\/bonuses\\\/reload-bonus\\\/#breadcrumb\",\"itemListElement\":[{\"@type\":\"ListItem\",\"position\":1,\"name\":\"Home\",\"item\":\"https:\\\/\\\/spinbetter.center\\\/lu\\\/\"},{\"@type\":\"ListItem\",\"position\":2,\"name\":\"Bonusen\",\"item\":\"https:\\\/\\\/spinbetter.center\\\/lu\\\/bonuses\\\/\"},{\"@type\":\"ListItem\",\"position\":3,\"name\":\"Bonus oplueden\"}]},{\"@type\":\"WebSite\",\"@id\":\"https:\\\/\\\/spinbetter.center\\\/lu\\\/#website\",\"url\":\"https:\\\/\\\/spinbetter.center\\\/lu\\\/\",\"name\":\"SpinBetter\",\"description\":\"SpinBetter\",\"alternateName\":\"Spin Better\",\"potentialAction\":[{\"@type\":\"SearchAction\",\"target\":{\"@type\":\"EntryPoint\",\"urlTemplate\":\"https:\\\/\\\/spinbetter.center\\\/lu\\\/?s={search_term_string}\"},\"query-input\":{\"@type\":\"PropertyValueSpecification\",\"valueRequired\":true,\"valueName\":\"search_term_string\"}}],\"inLanguage\":\"fr-NE\"}]}<\/script>\n<!-- \/ Yoast SEO plugin. -->","yoast_head_json":{"title":"50% Reload Bonus + 50 gratis Spiller all M\u00ebttwoch!","description":"Verpasst \u00c4re Spillgew\u00ebnn M\u00ebttwochs net! Kritt e Bonus vu 50% bis zu 200 EUR a 50 gratis Spiller andeems Dir just 15 EUR depos\u00e9iert. D\u00ebse Bonus ass \u00c4r Chance grouss ze gewannen! Erh\u00e9icht \u00c4r As\u00e4tz a eruewert Spillmaschinnen all M\u00ebttwoch!","robots":{"index":"index","follow":"follow","max-snippet":"max-snippet:-1","max-image-preview":"max-image-preview:large","max-video-preview":"max-video-preview:-1"},"canonical":"https:\/\/spinbetter.center\/lu\/bonuses\/reload-bonus\/","og_locale":"fr_FR","og_type":"article","og_title":"50% Reload Bonus + 50 gratis Spiller all M\u00ebttwoch!","og_description":"Verpasst \u00c4re Spillgew\u00ebnn M\u00ebttwochs net! Kritt e Bonus vu 50% bis zu 200 EUR a 50 gratis Spiller andeems Dir just 15 EUR depos\u00e9iert. D\u00ebse Bonus ass \u00c4r Chance grouss ze gewannen! Erh\u00e9icht \u00c4r As\u00e4tz a eruewert Spillmaschinnen all M\u00ebttwoch!","og_url":"https:\/\/spinbetter.center\/lu\/bonuses\/reload-bonus\/","og_site_name":"Spinbetter center Lu","article_modified_time":"2025-07-23T18:11:32+00:00","twitter_card":"summary_large_image","schema":{"@context":"https:\/\/schema.org","@graph":[{"@type":"WebPage","@id":"https:\/\/spinbetter.center\/lu\/bonuses\/reload-bonus\/","url":"https:\/\/spinbetter.center\/lu\/bonuses\/reload-bonus\/","name":"50% Reload Bonus + 50 gratis Spiller all M\u00ebttwoch!","isPartOf":{"@id":"https:\/\/spinbetter.center\/lu\/#website"},"datePublished":"2025-03-31T05:47:08+00:00","dateModified":"2025-07-23T18:11:32+00:00","description":"Verpasst \u00c4re Spillgew\u00ebnn M\u00ebttwochs net! Kritt e Bonus vu 50% bis zu 200 EUR a 50 gratis Spiller andeems Dir just 15 EUR depos\u00e9iert. D\u00ebse Bonus ass \u00c4r Chance grouss ze gewannen! Erh\u00e9icht \u00c4r As\u00e4tz a eruewert Spillmaschinnen all M\u00ebttwoch!","breadcrumb":{"@id":"https:\/\/spinbetter.center\/lu\/bonuses\/reload-bonus\/#breadcrumb"},"inLanguage":"fr-NE","potentialAction":[{"@type":"ReadAction","target":["https:\/\/spinbetter.center\/lu\/bonuses\/reload-bonus\/"]}]},{"@type":"BreadcrumbList","@id":"https:\/\/spinbetter.center\/lu\/bonuses\/reload-bonus\/#breadcrumb","itemListElement":[{"@type":"ListItem","position":1,"name":"Home","item":"https:\/\/spinbetter.center\/lu\/"},{"@type":"ListItem","position":2,"name":"Bonusen","item":"https:\/\/spinbetter.center\/lu\/bonuses\/"},{"@type":"ListItem","position":3,"name":"Bonus oplueden"}]},{"@type":"WebSite","@id":"https:\/\/spinbetter.center\/lu\/#website","url":"https:\/\/spinbetter.center\/lu\/","name":"SpinBetter","description":"SpinBetter","alternateName":"Spin Better","potentialAction":[{"@type":"SearchAction","target":{"@type":"EntryPoint","urlTemplate":"https:\/\/spinbetter.center\/lu\/?s={search_term_string}"},"query-input":{"@type":"PropertyValueSpecification","valueRequired":true,"valueName":"search_term_string"}}],"inLanguage":"fr-NE"}]}},"_links":{"self":[{"href":"https:\/\/spinbetter.center\/lu\/wp-json\/wp\/v2\/pages\/527","targetHints":{"allow":["GET"]}}],"collection":[{"href":"https:\/\/spinbetter.center\/lu\/wp-json\/wp\/v2\/pages"}],"about":[{"href":"https:\/\/spinbetter.center\/lu\/wp-json\/wp\/v2\/types\/page"}],"author":[{"embeddable":true,"href":"https:\/\/spinbetter.center\/lu\/wp-json\/wp\/v2\/users\/1"}],"replies":[{"embeddable":true,"href":"https:\/\/spinbetter.center\/lu\/wp-json\/wp\/v2\/comments?post=527"}],"version-history":[{"count":7,"href":"https:\/\/spinbetter.center\/lu\/wp-json\/wp\/v2\/pages\/527\/revisions"}],"predecessor-version":[{"id":841,"href":"https:\/\/spinbetter.center\/lu\/wp-json\/wp\/v2\/pages\/527\/revisions\/841"}],"up":[{"embeddable":true,"href":"https:\/\/spinbetter.center\/lu\/wp-json\/wp\/v2\/pages\/272"}],"wp:attachment":[{"href":"https:\/\/spinbetter.center\/lu\/wp-json\/wp\/v2\/media?parent=527"}],"curies":[{"name":"wp","href":"https:\/\/api.w.org\/{rel}","templated":true}]}}