{"id":519,"date":"2025-03-28T15:29:30","date_gmt":"2025-03-28T15:29:30","guid":{"rendered":"https:\/\/spinbetter.center\/lu\/?page_id=519"},"modified":"2025-07-27T08:28:35","modified_gmt":"2025-07-27T08:28:35","slug":"first-deposit","status":"publish","type":"page","link":"https:\/\/spinbetter.center\/lu\/bonuses\/first-deposit\/","title":{"rendered":"\u00c9ischt Depot"},"content":{"rendered":"","protected":false},"excerpt":{"rendered":"","protected":false},"author":1,"featured_media":0,"parent":272,"menu_order":0,"comment_status":"closed","ping_status":"closed","template":"","meta":{"footnotes":""},"class_list":["post-519","page","type-page","status-publish","hentry"],"yoast_head":"<!-- This site is optimized with the Yoast SEO plugin v27.4 - https:\/\/yoast.com\/product\/yoast-seo-wordpress\/ -->\n<title>SpinBetter W\u00ebllkommenspaket: 1750 EUR + 150 FS am Casino!<\/title>\n<meta name=\"description\" content=\"Maacht d&#039;Dier op an d&#039;Welt vum Gl\u00e9cksspiller mat engem blendende W\u00ebllkommenspaket vu SpinBetter! V\u00e9ier m\u00e4chteg Opluedungen, bis zu 1750 EUR an 150 Gratisspinne! Verpasst net d&#039;Chance \u00c4ert Gl\u00e9ck ze prob\u00e9ieren an beandrockend Bonusen ze verd\u00e9ngen, d\u00e9i \u00c4r Spillsessioun onvergiesslech maachen!\" \/>\n<meta name=\"robots\" content=\"index, follow, max-snippet:-1, max-image-preview:large, max-video-preview:-1\" \/>\n<link rel=\"canonical\" href=\"https:\/\/spinbetter.center\/lu\/bonuses\/first-deposit\/\" \/>\n<meta property=\"og:locale\" content=\"fr_FR\" \/>\n<meta property=\"og:type\" content=\"article\" \/>\n<meta property=\"og:title\" content=\"SpinBetter W\u00ebllkommenspaket: 1750 EUR + 150 FS am Casino!\" \/>\n<meta property=\"og:description\" content=\"Maacht d&#039;Dier op an d&#039;Welt vum Gl\u00e9cksspiller mat engem blendende W\u00ebllkommenspaket vu SpinBetter! V\u00e9ier m\u00e4chteg Opluedungen, bis zu 1750 EUR an 150 Gratisspinne! Verpasst net d&#039;Chance \u00c4ert Gl\u00e9ck ze prob\u00e9ieren an beandrockend Bonusen ze verd\u00e9ngen, d\u00e9i \u00c4r Spillsessioun onvergiesslech maachen!\" \/>\n<meta property=\"og:url\" content=\"https:\/\/spinbetter.center\/lu\/bonuses\/first-deposit\/\" \/>\n<meta property=\"og:site_name\" content=\"Spinbetter center Lu\" \/>\n<meta property=\"article:modified_time\" content=\"2025-07-27T08:28:35+00:00\" \/>\n<meta name=\"twitter:card\" content=\"summary_large_image\" \/>\n<script type=\"application\/ld+json\" class=\"yoast-schema-graph\">{\"@context\":\"https:\\\/\\\/schema.org\",\"@graph\":[{\"@type\":\"WebPage\",\"@id\":\"https:\\\/\\\/spinbetter.center\\\/lu\\\/bonuses\\\/first-deposit\\\/\",\"url\":\"https:\\\/\\\/spinbetter.center\\\/lu\\\/bonuses\\\/first-deposit\\\/\",\"name\":\"SpinBetter W\u00ebllkommenspaket: 1750 EUR + 150 FS am Casino!\",\"isPartOf\":{\"@id\":\"https:\\\/\\\/spinbetter.center\\\/lu\\\/#website\"},\"datePublished\":\"2025-03-28T15:29:30+00:00\",\"dateModified\":\"2025-07-27T08:28:35+00:00\",\"description\":\"Maacht d'Dier op an d'Welt vum Gl\u00e9cksspiller mat engem blendende W\u00ebllkommenspaket vu SpinBetter! V\u00e9ier m\u00e4chteg Opluedungen, bis zu 1750 EUR an 150 Gratisspinne! Verpasst net d'Chance \u00c4ert Gl\u00e9ck ze prob\u00e9ieren an beandrockend Bonusen ze verd\u00e9ngen, d\u00e9i \u00c4r Spillsessioun onvergiesslech maachen!\",\"breadcrumb\":{\"@id\":\"https:\\\/\\\/spinbetter.center\\\/lu\\\/bonuses\\\/first-deposit\\\/#breadcrumb\"},\"inLanguage\":\"fr-NE\",\"potentialAction\":[{\"@type\":\"ReadAction\",\"target\":[\"https:\\\/\\\/spinbetter.center\\\/lu\\\/bonuses\\\/first-deposit\\\/\"]}]},{\"@type\":\"BreadcrumbList\",\"@id\":\"https:\\\/\\\/spinbetter.center\\\/lu\\\/bonuses\\\/first-deposit\\\/#breadcrumb\",\"itemListElement\":[{\"@type\":\"ListItem\",\"position\":1,\"name\":\"Home\",\"item\":\"https:\\\/\\\/spinbetter.center\\\/lu\\\/\"},{\"@type\":\"ListItem\",\"position\":2,\"name\":\"Bonusen\",\"item\":\"https:\\\/\\\/spinbetter.center\\\/lu\\\/bonuses\\\/\"},{\"@type\":\"ListItem\",\"position\":3,\"name\":\"\u00c9ischt Depot\"}]},{\"@type\":\"WebSite\",\"@id\":\"https:\\\/\\\/spinbetter.center\\\/lu\\\/#website\",\"url\":\"https:\\\/\\\/spinbetter.center\\\/lu\\\/\",\"name\":\"SpinBetter\",\"description\":\"SpinBetter\",\"alternateName\":\"Spin Better\",\"potentialAction\":[{\"@type\":\"SearchAction\",\"target\":{\"@type\":\"EntryPoint\",\"urlTemplate\":\"https:\\\/\\\/spinbetter.center\\\/lu\\\/?s={search_term_string}\"},\"query-input\":{\"@type\":\"PropertyValueSpecification\",\"valueRequired\":true,\"valueName\":\"search_term_string\"}}],\"inLanguage\":\"fr-NE\"}]}<\/script>\n<!-- \/ Yoast SEO plugin. -->","yoast_head_json":{"title":"SpinBetter W\u00ebllkommenspaket: 1750 EUR + 150 FS am Casino!","description":"Maacht d'Dier op an d'Welt vum Gl\u00e9cksspiller mat engem blendende W\u00ebllkommenspaket vu SpinBetter! V\u00e9ier m\u00e4chteg Opluedungen, bis zu 1750 EUR an 150 Gratisspinne! Verpasst net d'Chance \u00c4ert Gl\u00e9ck ze prob\u00e9ieren an beandrockend Bonusen ze verd\u00e9ngen, d\u00e9i \u00c4r Spillsessioun onvergiesslech maachen!","robots":{"index":"index","follow":"follow","max-snippet":"max-snippet:-1","max-image-preview":"max-image-preview:large","max-video-preview":"max-video-preview:-1"},"canonical":"https:\/\/spinbetter.center\/lu\/bonuses\/first-deposit\/","og_locale":"fr_FR","og_type":"article","og_title":"SpinBetter W\u00ebllkommenspaket: 1750 EUR + 150 FS am Casino!","og_description":"Maacht d'Dier op an d'Welt vum Gl\u00e9cksspiller mat engem blendende W\u00ebllkommenspaket vu SpinBetter! V\u00e9ier m\u00e4chteg Opluedungen, bis zu 1750 EUR an 150 Gratisspinne! Verpasst net d'Chance \u00c4ert Gl\u00e9ck ze prob\u00e9ieren an beandrockend Bonusen ze verd\u00e9ngen, d\u00e9i \u00c4r Spillsessioun onvergiesslech maachen!","og_url":"https:\/\/spinbetter.center\/lu\/bonuses\/first-deposit\/","og_site_name":"Spinbetter center Lu","article_modified_time":"2025-07-27T08:28:35+00:00","twitter_card":"summary_large_image","schema":{"@context":"https:\/\/schema.org","@graph":[{"@type":"WebPage","@id":"https:\/\/spinbetter.center\/lu\/bonuses\/first-deposit\/","url":"https:\/\/spinbetter.center\/lu\/bonuses\/first-deposit\/","name":"SpinBetter W\u00ebllkommenspaket: 1750 EUR + 150 FS am Casino!","isPartOf":{"@id":"https:\/\/spinbetter.center\/lu\/#website"},"datePublished":"2025-03-28T15:29:30+00:00","dateModified":"2025-07-27T08:28:35+00:00","description":"Maacht d'Dier op an d'Welt vum Gl\u00e9cksspiller mat engem blendende W\u00ebllkommenspaket vu SpinBetter! V\u00e9ier m\u00e4chteg Opluedungen, bis zu 1750 EUR an 150 Gratisspinne! Verpasst net d'Chance \u00c4ert Gl\u00e9ck ze prob\u00e9ieren an beandrockend Bonusen ze verd\u00e9ngen, d\u00e9i \u00c4r Spillsessioun onvergiesslech maachen!","breadcrumb":{"@id":"https:\/\/spinbetter.center\/lu\/bonuses\/first-deposit\/#breadcrumb"},"inLanguage":"fr-NE","potentialAction":[{"@type":"ReadAction","target":["https:\/\/spinbetter.center\/lu\/bonuses\/first-deposit\/"]}]},{"@type":"BreadcrumbList","@id":"https:\/\/spinbetter.center\/lu\/bonuses\/first-deposit\/#breadcrumb","itemListElement":[{"@type":"ListItem","position":1,"name":"Home","item":"https:\/\/spinbetter.center\/lu\/"},{"@type":"ListItem","position":2,"name":"Bonusen","item":"https:\/\/spinbetter.center\/lu\/bonuses\/"},{"@type":"ListItem","position":3,"name":"\u00c9ischt Depot"}]},{"@type":"WebSite","@id":"https:\/\/spinbetter.center\/lu\/#website","url":"https:\/\/spinbetter.center\/lu\/","name":"SpinBetter","description":"SpinBetter","alternateName":"Spin Better","potentialAction":[{"@type":"SearchAction","target":{"@type":"EntryPoint","urlTemplate":"https:\/\/spinbetter.center\/lu\/?s={search_term_string}"},"query-input":{"@type":"PropertyValueSpecification","valueRequired":true,"valueName":"search_term_string"}}],"inLanguage":"fr-NE"}]}},"_links":{"self":[{"href":"https:\/\/spinbetter.center\/lu\/wp-json\/wp\/v2\/pages\/519","targetHints":{"allow":["GET"]}}],"collection":[{"href":"https:\/\/spinbetter.center\/lu\/wp-json\/wp\/v2\/pages"}],"about":[{"href":"https:\/\/spinbetter.center\/lu\/wp-json\/wp\/v2\/types\/page"}],"author":[{"embeddable":true,"href":"https:\/\/spinbetter.center\/lu\/wp-json\/wp\/v2\/users\/1"}],"replies":[{"embeddable":true,"href":"https:\/\/spinbetter.center\/lu\/wp-json\/wp\/v2\/comments?post=519"}],"version-history":[{"count":7,"href":"https:\/\/spinbetter.center\/lu\/wp-json\/wp\/v2\/pages\/519\/revisions"}],"predecessor-version":[{"id":834,"href":"https:\/\/spinbetter.center\/lu\/wp-json\/wp\/v2\/pages\/519\/revisions\/834"}],"up":[{"embeddable":true,"href":"https:\/\/spinbetter.center\/lu\/wp-json\/wp\/v2\/pages\/272"}],"wp:attachment":[{"href":"https:\/\/spinbetter.center\/lu\/wp-json\/wp\/v2\/media?parent=519"}],"curies":[{"name":"wp","href":"https:\/\/api.w.org\/{rel}","templated":true}]}}