{"id":404,"date":"2024-11-11T07:02:10","date_gmt":"2024-11-11T07:02:10","guid":{"rendered":"https:\/\/spinbetter.center\/lu\/?page_id=404"},"modified":"2025-07-27T08:33:35","modified_gmt":"2025-07-27T08:33:35","slug":"registration","status":"publish","type":"page","link":"https:\/\/spinbetter.center\/lu\/registration\/","title":{"rendered":"Aschreiwung"},"content":{"rendered":"","protected":false},"excerpt":{"rendered":"","protected":false},"author":1,"featured_media":0,"parent":0,"menu_order":0,"comment_status":"closed","ping_status":"closed","template":"","meta":{"footnotes":""},"class_list":["post-404","page","type-page","status-publish","hentry"],"yoast_head":"<!-- This site is optimized with the Yoast SEO plugin v27.4 - https:\/\/yoast.com\/product\/yoast-seo-wordpress\/ -->\n<title>SpinBetter Aschreiwungsprozedur a W\u00ebllkommensbonus<\/title>\n<meta name=\"description\" content=\"Eng detaill\u00e9iert Beschreiwung vum Aschreiwungsprozess bei SpinBetter Luxembourg 2025. Gr\u00ebnn, firwat Dir d\u00ebs spezifesch S\u00e4it wielen sollt. Wat ass eng Verifiz\u00e9ierung, firwat Dir se braucht a w\u00e9i Dir se pass\u00e9iere k\u00ebnnt.\" \/>\n<meta name=\"robots\" content=\"index, follow, max-snippet:-1, max-image-preview:large, max-video-preview:-1\" \/>\n<link rel=\"canonical\" href=\"https:\/\/spinbetter.center\/lu\/registration\/\" \/>\n<meta property=\"og:locale\" content=\"fr_FR\" \/>\n<meta property=\"og:type\" content=\"article\" \/>\n<meta property=\"og:title\" content=\"SpinBetter Aschreiwungsprozedur a W\u00ebllkommensbonus\" \/>\n<meta property=\"og:description\" content=\"Eng detaill\u00e9iert Beschreiwung vum Aschreiwungsprozess bei SpinBetter Luxembourg 2025. Gr\u00ebnn, firwat Dir d\u00ebs spezifesch S\u00e4it wielen sollt. Wat ass eng Verifiz\u00e9ierung, firwat Dir se braucht a w\u00e9i Dir se pass\u00e9iere k\u00ebnnt.\" \/>\n<meta property=\"og:url\" content=\"https:\/\/spinbetter.center\/lu\/registration\/\" \/>\n<meta property=\"og:site_name\" content=\"Spinbetter center Lu\" \/>\n<meta property=\"article:modified_time\" content=\"2025-07-27T08:33:35+00:00\" \/>\n<meta name=\"twitter:card\" content=\"summary_large_image\" \/>\n<script type=\"application\/ld+json\" class=\"yoast-schema-graph\">{\"@context\":\"https:\\\/\\\/schema.org\",\"@graph\":[{\"@type\":\"WebPage\",\"@id\":\"https:\\\/\\\/spinbetter.center\\\/lu\\\/registration\\\/\",\"url\":\"https:\\\/\\\/spinbetter.center\\\/lu\\\/registration\\\/\",\"name\":\"SpinBetter Aschreiwungsprozedur a W\u00ebllkommensbonus\",\"isPartOf\":{\"@id\":\"https:\\\/\\\/spinbetter.center\\\/lu\\\/#website\"},\"datePublished\":\"2024-11-11T07:02:10+00:00\",\"dateModified\":\"2025-07-27T08:33:35+00:00\",\"description\":\"Eng detaill\u00e9iert Beschreiwung vum Aschreiwungsprozess bei SpinBetter Luxembourg 2025. Gr\u00ebnn, firwat Dir d\u00ebs spezifesch S\u00e4it wielen sollt. Wat ass eng Verifiz\u00e9ierung, firwat Dir se braucht a w\u00e9i Dir se pass\u00e9iere k\u00ebnnt.\",\"breadcrumb\":{\"@id\":\"https:\\\/\\\/spinbetter.center\\\/lu\\\/registration\\\/#breadcrumb\"},\"inLanguage\":\"fr-NE\",\"potentialAction\":[{\"@type\":\"ReadAction\",\"target\":[\"https:\\\/\\\/spinbetter.center\\\/lu\\\/registration\\\/\"]}]},{\"@type\":\"BreadcrumbList\",\"@id\":\"https:\\\/\\\/spinbetter.center\\\/lu\\\/registration\\\/#breadcrumb\",\"itemListElement\":[{\"@type\":\"ListItem\",\"position\":1,\"name\":\"Home\",\"item\":\"https:\\\/\\\/spinbetter.center\\\/lu\\\/\"},{\"@type\":\"ListItem\",\"position\":2,\"name\":\"Aschreiwung\"}]},{\"@type\":\"WebSite\",\"@id\":\"https:\\\/\\\/spinbetter.center\\\/lu\\\/#website\",\"url\":\"https:\\\/\\\/spinbetter.center\\\/lu\\\/\",\"name\":\"SpinBetter\",\"description\":\"SpinBetter\",\"alternateName\":\"Spin Better\",\"potentialAction\":[{\"@type\":\"SearchAction\",\"target\":{\"@type\":\"EntryPoint\",\"urlTemplate\":\"https:\\\/\\\/spinbetter.center\\\/lu\\\/?s={search_term_string}\"},\"query-input\":{\"@type\":\"PropertyValueSpecification\",\"valueRequired\":true,\"valueName\":\"search_term_string\"}}],\"inLanguage\":\"fr-NE\"}]}<\/script>\n<!-- \/ Yoast SEO plugin. -->","yoast_head_json":{"title":"SpinBetter Aschreiwungsprozedur a W\u00ebllkommensbonus","description":"Eng detaill\u00e9iert Beschreiwung vum Aschreiwungsprozess bei SpinBetter Luxembourg 2025. Gr\u00ebnn, firwat Dir d\u00ebs spezifesch S\u00e4it wielen sollt. Wat ass eng Verifiz\u00e9ierung, firwat Dir se braucht a w\u00e9i Dir se pass\u00e9iere k\u00ebnnt.","robots":{"index":"index","follow":"follow","max-snippet":"max-snippet:-1","max-image-preview":"max-image-preview:large","max-video-preview":"max-video-preview:-1"},"canonical":"https:\/\/spinbetter.center\/lu\/registration\/","og_locale":"fr_FR","og_type":"article","og_title":"SpinBetter Aschreiwungsprozedur a W\u00ebllkommensbonus","og_description":"Eng detaill\u00e9iert Beschreiwung vum Aschreiwungsprozess bei SpinBetter Luxembourg 2025. Gr\u00ebnn, firwat Dir d\u00ebs spezifesch S\u00e4it wielen sollt. Wat ass eng Verifiz\u00e9ierung, firwat Dir se braucht a w\u00e9i Dir se pass\u00e9iere k\u00ebnnt.","og_url":"https:\/\/spinbetter.center\/lu\/registration\/","og_site_name":"Spinbetter center Lu","article_modified_time":"2025-07-27T08:33:35+00:00","twitter_card":"summary_large_image","schema":{"@context":"https:\/\/schema.org","@graph":[{"@type":"WebPage","@id":"https:\/\/spinbetter.center\/lu\/registration\/","url":"https:\/\/spinbetter.center\/lu\/registration\/","name":"SpinBetter Aschreiwungsprozedur a W\u00ebllkommensbonus","isPartOf":{"@id":"https:\/\/spinbetter.center\/lu\/#website"},"datePublished":"2024-11-11T07:02:10+00:00","dateModified":"2025-07-27T08:33:35+00:00","description":"Eng detaill\u00e9iert Beschreiwung vum Aschreiwungsprozess bei SpinBetter Luxembourg 2025. Gr\u00ebnn, firwat Dir d\u00ebs spezifesch S\u00e4it wielen sollt. Wat ass eng Verifiz\u00e9ierung, firwat Dir se braucht a w\u00e9i Dir se pass\u00e9iere k\u00ebnnt.","breadcrumb":{"@id":"https:\/\/spinbetter.center\/lu\/registration\/#breadcrumb"},"inLanguage":"fr-NE","potentialAction":[{"@type":"ReadAction","target":["https:\/\/spinbetter.center\/lu\/registration\/"]}]},{"@type":"BreadcrumbList","@id":"https:\/\/spinbetter.center\/lu\/registration\/#breadcrumb","itemListElement":[{"@type":"ListItem","position":1,"name":"Home","item":"https:\/\/spinbetter.center\/lu\/"},{"@type":"ListItem","position":2,"name":"Aschreiwung"}]},{"@type":"WebSite","@id":"https:\/\/spinbetter.center\/lu\/#website","url":"https:\/\/spinbetter.center\/lu\/","name":"SpinBetter","description":"SpinBetter","alternateName":"Spin Better","potentialAction":[{"@type":"SearchAction","target":{"@type":"EntryPoint","urlTemplate":"https:\/\/spinbetter.center\/lu\/?s={search_term_string}"},"query-input":{"@type":"PropertyValueSpecification","valueRequired":true,"valueName":"search_term_string"}}],"inLanguage":"fr-NE"}]}},"_links":{"self":[{"href":"https:\/\/spinbetter.center\/lu\/wp-json\/wp\/v2\/pages\/404","targetHints":{"allow":["GET"]}}],"collection":[{"href":"https:\/\/spinbetter.center\/lu\/wp-json\/wp\/v2\/pages"}],"about":[{"href":"https:\/\/spinbetter.center\/lu\/wp-json\/wp\/v2\/types\/page"}],"author":[{"embeddable":true,"href":"https:\/\/spinbetter.center\/lu\/wp-json\/wp\/v2\/users\/1"}],"replies":[{"embeddable":true,"href":"https:\/\/spinbetter.center\/lu\/wp-json\/wp\/v2\/comments?post=404"}],"version-history":[{"count":3,"href":"https:\/\/spinbetter.center\/lu\/wp-json\/wp\/v2\/pages\/404\/revisions"}],"predecessor-version":[{"id":859,"href":"https:\/\/spinbetter.center\/lu\/wp-json\/wp\/v2\/pages\/404\/revisions\/859"}],"wp:attachment":[{"href":"https:\/\/spinbetter.center\/lu\/wp-json\/wp\/v2\/media?parent=404"}],"curies":[{"name":"wp","href":"https:\/\/api.w.org\/{rel}","templated":true}]}}