{"id":527,"date":"2025-03-31T05:47:08","date_gmt":"2025-03-31T05:47:08","guid":{"rendered":"https:\/\/spinbetter.center\/?page_id=527"},"modified":"2025-05-27T05:14:57","modified_gmt":"2025-05-27T05:14:57","slug":"reload-bonus","status":"publish","type":"page","link":"https:\/\/spinbetter.center\/hu\/bonuses\/reload-bonus\/","title":{"rendered":"\u00dajrat\u00f6lt\u00e9si b\u00f3nusz"},"content":{"rendered":"","protected":false},"excerpt":{"rendered":"","protected":false},"author":1,"featured_media":0,"parent":272,"menu_order":0,"comment_status":"closed","ping_status":"closed","template":"","meta":{"footnotes":""},"class_list":["post-527","page","type-page","status-publish","hentry"],"yoast_head":"<!-- This site is optimized with the Yoast SEO plugin v27.4 - https:\/\/yoast.com\/product\/yoast-seo-wordpress\/ -->\n<title>50% \u00fajrat\u00f6lt\u00e9si b\u00f3nusz + 50 ingyenes p\u00f6rget\u00e9sek minden szerd\u00e1n!<\/title>\n<meta name=\"description\" content=\"Ne hagyd ki a szerdai szerencsej\u00e1t\u00e9k-nyerem\u00e9nyt! Szerezz 50%-os b\u00f3nuszt 75000 Ft-ig \u00e9s 50 freespint csak 5500 Ft befizet\u00e9s\u00e9vel. Ez a b\u00f3nusz az es\u00e9lyed, hogy nagyot nyerj! Emeld meg t\u00e9tjeidet \u00e9s h\u00f3d\u00edtsd meg a nyer\u0151g\u00e9peket minden szerd\u00e1n!\" \/>\n<meta name=\"robots\" content=\"index, follow, max-snippet:-1, max-image-preview:large, max-video-preview:-1\" \/>\n<link rel=\"canonical\" href=\"https:\/\/spinbetter.center\/hu\/bonuses\/reload-bonus\/\" \/>\n<meta property=\"og:locale\" content=\"hu_HU\" \/>\n<meta property=\"og:type\" content=\"article\" \/>\n<meta property=\"og:title\" content=\"50% \u00fajrat\u00f6lt\u00e9si b\u00f3nusz + 50 ingyenes p\u00f6rget\u00e9sek minden szerd\u00e1n!\" \/>\n<meta property=\"og:description\" content=\"Ne hagyd ki a szerdai szerencsej\u00e1t\u00e9k-nyerem\u00e9nyt! Szerezz 50%-os b\u00f3nuszt 75000 Ft-ig \u00e9s 50 freespint csak 5500 Ft befizet\u00e9s\u00e9vel. Ez a b\u00f3nusz az es\u00e9lyed, hogy nagyot nyerj! Emeld meg t\u00e9tjeidet \u00e9s h\u00f3d\u00edtsd meg a nyer\u0151g\u00e9peket minden szerd\u00e1n!\" \/>\n<meta property=\"og:url\" content=\"https:\/\/spinbetter.center\/hu\/bonuses\/reload-bonus\/\" \/>\n<meta property=\"og:site_name\" content=\"Spinbetter Win hu\" \/>\n<meta property=\"article:modified_time\" content=\"2025-05-27T05:14:57+00:00\" \/>\n<meta name=\"twitter:card\" content=\"summary_large_image\" \/>\n<script type=\"application\/ld+json\" class=\"yoast-schema-graph\">{\"@context\":\"https:\\\/\\\/schema.org\",\"@graph\":[{\"@type\":\"WebPage\",\"@id\":\"https:\\\/\\\/spinbetter.center\\\/hu\\\/bonuses\\\/reload-bonus\\\/\",\"url\":\"https:\\\/\\\/spinbetter.center\\\/hu\\\/bonuses\\\/reload-bonus\\\/\",\"name\":\"50% \u00fajrat\u00f6lt\u00e9si b\u00f3nusz + 50 ingyenes p\u00f6rget\u00e9sek minden szerd\u00e1n!\",\"isPartOf\":{\"@id\":\"https:\\\/\\\/spinbetter.center\\\/hu\\\/#website\"},\"datePublished\":\"2025-03-31T05:47:08+00:00\",\"dateModified\":\"2025-05-27T05:14:57+00:00\",\"description\":\"Ne hagyd ki a szerdai szerencsej\u00e1t\u00e9k-nyerem\u00e9nyt! Szerezz 50%-os b\u00f3nuszt 75000 Ft-ig \u00e9s 50 freespint csak 5500 Ft befizet\u00e9s\u00e9vel. Ez a b\u00f3nusz az es\u00e9lyed, hogy nagyot nyerj! Emeld meg t\u00e9tjeidet \u00e9s h\u00f3d\u00edtsd meg a nyer\u0151g\u00e9peket minden szerd\u00e1n!\",\"breadcrumb\":{\"@id\":\"https:\\\/\\\/spinbetter.center\\\/hu\\\/bonuses\\\/reload-bonus\\\/#breadcrumb\"},\"inLanguage\":\"hu\",\"potentialAction\":[{\"@type\":\"ReadAction\",\"target\":[\"https:\\\/\\\/spinbetter.center\\\/hu\\\/bonuses\\\/reload-bonus\\\/\"]}]},{\"@type\":\"BreadcrumbList\",\"@id\":\"https:\\\/\\\/spinbetter.center\\\/hu\\\/bonuses\\\/reload-bonus\\\/#breadcrumb\",\"itemListElement\":[{\"@type\":\"ListItem\",\"position\":1,\"name\":\"Home\",\"item\":\"https:\\\/\\\/spinbetter.center\\\/hu\\\/\"},{\"@type\":\"ListItem\",\"position\":2,\"name\":\"B\u00f3nuszok\",\"item\":\"https:\\\/\\\/spinbetter.center\\\/hu\\\/bonuses\\\/\"},{\"@type\":\"ListItem\",\"position\":3,\"name\":\"\u00dajrat\u00f6lt\u00e9si b\u00f3nusz\"}]},{\"@type\":\"WebSite\",\"@id\":\"https:\\\/\\\/spinbetter.center\\\/hu\\\/#website\",\"url\":\"https:\\\/\\\/spinbetter.center\\\/hu\\\/\",\"name\":\"Spinbetter Win hu\",\"description\":\"My WordPress Blog\",\"potentialAction\":[{\"@type\":\"SearchAction\",\"target\":{\"@type\":\"EntryPoint\",\"urlTemplate\":\"https:\\\/\\\/spinbetter.center\\\/hu\\\/?s={search_term_string}\"},\"query-input\":{\"@type\":\"PropertyValueSpecification\",\"valueRequired\":true,\"valueName\":\"search_term_string\"}}],\"inLanguage\":\"hu\"}]}<\/script>\n<!-- \/ Yoast SEO plugin. -->","yoast_head_json":{"title":"50% \u00fajrat\u00f6lt\u00e9si b\u00f3nusz + 50 ingyenes p\u00f6rget\u00e9sek minden szerd\u00e1n!","description":"Ne hagyd ki a szerdai szerencsej\u00e1t\u00e9k-nyerem\u00e9nyt! Szerezz 50%-os b\u00f3nuszt 75000 Ft-ig \u00e9s 50 freespint csak 5500 Ft befizet\u00e9s\u00e9vel. Ez a b\u00f3nusz az es\u00e9lyed, hogy nagyot nyerj! Emeld meg t\u00e9tjeidet \u00e9s h\u00f3d\u00edtsd meg a nyer\u0151g\u00e9peket minden szerd\u00e1n!","robots":{"index":"index","follow":"follow","max-snippet":"max-snippet:-1","max-image-preview":"max-image-preview:large","max-video-preview":"max-video-preview:-1"},"canonical":"https:\/\/spinbetter.center\/hu\/bonuses\/reload-bonus\/","og_locale":"hu_HU","og_type":"article","og_title":"50% \u00fajrat\u00f6lt\u00e9si b\u00f3nusz + 50 ingyenes p\u00f6rget\u00e9sek minden szerd\u00e1n!","og_description":"Ne hagyd ki a szerdai szerencsej\u00e1t\u00e9k-nyerem\u00e9nyt! Szerezz 50%-os b\u00f3nuszt 75000 Ft-ig \u00e9s 50 freespint csak 5500 Ft befizet\u00e9s\u00e9vel. Ez a b\u00f3nusz az es\u00e9lyed, hogy nagyot nyerj! Emeld meg t\u00e9tjeidet \u00e9s h\u00f3d\u00edtsd meg a nyer\u0151g\u00e9peket minden szerd\u00e1n!","og_url":"https:\/\/spinbetter.center\/hu\/bonuses\/reload-bonus\/","og_site_name":"Spinbetter Win hu","article_modified_time":"2025-05-27T05:14:57+00:00","twitter_card":"summary_large_image","schema":{"@context":"https:\/\/schema.org","@graph":[{"@type":"WebPage","@id":"https:\/\/spinbetter.center\/hu\/bonuses\/reload-bonus\/","url":"https:\/\/spinbetter.center\/hu\/bonuses\/reload-bonus\/","name":"50% \u00fajrat\u00f6lt\u00e9si b\u00f3nusz + 50 ingyenes p\u00f6rget\u00e9sek minden szerd\u00e1n!","isPartOf":{"@id":"https:\/\/spinbetter.center\/hu\/#website"},"datePublished":"2025-03-31T05:47:08+00:00","dateModified":"2025-05-27T05:14:57+00:00","description":"Ne hagyd ki a szerdai szerencsej\u00e1t\u00e9k-nyerem\u00e9nyt! Szerezz 50%-os b\u00f3nuszt 75000 Ft-ig \u00e9s 50 freespint csak 5500 Ft befizet\u00e9s\u00e9vel. Ez a b\u00f3nusz az es\u00e9lyed, hogy nagyot nyerj! Emeld meg t\u00e9tjeidet \u00e9s h\u00f3d\u00edtsd meg a nyer\u0151g\u00e9peket minden szerd\u00e1n!","breadcrumb":{"@id":"https:\/\/spinbetter.center\/hu\/bonuses\/reload-bonus\/#breadcrumb"},"inLanguage":"hu","potentialAction":[{"@type":"ReadAction","target":["https:\/\/spinbetter.center\/hu\/bonuses\/reload-bonus\/"]}]},{"@type":"BreadcrumbList","@id":"https:\/\/spinbetter.center\/hu\/bonuses\/reload-bonus\/#breadcrumb","itemListElement":[{"@type":"ListItem","position":1,"name":"Home","item":"https:\/\/spinbetter.center\/hu\/"},{"@type":"ListItem","position":2,"name":"B\u00f3nuszok","item":"https:\/\/spinbetter.center\/hu\/bonuses\/"},{"@type":"ListItem","position":3,"name":"\u00dajrat\u00f6lt\u00e9si b\u00f3nusz"}]},{"@type":"WebSite","@id":"https:\/\/spinbetter.center\/hu\/#website","url":"https:\/\/spinbetter.center\/hu\/","name":"Spinbetter Win hu","description":"My WordPress Blog","potentialAction":[{"@type":"SearchAction","target":{"@type":"EntryPoint","urlTemplate":"https:\/\/spinbetter.center\/hu\/?s={search_term_string}"},"query-input":{"@type":"PropertyValueSpecification","valueRequired":true,"valueName":"search_term_string"}}],"inLanguage":"hu"}]}},"_links":{"self":[{"href":"https:\/\/spinbetter.center\/hu\/wp-json\/wp\/v2\/pages\/527","targetHints":{"allow":["GET"]}}],"collection":[{"href":"https:\/\/spinbetter.center\/hu\/wp-json\/wp\/v2\/pages"}],"about":[{"href":"https:\/\/spinbetter.center\/hu\/wp-json\/wp\/v2\/types\/page"}],"author":[{"embeddable":true,"href":"https:\/\/spinbetter.center\/hu\/wp-json\/wp\/v2\/users\/1"}],"replies":[{"embeddable":true,"href":"https:\/\/spinbetter.center\/hu\/wp-json\/wp\/v2\/comments?post=527"}],"version-history":[{"count":4,"href":"https:\/\/spinbetter.center\/hu\/wp-json\/wp\/v2\/pages\/527\/revisions"}],"predecessor-version":[{"id":753,"href":"https:\/\/spinbetter.center\/hu\/wp-json\/wp\/v2\/pages\/527\/revisions\/753"}],"up":[{"embeddable":true,"href":"https:\/\/spinbetter.center\/hu\/wp-json\/wp\/v2\/pages\/272"}],"wp:attachment":[{"href":"https:\/\/spinbetter.center\/hu\/wp-json\/wp\/v2\/media?parent=527"}],"curies":[{"name":"wp","href":"https:\/\/api.w.org\/{rel}","templated":true}]}}