{"id":525,"date":"2025-03-31T05:43:58","date_gmt":"2025-03-31T05:43:58","guid":{"rendered":"https:\/\/spinbetter.center\/?page_id=525"},"modified":"2025-05-27T05:13:26","modified_gmt":"2025-05-27T05:13:26","slug":"freespins-telegram","status":"publish","type":"page","link":"https:\/\/spinbetter.center\/hu\/bonuses\/freespins-telegram\/","title":{"rendered":"Ingyenes p\u00f6rget\u00e9sek"},"content":{"rendered":"","protected":false},"excerpt":{"rendered":"","protected":false},"author":1,"featured_media":0,"parent":272,"menu_order":0,"comment_status":"closed","ping_status":"closed","template":"","meta":{"footnotes":""},"class_list":["post-525","page","type-page","status-publish","hentry"],"yoast_head":"<!-- This site is optimized with the Yoast SEO plugin v27.4 - https:\/\/yoast.com\/product\/yoast-seo-wordpress\/ -->\n<title>Szerezzen 100 p\u00f6rget\u00e9st a SpinBetter \u00e1ltal: Telegram feliratkoz\u00e1s<\/title>\n<meta name=\"description\" content=\"Szeretne 100 ingyenes p\u00f6rget\u00e9st? Iratkozzon fel a SpinBetter Telegramj\u00e1ra \u00e9s szerezze meg a b\u00f3nusz p\u00f6rget\u00e9seket! \u00c9rtes\u00fclj els\u0151k\u00e9nt a legfrissebb h\u00edrekr\u0151l \u00e9s exkluz\u00edv prom\u00f3ci\u00f3kr\u00f3l. Ne hagyja ki a nyer\u00e9si lehet\u0151s\u00e9get - cselekedjen most!\" \/>\n<meta name=\"robots\" content=\"index, follow, max-snippet:-1, max-image-preview:large, max-video-preview:-1\" \/>\n<link rel=\"canonical\" href=\"https:\/\/spinbetter.center\/hu\/bonuses\/freespins-telegram\/\" \/>\n<meta property=\"og:locale\" content=\"hu_HU\" \/>\n<meta property=\"og:type\" content=\"article\" \/>\n<meta property=\"og:title\" content=\"Szerezzen 100 p\u00f6rget\u00e9st a SpinBetter \u00e1ltal: Telegram feliratkoz\u00e1s\" \/>\n<meta property=\"og:description\" content=\"Szeretne 100 ingyenes p\u00f6rget\u00e9st? Iratkozzon fel a SpinBetter Telegramj\u00e1ra \u00e9s szerezze meg a b\u00f3nusz p\u00f6rget\u00e9seket! \u00c9rtes\u00fclj els\u0151k\u00e9nt a legfrissebb h\u00edrekr\u0151l \u00e9s exkluz\u00edv prom\u00f3ci\u00f3kr\u00f3l. Ne hagyja ki a nyer\u00e9si lehet\u0151s\u00e9get - cselekedjen most!\" \/>\n<meta property=\"og:url\" content=\"https:\/\/spinbetter.center\/hu\/bonuses\/freespins-telegram\/\" \/>\n<meta property=\"og:site_name\" content=\"Spinbetter Win hu\" \/>\n<meta property=\"article:modified_time\" content=\"2025-05-27T05:13:26+00:00\" \/>\n<meta name=\"twitter:card\" content=\"summary_large_image\" \/>\n<script type=\"application\/ld+json\" class=\"yoast-schema-graph\">{\"@context\":\"https:\\\/\\\/schema.org\",\"@graph\":[{\"@type\":\"WebPage\",\"@id\":\"https:\\\/\\\/spinbetter.center\\\/hu\\\/bonuses\\\/freespins-telegram\\\/\",\"url\":\"https:\\\/\\\/spinbetter.center\\\/hu\\\/bonuses\\\/freespins-telegram\\\/\",\"name\":\"Szerezzen 100 p\u00f6rget\u00e9st a SpinBetter \u00e1ltal: Telegram feliratkoz\u00e1s\",\"isPartOf\":{\"@id\":\"https:\\\/\\\/spinbetter.center\\\/hu\\\/#website\"},\"datePublished\":\"2025-03-31T05:43:58+00:00\",\"dateModified\":\"2025-05-27T05:13:26+00:00\",\"description\":\"Szeretne 100 ingyenes p\u00f6rget\u00e9st? Iratkozzon fel a SpinBetter Telegramj\u00e1ra \u00e9s szerezze meg a b\u00f3nusz p\u00f6rget\u00e9seket! \u00c9rtes\u00fclj els\u0151k\u00e9nt a legfrissebb h\u00edrekr\u0151l \u00e9s exkluz\u00edv prom\u00f3ci\u00f3kr\u00f3l. Ne hagyja ki a nyer\u00e9si lehet\u0151s\u00e9get - cselekedjen most!\",\"breadcrumb\":{\"@id\":\"https:\\\/\\\/spinbetter.center\\\/hu\\\/bonuses\\\/freespins-telegram\\\/#breadcrumb\"},\"inLanguage\":\"hu\",\"potentialAction\":[{\"@type\":\"ReadAction\",\"target\":[\"https:\\\/\\\/spinbetter.center\\\/hu\\\/bonuses\\\/freespins-telegram\\\/\"]}]},{\"@type\":\"BreadcrumbList\",\"@id\":\"https:\\\/\\\/spinbetter.center\\\/hu\\\/bonuses\\\/freespins-telegram\\\/#breadcrumb\",\"itemListElement\":[{\"@type\":\"ListItem\",\"position\":1,\"name\":\"Home\",\"item\":\"https:\\\/\\\/spinbetter.center\\\/hu\\\/\"},{\"@type\":\"ListItem\",\"position\":2,\"name\":\"B\u00f3nuszok\",\"item\":\"https:\\\/\\\/spinbetter.center\\\/hu\\\/bonuses\\\/\"},{\"@type\":\"ListItem\",\"position\":3,\"name\":\"Ingyenes p\u00f6rget\u00e9sek\"}]},{\"@type\":\"WebSite\",\"@id\":\"https:\\\/\\\/spinbetter.center\\\/hu\\\/#website\",\"url\":\"https:\\\/\\\/spinbetter.center\\\/hu\\\/\",\"name\":\"Spinbetter Win hu\",\"description\":\"My WordPress Blog\",\"potentialAction\":[{\"@type\":\"SearchAction\",\"target\":{\"@type\":\"EntryPoint\",\"urlTemplate\":\"https:\\\/\\\/spinbetter.center\\\/hu\\\/?s={search_term_string}\"},\"query-input\":{\"@type\":\"PropertyValueSpecification\",\"valueRequired\":true,\"valueName\":\"search_term_string\"}}],\"inLanguage\":\"hu\"}]}<\/script>\n<!-- \/ Yoast SEO plugin. -->","yoast_head_json":{"title":"Szerezzen 100 p\u00f6rget\u00e9st a SpinBetter \u00e1ltal: Telegram feliratkoz\u00e1s","description":"Szeretne 100 ingyenes p\u00f6rget\u00e9st? Iratkozzon fel a SpinBetter Telegramj\u00e1ra \u00e9s szerezze meg a b\u00f3nusz p\u00f6rget\u00e9seket! \u00c9rtes\u00fclj els\u0151k\u00e9nt a legfrissebb h\u00edrekr\u0151l \u00e9s exkluz\u00edv prom\u00f3ci\u00f3kr\u00f3l. Ne hagyja ki a nyer\u00e9si lehet\u0151s\u00e9get - cselekedjen most!","robots":{"index":"index","follow":"follow","max-snippet":"max-snippet:-1","max-image-preview":"max-image-preview:large","max-video-preview":"max-video-preview:-1"},"canonical":"https:\/\/spinbetter.center\/hu\/bonuses\/freespins-telegram\/","og_locale":"hu_HU","og_type":"article","og_title":"Szerezzen 100 p\u00f6rget\u00e9st a SpinBetter \u00e1ltal: Telegram feliratkoz\u00e1s","og_description":"Szeretne 100 ingyenes p\u00f6rget\u00e9st? Iratkozzon fel a SpinBetter Telegramj\u00e1ra \u00e9s szerezze meg a b\u00f3nusz p\u00f6rget\u00e9seket! \u00c9rtes\u00fclj els\u0151k\u00e9nt a legfrissebb h\u00edrekr\u0151l \u00e9s exkluz\u00edv prom\u00f3ci\u00f3kr\u00f3l. Ne hagyja ki a nyer\u00e9si lehet\u0151s\u00e9get - cselekedjen most!","og_url":"https:\/\/spinbetter.center\/hu\/bonuses\/freespins-telegram\/","og_site_name":"Spinbetter Win hu","article_modified_time":"2025-05-27T05:13:26+00:00","twitter_card":"summary_large_image","schema":{"@context":"https:\/\/schema.org","@graph":[{"@type":"WebPage","@id":"https:\/\/spinbetter.center\/hu\/bonuses\/freespins-telegram\/","url":"https:\/\/spinbetter.center\/hu\/bonuses\/freespins-telegram\/","name":"Szerezzen 100 p\u00f6rget\u00e9st a SpinBetter \u00e1ltal: Telegram feliratkoz\u00e1s","isPartOf":{"@id":"https:\/\/spinbetter.center\/hu\/#website"},"datePublished":"2025-03-31T05:43:58+00:00","dateModified":"2025-05-27T05:13:26+00:00","description":"Szeretne 100 ingyenes p\u00f6rget\u00e9st? Iratkozzon fel a SpinBetter Telegramj\u00e1ra \u00e9s szerezze meg a b\u00f3nusz p\u00f6rget\u00e9seket! \u00c9rtes\u00fclj els\u0151k\u00e9nt a legfrissebb h\u00edrekr\u0151l \u00e9s exkluz\u00edv prom\u00f3ci\u00f3kr\u00f3l. Ne hagyja ki a nyer\u00e9si lehet\u0151s\u00e9get - cselekedjen most!","breadcrumb":{"@id":"https:\/\/spinbetter.center\/hu\/bonuses\/freespins-telegram\/#breadcrumb"},"inLanguage":"hu","potentialAction":[{"@type":"ReadAction","target":["https:\/\/spinbetter.center\/hu\/bonuses\/freespins-telegram\/"]}]},{"@type":"BreadcrumbList","@id":"https:\/\/spinbetter.center\/hu\/bonuses\/freespins-telegram\/#breadcrumb","itemListElement":[{"@type":"ListItem","position":1,"name":"Home","item":"https:\/\/spinbetter.center\/hu\/"},{"@type":"ListItem","position":2,"name":"B\u00f3nuszok","item":"https:\/\/spinbetter.center\/hu\/bonuses\/"},{"@type":"ListItem","position":3,"name":"Ingyenes p\u00f6rget\u00e9sek"}]},{"@type":"WebSite","@id":"https:\/\/spinbetter.center\/hu\/#website","url":"https:\/\/spinbetter.center\/hu\/","name":"Spinbetter Win hu","description":"My WordPress Blog","potentialAction":[{"@type":"SearchAction","target":{"@type":"EntryPoint","urlTemplate":"https:\/\/spinbetter.center\/hu\/?s={search_term_string}"},"query-input":{"@type":"PropertyValueSpecification","valueRequired":true,"valueName":"search_term_string"}}],"inLanguage":"hu"}]}},"_links":{"self":[{"href":"https:\/\/spinbetter.center\/hu\/wp-json\/wp\/v2\/pages\/525","targetHints":{"allow":["GET"]}}],"collection":[{"href":"https:\/\/spinbetter.center\/hu\/wp-json\/wp\/v2\/pages"}],"about":[{"href":"https:\/\/spinbetter.center\/hu\/wp-json\/wp\/v2\/types\/page"}],"author":[{"embeddable":true,"href":"https:\/\/spinbetter.center\/hu\/wp-json\/wp\/v2\/users\/1"}],"replies":[{"embeddable":true,"href":"https:\/\/spinbetter.center\/hu\/wp-json\/wp\/v2\/comments?post=525"}],"version-history":[{"count":3,"href":"https:\/\/spinbetter.center\/hu\/wp-json\/wp\/v2\/pages\/525\/revisions"}],"predecessor-version":[{"id":752,"href":"https:\/\/spinbetter.center\/hu\/wp-json\/wp\/v2\/pages\/525\/revisions\/752"}],"up":[{"embeddable":true,"href":"https:\/\/spinbetter.center\/hu\/wp-json\/wp\/v2\/pages\/272"}],"wp:attachment":[{"href":"https:\/\/spinbetter.center\/hu\/wp-json\/wp\/v2\/media?parent=525"}],"curies":[{"name":"wp","href":"https:\/\/api.w.org\/{rel}","templated":true}]}}