{"id":523,"date":"2025-03-31T05:35:59","date_gmt":"2025-03-31T05:35:59","guid":{"rendered":"https:\/\/spinbetter.center\/?page_id=523"},"modified":"2025-05-27T05:10:21","modified_gmt":"2025-05-27T05:10:21","slug":"betting-cashback","status":"publish","type":"page","link":"https:\/\/spinbetter.center\/hu\/bonuses\/betting-cashback\/","title":{"rendered":"Fogad\u00e1s Cashback"},"content":{"rendered":"","protected":false},"excerpt":{"rendered":"","protected":false},"author":1,"featured_media":0,"parent":272,"menu_order":0,"comment_status":"closed","ping_status":"closed","template":"","meta":{"footnotes":""},"class_list":["post-523","page","type-page","status-publish","hentry"],"yoast_head":"<!-- This site is optimized with the Yoast SEO plugin v27.4 - https:\/\/yoast.com\/product\/yoast-seo-wordpress\/ -->\n<title>SpinBetter fogad\u00e1si cashback: \u2705Heti 3% p\u00e9nzvisszat\u00e9r\u00edt\u00e9s<\/title>\n<meta name=\"description\" content=\"Ne add fel egy veres\u00e9g ut\u00e1n! Szerezzen 3% cashbacket sportfogad\u00e1sra a SpinBetterrel, \u00e9s szerezze vissza vesztes\u00e9gei egy r\u00e9sz\u00e9t. Ismerje meg, hogyan aktiv\u00e1lhatja heti p\u00e9nzvisszat\u00e9r\u00edt\u00e9s\u00e9t, \u00e9s hogyan teheti m\u00e9g j\u00f6vedelmez\u0151bb\u00e9 j\u00e1t\u00e9k\u00e1t!\" \/>\n<meta name=\"robots\" content=\"index, follow, max-snippet:-1, max-image-preview:large, max-video-preview:-1\" \/>\n<link rel=\"canonical\" href=\"https:\/\/spinbetter.center\/hu\/bonuses\/betting-cashback\/\" \/>\n<meta property=\"og:locale\" content=\"hu_HU\" \/>\n<meta property=\"og:type\" content=\"article\" \/>\n<meta property=\"og:title\" content=\"SpinBetter fogad\u00e1si cashback: \u2705Heti 3% p\u00e9nzvisszat\u00e9r\u00edt\u00e9s\" \/>\n<meta property=\"og:description\" content=\"Ne add fel egy veres\u00e9g ut\u00e1n! Szerezzen 3% cashbacket sportfogad\u00e1sra a SpinBetterrel, \u00e9s szerezze vissza vesztes\u00e9gei egy r\u00e9sz\u00e9t. Ismerje meg, hogyan aktiv\u00e1lhatja heti p\u00e9nzvisszat\u00e9r\u00edt\u00e9s\u00e9t, \u00e9s hogyan teheti m\u00e9g j\u00f6vedelmez\u0151bb\u00e9 j\u00e1t\u00e9k\u00e1t!\" \/>\n<meta property=\"og:url\" content=\"https:\/\/spinbetter.center\/hu\/bonuses\/betting-cashback\/\" \/>\n<meta property=\"og:site_name\" content=\"Spinbetter Win hu\" \/>\n<meta property=\"article:modified_time\" content=\"2025-05-27T05:10:21+00:00\" \/>\n<meta name=\"twitter:card\" content=\"summary_large_image\" \/>\n<script type=\"application\/ld+json\" class=\"yoast-schema-graph\">{\"@context\":\"https:\\\/\\\/schema.org\",\"@graph\":[{\"@type\":\"WebPage\",\"@id\":\"https:\\\/\\\/spinbetter.center\\\/hu\\\/bonuses\\\/betting-cashback\\\/\",\"url\":\"https:\\\/\\\/spinbetter.center\\\/hu\\\/bonuses\\\/betting-cashback\\\/\",\"name\":\"SpinBetter fogad\u00e1si cashback: \u2705Heti 3% p\u00e9nzvisszat\u00e9r\u00edt\u00e9s\",\"isPartOf\":{\"@id\":\"https:\\\/\\\/spinbetter.center\\\/hu\\\/#website\"},\"datePublished\":\"2025-03-31T05:35:59+00:00\",\"dateModified\":\"2025-05-27T05:10:21+00:00\",\"description\":\"Ne add fel egy veres\u00e9g ut\u00e1n! Szerezzen 3% cashbacket sportfogad\u00e1sra a SpinBetterrel, \u00e9s szerezze vissza vesztes\u00e9gei egy r\u00e9sz\u00e9t. Ismerje meg, hogyan aktiv\u00e1lhatja heti p\u00e9nzvisszat\u00e9r\u00edt\u00e9s\u00e9t, \u00e9s hogyan teheti m\u00e9g j\u00f6vedelmez\u0151bb\u00e9 j\u00e1t\u00e9k\u00e1t!\",\"breadcrumb\":{\"@id\":\"https:\\\/\\\/spinbetter.center\\\/hu\\\/bonuses\\\/betting-cashback\\\/#breadcrumb\"},\"inLanguage\":\"hu\",\"potentialAction\":[{\"@type\":\"ReadAction\",\"target\":[\"https:\\\/\\\/spinbetter.center\\\/hu\\\/bonuses\\\/betting-cashback\\\/\"]}]},{\"@type\":\"BreadcrumbList\",\"@id\":\"https:\\\/\\\/spinbetter.center\\\/hu\\\/bonuses\\\/betting-cashback\\\/#breadcrumb\",\"itemListElement\":[{\"@type\":\"ListItem\",\"position\":1,\"name\":\"Home\",\"item\":\"https:\\\/\\\/spinbetter.center\\\/hu\\\/\"},{\"@type\":\"ListItem\",\"position\":2,\"name\":\"B\u00f3nuszok\",\"item\":\"https:\\\/\\\/spinbetter.center\\\/hu\\\/bonuses\\\/\"},{\"@type\":\"ListItem\",\"position\":3,\"name\":\"Fogad\u00e1s Cashback\"}]},{\"@type\":\"WebSite\",\"@id\":\"https:\\\/\\\/spinbetter.center\\\/hu\\\/#website\",\"url\":\"https:\\\/\\\/spinbetter.center\\\/hu\\\/\",\"name\":\"Spinbetter Win hu\",\"description\":\"My WordPress Blog\",\"potentialAction\":[{\"@type\":\"SearchAction\",\"target\":{\"@type\":\"EntryPoint\",\"urlTemplate\":\"https:\\\/\\\/spinbetter.center\\\/hu\\\/?s={search_term_string}\"},\"query-input\":{\"@type\":\"PropertyValueSpecification\",\"valueRequired\":true,\"valueName\":\"search_term_string\"}}],\"inLanguage\":\"hu\"}]}<\/script>\n<!-- \/ Yoast SEO plugin. -->","yoast_head_json":{"title":"SpinBetter fogad\u00e1si cashback: \u2705Heti 3% p\u00e9nzvisszat\u00e9r\u00edt\u00e9s","description":"Ne add fel egy veres\u00e9g ut\u00e1n! Szerezzen 3% cashbacket sportfogad\u00e1sra a SpinBetterrel, \u00e9s szerezze vissza vesztes\u00e9gei egy r\u00e9sz\u00e9t. Ismerje meg, hogyan aktiv\u00e1lhatja heti p\u00e9nzvisszat\u00e9r\u00edt\u00e9s\u00e9t, \u00e9s hogyan teheti m\u00e9g j\u00f6vedelmez\u0151bb\u00e9 j\u00e1t\u00e9k\u00e1t!","robots":{"index":"index","follow":"follow","max-snippet":"max-snippet:-1","max-image-preview":"max-image-preview:large","max-video-preview":"max-video-preview:-1"},"canonical":"https:\/\/spinbetter.center\/hu\/bonuses\/betting-cashback\/","og_locale":"hu_HU","og_type":"article","og_title":"SpinBetter fogad\u00e1si cashback: \u2705Heti 3% p\u00e9nzvisszat\u00e9r\u00edt\u00e9s","og_description":"Ne add fel egy veres\u00e9g ut\u00e1n! Szerezzen 3% cashbacket sportfogad\u00e1sra a SpinBetterrel, \u00e9s szerezze vissza vesztes\u00e9gei egy r\u00e9sz\u00e9t. Ismerje meg, hogyan aktiv\u00e1lhatja heti p\u00e9nzvisszat\u00e9r\u00edt\u00e9s\u00e9t, \u00e9s hogyan teheti m\u00e9g j\u00f6vedelmez\u0151bb\u00e9 j\u00e1t\u00e9k\u00e1t!","og_url":"https:\/\/spinbetter.center\/hu\/bonuses\/betting-cashback\/","og_site_name":"Spinbetter Win hu","article_modified_time":"2025-05-27T05:10:21+00:00","twitter_card":"summary_large_image","schema":{"@context":"https:\/\/schema.org","@graph":[{"@type":"WebPage","@id":"https:\/\/spinbetter.center\/hu\/bonuses\/betting-cashback\/","url":"https:\/\/spinbetter.center\/hu\/bonuses\/betting-cashback\/","name":"SpinBetter fogad\u00e1si cashback: \u2705Heti 3% p\u00e9nzvisszat\u00e9r\u00edt\u00e9s","isPartOf":{"@id":"https:\/\/spinbetter.center\/hu\/#website"},"datePublished":"2025-03-31T05:35:59+00:00","dateModified":"2025-05-27T05:10:21+00:00","description":"Ne add fel egy veres\u00e9g ut\u00e1n! Szerezzen 3% cashbacket sportfogad\u00e1sra a SpinBetterrel, \u00e9s szerezze vissza vesztes\u00e9gei egy r\u00e9sz\u00e9t. Ismerje meg, hogyan aktiv\u00e1lhatja heti p\u00e9nzvisszat\u00e9r\u00edt\u00e9s\u00e9t, \u00e9s hogyan teheti m\u00e9g j\u00f6vedelmez\u0151bb\u00e9 j\u00e1t\u00e9k\u00e1t!","breadcrumb":{"@id":"https:\/\/spinbetter.center\/hu\/bonuses\/betting-cashback\/#breadcrumb"},"inLanguage":"hu","potentialAction":[{"@type":"ReadAction","target":["https:\/\/spinbetter.center\/hu\/bonuses\/betting-cashback\/"]}]},{"@type":"BreadcrumbList","@id":"https:\/\/spinbetter.center\/hu\/bonuses\/betting-cashback\/#breadcrumb","itemListElement":[{"@type":"ListItem","position":1,"name":"Home","item":"https:\/\/spinbetter.center\/hu\/"},{"@type":"ListItem","position":2,"name":"B\u00f3nuszok","item":"https:\/\/spinbetter.center\/hu\/bonuses\/"},{"@type":"ListItem","position":3,"name":"Fogad\u00e1s Cashback"}]},{"@type":"WebSite","@id":"https:\/\/spinbetter.center\/hu\/#website","url":"https:\/\/spinbetter.center\/hu\/","name":"Spinbetter Win hu","description":"My WordPress Blog","potentialAction":[{"@type":"SearchAction","target":{"@type":"EntryPoint","urlTemplate":"https:\/\/spinbetter.center\/hu\/?s={search_term_string}"},"query-input":{"@type":"PropertyValueSpecification","valueRequired":true,"valueName":"search_term_string"}}],"inLanguage":"hu"}]}},"_links":{"self":[{"href":"https:\/\/spinbetter.center\/hu\/wp-json\/wp\/v2\/pages\/523","targetHints":{"allow":["GET"]}}],"collection":[{"href":"https:\/\/spinbetter.center\/hu\/wp-json\/wp\/v2\/pages"}],"about":[{"href":"https:\/\/spinbetter.center\/hu\/wp-json\/wp\/v2\/types\/page"}],"author":[{"embeddable":true,"href":"https:\/\/spinbetter.center\/hu\/wp-json\/wp\/v2\/users\/1"}],"replies":[{"embeddable":true,"href":"https:\/\/spinbetter.center\/hu\/wp-json\/wp\/v2\/comments?post=523"}],"version-history":[{"count":3,"href":"https:\/\/spinbetter.center\/hu\/wp-json\/wp\/v2\/pages\/523\/revisions"}],"predecessor-version":[{"id":751,"href":"https:\/\/spinbetter.center\/hu\/wp-json\/wp\/v2\/pages\/523\/revisions\/751"}],"up":[{"embeddable":true,"href":"https:\/\/spinbetter.center\/hu\/wp-json\/wp\/v2\/pages\/272"}],"wp:attachment":[{"href":"https:\/\/spinbetter.center\/hu\/wp-json\/wp\/v2\/media?parent=523"}],"curies":[{"name":"wp","href":"https:\/\/api.w.org\/{rel}","templated":true}]}}