{"id":519,"date":"2025-03-28T15:29:30","date_gmt":"2025-03-28T15:29:30","guid":{"rendered":"https:\/\/spinbetter.center\/?page_id=519"},"modified":"2025-05-27T05:08:54","modified_gmt":"2025-05-27T05:08:54","slug":"first-deposit","status":"publish","type":"page","link":"https:\/\/spinbetter.center\/hu\/bonuses\/first-deposit\/","title":{"rendered":"Els\u0151 befizet\u00e9s"},"content":{"rendered":"","protected":false},"excerpt":{"rendered":"","protected":false},"author":1,"featured_media":0,"parent":272,"menu_order":0,"comment_status":"closed","ping_status":"closed","template":"","meta":{"footnotes":""},"class_list":["post-519","page","type-page","status-publish","hentry"],"yoast_head":"<!-- This site is optimized with the Yoast SEO plugin v27.4 - https:\/\/yoast.com\/product\/yoast-seo-wordpress\/ -->\n<title>SpinBetter \u00fcdv\u00f6zl\u0151 csomag: 650000 Ft \u00e9s 150 ingyenes p\u00f6rget\u00e9s<\/title>\n<meta name=\"description\" content=\"Nyissa ki az ajt\u00f3t a szerencsej\u00e1t\u00e9kok vil\u00e1g\u00e1ba a SpinBetter k\u00e1pr\u00e1zatos \u00fcdv\u00f6zl\u0151 csomagj\u00e1val! N\u00e9gy er\u0151teljes felt\u00f6lt\u00e9s, ak\u00e1r 650000 Ft \u00e9s 150 ingyenes p\u00f6rget\u00e9s! Ne hagyja ki a lehet\u0151s\u00e9get, hogy kipr\u00f3b\u00e1lja szerencs\u00e9j\u00e9t \u00e9s leny\u0171g\u00f6z\u0151 b\u00f3nuszokat szerezzen, amelyek felejthetetlenn\u00e9 teszik a szerencsej\u00e1t\u00e9kot!\" \/>\n<meta name=\"robots\" content=\"index, follow, max-snippet:-1, max-image-preview:large, max-video-preview:-1\" \/>\n<link rel=\"canonical\" href=\"https:\/\/spinbetter.center\/hu\/bonuses\/first-deposit\/\" \/>\n<meta property=\"og:locale\" content=\"hu_HU\" \/>\n<meta property=\"og:type\" content=\"article\" \/>\n<meta property=\"og:title\" content=\"SpinBetter \u00fcdv\u00f6zl\u0151 csomag: 650000 Ft \u00e9s 150 ingyenes p\u00f6rget\u00e9s\" \/>\n<meta property=\"og:description\" content=\"Nyissa ki az ajt\u00f3t a szerencsej\u00e1t\u00e9kok vil\u00e1g\u00e1ba a SpinBetter k\u00e1pr\u00e1zatos \u00fcdv\u00f6zl\u0151 csomagj\u00e1val! N\u00e9gy er\u0151teljes felt\u00f6lt\u00e9s, ak\u00e1r 650000 Ft \u00e9s 150 ingyenes p\u00f6rget\u00e9s! Ne hagyja ki a lehet\u0151s\u00e9get, hogy kipr\u00f3b\u00e1lja szerencs\u00e9j\u00e9t \u00e9s leny\u0171g\u00f6z\u0151 b\u00f3nuszokat szerezzen, amelyek felejthetetlenn\u00e9 teszik a szerencsej\u00e1t\u00e9kot!\" \/>\n<meta property=\"og:url\" content=\"https:\/\/spinbetter.center\/hu\/bonuses\/first-deposit\/\" \/>\n<meta property=\"og:site_name\" content=\"Spinbetter Win hu\" \/>\n<meta property=\"article:modified_time\" content=\"2025-05-27T05:08:54+00:00\" \/>\n<meta name=\"twitter:card\" content=\"summary_large_image\" \/>\n<script type=\"application\/ld+json\" class=\"yoast-schema-graph\">{\"@context\":\"https:\\\/\\\/schema.org\",\"@graph\":[{\"@type\":\"WebPage\",\"@id\":\"https:\\\/\\\/spinbetter.center\\\/hu\\\/bonuses\\\/first-deposit\\\/\",\"url\":\"https:\\\/\\\/spinbetter.center\\\/hu\\\/bonuses\\\/first-deposit\\\/\",\"name\":\"SpinBetter \u00fcdv\u00f6zl\u0151 csomag: 650000 Ft \u00e9s 150 ingyenes p\u00f6rget\u00e9s\",\"isPartOf\":{\"@id\":\"https:\\\/\\\/spinbetter.center\\\/hu\\\/#website\"},\"datePublished\":\"2025-03-28T15:29:30+00:00\",\"dateModified\":\"2025-05-27T05:08:54+00:00\",\"description\":\"Nyissa ki az ajt\u00f3t a szerencsej\u00e1t\u00e9kok vil\u00e1g\u00e1ba a SpinBetter k\u00e1pr\u00e1zatos \u00fcdv\u00f6zl\u0151 csomagj\u00e1val! N\u00e9gy er\u0151teljes felt\u00f6lt\u00e9s, ak\u00e1r 650000 Ft \u00e9s 150 ingyenes p\u00f6rget\u00e9s! Ne hagyja ki a lehet\u0151s\u00e9get, hogy kipr\u00f3b\u00e1lja szerencs\u00e9j\u00e9t \u00e9s leny\u0171g\u00f6z\u0151 b\u00f3nuszokat szerezzen, amelyek felejthetetlenn\u00e9 teszik a szerencsej\u00e1t\u00e9kot!\",\"breadcrumb\":{\"@id\":\"https:\\\/\\\/spinbetter.center\\\/hu\\\/bonuses\\\/first-deposit\\\/#breadcrumb\"},\"inLanguage\":\"hu\",\"potentialAction\":[{\"@type\":\"ReadAction\",\"target\":[\"https:\\\/\\\/spinbetter.center\\\/hu\\\/bonuses\\\/first-deposit\\\/\"]}]},{\"@type\":\"BreadcrumbList\",\"@id\":\"https:\\\/\\\/spinbetter.center\\\/hu\\\/bonuses\\\/first-deposit\\\/#breadcrumb\",\"itemListElement\":[{\"@type\":\"ListItem\",\"position\":1,\"name\":\"Home\",\"item\":\"https:\\\/\\\/spinbetter.center\\\/hu\\\/\"},{\"@type\":\"ListItem\",\"position\":2,\"name\":\"B\u00f3nuszok\",\"item\":\"https:\\\/\\\/spinbetter.center\\\/hu\\\/bonuses\\\/\"},{\"@type\":\"ListItem\",\"position\":3,\"name\":\"Els\u0151 befizet\u00e9s\"}]},{\"@type\":\"WebSite\",\"@id\":\"https:\\\/\\\/spinbetter.center\\\/hu\\\/#website\",\"url\":\"https:\\\/\\\/spinbetter.center\\\/hu\\\/\",\"name\":\"Spinbetter Win hu\",\"description\":\"My WordPress Blog\",\"potentialAction\":[{\"@type\":\"SearchAction\",\"target\":{\"@type\":\"EntryPoint\",\"urlTemplate\":\"https:\\\/\\\/spinbetter.center\\\/hu\\\/?s={search_term_string}\"},\"query-input\":{\"@type\":\"PropertyValueSpecification\",\"valueRequired\":true,\"valueName\":\"search_term_string\"}}],\"inLanguage\":\"hu\"}]}<\/script>\n<!-- \/ Yoast SEO plugin. -->","yoast_head_json":{"title":"SpinBetter \u00fcdv\u00f6zl\u0151 csomag: 650000 Ft \u00e9s 150 ingyenes p\u00f6rget\u00e9s","description":"Nyissa ki az ajt\u00f3t a szerencsej\u00e1t\u00e9kok vil\u00e1g\u00e1ba a SpinBetter k\u00e1pr\u00e1zatos \u00fcdv\u00f6zl\u0151 csomagj\u00e1val! N\u00e9gy er\u0151teljes felt\u00f6lt\u00e9s, ak\u00e1r 650000 Ft \u00e9s 150 ingyenes p\u00f6rget\u00e9s! Ne hagyja ki a lehet\u0151s\u00e9get, hogy kipr\u00f3b\u00e1lja szerencs\u00e9j\u00e9t \u00e9s leny\u0171g\u00f6z\u0151 b\u00f3nuszokat szerezzen, amelyek felejthetetlenn\u00e9 teszik a szerencsej\u00e1t\u00e9kot!","robots":{"index":"index","follow":"follow","max-snippet":"max-snippet:-1","max-image-preview":"max-image-preview:large","max-video-preview":"max-video-preview:-1"},"canonical":"https:\/\/spinbetter.center\/hu\/bonuses\/first-deposit\/","og_locale":"hu_HU","og_type":"article","og_title":"SpinBetter \u00fcdv\u00f6zl\u0151 csomag: 650000 Ft \u00e9s 150 ingyenes p\u00f6rget\u00e9s","og_description":"Nyissa ki az ajt\u00f3t a szerencsej\u00e1t\u00e9kok vil\u00e1g\u00e1ba a SpinBetter k\u00e1pr\u00e1zatos \u00fcdv\u00f6zl\u0151 csomagj\u00e1val! N\u00e9gy er\u0151teljes felt\u00f6lt\u00e9s, ak\u00e1r 650000 Ft \u00e9s 150 ingyenes p\u00f6rget\u00e9s! Ne hagyja ki a lehet\u0151s\u00e9get, hogy kipr\u00f3b\u00e1lja szerencs\u00e9j\u00e9t \u00e9s leny\u0171g\u00f6z\u0151 b\u00f3nuszokat szerezzen, amelyek felejthetetlenn\u00e9 teszik a szerencsej\u00e1t\u00e9kot!","og_url":"https:\/\/spinbetter.center\/hu\/bonuses\/first-deposit\/","og_site_name":"Spinbetter Win hu","article_modified_time":"2025-05-27T05:08:54+00:00","twitter_card":"summary_large_image","schema":{"@context":"https:\/\/schema.org","@graph":[{"@type":"WebPage","@id":"https:\/\/spinbetter.center\/hu\/bonuses\/first-deposit\/","url":"https:\/\/spinbetter.center\/hu\/bonuses\/first-deposit\/","name":"SpinBetter \u00fcdv\u00f6zl\u0151 csomag: 650000 Ft \u00e9s 150 ingyenes p\u00f6rget\u00e9s","isPartOf":{"@id":"https:\/\/spinbetter.center\/hu\/#website"},"datePublished":"2025-03-28T15:29:30+00:00","dateModified":"2025-05-27T05:08:54+00:00","description":"Nyissa ki az ajt\u00f3t a szerencsej\u00e1t\u00e9kok vil\u00e1g\u00e1ba a SpinBetter k\u00e1pr\u00e1zatos \u00fcdv\u00f6zl\u0151 csomagj\u00e1val! N\u00e9gy er\u0151teljes felt\u00f6lt\u00e9s, ak\u00e1r 650000 Ft \u00e9s 150 ingyenes p\u00f6rget\u00e9s! Ne hagyja ki a lehet\u0151s\u00e9get, hogy kipr\u00f3b\u00e1lja szerencs\u00e9j\u00e9t \u00e9s leny\u0171g\u00f6z\u0151 b\u00f3nuszokat szerezzen, amelyek felejthetetlenn\u00e9 teszik a szerencsej\u00e1t\u00e9kot!","breadcrumb":{"@id":"https:\/\/spinbetter.center\/hu\/bonuses\/first-deposit\/#breadcrumb"},"inLanguage":"hu","potentialAction":[{"@type":"ReadAction","target":["https:\/\/spinbetter.center\/hu\/bonuses\/first-deposit\/"]}]},{"@type":"BreadcrumbList","@id":"https:\/\/spinbetter.center\/hu\/bonuses\/first-deposit\/#breadcrumb","itemListElement":[{"@type":"ListItem","position":1,"name":"Home","item":"https:\/\/spinbetter.center\/hu\/"},{"@type":"ListItem","position":2,"name":"B\u00f3nuszok","item":"https:\/\/spinbetter.center\/hu\/bonuses\/"},{"@type":"ListItem","position":3,"name":"Els\u0151 befizet\u00e9s"}]},{"@type":"WebSite","@id":"https:\/\/spinbetter.center\/hu\/#website","url":"https:\/\/spinbetter.center\/hu\/","name":"Spinbetter Win hu","description":"My WordPress Blog","potentialAction":[{"@type":"SearchAction","target":{"@type":"EntryPoint","urlTemplate":"https:\/\/spinbetter.center\/hu\/?s={search_term_string}"},"query-input":{"@type":"PropertyValueSpecification","valueRequired":true,"valueName":"search_term_string"}}],"inLanguage":"hu"}]}},"_links":{"self":[{"href":"https:\/\/spinbetter.center\/hu\/wp-json\/wp\/v2\/pages\/519","targetHints":{"allow":["GET"]}}],"collection":[{"href":"https:\/\/spinbetter.center\/hu\/wp-json\/wp\/v2\/pages"}],"about":[{"href":"https:\/\/spinbetter.center\/hu\/wp-json\/wp\/v2\/types\/page"}],"author":[{"embeddable":true,"href":"https:\/\/spinbetter.center\/hu\/wp-json\/wp\/v2\/users\/1"}],"replies":[{"embeddable":true,"href":"https:\/\/spinbetter.center\/hu\/wp-json\/wp\/v2\/comments?post=519"}],"version-history":[{"count":3,"href":"https:\/\/spinbetter.center\/hu\/wp-json\/wp\/v2\/pages\/519\/revisions"}],"predecessor-version":[{"id":750,"href":"https:\/\/spinbetter.center\/hu\/wp-json\/wp\/v2\/pages\/519\/revisions\/750"}],"up":[{"embeddable":true,"href":"https:\/\/spinbetter.center\/hu\/wp-json\/wp\/v2\/pages\/272"}],"wp:attachment":[{"href":"https:\/\/spinbetter.center\/hu\/wp-json\/wp\/v2\/media?parent=519"}],"curies":[{"name":"wp","href":"https:\/\/api.w.org\/{rel}","templated":true}]}}