{"id":422,"date":"2024-11-11T09:29:24","date_gmt":"2024-11-11T09:29:24","guid":{"rendered":"https:\/\/spinbetter.center\/?page_id=422"},"modified":"2025-07-16T16:49:08","modified_gmt":"2025-07-16T16:49:08","slug":"login","status":"publish","type":"page","link":"https:\/\/spinbetter.center\/hu\/login\/","title":{"rendered":"Bejelentkez\u00e9s"},"content":{"rendered":"","protected":false},"excerpt":{"rendered":"","protected":false},"author":1,"featured_media":0,"parent":0,"menu_order":0,"comment_status":"closed","ping_status":"closed","template":"","meta":{"footnotes":""},"class_list":["post-422","page","type-page","status-publish","hentry"],"yoast_head":"<!-- This site is optimized with the Yoast SEO plugin v24.5 - https:\/\/yoast.com\/wordpress\/plugins\/seo\/ -->\n<title>Spinbetter bel\u00e9p\u00e9s \u00fatmutat\u00f3: Gyors \u00e9s egyszer\u0171 sz\u00e1mlael\u00e9r\u00e9s<\/title>\n<meta name=\"description\" content=\"K\u00e9szen \u00e1llsz megh\u00f3d\u00edtani a Spinbettert Magyarorsz\u00e1g? A Spinbetter bejelentkez\u00e9si tippjeink seg\u00edtenek elker\u00fclni a bejelentkez\u00e9si dilemm\u00e1kat, \u00e9s v\u00e9gtelen sz\u00f3rakoz\u00e1st biztos\u00edtanak.\" \/>\n<meta name=\"robots\" content=\"index, follow, max-snippet:-1, max-image-preview:large, max-video-preview:-1\" \/>\n<link rel=\"canonical\" href=\"https:\/\/spinbetter.center\/hu\/login\/\" \/>\n<meta property=\"og:locale\" content=\"hu_HU\" \/>\n<meta property=\"og:type\" content=\"article\" \/>\n<meta property=\"og:title\" content=\"Spinbetter bel\u00e9p\u00e9s \u00fatmutat\u00f3: Gyors \u00e9s egyszer\u0171 sz\u00e1mlael\u00e9r\u00e9s\" \/>\n<meta property=\"og:description\" content=\"K\u00e9szen \u00e1llsz megh\u00f3d\u00edtani a Spinbettert Magyarorsz\u00e1g? A Spinbetter bejelentkez\u00e9si tippjeink seg\u00edtenek elker\u00fclni a bejelentkez\u00e9si dilemm\u00e1kat, \u00e9s v\u00e9gtelen sz\u00f3rakoz\u00e1st biztos\u00edtanak.\" \/>\n<meta property=\"og:url\" content=\"https:\/\/spinbetter.center\/hu\/login\/\" \/>\n<meta property=\"og:site_name\" content=\"Spinbetter Win hu\" \/>\n<meta property=\"article:modified_time\" content=\"2025-07-16T16:49:08+00:00\" \/>\n<meta name=\"twitter:card\" content=\"summary_large_image\" \/>\n<script type=\"application\/ld+json\" class=\"yoast-schema-graph\">{\"@context\":\"https:\/\/schema.org\",\"@graph\":[{\"@type\":\"WebPage\",\"@id\":\"https:\/\/spinbetter.center\/hu\/login\/\",\"url\":\"https:\/\/spinbetter.center\/hu\/login\/\",\"name\":\"Spinbetter bel\u00e9p\u00e9s \u00fatmutat\u00f3: Gyors \u00e9s egyszer\u0171 sz\u00e1mlael\u00e9r\u00e9s\",\"isPartOf\":{\"@id\":\"https:\/\/spinbetter.center\/hu\/#website\"},\"datePublished\":\"2024-11-11T09:29:24+00:00\",\"dateModified\":\"2025-07-16T16:49:08+00:00\",\"description\":\"K\u00e9szen \u00e1llsz megh\u00f3d\u00edtani a Spinbettert Magyarorsz\u00e1g? A Spinbetter bejelentkez\u00e9si tippjeink seg\u00edtenek elker\u00fclni a bejelentkez\u00e9si dilemm\u00e1kat, \u00e9s v\u00e9gtelen sz\u00f3rakoz\u00e1st biztos\u00edtanak.\",\"breadcrumb\":{\"@id\":\"https:\/\/spinbetter.center\/hu\/login\/#breadcrumb\"},\"inLanguage\":\"hu\",\"potentialAction\":[{\"@type\":\"ReadAction\",\"target\":[\"https:\/\/spinbetter.center\/hu\/login\/\"]}]},{\"@type\":\"BreadcrumbList\",\"@id\":\"https:\/\/spinbetter.center\/hu\/login\/#breadcrumb\",\"itemListElement\":[{\"@type\":\"ListItem\",\"position\":1,\"name\":\"Home\",\"item\":\"https:\/\/spinbetter.center\/hu\/\"},{\"@type\":\"ListItem\",\"position\":2,\"name\":\"Bejelentkez\u00e9s\"}]},{\"@type\":\"WebSite\",\"@id\":\"https:\/\/spinbetter.center\/hu\/#website\",\"url\":\"https:\/\/spinbetter.center\/hu\/\",\"name\":\"Spinbetter Win hu\",\"description\":\"My WordPress Blog\",\"potentialAction\":[{\"@type\":\"SearchAction\",\"target\":{\"@type\":\"EntryPoint\",\"urlTemplate\":\"https:\/\/spinbetter.center\/hu\/?s={search_term_string}\"},\"query-input\":{\"@type\":\"PropertyValueSpecification\",\"valueRequired\":true,\"valueName\":\"search_term_string\"}}],\"inLanguage\":\"hu\"}]}<\/script>\n<!-- \/ Yoast SEO plugin. -->","yoast_head_json":{"title":"Spinbetter bel\u00e9p\u00e9s \u00fatmutat\u00f3: Gyors \u00e9s egyszer\u0171 sz\u00e1mlael\u00e9r\u00e9s","description":"K\u00e9szen \u00e1llsz megh\u00f3d\u00edtani a Spinbettert Magyarorsz\u00e1g? A Spinbetter bejelentkez\u00e9si tippjeink seg\u00edtenek elker\u00fclni a bejelentkez\u00e9si dilemm\u00e1kat, \u00e9s v\u00e9gtelen sz\u00f3rakoz\u00e1st biztos\u00edtanak.","robots":{"index":"index","follow":"follow","max-snippet":"max-snippet:-1","max-image-preview":"max-image-preview:large","max-video-preview":"max-video-preview:-1"},"canonical":"https:\/\/spinbetter.center\/hu\/login\/","og_locale":"hu_HU","og_type":"article","og_title":"Spinbetter bel\u00e9p\u00e9s \u00fatmutat\u00f3: Gyors \u00e9s egyszer\u0171 sz\u00e1mlael\u00e9r\u00e9s","og_description":"K\u00e9szen \u00e1llsz megh\u00f3d\u00edtani a Spinbettert Magyarorsz\u00e1g? A Spinbetter bejelentkez\u00e9si tippjeink seg\u00edtenek elker\u00fclni a bejelentkez\u00e9si dilemm\u00e1kat, \u00e9s v\u00e9gtelen sz\u00f3rakoz\u00e1st biztos\u00edtanak.","og_url":"https:\/\/spinbetter.center\/hu\/login\/","og_site_name":"Spinbetter Win hu","article_modified_time":"2025-07-16T16:49:08+00:00","twitter_card":"summary_large_image","schema":{"@context":"https:\/\/schema.org","@graph":[{"@type":"WebPage","@id":"https:\/\/spinbetter.center\/hu\/login\/","url":"https:\/\/spinbetter.center\/hu\/login\/","name":"Spinbetter bel\u00e9p\u00e9s \u00fatmutat\u00f3: Gyors \u00e9s egyszer\u0171 sz\u00e1mlael\u00e9r\u00e9s","isPartOf":{"@id":"https:\/\/spinbetter.center\/hu\/#website"},"datePublished":"2024-11-11T09:29:24+00:00","dateModified":"2025-07-16T16:49:08+00:00","description":"K\u00e9szen \u00e1llsz megh\u00f3d\u00edtani a Spinbettert Magyarorsz\u00e1g? A Spinbetter bejelentkez\u00e9si tippjeink seg\u00edtenek elker\u00fclni a bejelentkez\u00e9si dilemm\u00e1kat, \u00e9s v\u00e9gtelen sz\u00f3rakoz\u00e1st biztos\u00edtanak.","breadcrumb":{"@id":"https:\/\/spinbetter.center\/hu\/login\/#breadcrumb"},"inLanguage":"hu","potentialAction":[{"@type":"ReadAction","target":["https:\/\/spinbetter.center\/hu\/login\/"]}]},{"@type":"BreadcrumbList","@id":"https:\/\/spinbetter.center\/hu\/login\/#breadcrumb","itemListElement":[{"@type":"ListItem","position":1,"name":"Home","item":"https:\/\/spinbetter.center\/hu\/"},{"@type":"ListItem","position":2,"name":"Bejelentkez\u00e9s"}]},{"@type":"WebSite","@id":"https:\/\/spinbetter.center\/hu\/#website","url":"https:\/\/spinbetter.center\/hu\/","name":"Spinbetter Win hu","description":"My WordPress Blog","potentialAction":[{"@type":"SearchAction","target":{"@type":"EntryPoint","urlTemplate":"https:\/\/spinbetter.center\/hu\/?s={search_term_string}"},"query-input":{"@type":"PropertyValueSpecification","valueRequired":true,"valueName":"search_term_string"}}],"inLanguage":"hu"}]}},"_links":{"self":[{"href":"https:\/\/spinbetter.center\/hu\/wp-json\/wp\/v2\/pages\/422","targetHints":{"allow":["GET"]}}],"collection":[{"href":"https:\/\/spinbetter.center\/hu\/wp-json\/wp\/v2\/pages"}],"about":[{"href":"https:\/\/spinbetter.center\/hu\/wp-json\/wp\/v2\/types\/page"}],"author":[{"embeddable":true,"href":"https:\/\/spinbetter.center\/hu\/wp-json\/wp\/v2\/users\/1"}],"replies":[{"embeddable":true,"href":"https:\/\/spinbetter.center\/hu\/wp-json\/wp\/v2\/comments?post=422"}],"version-history":[{"count":2,"href":"https:\/\/spinbetter.center\/hu\/wp-json\/wp\/v2\/pages\/422\/revisions"}],"predecessor-version":[{"id":777,"href":"https:\/\/spinbetter.center\/hu\/wp-json\/wp\/v2\/pages\/422\/revisions\/777"}],"wp:attachment":[{"href":"https:\/\/spinbetter.center\/hu\/wp-json\/wp\/v2\/media?parent=422"}],"curies":[{"name":"wp","href":"https:\/\/api.w.org\/{rel}","templated":true}]}}