{"id":319,"date":"2024-10-22T13:42:47","date_gmt":"2024-10-22T13:42:47","guid":{"rendered":"https:\/\/spinbetter.center\/?page_id=319"},"modified":"2024-12-05T08:19:54","modified_gmt":"2024-12-05T08:19:54","slug":"app","status":"publish","type":"page","link":"https:\/\/spinbetter.center\/hu\/app\/","title":{"rendered":"App"},"content":{"rendered":"","protected":false},"excerpt":{"rendered":"","protected":false},"author":1,"featured_media":0,"parent":0,"menu_order":0,"comment_status":"closed","ping_status":"closed","template":"","meta":{"footnotes":""},"class_list":["post-319","page","type-page","status-publish","hentry"],"yoast_head":"<!-- This site is optimized with the Yoast SEO plugin v24.5 - https:\/\/yoast.com\/wordpress\/plugins\/seo\/ -->\n<title>A Spinbetter App let\u00f6lt\u00e9se sportfogad\u00e1shoz \u00e9s kaszin\u00f3j\u00e1t\u00e9kokhoz<\/title>\n<meta name=\"description\" content=\"K\u00e9szen \u00e1ll, hogy felemelje a j\u00e1t\u00e9k\u00e1t? T\u00f6ltse le most a Spinbetter alkalmaz\u00e1st, \u00e9s szabad\u00edtsa fel a korl\u00e1tlan izgalmakat az izgalmas sportfogad\u00e1ssal \u00e9s az izgalmas kaszin\u00f3j\u00e1t\u00e9kokkal.\" \/>\n<meta name=\"robots\" content=\"index, follow, max-snippet:-1, max-image-preview:large, max-video-preview:-1\" \/>\n<link rel=\"canonical\" href=\"https:\/\/spinbetter.center\/hu\/app\/\" \/>\n<meta property=\"og:locale\" content=\"hu_HU\" \/>\n<meta property=\"og:type\" content=\"article\" \/>\n<meta property=\"og:title\" content=\"A Spinbetter App let\u00f6lt\u00e9se sportfogad\u00e1shoz \u00e9s kaszin\u00f3j\u00e1t\u00e9kokhoz\" \/>\n<meta property=\"og:description\" content=\"K\u00e9szen \u00e1ll, hogy felemelje a j\u00e1t\u00e9k\u00e1t? T\u00f6ltse le most a Spinbetter alkalmaz\u00e1st, \u00e9s szabad\u00edtsa fel a korl\u00e1tlan izgalmakat az izgalmas sportfogad\u00e1ssal \u00e9s az izgalmas kaszin\u00f3j\u00e1t\u00e9kokkal.\" \/>\n<meta property=\"og:url\" content=\"https:\/\/spinbetter.center\/hu\/app\/\" \/>\n<meta property=\"og:site_name\" content=\"Spinbetter Win hu\" \/>\n<meta property=\"article:modified_time\" content=\"2024-12-05T08:19:54+00:00\" \/>\n<meta name=\"twitter:card\" content=\"summary_large_image\" \/>\n<script type=\"application\/ld+json\" class=\"yoast-schema-graph\">{\"@context\":\"https:\/\/schema.org\",\"@graph\":[{\"@type\":\"WebPage\",\"@id\":\"https:\/\/spinbetter.center\/hu\/app\/\",\"url\":\"https:\/\/spinbetter.center\/hu\/app\/\",\"name\":\"A Spinbetter App let\u00f6lt\u00e9se sportfogad\u00e1shoz \u00e9s kaszin\u00f3j\u00e1t\u00e9kokhoz\",\"isPartOf\":{\"@id\":\"https:\/\/spinbetter.center\/hu\/#website\"},\"datePublished\":\"2024-10-22T13:42:47+00:00\",\"dateModified\":\"2024-12-05T08:19:54+00:00\",\"description\":\"K\u00e9szen \u00e1ll, hogy felemelje a j\u00e1t\u00e9k\u00e1t? T\u00f6ltse le most a Spinbetter alkalmaz\u00e1st, \u00e9s szabad\u00edtsa fel a korl\u00e1tlan izgalmakat az izgalmas sportfogad\u00e1ssal \u00e9s az izgalmas kaszin\u00f3j\u00e1t\u00e9kokkal.\",\"breadcrumb\":{\"@id\":\"https:\/\/spinbetter.center\/hu\/app\/#breadcrumb\"},\"inLanguage\":\"hu\",\"potentialAction\":[{\"@type\":\"ReadAction\",\"target\":[\"https:\/\/spinbetter.center\/hu\/app\/\"]}]},{\"@type\":\"BreadcrumbList\",\"@id\":\"https:\/\/spinbetter.center\/hu\/app\/#breadcrumb\",\"itemListElement\":[{\"@type\":\"ListItem\",\"position\":1,\"name\":\"Home\",\"item\":\"https:\/\/spinbetter.center\/hu\/\"},{\"@type\":\"ListItem\",\"position\":2,\"name\":\"App\"}]},{\"@type\":\"WebSite\",\"@id\":\"https:\/\/spinbetter.center\/hu\/#website\",\"url\":\"https:\/\/spinbetter.center\/hu\/\",\"name\":\"Spinbetter Win hu\",\"description\":\"My WordPress Blog\",\"potentialAction\":[{\"@type\":\"SearchAction\",\"target\":{\"@type\":\"EntryPoint\",\"urlTemplate\":\"https:\/\/spinbetter.center\/hu\/?s={search_term_string}\"},\"query-input\":{\"@type\":\"PropertyValueSpecification\",\"valueRequired\":true,\"valueName\":\"search_term_string\"}}],\"inLanguage\":\"hu\"}]}<\/script>\n<!-- \/ Yoast SEO plugin. -->","yoast_head_json":{"title":"A Spinbetter App let\u00f6lt\u00e9se sportfogad\u00e1shoz \u00e9s kaszin\u00f3j\u00e1t\u00e9kokhoz","description":"K\u00e9szen \u00e1ll, hogy felemelje a j\u00e1t\u00e9k\u00e1t? T\u00f6ltse le most a Spinbetter alkalmaz\u00e1st, \u00e9s szabad\u00edtsa fel a korl\u00e1tlan izgalmakat az izgalmas sportfogad\u00e1ssal \u00e9s az izgalmas kaszin\u00f3j\u00e1t\u00e9kokkal.","robots":{"index":"index","follow":"follow","max-snippet":"max-snippet:-1","max-image-preview":"max-image-preview:large","max-video-preview":"max-video-preview:-1"},"canonical":"https:\/\/spinbetter.center\/hu\/app\/","og_locale":"hu_HU","og_type":"article","og_title":"A Spinbetter App let\u00f6lt\u00e9se sportfogad\u00e1shoz \u00e9s kaszin\u00f3j\u00e1t\u00e9kokhoz","og_description":"K\u00e9szen \u00e1ll, hogy felemelje a j\u00e1t\u00e9k\u00e1t? T\u00f6ltse le most a Spinbetter alkalmaz\u00e1st, \u00e9s szabad\u00edtsa fel a korl\u00e1tlan izgalmakat az izgalmas sportfogad\u00e1ssal \u00e9s az izgalmas kaszin\u00f3j\u00e1t\u00e9kokkal.","og_url":"https:\/\/spinbetter.center\/hu\/app\/","og_site_name":"Spinbetter Win hu","article_modified_time":"2024-12-05T08:19:54+00:00","twitter_card":"summary_large_image","schema":{"@context":"https:\/\/schema.org","@graph":[{"@type":"WebPage","@id":"https:\/\/spinbetter.center\/hu\/app\/","url":"https:\/\/spinbetter.center\/hu\/app\/","name":"A Spinbetter App let\u00f6lt\u00e9se sportfogad\u00e1shoz \u00e9s kaszin\u00f3j\u00e1t\u00e9kokhoz","isPartOf":{"@id":"https:\/\/spinbetter.center\/hu\/#website"},"datePublished":"2024-10-22T13:42:47+00:00","dateModified":"2024-12-05T08:19:54+00:00","description":"K\u00e9szen \u00e1ll, hogy felemelje a j\u00e1t\u00e9k\u00e1t? T\u00f6ltse le most a Spinbetter alkalmaz\u00e1st, \u00e9s szabad\u00edtsa fel a korl\u00e1tlan izgalmakat az izgalmas sportfogad\u00e1ssal \u00e9s az izgalmas kaszin\u00f3j\u00e1t\u00e9kokkal.","breadcrumb":{"@id":"https:\/\/spinbetter.center\/hu\/app\/#breadcrumb"},"inLanguage":"hu","potentialAction":[{"@type":"ReadAction","target":["https:\/\/spinbetter.center\/hu\/app\/"]}]},{"@type":"BreadcrumbList","@id":"https:\/\/spinbetter.center\/hu\/app\/#breadcrumb","itemListElement":[{"@type":"ListItem","position":1,"name":"Home","item":"https:\/\/spinbetter.center\/hu\/"},{"@type":"ListItem","position":2,"name":"App"}]},{"@type":"WebSite","@id":"https:\/\/spinbetter.center\/hu\/#website","url":"https:\/\/spinbetter.center\/hu\/","name":"Spinbetter Win hu","description":"My WordPress Blog","potentialAction":[{"@type":"SearchAction","target":{"@type":"EntryPoint","urlTemplate":"https:\/\/spinbetter.center\/hu\/?s={search_term_string}"},"query-input":{"@type":"PropertyValueSpecification","valueRequired":true,"valueName":"search_term_string"}}],"inLanguage":"hu"}]}},"_links":{"self":[{"href":"https:\/\/spinbetter.center\/hu\/wp-json\/wp\/v2\/pages\/319","targetHints":{"allow":["GET"]}}],"collection":[{"href":"https:\/\/spinbetter.center\/hu\/wp-json\/wp\/v2\/pages"}],"about":[{"href":"https:\/\/spinbetter.center\/hu\/wp-json\/wp\/v2\/types\/page"}],"author":[{"embeddable":true,"href":"https:\/\/spinbetter.center\/hu\/wp-json\/wp\/v2\/users\/1"}],"replies":[{"embeddable":true,"href":"https:\/\/spinbetter.center\/hu\/wp-json\/wp\/v2\/comments?post=319"}],"version-history":[{"count":0,"href":"https:\/\/spinbetter.center\/hu\/wp-json\/wp\/v2\/pages\/319\/revisions"}],"wp:attachment":[{"href":"https:\/\/spinbetter.center\/hu\/wp-json\/wp\/v2\/media?parent=319"}],"curies":[{"name":"wp","href":"https:\/\/api.w.org\/{rel}","templated":true}]}}