{"id":274,"date":"2024-09-18T14:59:05","date_gmt":"2024-09-18T14:59:05","guid":{"rendered":"https:\/\/spinbetter.center\/?page_id=274"},"modified":"2025-07-09T07:16:33","modified_gmt":"2025-07-09T07:16:33","slug":"casino","status":"publish","type":"page","link":"https:\/\/spinbetter.center\/hu\/casino\/","title":{"rendered":"Kaszin\u00f3"},"content":{"rendered":"","protected":false},"excerpt":{"rendered":"","protected":false},"author":1,"featured_media":0,"parent":0,"menu_order":0,"comment_status":"closed","ping_status":"closed","template":"","meta":{"footnotes":""},"class_list":["post-274","page","type-page","status-publish","hentry"],"yoast_head":"<!-- This site is optimized with the Yoast SEO plugin v27.4 - https:\/\/yoast.com\/product\/yoast-seo-wordpress\/ -->\n<title>SpinBetter kaszin\u00f3 \u27a9 Ingyenes p\u00f6rget\u00e9sek \u00e9s j\u00e1t\u00e9kok<\/title>\n<meta name=\"description\" content=\"\u00c9lvezze a legjobb kaszin\u00f3j\u00e1t\u00e9kokat, \u00e9l\u0151 oszt\u00f3kat \u00e9s nyer\u0151g\u00e9peket a Spin Better kaszin\u00f3ban. Regisztr\u00e1ljon \u00e9s ig\u00e9nyeljen kaszin\u00f3 \u00fcdv\u00f6zl\u0151 csomagot. J\u00e1t\u00e9kaink sz\u00e1mos egyedi funkci\u00f3t \u00e9s nyer\u00e9si lehet\u0151s\u00e9get k\u00edn\u00e1lnak.\" \/>\n<meta name=\"robots\" content=\"index, follow, max-snippet:-1, max-image-preview:large, max-video-preview:-1\" \/>\n<link rel=\"canonical\" href=\"https:\/\/spinbetter.center\/hu\/casino\/\" \/>\n<meta property=\"og:locale\" content=\"hu_HU\" \/>\n<meta property=\"og:type\" content=\"article\" \/>\n<meta property=\"og:title\" content=\"SpinBetter kaszin\u00f3 \u27a9 Ingyenes p\u00f6rget\u00e9sek \u00e9s j\u00e1t\u00e9kok\" \/>\n<meta property=\"og:description\" content=\"\u00c9lvezze a legjobb kaszin\u00f3j\u00e1t\u00e9kokat, \u00e9l\u0151 oszt\u00f3kat \u00e9s nyer\u0151g\u00e9peket a Spin Better kaszin\u00f3ban. Regisztr\u00e1ljon \u00e9s ig\u00e9nyeljen kaszin\u00f3 \u00fcdv\u00f6zl\u0151 csomagot. J\u00e1t\u00e9kaink sz\u00e1mos egyedi funkci\u00f3t \u00e9s nyer\u00e9si lehet\u0151s\u00e9get k\u00edn\u00e1lnak.\" \/>\n<meta property=\"og:url\" content=\"https:\/\/spinbetter.center\/hu\/casino\/\" \/>\n<meta property=\"og:site_name\" content=\"Spinbetter Win hu\" \/>\n<meta property=\"article:modified_time\" content=\"2025-07-09T07:16:33+00:00\" \/>\n<meta name=\"twitter:card\" content=\"summary_large_image\" \/>\n<script type=\"application\/ld+json\" class=\"yoast-schema-graph\">{\"@context\":\"https:\\\/\\\/schema.org\",\"@graph\":[{\"@type\":\"WebPage\",\"@id\":\"https:\\\/\\\/spinbetter.center\\\/hu\\\/casino\\\/\",\"url\":\"https:\\\/\\\/spinbetter.center\\\/hu\\\/casino\\\/\",\"name\":\"SpinBetter kaszin\u00f3 \u27a9 Ingyenes p\u00f6rget\u00e9sek \u00e9s j\u00e1t\u00e9kok\",\"isPartOf\":{\"@id\":\"https:\\\/\\\/spinbetter.center\\\/hu\\\/#website\"},\"datePublished\":\"2024-09-18T14:59:05+00:00\",\"dateModified\":\"2025-07-09T07:16:33+00:00\",\"description\":\"\u00c9lvezze a legjobb kaszin\u00f3j\u00e1t\u00e9kokat, \u00e9l\u0151 oszt\u00f3kat \u00e9s nyer\u0151g\u00e9peket a Spin Better kaszin\u00f3ban. Regisztr\u00e1ljon \u00e9s ig\u00e9nyeljen kaszin\u00f3 \u00fcdv\u00f6zl\u0151 csomagot. J\u00e1t\u00e9kaink sz\u00e1mos egyedi funkci\u00f3t \u00e9s nyer\u00e9si lehet\u0151s\u00e9get k\u00edn\u00e1lnak.\",\"breadcrumb\":{\"@id\":\"https:\\\/\\\/spinbetter.center\\\/hu\\\/casino\\\/#breadcrumb\"},\"inLanguage\":\"hu\",\"potentialAction\":[{\"@type\":\"ReadAction\",\"target\":[\"https:\\\/\\\/spinbetter.center\\\/hu\\\/casino\\\/\"]}]},{\"@type\":\"BreadcrumbList\",\"@id\":\"https:\\\/\\\/spinbetter.center\\\/hu\\\/casino\\\/#breadcrumb\",\"itemListElement\":[{\"@type\":\"ListItem\",\"position\":1,\"name\":\"Home\",\"item\":\"https:\\\/\\\/spinbetter.center\\\/hu\\\/\"},{\"@type\":\"ListItem\",\"position\":2,\"name\":\"Kaszin\u00f3\"}]},{\"@type\":\"WebSite\",\"@id\":\"https:\\\/\\\/spinbetter.center\\\/hu\\\/#website\",\"url\":\"https:\\\/\\\/spinbetter.center\\\/hu\\\/\",\"name\":\"Spinbetter Win hu\",\"description\":\"My WordPress Blog\",\"potentialAction\":[{\"@type\":\"SearchAction\",\"target\":{\"@type\":\"EntryPoint\",\"urlTemplate\":\"https:\\\/\\\/spinbetter.center\\\/hu\\\/?s={search_term_string}\"},\"query-input\":{\"@type\":\"PropertyValueSpecification\",\"valueRequired\":true,\"valueName\":\"search_term_string\"}}],\"inLanguage\":\"hu\"}]}<\/script>\n<!-- \/ Yoast SEO plugin. -->","yoast_head_json":{"title":"SpinBetter kaszin\u00f3 \u27a9 Ingyenes p\u00f6rget\u00e9sek \u00e9s j\u00e1t\u00e9kok","description":"\u00c9lvezze a legjobb kaszin\u00f3j\u00e1t\u00e9kokat, \u00e9l\u0151 oszt\u00f3kat \u00e9s nyer\u0151g\u00e9peket a Spin Better kaszin\u00f3ban. Regisztr\u00e1ljon \u00e9s ig\u00e9nyeljen kaszin\u00f3 \u00fcdv\u00f6zl\u0151 csomagot. J\u00e1t\u00e9kaink sz\u00e1mos egyedi funkci\u00f3t \u00e9s nyer\u00e9si lehet\u0151s\u00e9get k\u00edn\u00e1lnak.","robots":{"index":"index","follow":"follow","max-snippet":"max-snippet:-1","max-image-preview":"max-image-preview:large","max-video-preview":"max-video-preview:-1"},"canonical":"https:\/\/spinbetter.center\/hu\/casino\/","og_locale":"hu_HU","og_type":"article","og_title":"SpinBetter kaszin\u00f3 \u27a9 Ingyenes p\u00f6rget\u00e9sek \u00e9s j\u00e1t\u00e9kok","og_description":"\u00c9lvezze a legjobb kaszin\u00f3j\u00e1t\u00e9kokat, \u00e9l\u0151 oszt\u00f3kat \u00e9s nyer\u0151g\u00e9peket a Spin Better kaszin\u00f3ban. Regisztr\u00e1ljon \u00e9s ig\u00e9nyeljen kaszin\u00f3 \u00fcdv\u00f6zl\u0151 csomagot. J\u00e1t\u00e9kaink sz\u00e1mos egyedi funkci\u00f3t \u00e9s nyer\u00e9si lehet\u0151s\u00e9get k\u00edn\u00e1lnak.","og_url":"https:\/\/spinbetter.center\/hu\/casino\/","og_site_name":"Spinbetter Win hu","article_modified_time":"2025-07-09T07:16:33+00:00","twitter_card":"summary_large_image","schema":{"@context":"https:\/\/schema.org","@graph":[{"@type":"WebPage","@id":"https:\/\/spinbetter.center\/hu\/casino\/","url":"https:\/\/spinbetter.center\/hu\/casino\/","name":"SpinBetter kaszin\u00f3 \u27a9 Ingyenes p\u00f6rget\u00e9sek \u00e9s j\u00e1t\u00e9kok","isPartOf":{"@id":"https:\/\/spinbetter.center\/hu\/#website"},"datePublished":"2024-09-18T14:59:05+00:00","dateModified":"2025-07-09T07:16:33+00:00","description":"\u00c9lvezze a legjobb kaszin\u00f3j\u00e1t\u00e9kokat, \u00e9l\u0151 oszt\u00f3kat \u00e9s nyer\u0151g\u00e9peket a Spin Better kaszin\u00f3ban. Regisztr\u00e1ljon \u00e9s ig\u00e9nyeljen kaszin\u00f3 \u00fcdv\u00f6zl\u0151 csomagot. J\u00e1t\u00e9kaink sz\u00e1mos egyedi funkci\u00f3t \u00e9s nyer\u00e9si lehet\u0151s\u00e9get k\u00edn\u00e1lnak.","breadcrumb":{"@id":"https:\/\/spinbetter.center\/hu\/casino\/#breadcrumb"},"inLanguage":"hu","potentialAction":[{"@type":"ReadAction","target":["https:\/\/spinbetter.center\/hu\/casino\/"]}]},{"@type":"BreadcrumbList","@id":"https:\/\/spinbetter.center\/hu\/casino\/#breadcrumb","itemListElement":[{"@type":"ListItem","position":1,"name":"Home","item":"https:\/\/spinbetter.center\/hu\/"},{"@type":"ListItem","position":2,"name":"Kaszin\u00f3"}]},{"@type":"WebSite","@id":"https:\/\/spinbetter.center\/hu\/#website","url":"https:\/\/spinbetter.center\/hu\/","name":"Spinbetter Win hu","description":"My WordPress Blog","potentialAction":[{"@type":"SearchAction","target":{"@type":"EntryPoint","urlTemplate":"https:\/\/spinbetter.center\/hu\/?s={search_term_string}"},"query-input":{"@type":"PropertyValueSpecification","valueRequired":true,"valueName":"search_term_string"}}],"inLanguage":"hu"}]}},"amp_enabled":true,"_links":{"self":[{"href":"https:\/\/spinbetter.center\/hu\/wp-json\/wp\/v2\/pages\/274","targetHints":{"allow":["GET"]}}],"collection":[{"href":"https:\/\/spinbetter.center\/hu\/wp-json\/wp\/v2\/pages"}],"about":[{"href":"https:\/\/spinbetter.center\/hu\/wp-json\/wp\/v2\/types\/page"}],"author":[{"embeddable":true,"href":"https:\/\/spinbetter.center\/hu\/wp-json\/wp\/v2\/users\/1"}],"replies":[{"embeddable":true,"href":"https:\/\/spinbetter.center\/hu\/wp-json\/wp\/v2\/comments?post=274"}],"version-history":[{"count":2,"href":"https:\/\/spinbetter.center\/hu\/wp-json\/wp\/v2\/pages\/274\/revisions"}],"predecessor-version":[{"id":774,"href":"https:\/\/spinbetter.center\/hu\/wp-json\/wp\/v2\/pages\/274\/revisions\/774"}],"wp:attachment":[{"href":"https:\/\/spinbetter.center\/hu\/wp-json\/wp\/v2\/media?parent=274"}],"curies":[{"name":"wp","href":"https:\/\/api.w.org\/{rel}","templated":true}]}}