{"id":422,"date":"2024-11-11T09:29:24","date_gmt":"2024-11-11T09:29:24","guid":{"rendered":"https:\/\/spinbetter.center\/hr\/?page_id=422"},"modified":"2025-07-16T13:48:59","modified_gmt":"2025-07-16T13:48:59","slug":"login","status":"publish","type":"page","link":"https:\/\/spinbetter.center\/hr\/login\/","title":{"rendered":"Prijava"},"content":{"rendered":"","protected":false},"excerpt":{"rendered":"","protected":false},"author":1,"featured_media":0,"parent":0,"menu_order":0,"comment_status":"closed","ping_status":"closed","template":"","meta":{"footnotes":""},"class_list":["post-422","page","type-page","status-publish","hentry"],"yoast_head":"<!-- This site is optimized with the Yoast SEO plugin v27.4 - https:\/\/yoast.com\/product\/yoast-seo-wordpress\/ -->\n<title>Autorizacija SpinBetter | Upute za vra\u0107anje pristupa<\/title>\n<meta name=\"description\" content=\"Osnovne metode prijave na SpinBetter ra\u010dun. Detaljan vodi\u010d za oporavak zaboravljene lozinke. Rje\u0161enja za uobi\u010dajene probleme s prijavom.\" \/>\n<meta name=\"robots\" content=\"index, follow, max-snippet:-1, max-image-preview:large, max-video-preview:-1\" \/>\n<link rel=\"canonical\" href=\"https:\/\/spinbetter.center\/hr\/login\/\" \/>\n<meta property=\"og:locale\" content=\"hr_HR\" \/>\n<meta property=\"og:type\" content=\"article\" \/>\n<meta property=\"og:title\" content=\"Autorizacija SpinBetter | Upute za vra\u0107anje pristupa\" \/>\n<meta property=\"og:description\" content=\"Osnovne metode prijave na SpinBetter ra\u010dun. Detaljan vodi\u010d za oporavak zaboravljene lozinke. Rje\u0161enja za uobi\u010dajene probleme s prijavom.\" \/>\n<meta property=\"og:url\" content=\"https:\/\/spinbetter.center\/hr\/login\/\" \/>\n<meta property=\"og:site_name\" content=\"Spinbetter center hr\" \/>\n<meta property=\"article:modified_time\" content=\"2025-07-16T13:48:59+00:00\" \/>\n<meta name=\"twitter:card\" content=\"summary_large_image\" \/>\n<script type=\"application\/ld+json\" class=\"yoast-schema-graph\">{\"@context\":\"https:\\\/\\\/schema.org\",\"@graph\":[{\"@type\":\"WebPage\",\"@id\":\"https:\\\/\\\/spinbetter.center\\\/hr\\\/login\\\/\",\"url\":\"https:\\\/\\\/spinbetter.center\\\/hr\\\/login\\\/\",\"name\":\"Autorizacija SpinBetter | Upute za vra\u0107anje pristupa\",\"isPartOf\":{\"@id\":\"https:\\\/\\\/spinbetter.center\\\/hr\\\/#website\"},\"datePublished\":\"2024-11-11T09:29:24+00:00\",\"dateModified\":\"2025-07-16T13:48:59+00:00\",\"description\":\"Osnovne metode prijave na SpinBetter ra\u010dun. Detaljan vodi\u010d za oporavak zaboravljene lozinke. Rje\u0161enja za uobi\u010dajene probleme s prijavom.\",\"breadcrumb\":{\"@id\":\"https:\\\/\\\/spinbetter.center\\\/hr\\\/login\\\/#breadcrumb\"},\"inLanguage\":\"hr\",\"potentialAction\":[{\"@type\":\"ReadAction\",\"target\":[\"https:\\\/\\\/spinbetter.center\\\/hr\\\/login\\\/\"]}]},{\"@type\":\"BreadcrumbList\",\"@id\":\"https:\\\/\\\/spinbetter.center\\\/hr\\\/login\\\/#breadcrumb\",\"itemListElement\":[{\"@type\":\"ListItem\",\"position\":1,\"name\":\"Home\",\"item\":\"https:\\\/\\\/spinbetter.center\\\/hr\\\/\"},{\"@type\":\"ListItem\",\"position\":2,\"name\":\"Prijava\"}]},{\"@type\":\"WebSite\",\"@id\":\"https:\\\/\\\/spinbetter.center\\\/hr\\\/#website\",\"url\":\"https:\\\/\\\/spinbetter.center\\\/hr\\\/\",\"name\":\"SpinBetter\",\"description\":\"SpinBetter\",\"alternateName\":\"Spin Better\",\"potentialAction\":[{\"@type\":\"SearchAction\",\"target\":{\"@type\":\"EntryPoint\",\"urlTemplate\":\"https:\\\/\\\/spinbetter.center\\\/hr\\\/?s={search_term_string}\"},\"query-input\":{\"@type\":\"PropertyValueSpecification\",\"valueRequired\":true,\"valueName\":\"search_term_string\"}}],\"inLanguage\":\"hr\"}]}<\/script>\n<!-- \/ Yoast SEO plugin. -->","yoast_head_json":{"title":"Autorizacija SpinBetter | Upute za vra\u0107anje pristupa","description":"Osnovne metode prijave na SpinBetter ra\u010dun. Detaljan vodi\u010d za oporavak zaboravljene lozinke. Rje\u0161enja za uobi\u010dajene probleme s prijavom.","robots":{"index":"index","follow":"follow","max-snippet":"max-snippet:-1","max-image-preview":"max-image-preview:large","max-video-preview":"max-video-preview:-1"},"canonical":"https:\/\/spinbetter.center\/hr\/login\/","og_locale":"hr_HR","og_type":"article","og_title":"Autorizacija SpinBetter | Upute za vra\u0107anje pristupa","og_description":"Osnovne metode prijave na SpinBetter ra\u010dun. Detaljan vodi\u010d za oporavak zaboravljene lozinke. Rje\u0161enja za uobi\u010dajene probleme s prijavom.","og_url":"https:\/\/spinbetter.center\/hr\/login\/","og_site_name":"Spinbetter center hr","article_modified_time":"2025-07-16T13:48:59+00:00","twitter_card":"summary_large_image","schema":{"@context":"https:\/\/schema.org","@graph":[{"@type":"WebPage","@id":"https:\/\/spinbetter.center\/hr\/login\/","url":"https:\/\/spinbetter.center\/hr\/login\/","name":"Autorizacija SpinBetter | Upute za vra\u0107anje pristupa","isPartOf":{"@id":"https:\/\/spinbetter.center\/hr\/#website"},"datePublished":"2024-11-11T09:29:24+00:00","dateModified":"2025-07-16T13:48:59+00:00","description":"Osnovne metode prijave na SpinBetter ra\u010dun. Detaljan vodi\u010d za oporavak zaboravljene lozinke. Rje\u0161enja za uobi\u010dajene probleme s prijavom.","breadcrumb":{"@id":"https:\/\/spinbetter.center\/hr\/login\/#breadcrumb"},"inLanguage":"hr","potentialAction":[{"@type":"ReadAction","target":["https:\/\/spinbetter.center\/hr\/login\/"]}]},{"@type":"BreadcrumbList","@id":"https:\/\/spinbetter.center\/hr\/login\/#breadcrumb","itemListElement":[{"@type":"ListItem","position":1,"name":"Home","item":"https:\/\/spinbetter.center\/hr\/"},{"@type":"ListItem","position":2,"name":"Prijava"}]},{"@type":"WebSite","@id":"https:\/\/spinbetter.center\/hr\/#website","url":"https:\/\/spinbetter.center\/hr\/","name":"SpinBetter","description":"SpinBetter","alternateName":"Spin Better","potentialAction":[{"@type":"SearchAction","target":{"@type":"EntryPoint","urlTemplate":"https:\/\/spinbetter.center\/hr\/?s={search_term_string}"},"query-input":{"@type":"PropertyValueSpecification","valueRequired":true,"valueName":"search_term_string"}}],"inLanguage":"hr"}]}},"_links":{"self":[{"href":"https:\/\/spinbetter.center\/hr\/wp-json\/wp\/v2\/pages\/422","targetHints":{"allow":["GET"]}}],"collection":[{"href":"https:\/\/spinbetter.center\/hr\/wp-json\/wp\/v2\/pages"}],"about":[{"href":"https:\/\/spinbetter.center\/hr\/wp-json\/wp\/v2\/types\/page"}],"author":[{"embeddable":true,"href":"https:\/\/spinbetter.center\/hr\/wp-json\/wp\/v2\/users\/1"}],"replies":[{"embeddable":true,"href":"https:\/\/spinbetter.center\/hr\/wp-json\/wp\/v2\/comments?post=422"}],"version-history":[{"count":2,"href":"https:\/\/spinbetter.center\/hr\/wp-json\/wp\/v2\/pages\/422\/revisions"}],"predecessor-version":[{"id":834,"href":"https:\/\/spinbetter.center\/hr\/wp-json\/wp\/v2\/pages\/422\/revisions\/834"}],"wp:attachment":[{"href":"https:\/\/spinbetter.center\/hr\/wp-json\/wp\/v2\/media?parent=422"}],"curies":[{"name":"wp","href":"https:\/\/api.w.org\/{rel}","templated":true}]}}