{"id":272,"date":"2024-09-18T14:55:02","date_gmt":"2024-09-18T14:55:02","guid":{"rendered":"https:\/\/spinbetter.center\/hr\/?page_id=272"},"modified":"2025-07-26T06:59:49","modified_gmt":"2025-07-26T06:59:49","slug":"bonuses","status":"publish","type":"page","link":"https:\/\/spinbetter.center\/hr\/bonuses\/","title":{"rendered":"Bonusi"},"content":{"rendered":"","protected":false},"excerpt":{"rendered":"","protected":false},"author":1,"featured_media":0,"parent":0,"menu_order":0,"comment_status":"closed","ping_status":"closed","template":"","meta":{"footnotes":""},"class_list":["post-272","page","type-page","status-publish","hentry"],"yoast_head":"<!-- This site is optimized with the Yoast SEO plugin v27.4 - https:\/\/yoast.com\/product\/yoast-seo-wordpress\/ -->\n<title>SpinBetter bonusi, ponude i doga\u0111aji: Besplatne vrtnje<\/title>\n<meta name=\"description\" content=\"SpinBetter bonus dobrodo\u0161lice za kasino i sportsko kla\u0111enje. Poticaji za depozit i bez depozita za postoje\u0107e korisnike. Uvjeti kla\u0111enja na oklade i ostale poklone.\" \/>\n<meta name=\"robots\" content=\"index, follow, max-snippet:-1, max-image-preview:large, max-video-preview:-1\" \/>\n<link rel=\"canonical\" href=\"https:\/\/spinbetter.center\/hr\/bonuses\/\" \/>\n<meta property=\"og:locale\" content=\"hr_HR\" \/>\n<meta property=\"og:type\" content=\"article\" \/>\n<meta property=\"og:title\" content=\"SpinBetter bonusi, ponude i doga\u0111aji: Besplatne vrtnje\" \/>\n<meta property=\"og:description\" content=\"SpinBetter bonus dobrodo\u0161lice za kasino i sportsko kla\u0111enje. Poticaji za depozit i bez depozita za postoje\u0107e korisnike. Uvjeti kla\u0111enja na oklade i ostale poklone.\" \/>\n<meta property=\"og:url\" content=\"https:\/\/spinbetter.center\/hr\/bonuses\/\" \/>\n<meta property=\"og:site_name\" content=\"Spinbetter center hr\" \/>\n<meta property=\"article:modified_time\" content=\"2025-07-26T06:59:49+00:00\" \/>\n<meta name=\"twitter:card\" content=\"summary_large_image\" \/>\n<script type=\"application\/ld+json\" class=\"yoast-schema-graph\">{\"@context\":\"https:\\\/\\\/schema.org\",\"@graph\":[{\"@type\":\"WebPage\",\"@id\":\"https:\\\/\\\/spinbetter.center\\\/hr\\\/bonuses\\\/\",\"url\":\"https:\\\/\\\/spinbetter.center\\\/hr\\\/bonuses\\\/\",\"name\":\"SpinBetter bonusi, ponude i doga\u0111aji: Besplatne vrtnje\",\"isPartOf\":{\"@id\":\"https:\\\/\\\/spinbetter.center\\\/hr\\\/#website\"},\"datePublished\":\"2024-09-18T14:55:02+00:00\",\"dateModified\":\"2025-07-26T06:59:49+00:00\",\"description\":\"SpinBetter bonus dobrodo\u0161lice za kasino i sportsko kla\u0111enje. Poticaji za depozit i bez depozita za postoje\u0107e korisnike. Uvjeti kla\u0111enja na oklade i ostale poklone.\",\"breadcrumb\":{\"@id\":\"https:\\\/\\\/spinbetter.center\\\/hr\\\/bonuses\\\/#breadcrumb\"},\"inLanguage\":\"hr\",\"potentialAction\":[{\"@type\":\"ReadAction\",\"target\":[\"https:\\\/\\\/spinbetter.center\\\/hr\\\/bonuses\\\/\"]}]},{\"@type\":\"BreadcrumbList\",\"@id\":\"https:\\\/\\\/spinbetter.center\\\/hr\\\/bonuses\\\/#breadcrumb\",\"itemListElement\":[{\"@type\":\"ListItem\",\"position\":1,\"name\":\"Home\",\"item\":\"https:\\\/\\\/spinbetter.center\\\/hr\\\/\"},{\"@type\":\"ListItem\",\"position\":2,\"name\":\"Bonusi\"}]},{\"@type\":\"WebSite\",\"@id\":\"https:\\\/\\\/spinbetter.center\\\/hr\\\/#website\",\"url\":\"https:\\\/\\\/spinbetter.center\\\/hr\\\/\",\"name\":\"SpinBetter\",\"description\":\"SpinBetter\",\"alternateName\":\"Spin Better\",\"potentialAction\":[{\"@type\":\"SearchAction\",\"target\":{\"@type\":\"EntryPoint\",\"urlTemplate\":\"https:\\\/\\\/spinbetter.center\\\/hr\\\/?s={search_term_string}\"},\"query-input\":{\"@type\":\"PropertyValueSpecification\",\"valueRequired\":true,\"valueName\":\"search_term_string\"}}],\"inLanguage\":\"hr\"}]}<\/script>\n<!-- \/ Yoast SEO plugin. -->","yoast_head_json":{"title":"SpinBetter bonusi, ponude i doga\u0111aji: Besplatne vrtnje","description":"SpinBetter bonus dobrodo\u0161lice za kasino i sportsko kla\u0111enje. Poticaji za depozit i bez depozita za postoje\u0107e korisnike. Uvjeti kla\u0111enja na oklade i ostale poklone.","robots":{"index":"index","follow":"follow","max-snippet":"max-snippet:-1","max-image-preview":"max-image-preview:large","max-video-preview":"max-video-preview:-1"},"canonical":"https:\/\/spinbetter.center\/hr\/bonuses\/","og_locale":"hr_HR","og_type":"article","og_title":"SpinBetter bonusi, ponude i doga\u0111aji: Besplatne vrtnje","og_description":"SpinBetter bonus dobrodo\u0161lice za kasino i sportsko kla\u0111enje. Poticaji za depozit i bez depozita za postoje\u0107e korisnike. Uvjeti kla\u0111enja na oklade i ostale poklone.","og_url":"https:\/\/spinbetter.center\/hr\/bonuses\/","og_site_name":"Spinbetter center hr","article_modified_time":"2025-07-26T06:59:49+00:00","twitter_card":"summary_large_image","schema":{"@context":"https:\/\/schema.org","@graph":[{"@type":"WebPage","@id":"https:\/\/spinbetter.center\/hr\/bonuses\/","url":"https:\/\/spinbetter.center\/hr\/bonuses\/","name":"SpinBetter bonusi, ponude i doga\u0111aji: Besplatne vrtnje","isPartOf":{"@id":"https:\/\/spinbetter.center\/hr\/#website"},"datePublished":"2024-09-18T14:55:02+00:00","dateModified":"2025-07-26T06:59:49+00:00","description":"SpinBetter bonus dobrodo\u0161lice za kasino i sportsko kla\u0111enje. Poticaji za depozit i bez depozita za postoje\u0107e korisnike. Uvjeti kla\u0111enja na oklade i ostale poklone.","breadcrumb":{"@id":"https:\/\/spinbetter.center\/hr\/bonuses\/#breadcrumb"},"inLanguage":"hr","potentialAction":[{"@type":"ReadAction","target":["https:\/\/spinbetter.center\/hr\/bonuses\/"]}]},{"@type":"BreadcrumbList","@id":"https:\/\/spinbetter.center\/hr\/bonuses\/#breadcrumb","itemListElement":[{"@type":"ListItem","position":1,"name":"Home","item":"https:\/\/spinbetter.center\/hr\/"},{"@type":"ListItem","position":2,"name":"Bonusi"}]},{"@type":"WebSite","@id":"https:\/\/spinbetter.center\/hr\/#website","url":"https:\/\/spinbetter.center\/hr\/","name":"SpinBetter","description":"SpinBetter","alternateName":"Spin Better","potentialAction":[{"@type":"SearchAction","target":{"@type":"EntryPoint","urlTemplate":"https:\/\/spinbetter.center\/hr\/?s={search_term_string}"},"query-input":{"@type":"PropertyValueSpecification","valueRequired":true,"valueName":"search_term_string"}}],"inLanguage":"hr"}]}},"_links":{"self":[{"href":"https:\/\/spinbetter.center\/hr\/wp-json\/wp\/v2\/pages\/272","targetHints":{"allow":["GET"]}}],"collection":[{"href":"https:\/\/spinbetter.center\/hr\/wp-json\/wp\/v2\/pages"}],"about":[{"href":"https:\/\/spinbetter.center\/hr\/wp-json\/wp\/v2\/types\/page"}],"author":[{"embeddable":true,"href":"https:\/\/spinbetter.center\/hr\/wp-json\/wp\/v2\/users\/1"}],"replies":[{"embeddable":true,"href":"https:\/\/spinbetter.center\/hr\/wp-json\/wp\/v2\/comments?post=272"}],"version-history":[{"count":24,"href":"https:\/\/spinbetter.center\/hr\/wp-json\/wp\/v2\/pages\/272\/revisions"}],"predecessor-version":[{"id":815,"href":"https:\/\/spinbetter.center\/hr\/wp-json\/wp\/v2\/pages\/272\/revisions\/815"}],"wp:attachment":[{"href":"https:\/\/spinbetter.center\/hr\/wp-json\/wp\/v2\/media?parent=272"}],"curies":[{"name":"wp","href":"https:\/\/api.w.org\/{rel}","templated":true}]}}