{"id":809,"date":"2025-07-16T07:25:27","date_gmt":"2025-07-16T07:25:27","guid":{"rendered":"https:\/\/spinbetter.center\/fr\/?page_id=809"},"modified":"2025-10-30T14:21:08","modified_gmt":"2025-10-30T14:21:08","slug":"deposit-lottery","status":"publish","type":"page","link":"https:\/\/spinbetter.center\/fr\/bonuses\/deposit-lottery\/","title":{"rendered":"Loterie de d\u00e9p\u00f4t"},"content":{"rendered":"","protected":false},"excerpt":{"rendered":"","protected":false},"author":1,"featured_media":0,"parent":272,"menu_order":0,"comment_status":"closed","ping_status":"closed","template":"","meta":{"footnotes":""},"class_list":["post-809","page","type-page","status-publish","hentry"],"yoast_head":"<!-- This site is optimized with the Yoast SEO plugin v27.4 - https:\/\/yoast.com\/product\/yoast-seo-wordpress\/ -->\n<title>Loterie hebdomadaire SpinBetter: gagnez paris gratuits et \u20ac30000!<\/title>\n<meta name=\"description\" content=\"Effectuez un d\u00e9p\u00f4t sur SpinBetter et participez \u00e0 la loterie hebdomadaire avec une cagnotte de 30 000 \u20ac et 2 millions de points promotionnels! Cliquez sur \u00abParticiper\u00bb et r\u00e9clamez vos superbes paris gratuits!\" \/>\n<meta name=\"robots\" content=\"index, follow, max-snippet:-1, max-image-preview:large, max-video-preview:-1\" \/>\n<link rel=\"canonical\" href=\"https:\/\/spinbetter.center\/fr\/bonuses\/deposit-lottery\/\" \/>\n<meta property=\"og:locale\" content=\"fr_FR\" \/>\n<meta property=\"og:type\" content=\"article\" \/>\n<meta property=\"og:title\" content=\"Loterie hebdomadaire SpinBetter: gagnez paris gratuits et \u20ac30000!\" \/>\n<meta property=\"og:description\" content=\"Effectuez un d\u00e9p\u00f4t sur SpinBetter et participez \u00e0 la loterie hebdomadaire avec une cagnotte de 30 000 \u20ac et 2 millions de points promotionnels! Cliquez sur \u00abParticiper\u00bb et r\u00e9clamez vos superbes paris gratuits!\" \/>\n<meta property=\"og:url\" content=\"https:\/\/spinbetter.center\/fr\/bonuses\/deposit-lottery\/\" \/>\n<meta property=\"og:site_name\" content=\"SpinBetter fr\" \/>\n<meta property=\"article:modified_time\" content=\"2025-10-30T14:21:08+00:00\" \/>\n<meta name=\"twitter:card\" content=\"summary_large_image\" \/>\n<script type=\"application\/ld+json\" class=\"yoast-schema-graph\">{\"@context\":\"https:\\\/\\\/schema.org\",\"@graph\":[{\"@type\":\"WebPage\",\"@id\":\"https:\\\/\\\/spinbetter.center\\\/fr\\\/bonuses\\\/deposit-lottery\\\/\",\"url\":\"https:\\\/\\\/spinbetter.center\\\/fr\\\/bonuses\\\/deposit-lottery\\\/\",\"name\":\"Loterie hebdomadaire SpinBetter: gagnez paris gratuits et \u20ac30000!\",\"isPartOf\":{\"@id\":\"https:\\\/\\\/spinbetter.center\\\/fr\\\/#website\"},\"datePublished\":\"2025-07-16T07:25:27+00:00\",\"dateModified\":\"2025-10-30T14:21:08+00:00\",\"description\":\"Effectuez un d\u00e9p\u00f4t sur SpinBetter et participez \u00e0 la loterie hebdomadaire avec une cagnotte de 30 000 \u20ac et 2 millions de points promotionnels! Cliquez sur \u00abParticiper\u00bb et r\u00e9clamez vos superbes paris gratuits!\",\"breadcrumb\":{\"@id\":\"https:\\\/\\\/spinbetter.center\\\/fr\\\/bonuses\\\/deposit-lottery\\\/#breadcrumb\"},\"inLanguage\":\"fr-FR\",\"potentialAction\":[{\"@type\":\"ReadAction\",\"target\":[\"https:\\\/\\\/spinbetter.center\\\/fr\\\/bonuses\\\/deposit-lottery\\\/\"]}]},{\"@type\":\"BreadcrumbList\",\"@id\":\"https:\\\/\\\/spinbetter.center\\\/fr\\\/bonuses\\\/deposit-lottery\\\/#breadcrumb\",\"itemListElement\":[{\"@type\":\"ListItem\",\"position\":1,\"name\":\"Home\",\"item\":\"https:\\\/\\\/spinbetter.center\\\/fr\\\/\"},{\"@type\":\"ListItem\",\"position\":2,\"name\":\"Bonus\",\"item\":\"https:\\\/\\\/spinbetter.center\\\/fr\\\/bonuses\\\/\"},{\"@type\":\"ListItem\",\"position\":3,\"name\":\"Loterie de d\u00e9p\u00f4t\"}]},{\"@type\":\"WebSite\",\"@id\":\"https:\\\/\\\/spinbetter.center\\\/fr\\\/#website\",\"url\":\"https:\\\/\\\/spinbetter.center\\\/fr\\\/\",\"name\":\"SpinBetter\",\"description\":\"SpinBetter\",\"alternateName\":\"Spin Better\",\"potentialAction\":[{\"@type\":\"SearchAction\",\"target\":{\"@type\":\"EntryPoint\",\"urlTemplate\":\"https:\\\/\\\/spinbetter.center\\\/fr\\\/?s={search_term_string}\"},\"query-input\":{\"@type\":\"PropertyValueSpecification\",\"valueRequired\":true,\"valueName\":\"search_term_string\"}}],\"inLanguage\":\"fr-FR\"}]}<\/script>\n<!-- \/ Yoast SEO plugin. -->","yoast_head_json":{"title":"Loterie hebdomadaire SpinBetter: gagnez paris gratuits et \u20ac30000!","description":"Effectuez un d\u00e9p\u00f4t sur SpinBetter et participez \u00e0 la loterie hebdomadaire avec une cagnotte de 30 000 \u20ac et 2 millions de points promotionnels! Cliquez sur \u00abParticiper\u00bb et r\u00e9clamez vos superbes paris gratuits!","robots":{"index":"index","follow":"follow","max-snippet":"max-snippet:-1","max-image-preview":"max-image-preview:large","max-video-preview":"max-video-preview:-1"},"canonical":"https:\/\/spinbetter.center\/fr\/bonuses\/deposit-lottery\/","og_locale":"fr_FR","og_type":"article","og_title":"Loterie hebdomadaire SpinBetter: gagnez paris gratuits et \u20ac30000!","og_description":"Effectuez un d\u00e9p\u00f4t sur SpinBetter et participez \u00e0 la loterie hebdomadaire avec une cagnotte de 30 000 \u20ac et 2 millions de points promotionnels! Cliquez sur \u00abParticiper\u00bb et r\u00e9clamez vos superbes paris gratuits!","og_url":"https:\/\/spinbetter.center\/fr\/bonuses\/deposit-lottery\/","og_site_name":"SpinBetter fr","article_modified_time":"2025-10-30T14:21:08+00:00","twitter_card":"summary_large_image","schema":{"@context":"https:\/\/schema.org","@graph":[{"@type":"WebPage","@id":"https:\/\/spinbetter.center\/fr\/bonuses\/deposit-lottery\/","url":"https:\/\/spinbetter.center\/fr\/bonuses\/deposit-lottery\/","name":"Loterie hebdomadaire SpinBetter: gagnez paris gratuits et \u20ac30000!","isPartOf":{"@id":"https:\/\/spinbetter.center\/fr\/#website"},"datePublished":"2025-07-16T07:25:27+00:00","dateModified":"2025-10-30T14:21:08+00:00","description":"Effectuez un d\u00e9p\u00f4t sur SpinBetter et participez \u00e0 la loterie hebdomadaire avec une cagnotte de 30 000 \u20ac et 2 millions de points promotionnels! Cliquez sur \u00abParticiper\u00bb et r\u00e9clamez vos superbes paris gratuits!","breadcrumb":{"@id":"https:\/\/spinbetter.center\/fr\/bonuses\/deposit-lottery\/#breadcrumb"},"inLanguage":"fr-FR","potentialAction":[{"@type":"ReadAction","target":["https:\/\/spinbetter.center\/fr\/bonuses\/deposit-lottery\/"]}]},{"@type":"BreadcrumbList","@id":"https:\/\/spinbetter.center\/fr\/bonuses\/deposit-lottery\/#breadcrumb","itemListElement":[{"@type":"ListItem","position":1,"name":"Home","item":"https:\/\/spinbetter.center\/fr\/"},{"@type":"ListItem","position":2,"name":"Bonus","item":"https:\/\/spinbetter.center\/fr\/bonuses\/"},{"@type":"ListItem","position":3,"name":"Loterie de d\u00e9p\u00f4t"}]},{"@type":"WebSite","@id":"https:\/\/spinbetter.center\/fr\/#website","url":"https:\/\/spinbetter.center\/fr\/","name":"SpinBetter","description":"SpinBetter","alternateName":"Spin Better","potentialAction":[{"@type":"SearchAction","target":{"@type":"EntryPoint","urlTemplate":"https:\/\/spinbetter.center\/fr\/?s={search_term_string}"},"query-input":{"@type":"PropertyValueSpecification","valueRequired":true,"valueName":"search_term_string"}}],"inLanguage":"fr-FR"}]}},"amp_enabled":true,"_links":{"self":[{"href":"https:\/\/spinbetter.center\/fr\/wp-json\/wp\/v2\/pages\/809","targetHints":{"allow":["GET"]}}],"collection":[{"href":"https:\/\/spinbetter.center\/fr\/wp-json\/wp\/v2\/pages"}],"about":[{"href":"https:\/\/spinbetter.center\/fr\/wp-json\/wp\/v2\/types\/page"}],"author":[{"embeddable":true,"href":"https:\/\/spinbetter.center\/fr\/wp-json\/wp\/v2\/users\/1"}],"replies":[{"embeddable":true,"href":"https:\/\/spinbetter.center\/fr\/wp-json\/wp\/v2\/comments?post=809"}],"version-history":[{"count":3,"href":"https:\/\/spinbetter.center\/fr\/wp-json\/wp\/v2\/pages\/809\/revisions"}],"predecessor-version":[{"id":928,"href":"https:\/\/spinbetter.center\/fr\/wp-json\/wp\/v2\/pages\/809\/revisions\/928"}],"up":[{"embeddable":true,"href":"https:\/\/spinbetter.center\/fr\/wp-json\/wp\/v2\/pages\/272"}],"wp:attachment":[{"href":"https:\/\/spinbetter.center\/fr\/wp-json\/wp\/v2\/media?parent=809"}],"curies":[{"name":"wp","href":"https:\/\/api.w.org\/{rel}","templated":true}]}}