{"id":766,"date":"2024-04-27T05:59:42","date_gmt":"2024-04-27T05:59:42","guid":{"rendered":"https:\/\/spinbetter.center\/fr\/?page_id=766"},"modified":"2025-10-30T17:01:25","modified_gmt":"2025-10-30T17:01:25","slug":"games","status":"publish","type":"page","link":"https:\/\/spinbetter.center\/fr\/games\/","title":{"rendered":"Jeux"},"content":{"rendered":"","protected":false},"excerpt":{"rendered":"","protected":false},"author":1,"featured_media":0,"parent":0,"menu_order":0,"comment_status":"closed","ping_status":"closed","template":"","meta":{"footnotes":""},"class_list":["post-766","page","type-page","status-publish","hentry"],"yoast_head":"<!-- This site is optimized with the Yoast SEO plugin v27.4 - https:\/\/yoast.com\/product\/yoast-seo-wordpress\/ -->\n<title>SpinBetter Jeux: Plus de 10 000 divertissements de jeu<\/title>\n<meta name=\"description\" content=\"Plongez dans l&#039;univers des jeux d&#039;argent SpinBetter! Tentez votre chance avec plus de 10 000 divertissements passionnants propos\u00e9s par plus de 150 fournisseurs de premier plan. Jouez, gagnez et d\u00e9couvrez de nouveaux horizons de divertissement: des jeux \u00e9quitables, des cotes incroyables et des \u00e9motions authentiques!\" \/>\n<meta name=\"robots\" content=\"index, follow, max-snippet:-1, max-image-preview:large, max-video-preview:-1\" \/>\n<link rel=\"canonical\" href=\"https:\/\/spinbetter.center\/fr\/games\/\" \/>\n<meta property=\"og:locale\" content=\"fr_FR\" \/>\n<meta property=\"og:type\" content=\"article\" \/>\n<meta property=\"og:title\" content=\"SpinBetter Jeux: Plus de 10 000 divertissements de jeu\" \/>\n<meta property=\"og:description\" content=\"Plongez dans l&#039;univers des jeux d&#039;argent SpinBetter! Tentez votre chance avec plus de 10 000 divertissements passionnants propos\u00e9s par plus de 150 fournisseurs de premier plan. Jouez, gagnez et d\u00e9couvrez de nouveaux horizons de divertissement: des jeux \u00e9quitables, des cotes incroyables et des \u00e9motions authentiques!\" \/>\n<meta property=\"og:url\" content=\"https:\/\/spinbetter.center\/fr\/games\/\" \/>\n<meta property=\"og:site_name\" content=\"SpinBetter fr\" \/>\n<meta property=\"article:modified_time\" content=\"2025-10-30T17:01:25+00:00\" \/>\n<meta name=\"twitter:card\" content=\"summary_large_image\" \/>\n<script type=\"application\/ld+json\" class=\"yoast-schema-graph\">{\"@context\":\"https:\\\/\\\/schema.org\",\"@graph\":[{\"@type\":\"WebPage\",\"@id\":\"https:\\\/\\\/spinbetter.center\\\/fr\\\/games\\\/\",\"url\":\"https:\\\/\\\/spinbetter.center\\\/fr\\\/games\\\/\",\"name\":\"SpinBetter Jeux: Plus de 10 000 divertissements de jeu\",\"isPartOf\":{\"@id\":\"https:\\\/\\\/spinbetter.center\\\/fr\\\/#website\"},\"datePublished\":\"2024-04-27T05:59:42+00:00\",\"dateModified\":\"2025-10-30T17:01:25+00:00\",\"description\":\"Plongez dans l'univers des jeux d'argent SpinBetter! Tentez votre chance avec plus de 10 000 divertissements passionnants propos\u00e9s par plus de 150 fournisseurs de premier plan. Jouez, gagnez et d\u00e9couvrez de nouveaux horizons de divertissement: des jeux \u00e9quitables, des cotes incroyables et des \u00e9motions authentiques!\",\"breadcrumb\":{\"@id\":\"https:\\\/\\\/spinbetter.center\\\/fr\\\/games\\\/#breadcrumb\"},\"inLanguage\":\"fr-FR\",\"potentialAction\":[{\"@type\":\"ReadAction\",\"target\":[\"https:\\\/\\\/spinbetter.center\\\/fr\\\/games\\\/\"]}]},{\"@type\":\"BreadcrumbList\",\"@id\":\"https:\\\/\\\/spinbetter.center\\\/fr\\\/games\\\/#breadcrumb\",\"itemListElement\":[{\"@type\":\"ListItem\",\"position\":1,\"name\":\"Home\",\"item\":\"https:\\\/\\\/spinbetter.center\\\/fr\\\/\"},{\"@type\":\"ListItem\",\"position\":2,\"name\":\"Jeux\"}]},{\"@type\":\"WebSite\",\"@id\":\"https:\\\/\\\/spinbetter.center\\\/fr\\\/#website\",\"url\":\"https:\\\/\\\/spinbetter.center\\\/fr\\\/\",\"name\":\"SpinBetter\",\"description\":\"SpinBetter\",\"alternateName\":\"Spin Better\",\"potentialAction\":[{\"@type\":\"SearchAction\",\"target\":{\"@type\":\"EntryPoint\",\"urlTemplate\":\"https:\\\/\\\/spinbetter.center\\\/fr\\\/?s={search_term_string}\"},\"query-input\":{\"@type\":\"PropertyValueSpecification\",\"valueRequired\":true,\"valueName\":\"search_term_string\"}}],\"inLanguage\":\"fr-FR\"}]}<\/script>\n<!-- \/ Yoast SEO plugin. -->","yoast_head_json":{"title":"SpinBetter Jeux: Plus de 10 000 divertissements de jeu","description":"Plongez dans l'univers des jeux d'argent SpinBetter! Tentez votre chance avec plus de 10 000 divertissements passionnants propos\u00e9s par plus de 150 fournisseurs de premier plan. Jouez, gagnez et d\u00e9couvrez de nouveaux horizons de divertissement: des jeux \u00e9quitables, des cotes incroyables et des \u00e9motions authentiques!","robots":{"index":"index","follow":"follow","max-snippet":"max-snippet:-1","max-image-preview":"max-image-preview:large","max-video-preview":"max-video-preview:-1"},"canonical":"https:\/\/spinbetter.center\/fr\/games\/","og_locale":"fr_FR","og_type":"article","og_title":"SpinBetter Jeux: Plus de 10 000 divertissements de jeu","og_description":"Plongez dans l'univers des jeux d'argent SpinBetter! Tentez votre chance avec plus de 10 000 divertissements passionnants propos\u00e9s par plus de 150 fournisseurs de premier plan. Jouez, gagnez et d\u00e9couvrez de nouveaux horizons de divertissement: des jeux \u00e9quitables, des cotes incroyables et des \u00e9motions authentiques!","og_url":"https:\/\/spinbetter.center\/fr\/games\/","og_site_name":"SpinBetter fr","article_modified_time":"2025-10-30T17:01:25+00:00","twitter_card":"summary_large_image","schema":{"@context":"https:\/\/schema.org","@graph":[{"@type":"WebPage","@id":"https:\/\/spinbetter.center\/fr\/games\/","url":"https:\/\/spinbetter.center\/fr\/games\/","name":"SpinBetter Jeux: Plus de 10 000 divertissements de jeu","isPartOf":{"@id":"https:\/\/spinbetter.center\/fr\/#website"},"datePublished":"2024-04-27T05:59:42+00:00","dateModified":"2025-10-30T17:01:25+00:00","description":"Plongez dans l'univers des jeux d'argent SpinBetter! Tentez votre chance avec plus de 10 000 divertissements passionnants propos\u00e9s par plus de 150 fournisseurs de premier plan. Jouez, gagnez et d\u00e9couvrez de nouveaux horizons de divertissement: des jeux \u00e9quitables, des cotes incroyables et des \u00e9motions authentiques!","breadcrumb":{"@id":"https:\/\/spinbetter.center\/fr\/games\/#breadcrumb"},"inLanguage":"fr-FR","potentialAction":[{"@type":"ReadAction","target":["https:\/\/spinbetter.center\/fr\/games\/"]}]},{"@type":"BreadcrumbList","@id":"https:\/\/spinbetter.center\/fr\/games\/#breadcrumb","itemListElement":[{"@type":"ListItem","position":1,"name":"Home","item":"https:\/\/spinbetter.center\/fr\/"},{"@type":"ListItem","position":2,"name":"Jeux"}]},{"@type":"WebSite","@id":"https:\/\/spinbetter.center\/fr\/#website","url":"https:\/\/spinbetter.center\/fr\/","name":"SpinBetter","description":"SpinBetter","alternateName":"Spin Better","potentialAction":[{"@type":"SearchAction","target":{"@type":"EntryPoint","urlTemplate":"https:\/\/spinbetter.center\/fr\/?s={search_term_string}"},"query-input":{"@type":"PropertyValueSpecification","valueRequired":true,"valueName":"search_term_string"}}],"inLanguage":"fr-FR"}]}},"amp_enabled":true,"_links":{"self":[{"href":"https:\/\/spinbetter.center\/fr\/wp-json\/wp\/v2\/pages\/766","targetHints":{"allow":["GET"]}}],"collection":[{"href":"https:\/\/spinbetter.center\/fr\/wp-json\/wp\/v2\/pages"}],"about":[{"href":"https:\/\/spinbetter.center\/fr\/wp-json\/wp\/v2\/types\/page"}],"author":[{"embeddable":true,"href":"https:\/\/spinbetter.center\/fr\/wp-json\/wp\/v2\/users\/1"}],"replies":[{"embeddable":true,"href":"https:\/\/spinbetter.center\/fr\/wp-json\/wp\/v2\/comments?post=766"}],"version-history":[{"count":3,"href":"https:\/\/spinbetter.center\/fr\/wp-json\/wp\/v2\/pages\/766\/revisions"}],"predecessor-version":[{"id":944,"href":"https:\/\/spinbetter.center\/fr\/wp-json\/wp\/v2\/pages\/766\/revisions\/944"}],"wp:attachment":[{"href":"https:\/\/spinbetter.center\/fr\/wp-json\/wp\/v2\/media?parent=766"}],"curies":[{"name":"wp","href":"https:\/\/api.w.org\/{rel}","templated":true}]}}