{"id":521,"date":"2025-03-28T15:40:33","date_gmt":"2025-03-28T15:40:33","guid":{"rendered":"https:\/\/spinbetter.center\/?page_id=521"},"modified":"2025-06-05T16:54:04","modified_gmt":"2025-06-05T16:54:04","slug":"losing-bets","status":"publish","type":"page","link":"https:\/\/spinbetter.center\/fi\/bonuses\/losing-bets\/","title":{"rendered":"H\u00e4vi\u00e4v\u00e4t vedot"},"content":{"rendered":"","protected":false},"excerpt":{"rendered":"","protected":false},"author":1,"featured_media":0,"parent":272,"menu_order":0,"comment_status":"closed","ping_status":"closed","template":"","meta":{"footnotes":""},"class_list":["post-521","page","type-page","status-publish","hentry"],"yoast_head":"<!-- This site is optimized with the Yoast SEO plugin v27.4 - https:\/\/yoast.com\/product\/yoast-seo-wordpress\/ -->\n<title>SpinBetter-bonus huonojen vetojen sarjasta: saat jopa 500 euroa panostettavaksi!<\/title>\n<meta name=\"description\" content=\"\u00c4l\u00e4 anna takaiskujen murtaa sinua! SpinBetter ei j\u00e4t\u00e4 sinua kohtaloosi! Saat lis\u00e4mahdollisuuden ja jopa 500 euron korvauksen useista huonoista vedoista. Hanki itseluottamuksesi takaisin ja voita takaisin, kun muut panikoivat!\" \/>\n<meta name=\"robots\" content=\"index, follow, max-snippet:-1, max-image-preview:large, max-video-preview:-1\" \/>\n<link rel=\"canonical\" href=\"https:\/\/spinbetter.center\/fi\/bonuses\/losing-bets\/\" \/>\n<meta property=\"og:locale\" content=\"fi_FI\" \/>\n<meta property=\"og:type\" content=\"article\" \/>\n<meta property=\"og:title\" content=\"SpinBetter-bonus huonojen vetojen sarjasta: saat jopa 500 euroa panostettavaksi!\" \/>\n<meta property=\"og:description\" content=\"\u00c4l\u00e4 anna takaiskujen murtaa sinua! SpinBetter ei j\u00e4t\u00e4 sinua kohtaloosi! Saat lis\u00e4mahdollisuuden ja jopa 500 euron korvauksen useista huonoista vedoista. Hanki itseluottamuksesi takaisin ja voita takaisin, kun muut panikoivat!\" \/>\n<meta property=\"og:url\" content=\"https:\/\/spinbetter.center\/fi\/bonuses\/losing-bets\/\" \/>\n<meta property=\"og:site_name\" content=\"spinbetter center Fi\" \/>\n<meta property=\"article:modified_time\" content=\"2025-06-05T16:54:04+00:00\" \/>\n<meta name=\"twitter:card\" content=\"summary_large_image\" \/>\n<script type=\"application\/ld+json\" class=\"yoast-schema-graph\">{\"@context\":\"https:\\\/\\\/schema.org\",\"@graph\":[{\"@type\":\"WebPage\",\"@id\":\"https:\\\/\\\/spinbetter.center\\\/fi\\\/bonuses\\\/losing-bets\\\/\",\"url\":\"https:\\\/\\\/spinbetter.center\\\/fi\\\/bonuses\\\/losing-bets\\\/\",\"name\":\"SpinBetter-bonus huonojen vetojen sarjasta: saat jopa 500 euroa panostettavaksi!\",\"isPartOf\":{\"@id\":\"https:\\\/\\\/spinbetter.center\\\/fi\\\/#website\"},\"datePublished\":\"2025-03-28T15:40:33+00:00\",\"dateModified\":\"2025-06-05T16:54:04+00:00\",\"description\":\"\u00c4l\u00e4 anna takaiskujen murtaa sinua! SpinBetter ei j\u00e4t\u00e4 sinua kohtaloosi! Saat lis\u00e4mahdollisuuden ja jopa 500 euron korvauksen useista huonoista vedoista. Hanki itseluottamuksesi takaisin ja voita takaisin, kun muut panikoivat!\",\"breadcrumb\":{\"@id\":\"https:\\\/\\\/spinbetter.center\\\/fi\\\/bonuses\\\/losing-bets\\\/#breadcrumb\"},\"inLanguage\":\"fi\",\"potentialAction\":[{\"@type\":\"ReadAction\",\"target\":[\"https:\\\/\\\/spinbetter.center\\\/fi\\\/bonuses\\\/losing-bets\\\/\"]}]},{\"@type\":\"BreadcrumbList\",\"@id\":\"https:\\\/\\\/spinbetter.center\\\/fi\\\/bonuses\\\/losing-bets\\\/#breadcrumb\",\"itemListElement\":[{\"@type\":\"ListItem\",\"position\":1,\"name\":\"Home\",\"item\":\"https:\\\/\\\/spinbetter.center\\\/fi\\\/\"},{\"@type\":\"ListItem\",\"position\":2,\"name\":\"Bonukset\",\"item\":\"https:\\\/\\\/spinbetter.center\\\/fi\\\/bonuses\\\/\"},{\"@type\":\"ListItem\",\"position\":3,\"name\":\"H\u00e4vi\u00e4v\u00e4t vedot\"}]},{\"@type\":\"WebSite\",\"@id\":\"https:\\\/\\\/spinbetter.center\\\/fi\\\/#website\",\"url\":\"https:\\\/\\\/spinbetter.center\\\/fi\\\/\",\"name\":\"SpinBetter\",\"description\":\"SpinBetter\",\"alternateName\":\"Spin Better\",\"potentialAction\":[{\"@type\":\"SearchAction\",\"target\":{\"@type\":\"EntryPoint\",\"urlTemplate\":\"https:\\\/\\\/spinbetter.center\\\/fi\\\/?s={search_term_string}\"},\"query-input\":{\"@type\":\"PropertyValueSpecification\",\"valueRequired\":true,\"valueName\":\"search_term_string\"}}],\"inLanguage\":\"fi\"}]}<\/script>\n<!-- \/ Yoast SEO plugin. -->","yoast_head_json":{"title":"SpinBetter-bonus huonojen vetojen sarjasta: saat jopa 500 euroa panostettavaksi!","description":"\u00c4l\u00e4 anna takaiskujen murtaa sinua! SpinBetter ei j\u00e4t\u00e4 sinua kohtaloosi! Saat lis\u00e4mahdollisuuden ja jopa 500 euron korvauksen useista huonoista vedoista. Hanki itseluottamuksesi takaisin ja voita takaisin, kun muut panikoivat!","robots":{"index":"index","follow":"follow","max-snippet":"max-snippet:-1","max-image-preview":"max-image-preview:large","max-video-preview":"max-video-preview:-1"},"canonical":"https:\/\/spinbetter.center\/fi\/bonuses\/losing-bets\/","og_locale":"fi_FI","og_type":"article","og_title":"SpinBetter-bonus huonojen vetojen sarjasta: saat jopa 500 euroa panostettavaksi!","og_description":"\u00c4l\u00e4 anna takaiskujen murtaa sinua! SpinBetter ei j\u00e4t\u00e4 sinua kohtaloosi! Saat lis\u00e4mahdollisuuden ja jopa 500 euron korvauksen useista huonoista vedoista. Hanki itseluottamuksesi takaisin ja voita takaisin, kun muut panikoivat!","og_url":"https:\/\/spinbetter.center\/fi\/bonuses\/losing-bets\/","og_site_name":"spinbetter center Fi","article_modified_time":"2025-06-05T16:54:04+00:00","twitter_card":"summary_large_image","schema":{"@context":"https:\/\/schema.org","@graph":[{"@type":"WebPage","@id":"https:\/\/spinbetter.center\/fi\/bonuses\/losing-bets\/","url":"https:\/\/spinbetter.center\/fi\/bonuses\/losing-bets\/","name":"SpinBetter-bonus huonojen vetojen sarjasta: saat jopa 500 euroa panostettavaksi!","isPartOf":{"@id":"https:\/\/spinbetter.center\/fi\/#website"},"datePublished":"2025-03-28T15:40:33+00:00","dateModified":"2025-06-05T16:54:04+00:00","description":"\u00c4l\u00e4 anna takaiskujen murtaa sinua! SpinBetter ei j\u00e4t\u00e4 sinua kohtaloosi! Saat lis\u00e4mahdollisuuden ja jopa 500 euron korvauksen useista huonoista vedoista. Hanki itseluottamuksesi takaisin ja voita takaisin, kun muut panikoivat!","breadcrumb":{"@id":"https:\/\/spinbetter.center\/fi\/bonuses\/losing-bets\/#breadcrumb"},"inLanguage":"fi","potentialAction":[{"@type":"ReadAction","target":["https:\/\/spinbetter.center\/fi\/bonuses\/losing-bets\/"]}]},{"@type":"BreadcrumbList","@id":"https:\/\/spinbetter.center\/fi\/bonuses\/losing-bets\/#breadcrumb","itemListElement":[{"@type":"ListItem","position":1,"name":"Home","item":"https:\/\/spinbetter.center\/fi\/"},{"@type":"ListItem","position":2,"name":"Bonukset","item":"https:\/\/spinbetter.center\/fi\/bonuses\/"},{"@type":"ListItem","position":3,"name":"H\u00e4vi\u00e4v\u00e4t vedot"}]},{"@type":"WebSite","@id":"https:\/\/spinbetter.center\/fi\/#website","url":"https:\/\/spinbetter.center\/fi\/","name":"SpinBetter","description":"SpinBetter","alternateName":"Spin Better","potentialAction":[{"@type":"SearchAction","target":{"@type":"EntryPoint","urlTemplate":"https:\/\/spinbetter.center\/fi\/?s={search_term_string}"},"query-input":{"@type":"PropertyValueSpecification","valueRequired":true,"valueName":"search_term_string"}}],"inLanguage":"fi"}]}},"amp_enabled":true,"_links":{"self":[{"href":"https:\/\/spinbetter.center\/fi\/wp-json\/wp\/v2\/pages\/521","targetHints":{"allow":["GET"]}}],"collection":[{"href":"https:\/\/spinbetter.center\/fi\/wp-json\/wp\/v2\/pages"}],"about":[{"href":"https:\/\/spinbetter.center\/fi\/wp-json\/wp\/v2\/types\/page"}],"author":[{"embeddable":true,"href":"https:\/\/spinbetter.center\/fi\/wp-json\/wp\/v2\/users\/1"}],"replies":[{"embeddable":true,"href":"https:\/\/spinbetter.center\/fi\/wp-json\/wp\/v2\/comments?post=521"}],"version-history":[{"count":3,"href":"https:\/\/spinbetter.center\/fi\/wp-json\/wp\/v2\/pages\/521\/revisions"}],"predecessor-version":[{"id":758,"href":"https:\/\/spinbetter.center\/fi\/wp-json\/wp\/v2\/pages\/521\/revisions\/758"}],"up":[{"embeddable":true,"href":"https:\/\/spinbetter.center\/fi\/wp-json\/wp\/v2\/pages\/272"}],"wp:attachment":[{"href":"https:\/\/spinbetter.center\/fi\/wp-json\/wp\/v2\/media?parent=521"}],"curies":[{"name":"wp","href":"https:\/\/api.w.org\/{rel}","templated":true}]}}