{"id":404,"date":"2024-11-11T07:02:10","date_gmt":"2024-11-11T07:02:10","guid":{"rendered":"https:\/\/spinbetter.center\/fi\/?page_id=404"},"modified":"2025-03-06T14:34:10","modified_gmt":"2025-03-06T14:34:10","slug":"registration","status":"publish","type":"page","link":"https:\/\/spinbetter.center\/fi\/registration\/","title":{"rendered":"Rekister\u00f6inti"},"content":{"rendered":"","protected":false},"excerpt":{"rendered":"","protected":false},"author":1,"featured_media":0,"parent":0,"menu_order":0,"comment_status":"closed","ping_status":"closed","template":"","meta":{"footnotes":""},"class_list":["post-404","page","type-page","status-publish","hentry"],"yoast_head":"<!-- This site is optimized with the Yoast SEO plugin v27.4 - https:\/\/yoast.com\/product\/yoast-seo-wordpress\/ -->\n<title>Vaiheittainen SpinBetter rekister\u00f6intimenettely ja tervetuliaisbonus<\/title>\n<meta name=\"description\" content=\"Yksityiskohtainen kuvaus SpinBetter Suomi 2025:n rekister\u00f6intiprosessista. Syit\u00e4, miksi sinun tulisi valita juuri t\u00e4m\u00e4 sivusto. Mik\u00e4 on todentaminen, miksi sit\u00e4 tarvitaan ja miten se suoritetaan.\" \/>\n<meta name=\"robots\" content=\"index, follow, max-snippet:-1, max-image-preview:large, max-video-preview:-1\" \/>\n<link rel=\"canonical\" href=\"https:\/\/spinbetter.center\/fi\/registration\/\" \/>\n<meta property=\"og:locale\" content=\"fi_FI\" \/>\n<meta property=\"og:type\" content=\"article\" \/>\n<meta property=\"og:title\" content=\"Vaiheittainen SpinBetter rekister\u00f6intimenettely ja tervetuliaisbonus\" \/>\n<meta property=\"og:description\" content=\"Yksityiskohtainen kuvaus SpinBetter Suomi 2025:n rekister\u00f6intiprosessista. Syit\u00e4, miksi sinun tulisi valita juuri t\u00e4m\u00e4 sivusto. Mik\u00e4 on todentaminen, miksi sit\u00e4 tarvitaan ja miten se suoritetaan.\" \/>\n<meta property=\"og:url\" content=\"https:\/\/spinbetter.center\/fi\/registration\/\" \/>\n<meta property=\"og:site_name\" content=\"spinbetter center Fi\" \/>\n<meta property=\"article:modified_time\" content=\"2025-03-06T14:34:10+00:00\" \/>\n<meta name=\"twitter:card\" content=\"summary_large_image\" \/>\n<script type=\"application\/ld+json\" class=\"yoast-schema-graph\">{\"@context\":\"https:\\\/\\\/schema.org\",\"@graph\":[{\"@type\":\"WebPage\",\"@id\":\"https:\\\/\\\/spinbetter.center\\\/fi\\\/registration\\\/\",\"url\":\"https:\\\/\\\/spinbetter.center\\\/fi\\\/registration\\\/\",\"name\":\"Vaiheittainen SpinBetter rekister\u00f6intimenettely ja tervetuliaisbonus\",\"isPartOf\":{\"@id\":\"https:\\\/\\\/spinbetter.center\\\/fi\\\/#website\"},\"datePublished\":\"2024-11-11T07:02:10+00:00\",\"dateModified\":\"2025-03-06T14:34:10+00:00\",\"description\":\"Yksityiskohtainen kuvaus SpinBetter Suomi 2025:n rekister\u00f6intiprosessista. Syit\u00e4, miksi sinun tulisi valita juuri t\u00e4m\u00e4 sivusto. Mik\u00e4 on todentaminen, miksi sit\u00e4 tarvitaan ja miten se suoritetaan.\",\"breadcrumb\":{\"@id\":\"https:\\\/\\\/spinbetter.center\\\/fi\\\/registration\\\/#breadcrumb\"},\"inLanguage\":\"fi\",\"potentialAction\":[{\"@type\":\"ReadAction\",\"target\":[\"https:\\\/\\\/spinbetter.center\\\/fi\\\/registration\\\/\"]}]},{\"@type\":\"BreadcrumbList\",\"@id\":\"https:\\\/\\\/spinbetter.center\\\/fi\\\/registration\\\/#breadcrumb\",\"itemListElement\":[{\"@type\":\"ListItem\",\"position\":1,\"name\":\"Home\",\"item\":\"https:\\\/\\\/spinbetter.center\\\/fi\\\/\"},{\"@type\":\"ListItem\",\"position\":2,\"name\":\"Rekister\u00f6inti\"}]},{\"@type\":\"WebSite\",\"@id\":\"https:\\\/\\\/spinbetter.center\\\/fi\\\/#website\",\"url\":\"https:\\\/\\\/spinbetter.center\\\/fi\\\/\",\"name\":\"SpinBetter\",\"description\":\"SpinBetter\",\"alternateName\":\"Spin Better\",\"potentialAction\":[{\"@type\":\"SearchAction\",\"target\":{\"@type\":\"EntryPoint\",\"urlTemplate\":\"https:\\\/\\\/spinbetter.center\\\/fi\\\/?s={search_term_string}\"},\"query-input\":{\"@type\":\"PropertyValueSpecification\",\"valueRequired\":true,\"valueName\":\"search_term_string\"}}],\"inLanguage\":\"fi\"}]}<\/script>\n<!-- \/ Yoast SEO plugin. -->","yoast_head_json":{"title":"Vaiheittainen SpinBetter rekister\u00f6intimenettely ja tervetuliaisbonus","description":"Yksityiskohtainen kuvaus SpinBetter Suomi 2025:n rekister\u00f6intiprosessista. Syit\u00e4, miksi sinun tulisi valita juuri t\u00e4m\u00e4 sivusto. Mik\u00e4 on todentaminen, miksi sit\u00e4 tarvitaan ja miten se suoritetaan.","robots":{"index":"index","follow":"follow","max-snippet":"max-snippet:-1","max-image-preview":"max-image-preview:large","max-video-preview":"max-video-preview:-1"},"canonical":"https:\/\/spinbetter.center\/fi\/registration\/","og_locale":"fi_FI","og_type":"article","og_title":"Vaiheittainen SpinBetter rekister\u00f6intimenettely ja tervetuliaisbonus","og_description":"Yksityiskohtainen kuvaus SpinBetter Suomi 2025:n rekister\u00f6intiprosessista. Syit\u00e4, miksi sinun tulisi valita juuri t\u00e4m\u00e4 sivusto. Mik\u00e4 on todentaminen, miksi sit\u00e4 tarvitaan ja miten se suoritetaan.","og_url":"https:\/\/spinbetter.center\/fi\/registration\/","og_site_name":"spinbetter center Fi","article_modified_time":"2025-03-06T14:34:10+00:00","twitter_card":"summary_large_image","schema":{"@context":"https:\/\/schema.org","@graph":[{"@type":"WebPage","@id":"https:\/\/spinbetter.center\/fi\/registration\/","url":"https:\/\/spinbetter.center\/fi\/registration\/","name":"Vaiheittainen SpinBetter rekister\u00f6intimenettely ja tervetuliaisbonus","isPartOf":{"@id":"https:\/\/spinbetter.center\/fi\/#website"},"datePublished":"2024-11-11T07:02:10+00:00","dateModified":"2025-03-06T14:34:10+00:00","description":"Yksityiskohtainen kuvaus SpinBetter Suomi 2025:n rekister\u00f6intiprosessista. Syit\u00e4, miksi sinun tulisi valita juuri t\u00e4m\u00e4 sivusto. Mik\u00e4 on todentaminen, miksi sit\u00e4 tarvitaan ja miten se suoritetaan.","breadcrumb":{"@id":"https:\/\/spinbetter.center\/fi\/registration\/#breadcrumb"},"inLanguage":"fi","potentialAction":[{"@type":"ReadAction","target":["https:\/\/spinbetter.center\/fi\/registration\/"]}]},{"@type":"BreadcrumbList","@id":"https:\/\/spinbetter.center\/fi\/registration\/#breadcrumb","itemListElement":[{"@type":"ListItem","position":1,"name":"Home","item":"https:\/\/spinbetter.center\/fi\/"},{"@type":"ListItem","position":2,"name":"Rekister\u00f6inti"}]},{"@type":"WebSite","@id":"https:\/\/spinbetter.center\/fi\/#website","url":"https:\/\/spinbetter.center\/fi\/","name":"SpinBetter","description":"SpinBetter","alternateName":"Spin Better","potentialAction":[{"@type":"SearchAction","target":{"@type":"EntryPoint","urlTemplate":"https:\/\/spinbetter.center\/fi\/?s={search_term_string}"},"query-input":{"@type":"PropertyValueSpecification","valueRequired":true,"valueName":"search_term_string"}}],"inLanguage":"fi"}]}},"_links":{"self":[{"href":"https:\/\/spinbetter.center\/fi\/wp-json\/wp\/v2\/pages\/404","targetHints":{"allow":["GET"]}}],"collection":[{"href":"https:\/\/spinbetter.center\/fi\/wp-json\/wp\/v2\/pages"}],"about":[{"href":"https:\/\/spinbetter.center\/fi\/wp-json\/wp\/v2\/types\/page"}],"author":[{"embeddable":true,"href":"https:\/\/spinbetter.center\/fi\/wp-json\/wp\/v2\/users\/1"}],"replies":[{"embeddable":true,"href":"https:\/\/spinbetter.center\/fi\/wp-json\/wp\/v2\/comments?post=404"}],"version-history":[{"count":2,"href":"https:\/\/spinbetter.center\/fi\/wp-json\/wp\/v2\/pages\/404\/revisions"}],"predecessor-version":[{"id":488,"href":"https:\/\/spinbetter.center\/fi\/wp-json\/wp\/v2\/pages\/404\/revisions\/488"}],"wp:attachment":[{"href":"https:\/\/spinbetter.center\/fi\/wp-json\/wp\/v2\/media?parent=404"}],"curies":[{"name":"wp","href":"https:\/\/api.w.org\/{rel}","templated":true}]}}