{"id":339,"date":"2024-10-22T15:10:39","date_gmt":"2024-10-22T15:10:39","guid":{"rendered":"https:\/\/spinbetter.center\/fi\/?page_id=339"},"modified":"2025-06-05T17:19:11","modified_gmt":"2025-06-05T17:19:11","slug":"promo-code","status":"publish","type":"page","link":"https:\/\/spinbetter.center\/fi\/promo-code\/","title":{"rendered":"Tarjouskoodi"},"content":{"rendered":"","protected":false},"excerpt":{"rendered":"","protected":false},"author":1,"featured_media":0,"parent":0,"menu_order":0,"comment_status":"closed","ping_status":"closed","template":"","meta":{"footnotes":""},"class_list":["post-339","page","type-page","status-publish","hentry"],"yoast_head":"<!-- This site is optimized with the Yoast SEO plugin v24.5 - https:\/\/yoast.com\/wordpress\/plugins\/seo\/ -->\n<title>SpinBetter Promo Codes: ylim\u00e4\u00e4r\u00e4inen mahdollisuus bonukseen<\/title>\n<meta name=\"description\" content=\"M\u00e4\u00e4ritelm\u00e4 SpinBetter Suomi promo koodit ja mit\u00e4 ne ovat arvokkaita pelaajalle. Mist\u00e4 etsi\u00e4 salainen yhdistelm\u00e4. Panostuskoodien j\u00e4rjestys.\" \/>\n<meta name=\"robots\" content=\"index, follow, max-snippet:-1, max-image-preview:large, max-video-preview:-1\" \/>\n<link rel=\"canonical\" href=\"https:\/\/spinbetter.center\/fi\/promo-code\/\" \/>\n<meta property=\"og:locale\" content=\"fi_FI\" \/>\n<meta property=\"og:type\" content=\"article\" \/>\n<meta property=\"og:title\" content=\"SpinBetter Promo Codes: ylim\u00e4\u00e4r\u00e4inen mahdollisuus bonukseen\" \/>\n<meta property=\"og:description\" content=\"M\u00e4\u00e4ritelm\u00e4 SpinBetter Suomi promo koodit ja mit\u00e4 ne ovat arvokkaita pelaajalle. Mist\u00e4 etsi\u00e4 salainen yhdistelm\u00e4. Panostuskoodien j\u00e4rjestys.\" \/>\n<meta property=\"og:url\" content=\"https:\/\/spinbetter.center\/fi\/promo-code\/\" \/>\n<meta property=\"og:site_name\" content=\"spinbetter center Fi\" \/>\n<meta property=\"article:modified_time\" content=\"2025-06-05T17:19:11+00:00\" \/>\n<meta name=\"twitter:card\" content=\"summary_large_image\" \/>\n<script type=\"application\/ld+json\" class=\"yoast-schema-graph\">{\"@context\":\"https:\/\/schema.org\",\"@graph\":[{\"@type\":\"WebPage\",\"@id\":\"https:\/\/spinbetter.center\/fi\/promo-code\/\",\"url\":\"https:\/\/spinbetter.center\/fi\/promo-code\/\",\"name\":\"SpinBetter Promo Codes: ylim\u00e4\u00e4r\u00e4inen mahdollisuus bonukseen\",\"isPartOf\":{\"@id\":\"https:\/\/spinbetter.center\/fi\/#website\"},\"datePublished\":\"2024-10-22T15:10:39+00:00\",\"dateModified\":\"2025-06-05T17:19:11+00:00\",\"description\":\"M\u00e4\u00e4ritelm\u00e4 SpinBetter Suomi promo koodit ja mit\u00e4 ne ovat arvokkaita pelaajalle. Mist\u00e4 etsi\u00e4 salainen yhdistelm\u00e4. Panostuskoodien j\u00e4rjestys.\",\"breadcrumb\":{\"@id\":\"https:\/\/spinbetter.center\/fi\/promo-code\/#breadcrumb\"},\"inLanguage\":\"fi\",\"potentialAction\":[{\"@type\":\"ReadAction\",\"target\":[\"https:\/\/spinbetter.center\/fi\/promo-code\/\"]}]},{\"@type\":\"BreadcrumbList\",\"@id\":\"https:\/\/spinbetter.center\/fi\/promo-code\/#breadcrumb\",\"itemListElement\":[{\"@type\":\"ListItem\",\"position\":1,\"name\":\"Home\",\"item\":\"https:\/\/spinbetter.center\/fi\/\"},{\"@type\":\"ListItem\",\"position\":2,\"name\":\"Tarjouskoodi\"}]},{\"@type\":\"WebSite\",\"@id\":\"https:\/\/spinbetter.center\/fi\/#website\",\"url\":\"https:\/\/spinbetter.center\/fi\/\",\"name\":\"SpinBetter\",\"description\":\"SpinBetter\",\"alternateName\":\"Spin Better\",\"potentialAction\":[{\"@type\":\"SearchAction\",\"target\":{\"@type\":\"EntryPoint\",\"urlTemplate\":\"https:\/\/spinbetter.center\/fi\/?s={search_term_string}\"},\"query-input\":{\"@type\":\"PropertyValueSpecification\",\"valueRequired\":true,\"valueName\":\"search_term_string\"}}],\"inLanguage\":\"fi\"}]}<\/script>\n<!-- \/ Yoast SEO plugin. -->","yoast_head_json":{"title":"SpinBetter Promo Codes: ylim\u00e4\u00e4r\u00e4inen mahdollisuus bonukseen","description":"M\u00e4\u00e4ritelm\u00e4 SpinBetter Suomi promo koodit ja mit\u00e4 ne ovat arvokkaita pelaajalle. Mist\u00e4 etsi\u00e4 salainen yhdistelm\u00e4. Panostuskoodien j\u00e4rjestys.","robots":{"index":"index","follow":"follow","max-snippet":"max-snippet:-1","max-image-preview":"max-image-preview:large","max-video-preview":"max-video-preview:-1"},"canonical":"https:\/\/spinbetter.center\/fi\/promo-code\/","og_locale":"fi_FI","og_type":"article","og_title":"SpinBetter Promo Codes: ylim\u00e4\u00e4r\u00e4inen mahdollisuus bonukseen","og_description":"M\u00e4\u00e4ritelm\u00e4 SpinBetter Suomi promo koodit ja mit\u00e4 ne ovat arvokkaita pelaajalle. Mist\u00e4 etsi\u00e4 salainen yhdistelm\u00e4. Panostuskoodien j\u00e4rjestys.","og_url":"https:\/\/spinbetter.center\/fi\/promo-code\/","og_site_name":"spinbetter center Fi","article_modified_time":"2025-06-05T17:19:11+00:00","twitter_card":"summary_large_image","schema":{"@context":"https:\/\/schema.org","@graph":[{"@type":"WebPage","@id":"https:\/\/spinbetter.center\/fi\/promo-code\/","url":"https:\/\/spinbetter.center\/fi\/promo-code\/","name":"SpinBetter Promo Codes: ylim\u00e4\u00e4r\u00e4inen mahdollisuus bonukseen","isPartOf":{"@id":"https:\/\/spinbetter.center\/fi\/#website"},"datePublished":"2024-10-22T15:10:39+00:00","dateModified":"2025-06-05T17:19:11+00:00","description":"M\u00e4\u00e4ritelm\u00e4 SpinBetter Suomi promo koodit ja mit\u00e4 ne ovat arvokkaita pelaajalle. Mist\u00e4 etsi\u00e4 salainen yhdistelm\u00e4. Panostuskoodien j\u00e4rjestys.","breadcrumb":{"@id":"https:\/\/spinbetter.center\/fi\/promo-code\/#breadcrumb"},"inLanguage":"fi","potentialAction":[{"@type":"ReadAction","target":["https:\/\/spinbetter.center\/fi\/promo-code\/"]}]},{"@type":"BreadcrumbList","@id":"https:\/\/spinbetter.center\/fi\/promo-code\/#breadcrumb","itemListElement":[{"@type":"ListItem","position":1,"name":"Home","item":"https:\/\/spinbetter.center\/fi\/"},{"@type":"ListItem","position":2,"name":"Tarjouskoodi"}]},{"@type":"WebSite","@id":"https:\/\/spinbetter.center\/fi\/#website","url":"https:\/\/spinbetter.center\/fi\/","name":"SpinBetter","description":"SpinBetter","alternateName":"Spin Better","potentialAction":[{"@type":"SearchAction","target":{"@type":"EntryPoint","urlTemplate":"https:\/\/spinbetter.center\/fi\/?s={search_term_string}"},"query-input":{"@type":"PropertyValueSpecification","valueRequired":true,"valueName":"search_term_string"}}],"inLanguage":"fi"}]}},"_links":{"self":[{"href":"https:\/\/spinbetter.center\/fi\/wp-json\/wp\/v2\/pages\/339","targetHints":{"allow":["GET"]}}],"collection":[{"href":"https:\/\/spinbetter.center\/fi\/wp-json\/wp\/v2\/pages"}],"about":[{"href":"https:\/\/spinbetter.center\/fi\/wp-json\/wp\/v2\/types\/page"}],"author":[{"embeddable":true,"href":"https:\/\/spinbetter.center\/fi\/wp-json\/wp\/v2\/users\/1"}],"replies":[{"embeddable":true,"href":"https:\/\/spinbetter.center\/fi\/wp-json\/wp\/v2\/comments?post=339"}],"version-history":[{"count":3,"href":"https:\/\/spinbetter.center\/fi\/wp-json\/wp\/v2\/pages\/339\/revisions"}],"predecessor-version":[{"id":767,"href":"https:\/\/spinbetter.center\/fi\/wp-json\/wp\/v2\/pages\/339\/revisions\/767"}],"wp:attachment":[{"href":"https:\/\/spinbetter.center\/fi\/wp-json\/wp\/v2\/media?parent=339"}],"curies":[{"name":"wp","href":"https:\/\/api.w.org\/{rel}","templated":true}]}}