{"id":527,"date":"2025-03-31T05:47:08","date_gmt":"2025-03-31T05:47:08","guid":{"rendered":"https:\/\/spinbetter.center\/et\/?page_id=527"},"modified":"2025-05-29T04:45:07","modified_gmt":"2025-05-29T04:45:07","slug":"reload-bonus","status":"publish","type":"page","link":"https:\/\/spinbetter.center\/et\/bonuses\/reload-bonus\/","title":{"rendered":"\u00dcmberlaadimise boonus"},"content":{"rendered":"","protected":false},"excerpt":{"rendered":"","protected":false},"author":1,"featured_media":0,"parent":272,"menu_order":0,"comment_status":"closed","ping_status":"closed","template":"","meta":{"footnotes":""},"class_list":["post-527","page","type-page","status-publish","hentry"],"yoast_head":"<!-- This site is optimized with the Yoast SEO plugin v24.5 - https:\/\/yoast.com\/wordpress\/plugins\/seo\/ -->\n<title>50% reload-boonus + 50 tasuta keerutused igal kolmap\u00e4eval!<\/title>\n<meta name=\"description\" content=\"\u00c4ra j\u00e4ta oma hasartm\u00e4nguv\u00f5itu kolmap\u00e4eval vahele! Saa 50% boonus kuni 200 EUR ja 50 freespinni vaid 15 EUR sissemakse tegemisega. See boonus on sinu v\u00f5imalus v\u00f5ita suurelt! T\u00f5sta oma panuseid ja valluta m\u00e4nguautomaadid igal kolmap\u00e4eval!\" \/>\n<meta name=\"robots\" content=\"index, follow, max-snippet:-1, max-image-preview:large, max-video-preview:-1\" \/>\n<link rel=\"canonical\" href=\"https:\/\/spinbetter.center\/et\/bonuses\/reload-bonus\/\" \/>\n<meta property=\"og:locale\" content=\"et_EE\" \/>\n<meta property=\"og:type\" content=\"article\" \/>\n<meta property=\"og:title\" content=\"50% reload-boonus + 50 tasuta keerutused igal kolmap\u00e4eval!\" \/>\n<meta property=\"og:description\" content=\"\u00c4ra j\u00e4ta oma hasartm\u00e4nguv\u00f5itu kolmap\u00e4eval vahele! Saa 50% boonus kuni 200 EUR ja 50 freespinni vaid 15 EUR sissemakse tegemisega. See boonus on sinu v\u00f5imalus v\u00f5ita suurelt! T\u00f5sta oma panuseid ja valluta m\u00e4nguautomaadid igal kolmap\u00e4eval!\" \/>\n<meta property=\"og:url\" content=\"https:\/\/spinbetter.center\/et\/bonuses\/reload-bonus\/\" \/>\n<meta property=\"og:site_name\" content=\"Spinbetter center ET\" \/>\n<meta property=\"article:modified_time\" content=\"2025-05-29T04:45:07+00:00\" \/>\n<meta name=\"twitter:card\" content=\"summary_large_image\" \/>\n<script type=\"application\/ld+json\" class=\"yoast-schema-graph\">{\"@context\":\"https:\/\/schema.org\",\"@graph\":[{\"@type\":\"WebPage\",\"@id\":\"https:\/\/spinbetter.center\/et\/bonuses\/reload-bonus\/\",\"url\":\"https:\/\/spinbetter.center\/et\/bonuses\/reload-bonus\/\",\"name\":\"50% reload-boonus + 50 tasuta keerutused igal kolmap\u00e4eval!\",\"isPartOf\":{\"@id\":\"https:\/\/spinbetter.center\/et\/#website\"},\"datePublished\":\"2025-03-31T05:47:08+00:00\",\"dateModified\":\"2025-05-29T04:45:07+00:00\",\"description\":\"\u00c4ra j\u00e4ta oma hasartm\u00e4nguv\u00f5itu kolmap\u00e4eval vahele! Saa 50% boonus kuni 200 EUR ja 50 freespinni vaid 15 EUR sissemakse tegemisega. See boonus on sinu v\u00f5imalus v\u00f5ita suurelt! T\u00f5sta oma panuseid ja valluta m\u00e4nguautomaadid igal kolmap\u00e4eval!\",\"breadcrumb\":{\"@id\":\"https:\/\/spinbetter.center\/et\/bonuses\/reload-bonus\/#breadcrumb\"},\"inLanguage\":\"et\",\"potentialAction\":[{\"@type\":\"ReadAction\",\"target\":[\"https:\/\/spinbetter.center\/et\/bonuses\/reload-bonus\/\"]}]},{\"@type\":\"BreadcrumbList\",\"@id\":\"https:\/\/spinbetter.center\/et\/bonuses\/reload-bonus\/#breadcrumb\",\"itemListElement\":[{\"@type\":\"ListItem\",\"position\":1,\"name\":\"Home\",\"item\":\"https:\/\/spinbetter.center\/et\/\"},{\"@type\":\"ListItem\",\"position\":2,\"name\":\"Boonused\",\"item\":\"https:\/\/spinbetter.center\/et\/bonuses\/\"},{\"@type\":\"ListItem\",\"position\":3,\"name\":\"\u00dcmberlaadimise boonus\"}]},{\"@type\":\"WebSite\",\"@id\":\"https:\/\/spinbetter.center\/et\/#website\",\"url\":\"https:\/\/spinbetter.center\/et\/\",\"name\":\"SpinBetter\",\"description\":\"SpinBetter\",\"alternateName\":\"Spin Better\",\"potentialAction\":[{\"@type\":\"SearchAction\",\"target\":{\"@type\":\"EntryPoint\",\"urlTemplate\":\"https:\/\/spinbetter.center\/et\/?s={search_term_string}\"},\"query-input\":{\"@type\":\"PropertyValueSpecification\",\"valueRequired\":true,\"valueName\":\"search_term_string\"}}],\"inLanguage\":\"et\"}]}<\/script>\n<!-- \/ Yoast SEO plugin. -->","yoast_head_json":{"title":"50% reload-boonus + 50 tasuta keerutused igal kolmap\u00e4eval!","description":"\u00c4ra j\u00e4ta oma hasartm\u00e4nguv\u00f5itu kolmap\u00e4eval vahele! Saa 50% boonus kuni 200 EUR ja 50 freespinni vaid 15 EUR sissemakse tegemisega. See boonus on sinu v\u00f5imalus v\u00f5ita suurelt! T\u00f5sta oma panuseid ja valluta m\u00e4nguautomaadid igal kolmap\u00e4eval!","robots":{"index":"index","follow":"follow","max-snippet":"max-snippet:-1","max-image-preview":"max-image-preview:large","max-video-preview":"max-video-preview:-1"},"canonical":"https:\/\/spinbetter.center\/et\/bonuses\/reload-bonus\/","og_locale":"et_EE","og_type":"article","og_title":"50% reload-boonus + 50 tasuta keerutused igal kolmap\u00e4eval!","og_description":"\u00c4ra j\u00e4ta oma hasartm\u00e4nguv\u00f5itu kolmap\u00e4eval vahele! Saa 50% boonus kuni 200 EUR ja 50 freespinni vaid 15 EUR sissemakse tegemisega. See boonus on sinu v\u00f5imalus v\u00f5ita suurelt! T\u00f5sta oma panuseid ja valluta m\u00e4nguautomaadid igal kolmap\u00e4eval!","og_url":"https:\/\/spinbetter.center\/et\/bonuses\/reload-bonus\/","og_site_name":"Spinbetter center ET","article_modified_time":"2025-05-29T04:45:07+00:00","twitter_card":"summary_large_image","schema":{"@context":"https:\/\/schema.org","@graph":[{"@type":"WebPage","@id":"https:\/\/spinbetter.center\/et\/bonuses\/reload-bonus\/","url":"https:\/\/spinbetter.center\/et\/bonuses\/reload-bonus\/","name":"50% reload-boonus + 50 tasuta keerutused igal kolmap\u00e4eval!","isPartOf":{"@id":"https:\/\/spinbetter.center\/et\/#website"},"datePublished":"2025-03-31T05:47:08+00:00","dateModified":"2025-05-29T04:45:07+00:00","description":"\u00c4ra j\u00e4ta oma hasartm\u00e4nguv\u00f5itu kolmap\u00e4eval vahele! Saa 50% boonus kuni 200 EUR ja 50 freespinni vaid 15 EUR sissemakse tegemisega. See boonus on sinu v\u00f5imalus v\u00f5ita suurelt! T\u00f5sta oma panuseid ja valluta m\u00e4nguautomaadid igal kolmap\u00e4eval!","breadcrumb":{"@id":"https:\/\/spinbetter.center\/et\/bonuses\/reload-bonus\/#breadcrumb"},"inLanguage":"et","potentialAction":[{"@type":"ReadAction","target":["https:\/\/spinbetter.center\/et\/bonuses\/reload-bonus\/"]}]},{"@type":"BreadcrumbList","@id":"https:\/\/spinbetter.center\/et\/bonuses\/reload-bonus\/#breadcrumb","itemListElement":[{"@type":"ListItem","position":1,"name":"Home","item":"https:\/\/spinbetter.center\/et\/"},{"@type":"ListItem","position":2,"name":"Boonused","item":"https:\/\/spinbetter.center\/et\/bonuses\/"},{"@type":"ListItem","position":3,"name":"\u00dcmberlaadimise boonus"}]},{"@type":"WebSite","@id":"https:\/\/spinbetter.center\/et\/#website","url":"https:\/\/spinbetter.center\/et\/","name":"SpinBetter","description":"SpinBetter","alternateName":"Spin Better","potentialAction":[{"@type":"SearchAction","target":{"@type":"EntryPoint","urlTemplate":"https:\/\/spinbetter.center\/et\/?s={search_term_string}"},"query-input":{"@type":"PropertyValueSpecification","valueRequired":true,"valueName":"search_term_string"}}],"inLanguage":"et"}]}},"_links":{"self":[{"href":"https:\/\/spinbetter.center\/et\/wp-json\/wp\/v2\/pages\/527","targetHints":{"allow":["GET"]}}],"collection":[{"href":"https:\/\/spinbetter.center\/et\/wp-json\/wp\/v2\/pages"}],"about":[{"href":"https:\/\/spinbetter.center\/et\/wp-json\/wp\/v2\/types\/page"}],"author":[{"embeddable":true,"href":"https:\/\/spinbetter.center\/et\/wp-json\/wp\/v2\/users\/1"}],"replies":[{"embeddable":true,"href":"https:\/\/spinbetter.center\/et\/wp-json\/wp\/v2\/comments?post=527"}],"version-history":[{"count":8,"href":"https:\/\/spinbetter.center\/et\/wp-json\/wp\/v2\/pages\/527\/revisions"}],"predecessor-version":[{"id":780,"href":"https:\/\/spinbetter.center\/et\/wp-json\/wp\/v2\/pages\/527\/revisions\/780"}],"up":[{"embeddable":true,"href":"https:\/\/spinbetter.center\/et\/wp-json\/wp\/v2\/pages\/272"}],"wp:attachment":[{"href":"https:\/\/spinbetter.center\/et\/wp-json\/wp\/v2\/media?parent=527"}],"curies":[{"name":"wp","href":"https:\/\/api.w.org\/{rel}","templated":true}]}}