{"id":523,"date":"2025-03-31T05:35:59","date_gmt":"2025-03-31T05:35:59","guid":{"rendered":"https:\/\/spinbetter.center\/et\/?page_id=523"},"modified":"2025-05-29T04:42:58","modified_gmt":"2025-05-29T04:42:58","slug":"betting-cashback","status":"publish","type":"page","link":"https:\/\/spinbetter.center\/et\/bonuses\/betting-cashback\/","title":{"rendered":"Panustamine Cashback"},"content":{"rendered":"","protected":false},"excerpt":{"rendered":"","protected":false},"author":1,"featured_media":0,"parent":272,"menu_order":0,"comment_status":"closed","ping_status":"closed","template":"","meta":{"footnotes":""},"class_list":["post-523","page","type-page","status-publish","hentry"],"yoast_head":"<!-- This site is optimized with the Yoast SEO plugin v24.5 - https:\/\/yoast.com\/wordpress\/plugins\/seo\/ -->\n<title>SpinBetter kihlvedude tagasimakse: \u2705N\u00e4dalane 3% tagasimakse<\/title>\n<meta name=\"description\" content=\"\u00c4rge andke alla p\u00e4rast kaotust! Saate SpinBetteriga spordikihlvedude eest 3% cashbacki ja saate osa oma kaotustest tagasi. \u00d5ppige, kuidas aktiveerida oma igan\u00e4dalane cashback ja muuta oma m\u00e4ng veelgi kasumlikumaks!\" \/>\n<meta name=\"robots\" content=\"index, follow, max-snippet:-1, max-image-preview:large, max-video-preview:-1\" \/>\n<link rel=\"canonical\" href=\"https:\/\/spinbetter.center\/et\/bonuses\/betting-cashback\/\" \/>\n<meta property=\"og:locale\" content=\"et_EE\" \/>\n<meta property=\"og:type\" content=\"article\" \/>\n<meta property=\"og:title\" content=\"SpinBetter kihlvedude tagasimakse: \u2705N\u00e4dalane 3% tagasimakse\" \/>\n<meta property=\"og:description\" content=\"\u00c4rge andke alla p\u00e4rast kaotust! Saate SpinBetteriga spordikihlvedude eest 3% cashbacki ja saate osa oma kaotustest tagasi. \u00d5ppige, kuidas aktiveerida oma igan\u00e4dalane cashback ja muuta oma m\u00e4ng veelgi kasumlikumaks!\" \/>\n<meta property=\"og:url\" content=\"https:\/\/spinbetter.center\/et\/bonuses\/betting-cashback\/\" \/>\n<meta property=\"og:site_name\" content=\"Spinbetter center ET\" \/>\n<meta property=\"article:modified_time\" content=\"2025-05-29T04:42:58+00:00\" \/>\n<meta name=\"twitter:card\" content=\"summary_large_image\" \/>\n<script type=\"application\/ld+json\" class=\"yoast-schema-graph\">{\"@context\":\"https:\/\/schema.org\",\"@graph\":[{\"@type\":\"WebPage\",\"@id\":\"https:\/\/spinbetter.center\/et\/bonuses\/betting-cashback\/\",\"url\":\"https:\/\/spinbetter.center\/et\/bonuses\/betting-cashback\/\",\"name\":\"SpinBetter kihlvedude tagasimakse: \u2705N\u00e4dalane 3% tagasimakse\",\"isPartOf\":{\"@id\":\"https:\/\/spinbetter.center\/et\/#website\"},\"datePublished\":\"2025-03-31T05:35:59+00:00\",\"dateModified\":\"2025-05-29T04:42:58+00:00\",\"description\":\"\u00c4rge andke alla p\u00e4rast kaotust! Saate SpinBetteriga spordikihlvedude eest 3% cashbacki ja saate osa oma kaotustest tagasi. \u00d5ppige, kuidas aktiveerida oma igan\u00e4dalane cashback ja muuta oma m\u00e4ng veelgi kasumlikumaks!\",\"breadcrumb\":{\"@id\":\"https:\/\/spinbetter.center\/et\/bonuses\/betting-cashback\/#breadcrumb\"},\"inLanguage\":\"et\",\"potentialAction\":[{\"@type\":\"ReadAction\",\"target\":[\"https:\/\/spinbetter.center\/et\/bonuses\/betting-cashback\/\"]}]},{\"@type\":\"BreadcrumbList\",\"@id\":\"https:\/\/spinbetter.center\/et\/bonuses\/betting-cashback\/#breadcrumb\",\"itemListElement\":[{\"@type\":\"ListItem\",\"position\":1,\"name\":\"Home\",\"item\":\"https:\/\/spinbetter.center\/et\/\"},{\"@type\":\"ListItem\",\"position\":2,\"name\":\"Boonused\",\"item\":\"https:\/\/spinbetter.center\/et\/bonuses\/\"},{\"@type\":\"ListItem\",\"position\":3,\"name\":\"Panustamine Cashback\"}]},{\"@type\":\"WebSite\",\"@id\":\"https:\/\/spinbetter.center\/et\/#website\",\"url\":\"https:\/\/spinbetter.center\/et\/\",\"name\":\"SpinBetter\",\"description\":\"SpinBetter\",\"alternateName\":\"Spin Better\",\"potentialAction\":[{\"@type\":\"SearchAction\",\"target\":{\"@type\":\"EntryPoint\",\"urlTemplate\":\"https:\/\/spinbetter.center\/et\/?s={search_term_string}\"},\"query-input\":{\"@type\":\"PropertyValueSpecification\",\"valueRequired\":true,\"valueName\":\"search_term_string\"}}],\"inLanguage\":\"et\"}]}<\/script>\n<!-- \/ Yoast SEO plugin. -->","yoast_head_json":{"title":"SpinBetter kihlvedude tagasimakse: \u2705N\u00e4dalane 3% tagasimakse","description":"\u00c4rge andke alla p\u00e4rast kaotust! Saate SpinBetteriga spordikihlvedude eest 3% cashbacki ja saate osa oma kaotustest tagasi. \u00d5ppige, kuidas aktiveerida oma igan\u00e4dalane cashback ja muuta oma m\u00e4ng veelgi kasumlikumaks!","robots":{"index":"index","follow":"follow","max-snippet":"max-snippet:-1","max-image-preview":"max-image-preview:large","max-video-preview":"max-video-preview:-1"},"canonical":"https:\/\/spinbetter.center\/et\/bonuses\/betting-cashback\/","og_locale":"et_EE","og_type":"article","og_title":"SpinBetter kihlvedude tagasimakse: \u2705N\u00e4dalane 3% tagasimakse","og_description":"\u00c4rge andke alla p\u00e4rast kaotust! Saate SpinBetteriga spordikihlvedude eest 3% cashbacki ja saate osa oma kaotustest tagasi. \u00d5ppige, kuidas aktiveerida oma igan\u00e4dalane cashback ja muuta oma m\u00e4ng veelgi kasumlikumaks!","og_url":"https:\/\/spinbetter.center\/et\/bonuses\/betting-cashback\/","og_site_name":"Spinbetter center ET","article_modified_time":"2025-05-29T04:42:58+00:00","twitter_card":"summary_large_image","schema":{"@context":"https:\/\/schema.org","@graph":[{"@type":"WebPage","@id":"https:\/\/spinbetter.center\/et\/bonuses\/betting-cashback\/","url":"https:\/\/spinbetter.center\/et\/bonuses\/betting-cashback\/","name":"SpinBetter kihlvedude tagasimakse: \u2705N\u00e4dalane 3% tagasimakse","isPartOf":{"@id":"https:\/\/spinbetter.center\/et\/#website"},"datePublished":"2025-03-31T05:35:59+00:00","dateModified":"2025-05-29T04:42:58+00:00","description":"\u00c4rge andke alla p\u00e4rast kaotust! Saate SpinBetteriga spordikihlvedude eest 3% cashbacki ja saate osa oma kaotustest tagasi. \u00d5ppige, kuidas aktiveerida oma igan\u00e4dalane cashback ja muuta oma m\u00e4ng veelgi kasumlikumaks!","breadcrumb":{"@id":"https:\/\/spinbetter.center\/et\/bonuses\/betting-cashback\/#breadcrumb"},"inLanguage":"et","potentialAction":[{"@type":"ReadAction","target":["https:\/\/spinbetter.center\/et\/bonuses\/betting-cashback\/"]}]},{"@type":"BreadcrumbList","@id":"https:\/\/spinbetter.center\/et\/bonuses\/betting-cashback\/#breadcrumb","itemListElement":[{"@type":"ListItem","position":1,"name":"Home","item":"https:\/\/spinbetter.center\/et\/"},{"@type":"ListItem","position":2,"name":"Boonused","item":"https:\/\/spinbetter.center\/et\/bonuses\/"},{"@type":"ListItem","position":3,"name":"Panustamine Cashback"}]},{"@type":"WebSite","@id":"https:\/\/spinbetter.center\/et\/#website","url":"https:\/\/spinbetter.center\/et\/","name":"SpinBetter","description":"SpinBetter","alternateName":"Spin Better","potentialAction":[{"@type":"SearchAction","target":{"@type":"EntryPoint","urlTemplate":"https:\/\/spinbetter.center\/et\/?s={search_term_string}"},"query-input":{"@type":"PropertyValueSpecification","valueRequired":true,"valueName":"search_term_string"}}],"inLanguage":"et"}]}},"_links":{"self":[{"href":"https:\/\/spinbetter.center\/et\/wp-json\/wp\/v2\/pages\/523","targetHints":{"allow":["GET"]}}],"collection":[{"href":"https:\/\/spinbetter.center\/et\/wp-json\/wp\/v2\/pages"}],"about":[{"href":"https:\/\/spinbetter.center\/et\/wp-json\/wp\/v2\/types\/page"}],"author":[{"embeddable":true,"href":"https:\/\/spinbetter.center\/et\/wp-json\/wp\/v2\/users\/1"}],"replies":[{"embeddable":true,"href":"https:\/\/spinbetter.center\/et\/wp-json\/wp\/v2\/comments?post=523"}],"version-history":[{"count":8,"href":"https:\/\/spinbetter.center\/et\/wp-json\/wp\/v2\/pages\/523\/revisions"}],"predecessor-version":[{"id":778,"href":"https:\/\/spinbetter.center\/et\/wp-json\/wp\/v2\/pages\/523\/revisions\/778"}],"up":[{"embeddable":true,"href":"https:\/\/spinbetter.center\/et\/wp-json\/wp\/v2\/pages\/272"}],"wp:attachment":[{"href":"https:\/\/spinbetter.center\/et\/wp-json\/wp\/v2\/media?parent=523"}],"curies":[{"name":"wp","href":"https:\/\/api.w.org\/{rel}","templated":true}]}}