{"id":521,"date":"2025-03-28T15:40:33","date_gmt":"2025-03-28T15:40:33","guid":{"rendered":"https:\/\/spinbetter.center\/et\/?page_id=521"},"modified":"2025-05-29T04:42:41","modified_gmt":"2025-05-29T04:42:41","slug":"losing-bets","status":"publish","type":"page","link":"https:\/\/spinbetter.center\/et\/bonuses\/losing-bets\/","title":{"rendered":"Kaotatud panused"},"content":{"rendered":"","protected":false},"excerpt":{"rendered":"","protected":false},"author":1,"featured_media":0,"parent":272,"menu_order":0,"comment_status":"closed","ping_status":"closed","template":"","meta":{"footnotes":""},"class_list":["post-521","page","type-page","status-publish","hentry"],"yoast_head":"<!-- This site is optimized with the Yoast SEO plugin v24.5 - https:\/\/yoast.com\/wordpress\/plugins\/seo\/ -->\n<title>SpinBetter boonus kehvade panuste seeria eest | saada kuni \u20ac500<\/title>\n<meta name=\"description\" content=\"\u00c4ra lase tagasil\u00f6\u00f6kidel sind murda! SpinBetter ei j\u00e4ta teid saatuse hooleks! Saate lisav\u00f5imaluse ja kuni 500 euro suuruse h\u00fcvitise mitmete kehvade panuste eest. V\u00f5ta oma enesekindlus tagasi ja v\u00f5ida tagasi, samal ajal kui teised paanitsevad!\" \/>\n<meta name=\"robots\" content=\"index, follow, max-snippet:-1, max-image-preview:large, max-video-preview:-1\" \/>\n<link rel=\"canonical\" href=\"https:\/\/spinbetter.center\/et\/bonuses\/losing-bets\/\" \/>\n<meta property=\"og:locale\" content=\"et_EE\" \/>\n<meta property=\"og:type\" content=\"article\" \/>\n<meta property=\"og:title\" content=\"SpinBetter boonus kehvade panuste seeria eest | saada kuni \u20ac500\" \/>\n<meta property=\"og:description\" content=\"\u00c4ra lase tagasil\u00f6\u00f6kidel sind murda! SpinBetter ei j\u00e4ta teid saatuse hooleks! Saate lisav\u00f5imaluse ja kuni 500 euro suuruse h\u00fcvitise mitmete kehvade panuste eest. V\u00f5ta oma enesekindlus tagasi ja v\u00f5ida tagasi, samal ajal kui teised paanitsevad!\" \/>\n<meta property=\"og:url\" content=\"https:\/\/spinbetter.center\/et\/bonuses\/losing-bets\/\" \/>\n<meta property=\"og:site_name\" content=\"Spinbetter center ET\" \/>\n<meta property=\"article:modified_time\" content=\"2025-05-29T04:42:41+00:00\" \/>\n<meta name=\"twitter:card\" content=\"summary_large_image\" \/>\n<script type=\"application\/ld+json\" class=\"yoast-schema-graph\">{\"@context\":\"https:\/\/schema.org\",\"@graph\":[{\"@type\":\"WebPage\",\"@id\":\"https:\/\/spinbetter.center\/et\/bonuses\/losing-bets\/\",\"url\":\"https:\/\/spinbetter.center\/et\/bonuses\/losing-bets\/\",\"name\":\"SpinBetter boonus kehvade panuste seeria eest | saada kuni \u20ac500\",\"isPartOf\":{\"@id\":\"https:\/\/spinbetter.center\/et\/#website\"},\"datePublished\":\"2025-03-28T15:40:33+00:00\",\"dateModified\":\"2025-05-29T04:42:41+00:00\",\"description\":\"\u00c4ra lase tagasil\u00f6\u00f6kidel sind murda! SpinBetter ei j\u00e4ta teid saatuse hooleks! Saate lisav\u00f5imaluse ja kuni 500 euro suuruse h\u00fcvitise mitmete kehvade panuste eest. V\u00f5ta oma enesekindlus tagasi ja v\u00f5ida tagasi, samal ajal kui teised paanitsevad!\",\"breadcrumb\":{\"@id\":\"https:\/\/spinbetter.center\/et\/bonuses\/losing-bets\/#breadcrumb\"},\"inLanguage\":\"et\",\"potentialAction\":[{\"@type\":\"ReadAction\",\"target\":[\"https:\/\/spinbetter.center\/et\/bonuses\/losing-bets\/\"]}]},{\"@type\":\"BreadcrumbList\",\"@id\":\"https:\/\/spinbetter.center\/et\/bonuses\/losing-bets\/#breadcrumb\",\"itemListElement\":[{\"@type\":\"ListItem\",\"position\":1,\"name\":\"Home\",\"item\":\"https:\/\/spinbetter.center\/et\/\"},{\"@type\":\"ListItem\",\"position\":2,\"name\":\"Boonused\",\"item\":\"https:\/\/spinbetter.center\/et\/bonuses\/\"},{\"@type\":\"ListItem\",\"position\":3,\"name\":\"Kaotatud panused\"}]},{\"@type\":\"WebSite\",\"@id\":\"https:\/\/spinbetter.center\/et\/#website\",\"url\":\"https:\/\/spinbetter.center\/et\/\",\"name\":\"SpinBetter\",\"description\":\"SpinBetter\",\"alternateName\":\"Spin Better\",\"potentialAction\":[{\"@type\":\"SearchAction\",\"target\":{\"@type\":\"EntryPoint\",\"urlTemplate\":\"https:\/\/spinbetter.center\/et\/?s={search_term_string}\"},\"query-input\":{\"@type\":\"PropertyValueSpecification\",\"valueRequired\":true,\"valueName\":\"search_term_string\"}}],\"inLanguage\":\"et\"}]}<\/script>\n<!-- \/ Yoast SEO plugin. -->","yoast_head_json":{"title":"SpinBetter boonus kehvade panuste seeria eest | saada kuni \u20ac500","description":"\u00c4ra lase tagasil\u00f6\u00f6kidel sind murda! SpinBetter ei j\u00e4ta teid saatuse hooleks! Saate lisav\u00f5imaluse ja kuni 500 euro suuruse h\u00fcvitise mitmete kehvade panuste eest. V\u00f5ta oma enesekindlus tagasi ja v\u00f5ida tagasi, samal ajal kui teised paanitsevad!","robots":{"index":"index","follow":"follow","max-snippet":"max-snippet:-1","max-image-preview":"max-image-preview:large","max-video-preview":"max-video-preview:-1"},"canonical":"https:\/\/spinbetter.center\/et\/bonuses\/losing-bets\/","og_locale":"et_EE","og_type":"article","og_title":"SpinBetter boonus kehvade panuste seeria eest | saada kuni \u20ac500","og_description":"\u00c4ra lase tagasil\u00f6\u00f6kidel sind murda! SpinBetter ei j\u00e4ta teid saatuse hooleks! Saate lisav\u00f5imaluse ja kuni 500 euro suuruse h\u00fcvitise mitmete kehvade panuste eest. V\u00f5ta oma enesekindlus tagasi ja v\u00f5ida tagasi, samal ajal kui teised paanitsevad!","og_url":"https:\/\/spinbetter.center\/et\/bonuses\/losing-bets\/","og_site_name":"Spinbetter center ET","article_modified_time":"2025-05-29T04:42:41+00:00","twitter_card":"summary_large_image","schema":{"@context":"https:\/\/schema.org","@graph":[{"@type":"WebPage","@id":"https:\/\/spinbetter.center\/et\/bonuses\/losing-bets\/","url":"https:\/\/spinbetter.center\/et\/bonuses\/losing-bets\/","name":"SpinBetter boonus kehvade panuste seeria eest | saada kuni \u20ac500","isPartOf":{"@id":"https:\/\/spinbetter.center\/et\/#website"},"datePublished":"2025-03-28T15:40:33+00:00","dateModified":"2025-05-29T04:42:41+00:00","description":"\u00c4ra lase tagasil\u00f6\u00f6kidel sind murda! SpinBetter ei j\u00e4ta teid saatuse hooleks! Saate lisav\u00f5imaluse ja kuni 500 euro suuruse h\u00fcvitise mitmete kehvade panuste eest. V\u00f5ta oma enesekindlus tagasi ja v\u00f5ida tagasi, samal ajal kui teised paanitsevad!","breadcrumb":{"@id":"https:\/\/spinbetter.center\/et\/bonuses\/losing-bets\/#breadcrumb"},"inLanguage":"et","potentialAction":[{"@type":"ReadAction","target":["https:\/\/spinbetter.center\/et\/bonuses\/losing-bets\/"]}]},{"@type":"BreadcrumbList","@id":"https:\/\/spinbetter.center\/et\/bonuses\/losing-bets\/#breadcrumb","itemListElement":[{"@type":"ListItem","position":1,"name":"Home","item":"https:\/\/spinbetter.center\/et\/"},{"@type":"ListItem","position":2,"name":"Boonused","item":"https:\/\/spinbetter.center\/et\/bonuses\/"},{"@type":"ListItem","position":3,"name":"Kaotatud panused"}]},{"@type":"WebSite","@id":"https:\/\/spinbetter.center\/et\/#website","url":"https:\/\/spinbetter.center\/et\/","name":"SpinBetter","description":"SpinBetter","alternateName":"Spin Better","potentialAction":[{"@type":"SearchAction","target":{"@type":"EntryPoint","urlTemplate":"https:\/\/spinbetter.center\/et\/?s={search_term_string}"},"query-input":{"@type":"PropertyValueSpecification","valueRequired":true,"valueName":"search_term_string"}}],"inLanguage":"et"}]}},"_links":{"self":[{"href":"https:\/\/spinbetter.center\/et\/wp-json\/wp\/v2\/pages\/521","targetHints":{"allow":["GET"]}}],"collection":[{"href":"https:\/\/spinbetter.center\/et\/wp-json\/wp\/v2\/pages"}],"about":[{"href":"https:\/\/spinbetter.center\/et\/wp-json\/wp\/v2\/types\/page"}],"author":[{"embeddable":true,"href":"https:\/\/spinbetter.center\/et\/wp-json\/wp\/v2\/users\/1"}],"replies":[{"embeddable":true,"href":"https:\/\/spinbetter.center\/et\/wp-json\/wp\/v2\/comments?post=521"}],"version-history":[{"count":8,"href":"https:\/\/spinbetter.center\/et\/wp-json\/wp\/v2\/pages\/521\/revisions"}],"predecessor-version":[{"id":777,"href":"https:\/\/spinbetter.center\/et\/wp-json\/wp\/v2\/pages\/521\/revisions\/777"}],"up":[{"embeddable":true,"href":"https:\/\/spinbetter.center\/et\/wp-json\/wp\/v2\/pages\/272"}],"wp:attachment":[{"href":"https:\/\/spinbetter.center\/et\/wp-json\/wp\/v2\/media?parent=521"}],"curies":[{"name":"wp","href":"https:\/\/api.w.org\/{rel}","templated":true}]}}