{"id":519,"date":"2025-03-28T15:29:30","date_gmt":"2025-03-28T15:29:30","guid":{"rendered":"https:\/\/spinbetter.center\/et\/?page_id=519"},"modified":"2025-05-29T04:41:27","modified_gmt":"2025-05-29T04:41:27","slug":"first-deposit","status":"publish","type":"page","link":"https:\/\/spinbetter.center\/et\/bonuses\/first-deposit\/","title":{"rendered":"Esimene sissemakse"},"content":{"rendered":"","protected":false},"excerpt":{"rendered":"","protected":false},"author":1,"featured_media":0,"parent":272,"menu_order":0,"comment_status":"closed","ping_status":"closed","template":"","meta":{"footnotes":""},"class_list":["post-519","page","type-page","status-publish","hentry"],"yoast_head":"<!-- This site is optimized with the Yoast SEO plugin v24.5 - https:\/\/yoast.com\/wordpress\/plugins\/seo\/ -->\n<title>SpinBetteri tervituspakett: $1750 &amp;150 Freespins kasiinos!<\/title>\n<meta name=\"description\" content=\"Avage uks hasartm\u00e4ngude maailma koos SpinBetteri pimestava tervituspaketiga! Neli v\u00f5imsat lisatasu, kuni 1750 eurot ja 150 tasuta keerutust! \u00c4ra j\u00e4ta kasutamata v\u00f5imalust proovida oma \u00f5nne ja teenida muljetavaldavaid boonuseid, mis muudavad sinu m\u00e4ngusessiooni unustamatuks!\" \/>\n<meta name=\"robots\" content=\"index, follow, max-snippet:-1, max-image-preview:large, max-video-preview:-1\" \/>\n<link rel=\"canonical\" href=\"https:\/\/spinbetter.center\/et\/bonuses\/first-deposit\/\" \/>\n<meta property=\"og:locale\" content=\"et_EE\" \/>\n<meta property=\"og:type\" content=\"article\" \/>\n<meta property=\"og:title\" content=\"SpinBetteri tervituspakett: $1750 &amp;150 Freespins kasiinos!\" \/>\n<meta property=\"og:description\" content=\"Avage uks hasartm\u00e4ngude maailma koos SpinBetteri pimestava tervituspaketiga! Neli v\u00f5imsat lisatasu, kuni 1750 eurot ja 150 tasuta keerutust! \u00c4ra j\u00e4ta kasutamata v\u00f5imalust proovida oma \u00f5nne ja teenida muljetavaldavaid boonuseid, mis muudavad sinu m\u00e4ngusessiooni unustamatuks!\" \/>\n<meta property=\"og:url\" content=\"https:\/\/spinbetter.center\/et\/bonuses\/first-deposit\/\" \/>\n<meta property=\"og:site_name\" content=\"Spinbetter center ET\" \/>\n<meta property=\"article:modified_time\" content=\"2025-05-29T04:41:27+00:00\" \/>\n<meta name=\"twitter:card\" content=\"summary_large_image\" \/>\n<script type=\"application\/ld+json\" class=\"yoast-schema-graph\">{\"@context\":\"https:\/\/schema.org\",\"@graph\":[{\"@type\":\"WebPage\",\"@id\":\"https:\/\/spinbetter.center\/et\/bonuses\/first-deposit\/\",\"url\":\"https:\/\/spinbetter.center\/et\/bonuses\/first-deposit\/\",\"name\":\"SpinBetteri tervituspakett: $1750 &150 Freespins kasiinos!\",\"isPartOf\":{\"@id\":\"https:\/\/spinbetter.center\/et\/#website\"},\"datePublished\":\"2025-03-28T15:29:30+00:00\",\"dateModified\":\"2025-05-29T04:41:27+00:00\",\"description\":\"Avage uks hasartm\u00e4ngude maailma koos SpinBetteri pimestava tervituspaketiga! Neli v\u00f5imsat lisatasu, kuni 1750 eurot ja 150 tasuta keerutust! \u00c4ra j\u00e4ta kasutamata v\u00f5imalust proovida oma \u00f5nne ja teenida muljetavaldavaid boonuseid, mis muudavad sinu m\u00e4ngusessiooni unustamatuks!\",\"breadcrumb\":{\"@id\":\"https:\/\/spinbetter.center\/et\/bonuses\/first-deposit\/#breadcrumb\"},\"inLanguage\":\"et\",\"potentialAction\":[{\"@type\":\"ReadAction\",\"target\":[\"https:\/\/spinbetter.center\/et\/bonuses\/first-deposit\/\"]}]},{\"@type\":\"BreadcrumbList\",\"@id\":\"https:\/\/spinbetter.center\/et\/bonuses\/first-deposit\/#breadcrumb\",\"itemListElement\":[{\"@type\":\"ListItem\",\"position\":1,\"name\":\"Home\",\"item\":\"https:\/\/spinbetter.center\/et\/\"},{\"@type\":\"ListItem\",\"position\":2,\"name\":\"Boonused\",\"item\":\"https:\/\/spinbetter.center\/et\/bonuses\/\"},{\"@type\":\"ListItem\",\"position\":3,\"name\":\"Esimene sissemakse\"}]},{\"@type\":\"WebSite\",\"@id\":\"https:\/\/spinbetter.center\/et\/#website\",\"url\":\"https:\/\/spinbetter.center\/et\/\",\"name\":\"SpinBetter\",\"description\":\"SpinBetter\",\"alternateName\":\"Spin Better\",\"potentialAction\":[{\"@type\":\"SearchAction\",\"target\":{\"@type\":\"EntryPoint\",\"urlTemplate\":\"https:\/\/spinbetter.center\/et\/?s={search_term_string}\"},\"query-input\":{\"@type\":\"PropertyValueSpecification\",\"valueRequired\":true,\"valueName\":\"search_term_string\"}}],\"inLanguage\":\"et\"}]}<\/script>\n<!-- \/ Yoast SEO plugin. -->","yoast_head_json":{"title":"SpinBetteri tervituspakett: $1750 &150 Freespins kasiinos!","description":"Avage uks hasartm\u00e4ngude maailma koos SpinBetteri pimestava tervituspaketiga! Neli v\u00f5imsat lisatasu, kuni 1750 eurot ja 150 tasuta keerutust! \u00c4ra j\u00e4ta kasutamata v\u00f5imalust proovida oma \u00f5nne ja teenida muljetavaldavaid boonuseid, mis muudavad sinu m\u00e4ngusessiooni unustamatuks!","robots":{"index":"index","follow":"follow","max-snippet":"max-snippet:-1","max-image-preview":"max-image-preview:large","max-video-preview":"max-video-preview:-1"},"canonical":"https:\/\/spinbetter.center\/et\/bonuses\/first-deposit\/","og_locale":"et_EE","og_type":"article","og_title":"SpinBetteri tervituspakett: $1750 &150 Freespins kasiinos!","og_description":"Avage uks hasartm\u00e4ngude maailma koos SpinBetteri pimestava tervituspaketiga! Neli v\u00f5imsat lisatasu, kuni 1750 eurot ja 150 tasuta keerutust! \u00c4ra j\u00e4ta kasutamata v\u00f5imalust proovida oma \u00f5nne ja teenida muljetavaldavaid boonuseid, mis muudavad sinu m\u00e4ngusessiooni unustamatuks!","og_url":"https:\/\/spinbetter.center\/et\/bonuses\/first-deposit\/","og_site_name":"Spinbetter center ET","article_modified_time":"2025-05-29T04:41:27+00:00","twitter_card":"summary_large_image","schema":{"@context":"https:\/\/schema.org","@graph":[{"@type":"WebPage","@id":"https:\/\/spinbetter.center\/et\/bonuses\/first-deposit\/","url":"https:\/\/spinbetter.center\/et\/bonuses\/first-deposit\/","name":"SpinBetteri tervituspakett: $1750 &150 Freespins kasiinos!","isPartOf":{"@id":"https:\/\/spinbetter.center\/et\/#website"},"datePublished":"2025-03-28T15:29:30+00:00","dateModified":"2025-05-29T04:41:27+00:00","description":"Avage uks hasartm\u00e4ngude maailma koos SpinBetteri pimestava tervituspaketiga! Neli v\u00f5imsat lisatasu, kuni 1750 eurot ja 150 tasuta keerutust! \u00c4ra j\u00e4ta kasutamata v\u00f5imalust proovida oma \u00f5nne ja teenida muljetavaldavaid boonuseid, mis muudavad sinu m\u00e4ngusessiooni unustamatuks!","breadcrumb":{"@id":"https:\/\/spinbetter.center\/et\/bonuses\/first-deposit\/#breadcrumb"},"inLanguage":"et","potentialAction":[{"@type":"ReadAction","target":["https:\/\/spinbetter.center\/et\/bonuses\/first-deposit\/"]}]},{"@type":"BreadcrumbList","@id":"https:\/\/spinbetter.center\/et\/bonuses\/first-deposit\/#breadcrumb","itemListElement":[{"@type":"ListItem","position":1,"name":"Home","item":"https:\/\/spinbetter.center\/et\/"},{"@type":"ListItem","position":2,"name":"Boonused","item":"https:\/\/spinbetter.center\/et\/bonuses\/"},{"@type":"ListItem","position":3,"name":"Esimene sissemakse"}]},{"@type":"WebSite","@id":"https:\/\/spinbetter.center\/et\/#website","url":"https:\/\/spinbetter.center\/et\/","name":"SpinBetter","description":"SpinBetter","alternateName":"Spin Better","potentialAction":[{"@type":"SearchAction","target":{"@type":"EntryPoint","urlTemplate":"https:\/\/spinbetter.center\/et\/?s={search_term_string}"},"query-input":{"@type":"PropertyValueSpecification","valueRequired":true,"valueName":"search_term_string"}}],"inLanguage":"et"}]}},"_links":{"self":[{"href":"https:\/\/spinbetter.center\/et\/wp-json\/wp\/v2\/pages\/519","targetHints":{"allow":["GET"]}}],"collection":[{"href":"https:\/\/spinbetter.center\/et\/wp-json\/wp\/v2\/pages"}],"about":[{"href":"https:\/\/spinbetter.center\/et\/wp-json\/wp\/v2\/types\/page"}],"author":[{"embeddable":true,"href":"https:\/\/spinbetter.center\/et\/wp-json\/wp\/v2\/users\/1"}],"replies":[{"embeddable":true,"href":"https:\/\/spinbetter.center\/et\/wp-json\/wp\/v2\/comments?post=519"}],"version-history":[{"count":9,"href":"https:\/\/spinbetter.center\/et\/wp-json\/wp\/v2\/pages\/519\/revisions"}],"predecessor-version":[{"id":776,"href":"https:\/\/spinbetter.center\/et\/wp-json\/wp\/v2\/pages\/519\/revisions\/776"}],"up":[{"embeddable":true,"href":"https:\/\/spinbetter.center\/et\/wp-json\/wp\/v2\/pages\/272"}],"wp:attachment":[{"href":"https:\/\/spinbetter.center\/et\/wp-json\/wp\/v2\/media?parent=519"}],"curies":[{"name":"wp","href":"https:\/\/api.w.org\/{rel}","templated":true}]}}