{"id":422,"date":"2024-11-11T09:29:24","date_gmt":"2024-11-11T09:29:24","guid":{"rendered":"https:\/\/spinbetter.center\/et\/?page_id=422"},"modified":"2025-05-16T09:33:49","modified_gmt":"2025-05-16T09:33:49","slug":"login","status":"publish","type":"page","link":"https:\/\/spinbetter.center\/et\/login\/","title":{"rendered":"Logi sisse"},"content":{"rendered":"","protected":false},"excerpt":{"rendered":"","protected":false},"author":1,"featured_media":0,"parent":0,"menu_order":0,"comment_status":"closed","ping_status":"closed","template":"","meta":{"footnotes":""},"class_list":["post-422","page","type-page","status-publish","hentry"],"yoast_head":"<!-- This site is optimized with the Yoast SEO plugin v24.5 - https:\/\/yoast.com\/wordpress\/plugins\/seo\/ -->\n<title>SpinBetter Autoriseerimine | Juhised juurdep\u00e4\u00e4su taastamiseks<\/title>\n<meta name=\"description\" content=\"SpinBetteri kontole sisselogimise p\u00f5himeetodid. Samm-sammuline juhend unustatud salas\u00f5na taastamiseks. Lahendused tavalistele sisselogimisprobleemidele.\" \/>\n<meta name=\"robots\" content=\"index, follow, max-snippet:-1, max-image-preview:large, max-video-preview:-1\" \/>\n<link rel=\"canonical\" href=\"https:\/\/spinbetter.center\/et\/login\/\" \/>\n<meta property=\"og:locale\" content=\"et_EE\" \/>\n<meta property=\"og:type\" content=\"article\" \/>\n<meta property=\"og:title\" content=\"SpinBetter Autoriseerimine | Juhised juurdep\u00e4\u00e4su taastamiseks\" \/>\n<meta property=\"og:description\" content=\"SpinBetteri kontole sisselogimise p\u00f5himeetodid. Samm-sammuline juhend unustatud salas\u00f5na taastamiseks. Lahendused tavalistele sisselogimisprobleemidele.\" \/>\n<meta property=\"og:url\" content=\"https:\/\/spinbetter.center\/et\/login\/\" \/>\n<meta property=\"og:site_name\" content=\"Spinbetter center ET\" \/>\n<meta property=\"article:modified_time\" content=\"2025-05-16T09:33:49+00:00\" \/>\n<meta name=\"twitter:card\" content=\"summary_large_image\" \/>\n<script type=\"application\/ld+json\" class=\"yoast-schema-graph\">{\"@context\":\"https:\/\/schema.org\",\"@graph\":[{\"@type\":\"WebPage\",\"@id\":\"https:\/\/spinbetter.center\/et\/login\/\",\"url\":\"https:\/\/spinbetter.center\/et\/login\/\",\"name\":\"SpinBetter Autoriseerimine | Juhised juurdep\u00e4\u00e4su taastamiseks\",\"isPartOf\":{\"@id\":\"https:\/\/spinbetter.center\/et\/#website\"},\"datePublished\":\"2024-11-11T09:29:24+00:00\",\"dateModified\":\"2025-05-16T09:33:49+00:00\",\"description\":\"SpinBetteri kontole sisselogimise p\u00f5himeetodid. Samm-sammuline juhend unustatud salas\u00f5na taastamiseks. Lahendused tavalistele sisselogimisprobleemidele.\",\"breadcrumb\":{\"@id\":\"https:\/\/spinbetter.center\/et\/login\/#breadcrumb\"},\"inLanguage\":\"et\",\"potentialAction\":[{\"@type\":\"ReadAction\",\"target\":[\"https:\/\/spinbetter.center\/et\/login\/\"]}]},{\"@type\":\"BreadcrumbList\",\"@id\":\"https:\/\/spinbetter.center\/et\/login\/#breadcrumb\",\"itemListElement\":[{\"@type\":\"ListItem\",\"position\":1,\"name\":\"Home\",\"item\":\"https:\/\/spinbetter.center\/et\/\"},{\"@type\":\"ListItem\",\"position\":2,\"name\":\"Logi sisse\"}]},{\"@type\":\"WebSite\",\"@id\":\"https:\/\/spinbetter.center\/et\/#website\",\"url\":\"https:\/\/spinbetter.center\/et\/\",\"name\":\"SpinBetter\",\"description\":\"SpinBetter\",\"alternateName\":\"Spin Better\",\"potentialAction\":[{\"@type\":\"SearchAction\",\"target\":{\"@type\":\"EntryPoint\",\"urlTemplate\":\"https:\/\/spinbetter.center\/et\/?s={search_term_string}\"},\"query-input\":{\"@type\":\"PropertyValueSpecification\",\"valueRequired\":true,\"valueName\":\"search_term_string\"}}],\"inLanguage\":\"et\"}]}<\/script>\n<!-- \/ Yoast SEO plugin. -->","yoast_head_json":{"title":"SpinBetter Autoriseerimine | Juhised juurdep\u00e4\u00e4su taastamiseks","description":"SpinBetteri kontole sisselogimise p\u00f5himeetodid. Samm-sammuline juhend unustatud salas\u00f5na taastamiseks. Lahendused tavalistele sisselogimisprobleemidele.","robots":{"index":"index","follow":"follow","max-snippet":"max-snippet:-1","max-image-preview":"max-image-preview:large","max-video-preview":"max-video-preview:-1"},"canonical":"https:\/\/spinbetter.center\/et\/login\/","og_locale":"et_EE","og_type":"article","og_title":"SpinBetter Autoriseerimine | Juhised juurdep\u00e4\u00e4su taastamiseks","og_description":"SpinBetteri kontole sisselogimise p\u00f5himeetodid. Samm-sammuline juhend unustatud salas\u00f5na taastamiseks. Lahendused tavalistele sisselogimisprobleemidele.","og_url":"https:\/\/spinbetter.center\/et\/login\/","og_site_name":"Spinbetter center ET","article_modified_time":"2025-05-16T09:33:49+00:00","twitter_card":"summary_large_image","schema":{"@context":"https:\/\/schema.org","@graph":[{"@type":"WebPage","@id":"https:\/\/spinbetter.center\/et\/login\/","url":"https:\/\/spinbetter.center\/et\/login\/","name":"SpinBetter Autoriseerimine | Juhised juurdep\u00e4\u00e4su taastamiseks","isPartOf":{"@id":"https:\/\/spinbetter.center\/et\/#website"},"datePublished":"2024-11-11T09:29:24+00:00","dateModified":"2025-05-16T09:33:49+00:00","description":"SpinBetteri kontole sisselogimise p\u00f5himeetodid. Samm-sammuline juhend unustatud salas\u00f5na taastamiseks. Lahendused tavalistele sisselogimisprobleemidele.","breadcrumb":{"@id":"https:\/\/spinbetter.center\/et\/login\/#breadcrumb"},"inLanguage":"et","potentialAction":[{"@type":"ReadAction","target":["https:\/\/spinbetter.center\/et\/login\/"]}]},{"@type":"BreadcrumbList","@id":"https:\/\/spinbetter.center\/et\/login\/#breadcrumb","itemListElement":[{"@type":"ListItem","position":1,"name":"Home","item":"https:\/\/spinbetter.center\/et\/"},{"@type":"ListItem","position":2,"name":"Logi sisse"}]},{"@type":"WebSite","@id":"https:\/\/spinbetter.center\/et\/#website","url":"https:\/\/spinbetter.center\/et\/","name":"SpinBetter","description":"SpinBetter","alternateName":"Spin Better","potentialAction":[{"@type":"SearchAction","target":{"@type":"EntryPoint","urlTemplate":"https:\/\/spinbetter.center\/et\/?s={search_term_string}"},"query-input":{"@type":"PropertyValueSpecification","valueRequired":true,"valueName":"search_term_string"}}],"inLanguage":"et"}]}},"_links":{"self":[{"href":"https:\/\/spinbetter.center\/et\/wp-json\/wp\/v2\/pages\/422","targetHints":{"allow":["GET"]}}],"collection":[{"href":"https:\/\/spinbetter.center\/et\/wp-json\/wp\/v2\/pages"}],"about":[{"href":"https:\/\/spinbetter.center\/et\/wp-json\/wp\/v2\/types\/page"}],"author":[{"embeddable":true,"href":"https:\/\/spinbetter.center\/et\/wp-json\/wp\/v2\/users\/1"}],"replies":[{"embeddable":true,"href":"https:\/\/spinbetter.center\/et\/wp-json\/wp\/v2\/comments?post=422"}],"version-history":[{"count":1,"href":"https:\/\/spinbetter.center\/et\/wp-json\/wp\/v2\/pages\/422\/revisions"}],"predecessor-version":[{"id":764,"href":"https:\/\/spinbetter.center\/et\/wp-json\/wp\/v2\/pages\/422\/revisions\/764"}],"wp:attachment":[{"href":"https:\/\/spinbetter.center\/et\/wp-json\/wp\/v2\/media?parent=422"}],"curies":[{"name":"wp","href":"https:\/\/api.w.org\/{rel}","templated":true}]}}