{"id":339,"date":"2024-10-22T15:10:39","date_gmt":"2024-10-22T15:10:39","guid":{"rendered":"https:\/\/spinbetter.center\/et\/?page_id=339"},"modified":"2025-05-29T04:59:29","modified_gmt":"2025-05-29T04:59:29","slug":"promo-code","status":"publish","type":"page","link":"https:\/\/spinbetter.center\/et\/promo-code\/","title":{"rendered":"Kampaaniakood"},"content":{"rendered":"","protected":false},"excerpt":{"rendered":"","protected":false},"author":1,"featured_media":0,"parent":0,"menu_order":0,"comment_status":"closed","ping_status":"closed","template":"","meta":{"footnotes":""},"class_list":["post-339","page","type-page","status-publish","hentry"],"yoast_head":"<!-- This site is optimized with the Yoast SEO plugin v24.5 - https:\/\/yoast.com\/wordpress\/plugins\/seo\/ -->\n<title>SpinBetter 2025 Promo koodid | lisav\u00f5imalus boonuseks<\/title>\n<meta name=\"description\" content=\"Definitsioon SpinBetter promo koodid ja mida nad on v\u00e4\u00e4rtuslik m\u00e4ngija. Kust otsida salajast kombinatsiooni. Panustamise koodide j\u00e4rjekord.\" \/>\n<meta name=\"robots\" content=\"index, follow, max-snippet:-1, max-image-preview:large, max-video-preview:-1\" \/>\n<link rel=\"canonical\" href=\"https:\/\/spinbetter.center\/et\/promo-code\/\" \/>\n<meta property=\"og:locale\" content=\"et_EE\" \/>\n<meta property=\"og:type\" content=\"article\" \/>\n<meta property=\"og:title\" content=\"SpinBetter 2025 Promo koodid | lisav\u00f5imalus boonuseks\" \/>\n<meta property=\"og:description\" content=\"Definitsioon SpinBetter promo koodid ja mida nad on v\u00e4\u00e4rtuslik m\u00e4ngija. Kust otsida salajast kombinatsiooni. Panustamise koodide j\u00e4rjekord.\" \/>\n<meta property=\"og:url\" content=\"https:\/\/spinbetter.center\/et\/promo-code\/\" \/>\n<meta property=\"og:site_name\" content=\"Spinbetter center ET\" \/>\n<meta property=\"article:modified_time\" content=\"2025-05-29T04:59:29+00:00\" \/>\n<meta name=\"twitter:card\" content=\"summary_large_image\" \/>\n<script type=\"application\/ld+json\" class=\"yoast-schema-graph\">{\"@context\":\"https:\/\/schema.org\",\"@graph\":[{\"@type\":\"WebPage\",\"@id\":\"https:\/\/spinbetter.center\/et\/promo-code\/\",\"url\":\"https:\/\/spinbetter.center\/et\/promo-code\/\",\"name\":\"SpinBetter 2025 Promo koodid | lisav\u00f5imalus boonuseks\",\"isPartOf\":{\"@id\":\"https:\/\/spinbetter.center\/et\/#website\"},\"datePublished\":\"2024-10-22T15:10:39+00:00\",\"dateModified\":\"2025-05-29T04:59:29+00:00\",\"description\":\"Definitsioon SpinBetter promo koodid ja mida nad on v\u00e4\u00e4rtuslik m\u00e4ngija. Kust otsida salajast kombinatsiooni. Panustamise koodide j\u00e4rjekord.\",\"breadcrumb\":{\"@id\":\"https:\/\/spinbetter.center\/et\/promo-code\/#breadcrumb\"},\"inLanguage\":\"et\",\"potentialAction\":[{\"@type\":\"ReadAction\",\"target\":[\"https:\/\/spinbetter.center\/et\/promo-code\/\"]}]},{\"@type\":\"BreadcrumbList\",\"@id\":\"https:\/\/spinbetter.center\/et\/promo-code\/#breadcrumb\",\"itemListElement\":[{\"@type\":\"ListItem\",\"position\":1,\"name\":\"Home\",\"item\":\"https:\/\/spinbetter.center\/et\/\"},{\"@type\":\"ListItem\",\"position\":2,\"name\":\"Kampaaniakood\"}]},{\"@type\":\"WebSite\",\"@id\":\"https:\/\/spinbetter.center\/et\/#website\",\"url\":\"https:\/\/spinbetter.center\/et\/\",\"name\":\"SpinBetter\",\"description\":\"SpinBetter\",\"alternateName\":\"Spin Better\",\"potentialAction\":[{\"@type\":\"SearchAction\",\"target\":{\"@type\":\"EntryPoint\",\"urlTemplate\":\"https:\/\/spinbetter.center\/et\/?s={search_term_string}\"},\"query-input\":{\"@type\":\"PropertyValueSpecification\",\"valueRequired\":true,\"valueName\":\"search_term_string\"}}],\"inLanguage\":\"et\"}]}<\/script>\n<!-- \/ Yoast SEO plugin. -->","yoast_head_json":{"title":"SpinBetter 2025 Promo koodid | lisav\u00f5imalus boonuseks","description":"Definitsioon SpinBetter promo koodid ja mida nad on v\u00e4\u00e4rtuslik m\u00e4ngija. Kust otsida salajast kombinatsiooni. Panustamise koodide j\u00e4rjekord.","robots":{"index":"index","follow":"follow","max-snippet":"max-snippet:-1","max-image-preview":"max-image-preview:large","max-video-preview":"max-video-preview:-1"},"canonical":"https:\/\/spinbetter.center\/et\/promo-code\/","og_locale":"et_EE","og_type":"article","og_title":"SpinBetter 2025 Promo koodid | lisav\u00f5imalus boonuseks","og_description":"Definitsioon SpinBetter promo koodid ja mida nad on v\u00e4\u00e4rtuslik m\u00e4ngija. Kust otsida salajast kombinatsiooni. Panustamise koodide j\u00e4rjekord.","og_url":"https:\/\/spinbetter.center\/et\/promo-code\/","og_site_name":"Spinbetter center ET","article_modified_time":"2025-05-29T04:59:29+00:00","twitter_card":"summary_large_image","schema":{"@context":"https:\/\/schema.org","@graph":[{"@type":"WebPage","@id":"https:\/\/spinbetter.center\/et\/promo-code\/","url":"https:\/\/spinbetter.center\/et\/promo-code\/","name":"SpinBetter 2025 Promo koodid | lisav\u00f5imalus boonuseks","isPartOf":{"@id":"https:\/\/spinbetter.center\/et\/#website"},"datePublished":"2024-10-22T15:10:39+00:00","dateModified":"2025-05-29T04:59:29+00:00","description":"Definitsioon SpinBetter promo koodid ja mida nad on v\u00e4\u00e4rtuslik m\u00e4ngija. Kust otsida salajast kombinatsiooni. Panustamise koodide j\u00e4rjekord.","breadcrumb":{"@id":"https:\/\/spinbetter.center\/et\/promo-code\/#breadcrumb"},"inLanguage":"et","potentialAction":[{"@type":"ReadAction","target":["https:\/\/spinbetter.center\/et\/promo-code\/"]}]},{"@type":"BreadcrumbList","@id":"https:\/\/spinbetter.center\/et\/promo-code\/#breadcrumb","itemListElement":[{"@type":"ListItem","position":1,"name":"Home","item":"https:\/\/spinbetter.center\/et\/"},{"@type":"ListItem","position":2,"name":"Kampaaniakood"}]},{"@type":"WebSite","@id":"https:\/\/spinbetter.center\/et\/#website","url":"https:\/\/spinbetter.center\/et\/","name":"SpinBetter","description":"SpinBetter","alternateName":"Spin Better","potentialAction":[{"@type":"SearchAction","target":{"@type":"EntryPoint","urlTemplate":"https:\/\/spinbetter.center\/et\/?s={search_term_string}"},"query-input":{"@type":"PropertyValueSpecification","valueRequired":true,"valueName":"search_term_string"}}],"inLanguage":"et"}]}},"_links":{"self":[{"href":"https:\/\/spinbetter.center\/et\/wp-json\/wp\/v2\/pages\/339","targetHints":{"allow":["GET"]}}],"collection":[{"href":"https:\/\/spinbetter.center\/et\/wp-json\/wp\/v2\/pages"}],"about":[{"href":"https:\/\/spinbetter.center\/et\/wp-json\/wp\/v2\/types\/page"}],"author":[{"embeddable":true,"href":"https:\/\/spinbetter.center\/et\/wp-json\/wp\/v2\/users\/1"}],"replies":[{"embeddable":true,"href":"https:\/\/spinbetter.center\/et\/wp-json\/wp\/v2\/comments?post=339"}],"version-history":[{"count":11,"href":"https:\/\/spinbetter.center\/et\/wp-json\/wp\/v2\/pages\/339\/revisions"}],"predecessor-version":[{"id":771,"href":"https:\/\/spinbetter.center\/et\/wp-json\/wp\/v2\/pages\/339\/revisions\/771"}],"wp:attachment":[{"href":"https:\/\/spinbetter.center\/et\/wp-json\/wp\/v2\/media?parent=339"}],"curies":[{"name":"wp","href":"https:\/\/api.w.org\/{rel}","templated":true}]}}