{"id":523,"date":"2025-03-31T05:35:59","date_gmt":"2025-03-31T05:35:59","guid":{"rendered":"https:\/\/spinbetter.center\/?page_id=523"},"modified":"2025-04-08T13:13:42","modified_gmt":"2025-04-08T13:13:42","slug":"betting-cashback","status":"publish","type":"page","link":"https:\/\/spinbetter.center\/es\/bonuses\/betting-cashback\/","title":{"rendered":"Devoluci\u00f3n de apuestas"},"content":{"rendered":"","protected":false},"excerpt":{"rendered":"","protected":false},"author":1,"featured_media":0,"parent":272,"menu_order":0,"comment_status":"closed","ping_status":"closed","template":"","meta":{"footnotes":""},"class_list":["post-523","page","type-page","status-publish","hentry"],"yoast_head":"<!-- This site is optimized with the Yoast SEO plugin v24.5 - https:\/\/yoast.com\/wordpress\/plugins\/seo\/ -->\n<title>SpinBetter devoluci\u00f3n de apuestas: \u2705Reembolso semanal del 3%<\/title>\n<meta name=\"description\" content=\"\u00a1No se rinda despu\u00e9s de perder! Consigue un 3% de devoluci\u00f3n en tus apuestas deportivas con SpinBetter y recupera parte de tus p\u00e9rdidas. \u00a1Aprende a activar tu cashback semanal y haz tu juego a\u00fan m\u00e1s rentable!\" \/>\n<meta name=\"robots\" content=\"index, follow, max-snippet:-1, max-image-preview:large, max-video-preview:-1\" \/>\n<link rel=\"canonical\" href=\"https:\/\/spinbetter.center\/es\/bonuses\/betting-cashback\/\" \/>\n<meta property=\"og:locale\" content=\"es_ES\" \/>\n<meta property=\"og:type\" content=\"article\" \/>\n<meta property=\"og:title\" content=\"SpinBetter devoluci\u00f3n de apuestas: \u2705Reembolso semanal del 3%\" \/>\n<meta property=\"og:description\" content=\"\u00a1No se rinda despu\u00e9s de perder! Consigue un 3% de devoluci\u00f3n en tus apuestas deportivas con SpinBetter y recupera parte de tus p\u00e9rdidas. \u00a1Aprende a activar tu cashback semanal y haz tu juego a\u00fan m\u00e1s rentable!\" \/>\n<meta property=\"og:url\" content=\"https:\/\/spinbetter.center\/es\/bonuses\/betting-cashback\/\" \/>\n<meta property=\"og:site_name\" content=\"Spinbetter Win es\" \/>\n<meta property=\"article:modified_time\" content=\"2025-04-08T13:13:42+00:00\" \/>\n<meta name=\"twitter:card\" content=\"summary_large_image\" \/>\n<script type=\"application\/ld+json\" class=\"yoast-schema-graph\">{\"@context\":\"https:\/\/schema.org\",\"@graph\":[{\"@type\":\"WebPage\",\"@id\":\"https:\/\/spinbetter.center\/es\/bonuses\/betting-cashback\/\",\"url\":\"https:\/\/spinbetter.center\/es\/bonuses\/betting-cashback\/\",\"name\":\"SpinBetter devoluci\u00f3n de apuestas: \u2705Reembolso semanal del 3%\",\"isPartOf\":{\"@id\":\"https:\/\/spinbetter.center\/es\/#website\"},\"datePublished\":\"2025-03-31T05:35:59+00:00\",\"dateModified\":\"2025-04-08T13:13:42+00:00\",\"description\":\"\u00a1No se rinda despu\u00e9s de perder! Consigue un 3% de devoluci\u00f3n en tus apuestas deportivas con SpinBetter y recupera parte de tus p\u00e9rdidas. \u00a1Aprende a activar tu cashback semanal y haz tu juego a\u00fan m\u00e1s rentable!\",\"breadcrumb\":{\"@id\":\"https:\/\/spinbetter.center\/es\/bonuses\/betting-cashback\/#breadcrumb\"},\"inLanguage\":\"es\",\"potentialAction\":[{\"@type\":\"ReadAction\",\"target\":[\"https:\/\/spinbetter.center\/es\/bonuses\/betting-cashback\/\"]}]},{\"@type\":\"BreadcrumbList\",\"@id\":\"https:\/\/spinbetter.center\/es\/bonuses\/betting-cashback\/#breadcrumb\",\"itemListElement\":[{\"@type\":\"ListItem\",\"position\":1,\"name\":\"Home\",\"item\":\"https:\/\/spinbetter.center\/es\/\"},{\"@type\":\"ListItem\",\"position\":2,\"name\":\"Bonos\",\"item\":\"https:\/\/spinbetter.center\/es\/bonuses\/\"},{\"@type\":\"ListItem\",\"position\":3,\"name\":\"Devoluci\u00f3n de apuestas\"}]},{\"@type\":\"WebSite\",\"@id\":\"https:\/\/spinbetter.center\/es\/#website\",\"url\":\"https:\/\/spinbetter.center\/es\/\",\"name\":\"Spinbetter Win es\",\"description\":\"My WordPress Blog\",\"potentialAction\":[{\"@type\":\"SearchAction\",\"target\":{\"@type\":\"EntryPoint\",\"urlTemplate\":\"https:\/\/spinbetter.center\/es\/?s={search_term_string}\"},\"query-input\":{\"@type\":\"PropertyValueSpecification\",\"valueRequired\":true,\"valueName\":\"search_term_string\"}}],\"inLanguage\":\"es\"}]}<\/script>\n<!-- \/ Yoast SEO plugin. -->","yoast_head_json":{"title":"SpinBetter devoluci\u00f3n de apuestas: \u2705Reembolso semanal del 3%","description":"\u00a1No se rinda despu\u00e9s de perder! Consigue un 3% de devoluci\u00f3n en tus apuestas deportivas con SpinBetter y recupera parte de tus p\u00e9rdidas. \u00a1Aprende a activar tu cashback semanal y haz tu juego a\u00fan m\u00e1s rentable!","robots":{"index":"index","follow":"follow","max-snippet":"max-snippet:-1","max-image-preview":"max-image-preview:large","max-video-preview":"max-video-preview:-1"},"canonical":"https:\/\/spinbetter.center\/es\/bonuses\/betting-cashback\/","og_locale":"es_ES","og_type":"article","og_title":"SpinBetter devoluci\u00f3n de apuestas: \u2705Reembolso semanal del 3%","og_description":"\u00a1No se rinda despu\u00e9s de perder! Consigue un 3% de devoluci\u00f3n en tus apuestas deportivas con SpinBetter y recupera parte de tus p\u00e9rdidas. \u00a1Aprende a activar tu cashback semanal y haz tu juego a\u00fan m\u00e1s rentable!","og_url":"https:\/\/spinbetter.center\/es\/bonuses\/betting-cashback\/","og_site_name":"Spinbetter Win es","article_modified_time":"2025-04-08T13:13:42+00:00","twitter_card":"summary_large_image","schema":{"@context":"https:\/\/schema.org","@graph":[{"@type":"WebPage","@id":"https:\/\/spinbetter.center\/es\/bonuses\/betting-cashback\/","url":"https:\/\/spinbetter.center\/es\/bonuses\/betting-cashback\/","name":"SpinBetter devoluci\u00f3n de apuestas: \u2705Reembolso semanal del 3%","isPartOf":{"@id":"https:\/\/spinbetter.center\/es\/#website"},"datePublished":"2025-03-31T05:35:59+00:00","dateModified":"2025-04-08T13:13:42+00:00","description":"\u00a1No se rinda despu\u00e9s de perder! Consigue un 3% de devoluci\u00f3n en tus apuestas deportivas con SpinBetter y recupera parte de tus p\u00e9rdidas. \u00a1Aprende a activar tu cashback semanal y haz tu juego a\u00fan m\u00e1s rentable!","breadcrumb":{"@id":"https:\/\/spinbetter.center\/es\/bonuses\/betting-cashback\/#breadcrumb"},"inLanguage":"es","potentialAction":[{"@type":"ReadAction","target":["https:\/\/spinbetter.center\/es\/bonuses\/betting-cashback\/"]}]},{"@type":"BreadcrumbList","@id":"https:\/\/spinbetter.center\/es\/bonuses\/betting-cashback\/#breadcrumb","itemListElement":[{"@type":"ListItem","position":1,"name":"Home","item":"https:\/\/spinbetter.center\/es\/"},{"@type":"ListItem","position":2,"name":"Bonos","item":"https:\/\/spinbetter.center\/es\/bonuses\/"},{"@type":"ListItem","position":3,"name":"Devoluci\u00f3n de apuestas"}]},{"@type":"WebSite","@id":"https:\/\/spinbetter.center\/es\/#website","url":"https:\/\/spinbetter.center\/es\/","name":"Spinbetter Win es","description":"My WordPress Blog","potentialAction":[{"@type":"SearchAction","target":{"@type":"EntryPoint","urlTemplate":"https:\/\/spinbetter.center\/es\/?s={search_term_string}"},"query-input":{"@type":"PropertyValueSpecification","valueRequired":true,"valueName":"search_term_string"}}],"inLanguage":"es"}]}},"_links":{"self":[{"href":"https:\/\/spinbetter.center\/es\/wp-json\/wp\/v2\/pages\/523","targetHints":{"allow":["GET"]}}],"collection":[{"href":"https:\/\/spinbetter.center\/es\/wp-json\/wp\/v2\/pages"}],"about":[{"href":"https:\/\/spinbetter.center\/es\/wp-json\/wp\/v2\/types\/page"}],"author":[{"embeddable":true,"href":"https:\/\/spinbetter.center\/es\/wp-json\/wp\/v2\/users\/1"}],"replies":[{"embeddable":true,"href":"https:\/\/spinbetter.center\/es\/wp-json\/wp\/v2\/comments?post=523"}],"version-history":[{"count":5,"href":"https:\/\/spinbetter.center\/es\/wp-json\/wp\/v2\/pages\/523\/revisions"}],"predecessor-version":[{"id":538,"href":"https:\/\/spinbetter.center\/es\/wp-json\/wp\/v2\/pages\/523\/revisions\/538"}],"up":[{"embeddable":true,"href":"https:\/\/spinbetter.center\/es\/wp-json\/wp\/v2\/pages\/272"}],"wp:attachment":[{"href":"https:\/\/spinbetter.center\/es\/wp-json\/wp\/v2\/media?parent=523"}],"curies":[{"name":"wp","href":"https:\/\/api.w.org\/{rel}","templated":true}]}}