{"id":272,"date":"2024-09-18T14:55:02","date_gmt":"2024-09-18T14:55:02","guid":{"rendered":"https:\/\/spinbetter.center\/?page_id=272"},"modified":"2025-05-31T07:20:56","modified_gmt":"2025-05-31T07:20:56","slug":"bonuses","status":"publish","type":"page","link":"https:\/\/spinbetter.center\/es\/bonuses\/","title":{"rendered":"Bonos"},"content":{"rendered":"","protected":false},"excerpt":{"rendered":"","protected":false},"author":1,"featured_media":0,"parent":0,"menu_order":0,"comment_status":"closed","ping_status":"closed","template":"","meta":{"footnotes":""},"class_list":["post-272","page","type-page","status-publish","hentry"],"yoast_head":"<!-- This site is optimized with the Yoast SEO plugin v24.5 - https:\/\/yoast.com\/wordpress\/plugins\/seo\/ -->\n<title>SpinBetter Espa\u00f1a Bonos \u00bb Bonos de Bienvenida y Promociones<\/title>\n<meta name=\"description\" content=\"Spin Better ofrece grandes bonos tanto para nuevos clientes como para jugadores habituales. \u00bfC\u00f3mo reclamar el bono de Spinbetter? Consigue ofertas personalizadas, regalos de cumplea\u00f1os, tiradas gratis y bonos sin dep\u00f3sito de SpinBetter.\" \/>\n<meta name=\"robots\" content=\"index, follow, max-snippet:-1, max-image-preview:large, max-video-preview:-1\" \/>\n<link rel=\"canonical\" href=\"https:\/\/spinbetter.center\/es\/bonuses\/\" \/>\n<meta property=\"og:locale\" content=\"es_ES\" \/>\n<meta property=\"og:type\" content=\"article\" \/>\n<meta property=\"og:title\" content=\"SpinBetter Espa\u00f1a Bonos \u00bb Bonos de Bienvenida y Promociones\" \/>\n<meta property=\"og:description\" content=\"Spin Better ofrece grandes bonos tanto para nuevos clientes como para jugadores habituales. \u00bfC\u00f3mo reclamar el bono de Spinbetter? Consigue ofertas personalizadas, regalos de cumplea\u00f1os, tiradas gratis y bonos sin dep\u00f3sito de SpinBetter.\" \/>\n<meta property=\"og:url\" content=\"https:\/\/spinbetter.center\/es\/bonuses\/\" \/>\n<meta property=\"og:site_name\" content=\"Spinbetter Win es\" \/>\n<meta property=\"article:modified_time\" content=\"2025-05-31T07:20:56+00:00\" \/>\n<meta name=\"twitter:card\" content=\"summary_large_image\" \/>\n<script type=\"application\/ld+json\" class=\"yoast-schema-graph\">{\"@context\":\"https:\/\/schema.org\",\"@graph\":[{\"@type\":\"WebPage\",\"@id\":\"https:\/\/spinbetter.center\/es\/bonuses\/\",\"url\":\"https:\/\/spinbetter.center\/es\/bonuses\/\",\"name\":\"SpinBetter Espa\u00f1a Bonos \u00bb Bonos de Bienvenida y Promociones\",\"isPartOf\":{\"@id\":\"https:\/\/spinbetter.center\/es\/#website\"},\"datePublished\":\"2024-09-18T14:55:02+00:00\",\"dateModified\":\"2025-05-31T07:20:56+00:00\",\"description\":\"Spin Better ofrece grandes bonos tanto para nuevos clientes como para jugadores habituales. \u00bfC\u00f3mo reclamar el bono de Spinbetter? Consigue ofertas personalizadas, regalos de cumplea\u00f1os, tiradas gratis y bonos sin dep\u00f3sito de SpinBetter.\",\"breadcrumb\":{\"@id\":\"https:\/\/spinbetter.center\/es\/bonuses\/#breadcrumb\"},\"inLanguage\":\"es\",\"potentialAction\":[{\"@type\":\"ReadAction\",\"target\":[\"https:\/\/spinbetter.center\/es\/bonuses\/\"]}]},{\"@type\":\"BreadcrumbList\",\"@id\":\"https:\/\/spinbetter.center\/es\/bonuses\/#breadcrumb\",\"itemListElement\":[{\"@type\":\"ListItem\",\"position\":1,\"name\":\"Home\",\"item\":\"https:\/\/spinbetter.center\/es\/\"},{\"@type\":\"ListItem\",\"position\":2,\"name\":\"Bonos\"}]},{\"@type\":\"WebSite\",\"@id\":\"https:\/\/spinbetter.center\/es\/#website\",\"url\":\"https:\/\/spinbetter.center\/es\/\",\"name\":\"Spinbetter Win es\",\"description\":\"My WordPress Blog\",\"potentialAction\":[{\"@type\":\"SearchAction\",\"target\":{\"@type\":\"EntryPoint\",\"urlTemplate\":\"https:\/\/spinbetter.center\/es\/?s={search_term_string}\"},\"query-input\":{\"@type\":\"PropertyValueSpecification\",\"valueRequired\":true,\"valueName\":\"search_term_string\"}}],\"inLanguage\":\"es\"}]}<\/script>\n<!-- \/ Yoast SEO plugin. -->","yoast_head_json":{"title":"SpinBetter Espa\u00f1a Bonos \u00bb Bonos de Bienvenida y Promociones","description":"Spin Better ofrece grandes bonos tanto para nuevos clientes como para jugadores habituales. \u00bfC\u00f3mo reclamar el bono de Spinbetter? Consigue ofertas personalizadas, regalos de cumplea\u00f1os, tiradas gratis y bonos sin dep\u00f3sito de SpinBetter.","robots":{"index":"index","follow":"follow","max-snippet":"max-snippet:-1","max-image-preview":"max-image-preview:large","max-video-preview":"max-video-preview:-1"},"canonical":"https:\/\/spinbetter.center\/es\/bonuses\/","og_locale":"es_ES","og_type":"article","og_title":"SpinBetter Espa\u00f1a Bonos \u00bb Bonos de Bienvenida y Promociones","og_description":"Spin Better ofrece grandes bonos tanto para nuevos clientes como para jugadores habituales. \u00bfC\u00f3mo reclamar el bono de Spinbetter? Consigue ofertas personalizadas, regalos de cumplea\u00f1os, tiradas gratis y bonos sin dep\u00f3sito de SpinBetter.","og_url":"https:\/\/spinbetter.center\/es\/bonuses\/","og_site_name":"Spinbetter Win es","article_modified_time":"2025-05-31T07:20:56+00:00","twitter_card":"summary_large_image","schema":{"@context":"https:\/\/schema.org","@graph":[{"@type":"WebPage","@id":"https:\/\/spinbetter.center\/es\/bonuses\/","url":"https:\/\/spinbetter.center\/es\/bonuses\/","name":"SpinBetter Espa\u00f1a Bonos \u00bb Bonos de Bienvenida y Promociones","isPartOf":{"@id":"https:\/\/spinbetter.center\/es\/#website"},"datePublished":"2024-09-18T14:55:02+00:00","dateModified":"2025-05-31T07:20:56+00:00","description":"Spin Better ofrece grandes bonos tanto para nuevos clientes como para jugadores habituales. \u00bfC\u00f3mo reclamar el bono de Spinbetter? Consigue ofertas personalizadas, regalos de cumplea\u00f1os, tiradas gratis y bonos sin dep\u00f3sito de SpinBetter.","breadcrumb":{"@id":"https:\/\/spinbetter.center\/es\/bonuses\/#breadcrumb"},"inLanguage":"es","potentialAction":[{"@type":"ReadAction","target":["https:\/\/spinbetter.center\/es\/bonuses\/"]}]},{"@type":"BreadcrumbList","@id":"https:\/\/spinbetter.center\/es\/bonuses\/#breadcrumb","itemListElement":[{"@type":"ListItem","position":1,"name":"Home","item":"https:\/\/spinbetter.center\/es\/"},{"@type":"ListItem","position":2,"name":"Bonos"}]},{"@type":"WebSite","@id":"https:\/\/spinbetter.center\/es\/#website","url":"https:\/\/spinbetter.center\/es\/","name":"Spinbetter Win es","description":"My WordPress Blog","potentialAction":[{"@type":"SearchAction","target":{"@type":"EntryPoint","urlTemplate":"https:\/\/spinbetter.center\/es\/?s={search_term_string}"},"query-input":{"@type":"PropertyValueSpecification","valueRequired":true,"valueName":"search_term_string"}}],"inLanguage":"es"}]}},"_links":{"self":[{"href":"https:\/\/spinbetter.center\/es\/wp-json\/wp\/v2\/pages\/272","targetHints":{"allow":["GET"]}}],"collection":[{"href":"https:\/\/spinbetter.center\/es\/wp-json\/wp\/v2\/pages"}],"about":[{"href":"https:\/\/spinbetter.center\/es\/wp-json\/wp\/v2\/types\/page"}],"author":[{"embeddable":true,"href":"https:\/\/spinbetter.center\/es\/wp-json\/wp\/v2\/users\/1"}],"replies":[{"embeddable":true,"href":"https:\/\/spinbetter.center\/es\/wp-json\/wp\/v2\/comments?post=272"}],"version-history":[{"count":3,"href":"https:\/\/spinbetter.center\/es\/wp-json\/wp\/v2\/pages\/272\/revisions"}],"predecessor-version":[{"id":753,"href":"https:\/\/spinbetter.center\/es\/wp-json\/wp\/v2\/pages\/272\/revisions\/753"}],"wp:attachment":[{"href":"https:\/\/spinbetter.center\/es\/wp-json\/wp\/v2\/media?parent=272"}],"curies":[{"name":"wp","href":"https:\/\/api.w.org\/{rel}","templated":true}]}}