{"id":527,"date":"2025-03-31T05:47:08","date_gmt":"2025-03-31T05:47:08","guid":{"rendered":"https:\/\/spinbetter.center\/denmark\/?page_id=527"},"modified":"2025-05-25T15:07:57","modified_gmt":"2025-05-25T15:07:57","slug":"reload-bonus","status":"publish","type":"page","link":"https:\/\/spinbetter.center\/denmark\/bonuses\/reload-bonus\/","title":{"rendered":"Genindl\u00e6sningsbonus"},"content":{"rendered":"","protected":false},"excerpt":{"rendered":"","protected":false},"author":1,"featured_media":0,"parent":272,"menu_order":0,"comment_status":"closed","ping_status":"closed","template":"","meta":{"footnotes":""},"class_list":["post-527","page","type-page","status-publish","hentry"],"yoast_head":"<!-- This site is optimized with the Yoast SEO plugin v27.4 - https:\/\/yoast.com\/product\/yoast-seo-wordpress\/ -->\n<title>50% genindl\u00e6sningsbonus + 50 gratis spins hver onsdag!<\/title>\n<meta name=\"description\" content=\"G\u00e5 ikke glip af din spillegevinst onsdag! F\u00e5 en 50% bonus op til 1.300 DKK og 50 freespins blot ved at indbetale 100 DKK. Denne bonus er din chance for at vinde stort! H\u00e6v dine indsatser og erobre spilleautomater hver onsdag!\" \/>\n<meta name=\"robots\" content=\"index, follow, max-snippet:-1, max-image-preview:large, max-video-preview:-1\" \/>\n<link rel=\"canonical\" href=\"https:\/\/spinbetter.center\/denmark\/bonuses\/reload-bonus\/\" \/>\n<meta property=\"og:locale\" content=\"da_DK\" \/>\n<meta property=\"og:type\" content=\"article\" \/>\n<meta property=\"og:title\" content=\"50% genindl\u00e6sningsbonus + 50 gratis spins hver onsdag!\" \/>\n<meta property=\"og:description\" content=\"G\u00e5 ikke glip af din spillegevinst onsdag! F\u00e5 en 50% bonus op til 1.300 DKK og 50 freespins blot ved at indbetale 100 DKK. Denne bonus er din chance for at vinde stort! H\u00e6v dine indsatser og erobre spilleautomater hver onsdag!\" \/>\n<meta property=\"og:url\" content=\"https:\/\/spinbetter.center\/denmark\/bonuses\/reload-bonus\/\" \/>\n<meta property=\"og:site_name\" content=\"Spinbetter Center DA\" \/>\n<meta property=\"article:modified_time\" content=\"2025-05-25T15:07:57+00:00\" \/>\n<meta name=\"twitter:card\" content=\"summary_large_image\" \/>\n<script type=\"application\/ld+json\" class=\"yoast-schema-graph\">{\"@context\":\"https:\\\/\\\/schema.org\",\"@graph\":[{\"@type\":\"WebPage\",\"@id\":\"https:\\\/\\\/spinbetter.center\\\/denmark\\\/bonuses\\\/reload-bonus\\\/\",\"url\":\"https:\\\/\\\/spinbetter.center\\\/denmark\\\/bonuses\\\/reload-bonus\\\/\",\"name\":\"50% genindl\u00e6sningsbonus + 50 gratis spins hver onsdag!\",\"isPartOf\":{\"@id\":\"https:\\\/\\\/spinbetter.center\\\/denmark\\\/#website\"},\"datePublished\":\"2025-03-31T05:47:08+00:00\",\"dateModified\":\"2025-05-25T15:07:57+00:00\",\"description\":\"G\u00e5 ikke glip af din spillegevinst onsdag! F\u00e5 en 50% bonus op til 1.300 DKK og 50 freespins blot ved at indbetale 100 DKK. Denne bonus er din chance for at vinde stort! H\u00e6v dine indsatser og erobre spilleautomater hver onsdag!\",\"breadcrumb\":{\"@id\":\"https:\\\/\\\/spinbetter.center\\\/denmark\\\/bonuses\\\/reload-bonus\\\/#breadcrumb\"},\"inLanguage\":\"da-DK\",\"potentialAction\":[{\"@type\":\"ReadAction\",\"target\":[\"https:\\\/\\\/spinbetter.center\\\/denmark\\\/bonuses\\\/reload-bonus\\\/\"]}]},{\"@type\":\"BreadcrumbList\",\"@id\":\"https:\\\/\\\/spinbetter.center\\\/denmark\\\/bonuses\\\/reload-bonus\\\/#breadcrumb\",\"itemListElement\":[{\"@type\":\"ListItem\",\"position\":1,\"name\":\"Home\",\"item\":\"https:\\\/\\\/spinbetter.center\\\/denmark\\\/\"},{\"@type\":\"ListItem\",\"position\":2,\"name\":\"Bonusser\",\"item\":\"https:\\\/\\\/spinbetter.center\\\/denmark\\\/bonuses\\\/\"},{\"@type\":\"ListItem\",\"position\":3,\"name\":\"Genindl\u00e6sningsbonus\"}]},{\"@type\":\"WebSite\",\"@id\":\"https:\\\/\\\/spinbetter.center\\\/denmark\\\/#website\",\"url\":\"https:\\\/\\\/spinbetter.center\\\/denmark\\\/\",\"name\":\"SpinBetter\",\"description\":\"SpinBetter\",\"alternateName\":\"Spin Better\",\"potentialAction\":[{\"@type\":\"SearchAction\",\"target\":{\"@type\":\"EntryPoint\",\"urlTemplate\":\"https:\\\/\\\/spinbetter.center\\\/denmark\\\/?s={search_term_string}\"},\"query-input\":{\"@type\":\"PropertyValueSpecification\",\"valueRequired\":true,\"valueName\":\"search_term_string\"}}],\"inLanguage\":\"da-DK\"}]}<\/script>\n<!-- \/ Yoast SEO plugin. -->","yoast_head_json":{"title":"50% genindl\u00e6sningsbonus + 50 gratis spins hver onsdag!","description":"G\u00e5 ikke glip af din spillegevinst onsdag! F\u00e5 en 50% bonus op til 1.300 DKK og 50 freespins blot ved at indbetale 100 DKK. Denne bonus er din chance for at vinde stort! H\u00e6v dine indsatser og erobre spilleautomater hver onsdag!","robots":{"index":"index","follow":"follow","max-snippet":"max-snippet:-1","max-image-preview":"max-image-preview:large","max-video-preview":"max-video-preview:-1"},"canonical":"https:\/\/spinbetter.center\/denmark\/bonuses\/reload-bonus\/","og_locale":"da_DK","og_type":"article","og_title":"50% genindl\u00e6sningsbonus + 50 gratis spins hver onsdag!","og_description":"G\u00e5 ikke glip af din spillegevinst onsdag! F\u00e5 en 50% bonus op til 1.300 DKK og 50 freespins blot ved at indbetale 100 DKK. Denne bonus er din chance for at vinde stort! H\u00e6v dine indsatser og erobre spilleautomater hver onsdag!","og_url":"https:\/\/spinbetter.center\/denmark\/bonuses\/reload-bonus\/","og_site_name":"Spinbetter Center DA","article_modified_time":"2025-05-25T15:07:57+00:00","twitter_card":"summary_large_image","schema":{"@context":"https:\/\/schema.org","@graph":[{"@type":"WebPage","@id":"https:\/\/spinbetter.center\/denmark\/bonuses\/reload-bonus\/","url":"https:\/\/spinbetter.center\/denmark\/bonuses\/reload-bonus\/","name":"50% genindl\u00e6sningsbonus + 50 gratis spins hver onsdag!","isPartOf":{"@id":"https:\/\/spinbetter.center\/denmark\/#website"},"datePublished":"2025-03-31T05:47:08+00:00","dateModified":"2025-05-25T15:07:57+00:00","description":"G\u00e5 ikke glip af din spillegevinst onsdag! F\u00e5 en 50% bonus op til 1.300 DKK og 50 freespins blot ved at indbetale 100 DKK. Denne bonus er din chance for at vinde stort! H\u00e6v dine indsatser og erobre spilleautomater hver onsdag!","breadcrumb":{"@id":"https:\/\/spinbetter.center\/denmark\/bonuses\/reload-bonus\/#breadcrumb"},"inLanguage":"da-DK","potentialAction":[{"@type":"ReadAction","target":["https:\/\/spinbetter.center\/denmark\/bonuses\/reload-bonus\/"]}]},{"@type":"BreadcrumbList","@id":"https:\/\/spinbetter.center\/denmark\/bonuses\/reload-bonus\/#breadcrumb","itemListElement":[{"@type":"ListItem","position":1,"name":"Home","item":"https:\/\/spinbetter.center\/denmark\/"},{"@type":"ListItem","position":2,"name":"Bonusser","item":"https:\/\/spinbetter.center\/denmark\/bonuses\/"},{"@type":"ListItem","position":3,"name":"Genindl\u00e6sningsbonus"}]},{"@type":"WebSite","@id":"https:\/\/spinbetter.center\/denmark\/#website","url":"https:\/\/spinbetter.center\/denmark\/","name":"SpinBetter","description":"SpinBetter","alternateName":"Spin Better","potentialAction":[{"@type":"SearchAction","target":{"@type":"EntryPoint","urlTemplate":"https:\/\/spinbetter.center\/denmark\/?s={search_term_string}"},"query-input":{"@type":"PropertyValueSpecification","valueRequired":true,"valueName":"search_term_string"}}],"inLanguage":"da-DK"}]}},"_links":{"self":[{"href":"https:\/\/spinbetter.center\/denmark\/wp-json\/wp\/v2\/pages\/527","targetHints":{"allow":["GET"]}}],"collection":[{"href":"https:\/\/spinbetter.center\/denmark\/wp-json\/wp\/v2\/pages"}],"about":[{"href":"https:\/\/spinbetter.center\/denmark\/wp-json\/wp\/v2\/types\/page"}],"author":[{"embeddable":true,"href":"https:\/\/spinbetter.center\/denmark\/wp-json\/wp\/v2\/users\/1"}],"replies":[{"embeddable":true,"href":"https:\/\/spinbetter.center\/denmark\/wp-json\/wp\/v2\/comments?post=527"}],"version-history":[{"count":8,"href":"https:\/\/spinbetter.center\/denmark\/wp-json\/wp\/v2\/pages\/527\/revisions"}],"predecessor-version":[{"id":682,"href":"https:\/\/spinbetter.center\/denmark\/wp-json\/wp\/v2\/pages\/527\/revisions\/682"}],"up":[{"embeddable":true,"href":"https:\/\/spinbetter.center\/denmark\/wp-json\/wp\/v2\/pages\/272"}],"wp:attachment":[{"href":"https:\/\/spinbetter.center\/denmark\/wp-json\/wp\/v2\/media?parent=527"}],"curies":[{"name":"wp","href":"https:\/\/api.w.org\/{rel}","templated":true}]}}