{"id":521,"date":"2025-03-28T15:40:33","date_gmt":"2025-03-28T15:40:33","guid":{"rendered":"https:\/\/spinbetter.center\/denmark\/?page_id=521"},"modified":"2025-05-25T15:02:40","modified_gmt":"2025-05-25T15:02:40","slug":"losing-bets","status":"publish","type":"page","link":"https:\/\/spinbetter.center\/denmark\/bonuses\/losing-bets\/","title":{"rendered":"Tabende v\u00e6ddem\u00e5l"},"content":{"rendered":"","protected":false},"excerpt":{"rendered":"","protected":false},"author":1,"featured_media":0,"parent":272,"menu_order":0,"comment_status":"closed","ping_status":"closed","template":"","meta":{"footnotes":""},"class_list":["post-521","page","type-page","status-publish","hentry"],"yoast_head":"<!-- This site is optimized with the Yoast SEO plugin v24.5 - https:\/\/yoast.com\/wordpress\/plugins\/seo\/ -->\n<title>SpinBetter-bonus for en r\u00e6kke d\u00e5rlige v\u00e6ddem\u00e5l: f\u00e5 op til 3.300 kr.<\/title>\n<meta name=\"description\" content=\"Lad ikke tilbageslag kn\u00e6kke dig! SpinBetter vil ikke overlade dig til din sk\u00e6bne! F\u00e5 en ekstra chance og op til 3.300 kr. i kompensation for en r\u00e6kke d\u00e5rlige v\u00e6ddem\u00e5l. F\u00e5 din selvtillid tilbage og vind, mens andre g\u00e5r i panik!\" \/>\n<meta name=\"robots\" content=\"index, follow, max-snippet:-1, max-image-preview:large, max-video-preview:-1\" \/>\n<link rel=\"canonical\" href=\"https:\/\/spinbetter.center\/denmark\/bonuses\/losing-bets\/\" \/>\n<meta property=\"og:locale\" content=\"da_DK\" \/>\n<meta property=\"og:type\" content=\"article\" \/>\n<meta property=\"og:title\" content=\"SpinBetter-bonus for en r\u00e6kke d\u00e5rlige v\u00e6ddem\u00e5l: f\u00e5 op til 3.300 kr.\" \/>\n<meta property=\"og:description\" content=\"Lad ikke tilbageslag kn\u00e6kke dig! SpinBetter vil ikke overlade dig til din sk\u00e6bne! F\u00e5 en ekstra chance og op til 3.300 kr. i kompensation for en r\u00e6kke d\u00e5rlige v\u00e6ddem\u00e5l. F\u00e5 din selvtillid tilbage og vind, mens andre g\u00e5r i panik!\" \/>\n<meta property=\"og:url\" content=\"https:\/\/spinbetter.center\/denmark\/bonuses\/losing-bets\/\" \/>\n<meta property=\"og:site_name\" content=\"Spinbetter Center DA\" \/>\n<meta property=\"article:modified_time\" content=\"2025-05-25T15:02:40+00:00\" \/>\n<meta name=\"twitter:card\" content=\"summary_large_image\" \/>\n<script type=\"application\/ld+json\" class=\"yoast-schema-graph\">{\"@context\":\"https:\/\/schema.org\",\"@graph\":[{\"@type\":\"WebPage\",\"@id\":\"https:\/\/spinbetter.center\/denmark\/bonuses\/losing-bets\/\",\"url\":\"https:\/\/spinbetter.center\/denmark\/bonuses\/losing-bets\/\",\"name\":\"SpinBetter-bonus for en r\u00e6kke d\u00e5rlige v\u00e6ddem\u00e5l: f\u00e5 op til 3.300 kr.\",\"isPartOf\":{\"@id\":\"https:\/\/spinbetter.center\/denmark\/#website\"},\"datePublished\":\"2025-03-28T15:40:33+00:00\",\"dateModified\":\"2025-05-25T15:02:40+00:00\",\"description\":\"Lad ikke tilbageslag kn\u00e6kke dig! SpinBetter vil ikke overlade dig til din sk\u00e6bne! F\u00e5 en ekstra chance og op til 3.300 kr. i kompensation for en r\u00e6kke d\u00e5rlige v\u00e6ddem\u00e5l. F\u00e5 din selvtillid tilbage og vind, mens andre g\u00e5r i panik!\",\"breadcrumb\":{\"@id\":\"https:\/\/spinbetter.center\/denmark\/bonuses\/losing-bets\/#breadcrumb\"},\"inLanguage\":\"da-DK\",\"potentialAction\":[{\"@type\":\"ReadAction\",\"target\":[\"https:\/\/spinbetter.center\/denmark\/bonuses\/losing-bets\/\"]}]},{\"@type\":\"BreadcrumbList\",\"@id\":\"https:\/\/spinbetter.center\/denmark\/bonuses\/losing-bets\/#breadcrumb\",\"itemListElement\":[{\"@type\":\"ListItem\",\"position\":1,\"name\":\"Home\",\"item\":\"https:\/\/spinbetter.center\/denmark\/\"},{\"@type\":\"ListItem\",\"position\":2,\"name\":\"Bonusser\",\"item\":\"https:\/\/spinbetter.center\/denmark\/bonuses\/\"},{\"@type\":\"ListItem\",\"position\":3,\"name\":\"Tabende v\u00e6ddem\u00e5l\"}]},{\"@type\":\"WebSite\",\"@id\":\"https:\/\/spinbetter.center\/denmark\/#website\",\"url\":\"https:\/\/spinbetter.center\/denmark\/\",\"name\":\"SpinBetter\",\"description\":\"SpinBetter\",\"alternateName\":\"Spin Better\",\"potentialAction\":[{\"@type\":\"SearchAction\",\"target\":{\"@type\":\"EntryPoint\",\"urlTemplate\":\"https:\/\/spinbetter.center\/denmark\/?s={search_term_string}\"},\"query-input\":{\"@type\":\"PropertyValueSpecification\",\"valueRequired\":true,\"valueName\":\"search_term_string\"}}],\"inLanguage\":\"da-DK\"}]}<\/script>\n<!-- \/ Yoast SEO plugin. -->","yoast_head_json":{"title":"SpinBetter-bonus for en r\u00e6kke d\u00e5rlige v\u00e6ddem\u00e5l: f\u00e5 op til 3.300 kr.","description":"Lad ikke tilbageslag kn\u00e6kke dig! SpinBetter vil ikke overlade dig til din sk\u00e6bne! F\u00e5 en ekstra chance og op til 3.300 kr. i kompensation for en r\u00e6kke d\u00e5rlige v\u00e6ddem\u00e5l. F\u00e5 din selvtillid tilbage og vind, mens andre g\u00e5r i panik!","robots":{"index":"index","follow":"follow","max-snippet":"max-snippet:-1","max-image-preview":"max-image-preview:large","max-video-preview":"max-video-preview:-1"},"canonical":"https:\/\/spinbetter.center\/denmark\/bonuses\/losing-bets\/","og_locale":"da_DK","og_type":"article","og_title":"SpinBetter-bonus for en r\u00e6kke d\u00e5rlige v\u00e6ddem\u00e5l: f\u00e5 op til 3.300 kr.","og_description":"Lad ikke tilbageslag kn\u00e6kke dig! SpinBetter vil ikke overlade dig til din sk\u00e6bne! F\u00e5 en ekstra chance og op til 3.300 kr. i kompensation for en r\u00e6kke d\u00e5rlige v\u00e6ddem\u00e5l. F\u00e5 din selvtillid tilbage og vind, mens andre g\u00e5r i panik!","og_url":"https:\/\/spinbetter.center\/denmark\/bonuses\/losing-bets\/","og_site_name":"Spinbetter Center DA","article_modified_time":"2025-05-25T15:02:40+00:00","twitter_card":"summary_large_image","schema":{"@context":"https:\/\/schema.org","@graph":[{"@type":"WebPage","@id":"https:\/\/spinbetter.center\/denmark\/bonuses\/losing-bets\/","url":"https:\/\/spinbetter.center\/denmark\/bonuses\/losing-bets\/","name":"SpinBetter-bonus for en r\u00e6kke d\u00e5rlige v\u00e6ddem\u00e5l: f\u00e5 op til 3.300 kr.","isPartOf":{"@id":"https:\/\/spinbetter.center\/denmark\/#website"},"datePublished":"2025-03-28T15:40:33+00:00","dateModified":"2025-05-25T15:02:40+00:00","description":"Lad ikke tilbageslag kn\u00e6kke dig! SpinBetter vil ikke overlade dig til din sk\u00e6bne! F\u00e5 en ekstra chance og op til 3.300 kr. i kompensation for en r\u00e6kke d\u00e5rlige v\u00e6ddem\u00e5l. F\u00e5 din selvtillid tilbage og vind, mens andre g\u00e5r i panik!","breadcrumb":{"@id":"https:\/\/spinbetter.center\/denmark\/bonuses\/losing-bets\/#breadcrumb"},"inLanguage":"da-DK","potentialAction":[{"@type":"ReadAction","target":["https:\/\/spinbetter.center\/denmark\/bonuses\/losing-bets\/"]}]},{"@type":"BreadcrumbList","@id":"https:\/\/spinbetter.center\/denmark\/bonuses\/losing-bets\/#breadcrumb","itemListElement":[{"@type":"ListItem","position":1,"name":"Home","item":"https:\/\/spinbetter.center\/denmark\/"},{"@type":"ListItem","position":2,"name":"Bonusser","item":"https:\/\/spinbetter.center\/denmark\/bonuses\/"},{"@type":"ListItem","position":3,"name":"Tabende v\u00e6ddem\u00e5l"}]},{"@type":"WebSite","@id":"https:\/\/spinbetter.center\/denmark\/#website","url":"https:\/\/spinbetter.center\/denmark\/","name":"SpinBetter","description":"SpinBetter","alternateName":"Spin Better","potentialAction":[{"@type":"SearchAction","target":{"@type":"EntryPoint","urlTemplate":"https:\/\/spinbetter.center\/denmark\/?s={search_term_string}"},"query-input":{"@type":"PropertyValueSpecification","valueRequired":true,"valueName":"search_term_string"}}],"inLanguage":"da-DK"}]}},"_links":{"self":[{"href":"https:\/\/spinbetter.center\/denmark\/wp-json\/wp\/v2\/pages\/521","targetHints":{"allow":["GET"]}}],"collection":[{"href":"https:\/\/spinbetter.center\/denmark\/wp-json\/wp\/v2\/pages"}],"about":[{"href":"https:\/\/spinbetter.center\/denmark\/wp-json\/wp\/v2\/types\/page"}],"author":[{"embeddable":true,"href":"https:\/\/spinbetter.center\/denmark\/wp-json\/wp\/v2\/users\/1"}],"replies":[{"embeddable":true,"href":"https:\/\/spinbetter.center\/denmark\/wp-json\/wp\/v2\/comments?post=521"}],"version-history":[{"count":8,"href":"https:\/\/spinbetter.center\/denmark\/wp-json\/wp\/v2\/pages\/521\/revisions"}],"predecessor-version":[{"id":679,"href":"https:\/\/spinbetter.center\/denmark\/wp-json\/wp\/v2\/pages\/521\/revisions\/679"}],"up":[{"embeddable":true,"href":"https:\/\/spinbetter.center\/denmark\/wp-json\/wp\/v2\/pages\/272"}],"wp:attachment":[{"href":"https:\/\/spinbetter.center\/denmark\/wp-json\/wp\/v2\/media?parent=521"}],"curies":[{"name":"wp","href":"https:\/\/api.w.org\/{rel}","templated":true}]}}