{"id":404,"date":"2024-11-11T07:02:10","date_gmt":"2024-11-11T07:02:10","guid":{"rendered":"https:\/\/spinbetter.center\/denmark\/?page_id=404"},"modified":"2025-05-12T11:39:02","modified_gmt":"2025-05-12T11:39:02","slug":"registration","status":"publish","type":"page","link":"https:\/\/spinbetter.center\/denmark\/registration\/","title":{"rendered":"Registrering"},"content":{"rendered":"","protected":false},"excerpt":{"rendered":"","protected":false},"author":1,"featured_media":0,"parent":0,"menu_order":0,"comment_status":"closed","ping_status":"closed","template":"","meta":{"footnotes":""},"class_list":["post-404","page","type-page","status-publish","hentry"],"yoast_head":"<!-- This site is optimized with the Yoast SEO plugin v27.4 - https:\/\/yoast.com\/product\/yoast-seo-wordpress\/ -->\n<title>Trin-for-trin SpinBetter registreringsprocedure og velkomstbonus<\/title>\n<meta name=\"description\" content=\"En detaljeret beskrivelse af registreringsprocessen i SpinBetter 2025. Grunde til at du b\u00f8r v\u00e6lge netop dette websted. Hvad er verifikation, hvorfor du har brug for det, og hvordan du best\u00e5r det.\" \/>\n<meta name=\"robots\" content=\"index, follow, max-snippet:-1, max-image-preview:large, max-video-preview:-1\" \/>\n<link rel=\"canonical\" href=\"https:\/\/spinbetter.center\/denmark\/registration\/\" \/>\n<meta property=\"og:locale\" content=\"da_DK\" \/>\n<meta property=\"og:type\" content=\"article\" \/>\n<meta property=\"og:title\" content=\"Trin-for-trin SpinBetter registreringsprocedure og velkomstbonus\" \/>\n<meta property=\"og:description\" content=\"En detaljeret beskrivelse af registreringsprocessen i SpinBetter 2025. Grunde til at du b\u00f8r v\u00e6lge netop dette websted. Hvad er verifikation, hvorfor du har brug for det, og hvordan du best\u00e5r det.\" \/>\n<meta property=\"og:url\" content=\"https:\/\/spinbetter.center\/denmark\/registration\/\" \/>\n<meta property=\"og:site_name\" content=\"Spinbetter Center DA\" \/>\n<meta property=\"article:modified_time\" content=\"2025-05-12T11:39:02+00:00\" \/>\n<meta name=\"twitter:card\" content=\"summary_large_image\" \/>\n<script type=\"application\/ld+json\" class=\"yoast-schema-graph\">{\"@context\":\"https:\\\/\\\/schema.org\",\"@graph\":[{\"@type\":\"WebPage\",\"@id\":\"https:\\\/\\\/spinbetter.center\\\/denmark\\\/registration\\\/\",\"url\":\"https:\\\/\\\/spinbetter.center\\\/denmark\\\/registration\\\/\",\"name\":\"Trin-for-trin SpinBetter registreringsprocedure og velkomstbonus\",\"isPartOf\":{\"@id\":\"https:\\\/\\\/spinbetter.center\\\/denmark\\\/#website\"},\"datePublished\":\"2024-11-11T07:02:10+00:00\",\"dateModified\":\"2025-05-12T11:39:02+00:00\",\"description\":\"En detaljeret beskrivelse af registreringsprocessen i SpinBetter 2025. Grunde til at du b\u00f8r v\u00e6lge netop dette websted. Hvad er verifikation, hvorfor du har brug for det, og hvordan du best\u00e5r det.\",\"breadcrumb\":{\"@id\":\"https:\\\/\\\/spinbetter.center\\\/denmark\\\/registration\\\/#breadcrumb\"},\"inLanguage\":\"da-DK\",\"potentialAction\":[{\"@type\":\"ReadAction\",\"target\":[\"https:\\\/\\\/spinbetter.center\\\/denmark\\\/registration\\\/\"]}]},{\"@type\":\"BreadcrumbList\",\"@id\":\"https:\\\/\\\/spinbetter.center\\\/denmark\\\/registration\\\/#breadcrumb\",\"itemListElement\":[{\"@type\":\"ListItem\",\"position\":1,\"name\":\"Home\",\"item\":\"https:\\\/\\\/spinbetter.center\\\/denmark\\\/\"},{\"@type\":\"ListItem\",\"position\":2,\"name\":\"Registrering\"}]},{\"@type\":\"WebSite\",\"@id\":\"https:\\\/\\\/spinbetter.center\\\/denmark\\\/#website\",\"url\":\"https:\\\/\\\/spinbetter.center\\\/denmark\\\/\",\"name\":\"SpinBetter\",\"description\":\"SpinBetter\",\"alternateName\":\"Spin Better\",\"potentialAction\":[{\"@type\":\"SearchAction\",\"target\":{\"@type\":\"EntryPoint\",\"urlTemplate\":\"https:\\\/\\\/spinbetter.center\\\/denmark\\\/?s={search_term_string}\"},\"query-input\":{\"@type\":\"PropertyValueSpecification\",\"valueRequired\":true,\"valueName\":\"search_term_string\"}}],\"inLanguage\":\"da-DK\"}]}<\/script>\n<!-- \/ Yoast SEO plugin. -->","yoast_head_json":{"title":"Trin-for-trin SpinBetter registreringsprocedure og velkomstbonus","description":"En detaljeret beskrivelse af registreringsprocessen i SpinBetter 2025. Grunde til at du b\u00f8r v\u00e6lge netop dette websted. Hvad er verifikation, hvorfor du har brug for det, og hvordan du best\u00e5r det.","robots":{"index":"index","follow":"follow","max-snippet":"max-snippet:-1","max-image-preview":"max-image-preview:large","max-video-preview":"max-video-preview:-1"},"canonical":"https:\/\/spinbetter.center\/denmark\/registration\/","og_locale":"da_DK","og_type":"article","og_title":"Trin-for-trin SpinBetter registreringsprocedure og velkomstbonus","og_description":"En detaljeret beskrivelse af registreringsprocessen i SpinBetter 2025. Grunde til at du b\u00f8r v\u00e6lge netop dette websted. Hvad er verifikation, hvorfor du har brug for det, og hvordan du best\u00e5r det.","og_url":"https:\/\/spinbetter.center\/denmark\/registration\/","og_site_name":"Spinbetter Center DA","article_modified_time":"2025-05-12T11:39:02+00:00","twitter_card":"summary_large_image","schema":{"@context":"https:\/\/schema.org","@graph":[{"@type":"WebPage","@id":"https:\/\/spinbetter.center\/denmark\/registration\/","url":"https:\/\/spinbetter.center\/denmark\/registration\/","name":"Trin-for-trin SpinBetter registreringsprocedure og velkomstbonus","isPartOf":{"@id":"https:\/\/spinbetter.center\/denmark\/#website"},"datePublished":"2024-11-11T07:02:10+00:00","dateModified":"2025-05-12T11:39:02+00:00","description":"En detaljeret beskrivelse af registreringsprocessen i SpinBetter 2025. Grunde til at du b\u00f8r v\u00e6lge netop dette websted. Hvad er verifikation, hvorfor du har brug for det, og hvordan du best\u00e5r det.","breadcrumb":{"@id":"https:\/\/spinbetter.center\/denmark\/registration\/#breadcrumb"},"inLanguage":"da-DK","potentialAction":[{"@type":"ReadAction","target":["https:\/\/spinbetter.center\/denmark\/registration\/"]}]},{"@type":"BreadcrumbList","@id":"https:\/\/spinbetter.center\/denmark\/registration\/#breadcrumb","itemListElement":[{"@type":"ListItem","position":1,"name":"Home","item":"https:\/\/spinbetter.center\/denmark\/"},{"@type":"ListItem","position":2,"name":"Registrering"}]},{"@type":"WebSite","@id":"https:\/\/spinbetter.center\/denmark\/#website","url":"https:\/\/spinbetter.center\/denmark\/","name":"SpinBetter","description":"SpinBetter","alternateName":"Spin Better","potentialAction":[{"@type":"SearchAction","target":{"@type":"EntryPoint","urlTemplate":"https:\/\/spinbetter.center\/denmark\/?s={search_term_string}"},"query-input":{"@type":"PropertyValueSpecification","valueRequired":true,"valueName":"search_term_string"}}],"inLanguage":"da-DK"}]}},"_links":{"self":[{"href":"https:\/\/spinbetter.center\/denmark\/wp-json\/wp\/v2\/pages\/404","targetHints":{"allow":["GET"]}}],"collection":[{"href":"https:\/\/spinbetter.center\/denmark\/wp-json\/wp\/v2\/pages"}],"about":[{"href":"https:\/\/spinbetter.center\/denmark\/wp-json\/wp\/v2\/types\/page"}],"author":[{"embeddable":true,"href":"https:\/\/spinbetter.center\/denmark\/wp-json\/wp\/v2\/users\/1"}],"replies":[{"embeddable":true,"href":"https:\/\/spinbetter.center\/denmark\/wp-json\/wp\/v2\/comments?post=404"}],"version-history":[{"count":1,"href":"https:\/\/spinbetter.center\/denmark\/wp-json\/wp\/v2\/pages\/404\/revisions"}],"predecessor-version":[{"id":674,"href":"https:\/\/spinbetter.center\/denmark\/wp-json\/wp\/v2\/pages\/404\/revisions\/674"}],"wp:attachment":[{"href":"https:\/\/spinbetter.center\/denmark\/wp-json\/wp\/v2\/media?parent=404"}],"curies":[{"name":"wp","href":"https:\/\/api.w.org\/{rel}","templated":true}]}}