{"id":339,"date":"2024-10-22T15:10:39","date_gmt":"2024-10-22T15:10:39","guid":{"rendered":"https:\/\/spinbetter.center\/denmark\/?page_id=339"},"modified":"2025-05-26T08:37:29","modified_gmt":"2025-05-26T08:37:29","slug":"promo-code","status":"publish","type":"page","link":"https:\/\/spinbetter.center\/denmark\/promo-code\/","title":{"rendered":"Kampagnekode"},"content":{"rendered":"","protected":false},"excerpt":{"rendered":"","protected":false},"author":1,"featured_media":0,"parent":0,"menu_order":0,"comment_status":"closed","ping_status":"closed","template":"","meta":{"footnotes":""},"class_list":["post-339","page","type-page","status-publish","hentry"],"yoast_head":"<!-- This site is optimized with the Yoast SEO plugin v24.5 - https:\/\/yoast.com\/wordpress\/plugins\/seo\/ -->\n<title>SpinBetter 2025-kampagnekoder | en ekstra mulighed for en bonus<\/title>\n<meta name=\"description\" content=\"Definition af SpinBetter-kampagnekoder, og hvad de er v\u00e6rd for spilleren. Hvor man skal lede efter den hemmelige kombination. R\u00e6kkef\u00f8lgen af indsatskoder.\" \/>\n<meta name=\"robots\" content=\"index, follow, max-snippet:-1, max-image-preview:large, max-video-preview:-1\" \/>\n<link rel=\"canonical\" href=\"https:\/\/spinbetter.center\/denmark\/promo-code\/\" \/>\n<meta property=\"og:locale\" content=\"da_DK\" \/>\n<meta property=\"og:type\" content=\"article\" \/>\n<meta property=\"og:title\" content=\"SpinBetter 2025-kampagnekoder | en ekstra mulighed for en bonus\" \/>\n<meta property=\"og:description\" content=\"Definition af SpinBetter-kampagnekoder, og hvad de er v\u00e6rd for spilleren. Hvor man skal lede efter den hemmelige kombination. R\u00e6kkef\u00f8lgen af indsatskoder.\" \/>\n<meta property=\"og:url\" content=\"https:\/\/spinbetter.center\/denmark\/promo-code\/\" \/>\n<meta property=\"og:site_name\" content=\"Spinbetter Center DA\" \/>\n<meta property=\"article:modified_time\" content=\"2025-05-26T08:37:29+00:00\" \/>\n<meta name=\"twitter:card\" content=\"summary_large_image\" \/>\n<script type=\"application\/ld+json\" class=\"yoast-schema-graph\">{\"@context\":\"https:\/\/schema.org\",\"@graph\":[{\"@type\":\"WebPage\",\"@id\":\"https:\/\/spinbetter.center\/denmark\/promo-code\/\",\"url\":\"https:\/\/spinbetter.center\/denmark\/promo-code\/\",\"name\":\"SpinBetter 2025-kampagnekoder | en ekstra mulighed for en bonus\",\"isPartOf\":{\"@id\":\"https:\/\/spinbetter.center\/denmark\/#website\"},\"datePublished\":\"2024-10-22T15:10:39+00:00\",\"dateModified\":\"2025-05-26T08:37:29+00:00\",\"description\":\"Definition af SpinBetter-kampagnekoder, og hvad de er v\u00e6rd for spilleren. Hvor man skal lede efter den hemmelige kombination. R\u00e6kkef\u00f8lgen af indsatskoder.\",\"breadcrumb\":{\"@id\":\"https:\/\/spinbetter.center\/denmark\/promo-code\/#breadcrumb\"},\"inLanguage\":\"da-DK\",\"potentialAction\":[{\"@type\":\"ReadAction\",\"target\":[\"https:\/\/spinbetter.center\/denmark\/promo-code\/\"]}]},{\"@type\":\"BreadcrumbList\",\"@id\":\"https:\/\/spinbetter.center\/denmark\/promo-code\/#breadcrumb\",\"itemListElement\":[{\"@type\":\"ListItem\",\"position\":1,\"name\":\"Home\",\"item\":\"https:\/\/spinbetter.center\/denmark\/\"},{\"@type\":\"ListItem\",\"position\":2,\"name\":\"Kampagnekode\"}]},{\"@type\":\"WebSite\",\"@id\":\"https:\/\/spinbetter.center\/denmark\/#website\",\"url\":\"https:\/\/spinbetter.center\/denmark\/\",\"name\":\"SpinBetter\",\"description\":\"SpinBetter\",\"alternateName\":\"Spin Better\",\"potentialAction\":[{\"@type\":\"SearchAction\",\"target\":{\"@type\":\"EntryPoint\",\"urlTemplate\":\"https:\/\/spinbetter.center\/denmark\/?s={search_term_string}\"},\"query-input\":{\"@type\":\"PropertyValueSpecification\",\"valueRequired\":true,\"valueName\":\"search_term_string\"}}],\"inLanguage\":\"da-DK\"}]}<\/script>\n<!-- \/ Yoast SEO plugin. -->","yoast_head_json":{"title":"SpinBetter 2025-kampagnekoder | en ekstra mulighed for en bonus","description":"Definition af SpinBetter-kampagnekoder, og hvad de er v\u00e6rd for spilleren. Hvor man skal lede efter den hemmelige kombination. R\u00e6kkef\u00f8lgen af indsatskoder.","robots":{"index":"index","follow":"follow","max-snippet":"max-snippet:-1","max-image-preview":"max-image-preview:large","max-video-preview":"max-video-preview:-1"},"canonical":"https:\/\/spinbetter.center\/denmark\/promo-code\/","og_locale":"da_DK","og_type":"article","og_title":"SpinBetter 2025-kampagnekoder | en ekstra mulighed for en bonus","og_description":"Definition af SpinBetter-kampagnekoder, og hvad de er v\u00e6rd for spilleren. Hvor man skal lede efter den hemmelige kombination. R\u00e6kkef\u00f8lgen af indsatskoder.","og_url":"https:\/\/spinbetter.center\/denmark\/promo-code\/","og_site_name":"Spinbetter Center DA","article_modified_time":"2025-05-26T08:37:29+00:00","twitter_card":"summary_large_image","schema":{"@context":"https:\/\/schema.org","@graph":[{"@type":"WebPage","@id":"https:\/\/spinbetter.center\/denmark\/promo-code\/","url":"https:\/\/spinbetter.center\/denmark\/promo-code\/","name":"SpinBetter 2025-kampagnekoder | en ekstra mulighed for en bonus","isPartOf":{"@id":"https:\/\/spinbetter.center\/denmark\/#website"},"datePublished":"2024-10-22T15:10:39+00:00","dateModified":"2025-05-26T08:37:29+00:00","description":"Definition af SpinBetter-kampagnekoder, og hvad de er v\u00e6rd for spilleren. Hvor man skal lede efter den hemmelige kombination. R\u00e6kkef\u00f8lgen af indsatskoder.","breadcrumb":{"@id":"https:\/\/spinbetter.center\/denmark\/promo-code\/#breadcrumb"},"inLanguage":"da-DK","potentialAction":[{"@type":"ReadAction","target":["https:\/\/spinbetter.center\/denmark\/promo-code\/"]}]},{"@type":"BreadcrumbList","@id":"https:\/\/spinbetter.center\/denmark\/promo-code\/#breadcrumb","itemListElement":[{"@type":"ListItem","position":1,"name":"Home","item":"https:\/\/spinbetter.center\/denmark\/"},{"@type":"ListItem","position":2,"name":"Kampagnekode"}]},{"@type":"WebSite","@id":"https:\/\/spinbetter.center\/denmark\/#website","url":"https:\/\/spinbetter.center\/denmark\/","name":"SpinBetter","description":"SpinBetter","alternateName":"Spin Better","potentialAction":[{"@type":"SearchAction","target":{"@type":"EntryPoint","urlTemplate":"https:\/\/spinbetter.center\/denmark\/?s={search_term_string}"},"query-input":{"@type":"PropertyValueSpecification","valueRequired":true,"valueName":"search_term_string"}}],"inLanguage":"da-DK"}]}},"_links":{"self":[{"href":"https:\/\/spinbetter.center\/denmark\/wp-json\/wp\/v2\/pages\/339","targetHints":{"allow":["GET"]}}],"collection":[{"href":"https:\/\/spinbetter.center\/denmark\/wp-json\/wp\/v2\/pages"}],"about":[{"href":"https:\/\/spinbetter.center\/denmark\/wp-json\/wp\/v2\/types\/page"}],"author":[{"embeddable":true,"href":"https:\/\/spinbetter.center\/denmark\/wp-json\/wp\/v2\/users\/1"}],"replies":[{"embeddable":true,"href":"https:\/\/spinbetter.center\/denmark\/wp-json\/wp\/v2\/comments?post=339"}],"version-history":[{"count":10,"href":"https:\/\/spinbetter.center\/denmark\/wp-json\/wp\/v2\/pages\/339\/revisions"}],"predecessor-version":[{"id":688,"href":"https:\/\/spinbetter.center\/denmark\/wp-json\/wp\/v2\/pages\/339\/revisions\/688"}],"wp:attachment":[{"href":"https:\/\/spinbetter.center\/denmark\/wp-json\/wp\/v2\/media?parent=339"}],"curies":[{"name":"wp","href":"https:\/\/api.w.org\/{rel}","templated":true}]}}