{"id":490,"date":"2025-04-17T06:51:06","date_gmt":"2025-04-17T06:51:06","guid":{"rendered":"https:\/\/spinbetter.center\/de\/?page_id=490"},"modified":"2025-05-24T07:39:12","modified_gmt":"2025-05-24T07:39:12","slug":"first-deposit","status":"publish","type":"page","link":"https:\/\/spinbetter.center\/de\/bonuses\/first-deposit\/","title":{"rendered":"Erste Einzahlung"},"content":{"rendered":"","protected":false},"excerpt":{"rendered":"","protected":false},"author":1,"featured_media":0,"parent":272,"menu_order":0,"comment_status":"closed","ping_status":"closed","template":"","meta":{"footnotes":""},"class_list":["post-490","page","type-page","status-publish","hentry"],"yoast_head":"<!-- This site is optimized with the Yoast SEO plugin v24.5 - https:\/\/yoast.com\/wordpress\/plugins\/seo\/ -->\n<title>SpinBetter Willkommenspaket: \u20ac1750 &amp;150 Freispiele im Casino!<\/title>\n<meta name=\"description\" content=\"\u00d6ffnen Sie die T\u00fcr zur Welt des Gl\u00fccksspiels mit einem schillernden Willkommenspaket von SpinBetter! Vier kr\u00e4ftige Top-ups, bis zu \u20ac1750 und 150 Freispiele! Verpassen Sie nicht die Chance, Ihr Gl\u00fcck zu versuchen und beeindruckende Boni zu verdienen, die Ihre Spielsitzung unvergesslich machen werden!\" \/>\n<meta name=\"robots\" content=\"index, follow, max-snippet:-1, max-image-preview:large, max-video-preview:-1\" \/>\n<link rel=\"canonical\" href=\"https:\/\/spinbetter.center\/de\/bonuses\/first-deposit\/\" \/>\n<meta property=\"og:locale\" content=\"de_DE\" \/>\n<meta property=\"og:type\" content=\"article\" \/>\n<meta property=\"og:title\" content=\"SpinBetter Willkommenspaket: \u20ac1750 &amp;150 Freispiele im Casino!\" \/>\n<meta property=\"og:description\" content=\"\u00d6ffnen Sie die T\u00fcr zur Welt des Gl\u00fccksspiels mit einem schillernden Willkommenspaket von SpinBetter! Vier kr\u00e4ftige Top-ups, bis zu \u20ac1750 und 150 Freispiele! Verpassen Sie nicht die Chance, Ihr Gl\u00fcck zu versuchen und beeindruckende Boni zu verdienen, die Ihre Spielsitzung unvergesslich machen werden!\" \/>\n<meta property=\"og:url\" content=\"https:\/\/spinbetter.center\/de\/bonuses\/first-deposit\/\" \/>\n<meta property=\"og:site_name\" content=\"Spinbetter Win de\" \/>\n<meta property=\"article:modified_time\" content=\"2025-05-24T07:39:12+00:00\" \/>\n<meta name=\"twitter:card\" content=\"summary_large_image\" \/>\n<script type=\"application\/ld+json\" class=\"yoast-schema-graph\">{\"@context\":\"https:\/\/schema.org\",\"@graph\":[{\"@type\":\"WebPage\",\"@id\":\"https:\/\/spinbetter.center\/de\/bonuses\/first-deposit\/\",\"url\":\"https:\/\/spinbetter.center\/de\/bonuses\/first-deposit\/\",\"name\":\"SpinBetter Willkommenspaket: \u20ac1750 &150 Freispiele im Casino!\",\"isPartOf\":{\"@id\":\"https:\/\/spinbetter.center\/de\/#website\"},\"datePublished\":\"2025-04-17T06:51:06+00:00\",\"dateModified\":\"2025-05-24T07:39:12+00:00\",\"description\":\"\u00d6ffnen Sie die T\u00fcr zur Welt des Gl\u00fccksspiels mit einem schillernden Willkommenspaket von SpinBetter! Vier kr\u00e4ftige Top-ups, bis zu \u20ac1750 und 150 Freispiele! Verpassen Sie nicht die Chance, Ihr Gl\u00fcck zu versuchen und beeindruckende Boni zu verdienen, die Ihre Spielsitzung unvergesslich machen werden!\",\"breadcrumb\":{\"@id\":\"https:\/\/spinbetter.center\/de\/bonuses\/first-deposit\/#breadcrumb\"},\"inLanguage\":\"de\",\"potentialAction\":[{\"@type\":\"ReadAction\",\"target\":[\"https:\/\/spinbetter.center\/de\/bonuses\/first-deposit\/\"]}]},{\"@type\":\"BreadcrumbList\",\"@id\":\"https:\/\/spinbetter.center\/de\/bonuses\/first-deposit\/#breadcrumb\",\"itemListElement\":[{\"@type\":\"ListItem\",\"position\":1,\"name\":\"Home\",\"item\":\"https:\/\/spinbetter.center\/de\/\"},{\"@type\":\"ListItem\",\"position\":2,\"name\":\"Boni\",\"item\":\"https:\/\/spinbetter.center\/de\/bonuses\/\"},{\"@type\":\"ListItem\",\"position\":3,\"name\":\"Erste Einzahlung\"}]},{\"@type\":\"WebSite\",\"@id\":\"https:\/\/spinbetter.center\/de\/#website\",\"url\":\"https:\/\/spinbetter.center\/de\/\",\"name\":\"Spinbetter Win de\",\"description\":\"My WordPress Blog\",\"potentialAction\":[{\"@type\":\"SearchAction\",\"target\":{\"@type\":\"EntryPoint\",\"urlTemplate\":\"https:\/\/spinbetter.center\/de\/?s={search_term_string}\"},\"query-input\":{\"@type\":\"PropertyValueSpecification\",\"valueRequired\":true,\"valueName\":\"search_term_string\"}}],\"inLanguage\":\"de\"}]}<\/script>\n<!-- \/ Yoast SEO plugin. -->","yoast_head_json":{"title":"SpinBetter Willkommenspaket: \u20ac1750 &150 Freispiele im Casino!","description":"\u00d6ffnen Sie die T\u00fcr zur Welt des Gl\u00fccksspiels mit einem schillernden Willkommenspaket von SpinBetter! Vier kr\u00e4ftige Top-ups, bis zu \u20ac1750 und 150 Freispiele! Verpassen Sie nicht die Chance, Ihr Gl\u00fcck zu versuchen und beeindruckende Boni zu verdienen, die Ihre Spielsitzung unvergesslich machen werden!","robots":{"index":"index","follow":"follow","max-snippet":"max-snippet:-1","max-image-preview":"max-image-preview:large","max-video-preview":"max-video-preview:-1"},"canonical":"https:\/\/spinbetter.center\/de\/bonuses\/first-deposit\/","og_locale":"de_DE","og_type":"article","og_title":"SpinBetter Willkommenspaket: \u20ac1750 &150 Freispiele im Casino!","og_description":"\u00d6ffnen Sie die T\u00fcr zur Welt des Gl\u00fccksspiels mit einem schillernden Willkommenspaket von SpinBetter! Vier kr\u00e4ftige Top-ups, bis zu \u20ac1750 und 150 Freispiele! Verpassen Sie nicht die Chance, Ihr Gl\u00fcck zu versuchen und beeindruckende Boni zu verdienen, die Ihre Spielsitzung unvergesslich machen werden!","og_url":"https:\/\/spinbetter.center\/de\/bonuses\/first-deposit\/","og_site_name":"Spinbetter Win de","article_modified_time":"2025-05-24T07:39:12+00:00","twitter_card":"summary_large_image","schema":{"@context":"https:\/\/schema.org","@graph":[{"@type":"WebPage","@id":"https:\/\/spinbetter.center\/de\/bonuses\/first-deposit\/","url":"https:\/\/spinbetter.center\/de\/bonuses\/first-deposit\/","name":"SpinBetter Willkommenspaket: \u20ac1750 &150 Freispiele im Casino!","isPartOf":{"@id":"https:\/\/spinbetter.center\/de\/#website"},"datePublished":"2025-04-17T06:51:06+00:00","dateModified":"2025-05-24T07:39:12+00:00","description":"\u00d6ffnen Sie die T\u00fcr zur Welt des Gl\u00fccksspiels mit einem schillernden Willkommenspaket von SpinBetter! Vier kr\u00e4ftige Top-ups, bis zu \u20ac1750 und 150 Freispiele! Verpassen Sie nicht die Chance, Ihr Gl\u00fcck zu versuchen und beeindruckende Boni zu verdienen, die Ihre Spielsitzung unvergesslich machen werden!","breadcrumb":{"@id":"https:\/\/spinbetter.center\/de\/bonuses\/first-deposit\/#breadcrumb"},"inLanguage":"de","potentialAction":[{"@type":"ReadAction","target":["https:\/\/spinbetter.center\/de\/bonuses\/first-deposit\/"]}]},{"@type":"BreadcrumbList","@id":"https:\/\/spinbetter.center\/de\/bonuses\/first-deposit\/#breadcrumb","itemListElement":[{"@type":"ListItem","position":1,"name":"Home","item":"https:\/\/spinbetter.center\/de\/"},{"@type":"ListItem","position":2,"name":"Boni","item":"https:\/\/spinbetter.center\/de\/bonuses\/"},{"@type":"ListItem","position":3,"name":"Erste Einzahlung"}]},{"@type":"WebSite","@id":"https:\/\/spinbetter.center\/de\/#website","url":"https:\/\/spinbetter.center\/de\/","name":"Spinbetter Win de","description":"My WordPress Blog","potentialAction":[{"@type":"SearchAction","target":{"@type":"EntryPoint","urlTemplate":"https:\/\/spinbetter.center\/de\/?s={search_term_string}"},"query-input":{"@type":"PropertyValueSpecification","valueRequired":true,"valueName":"search_term_string"}}],"inLanguage":"de"}]}},"_links":{"self":[{"href":"https:\/\/spinbetter.center\/de\/wp-json\/wp\/v2\/pages\/490","targetHints":{"allow":["GET"]}}],"collection":[{"href":"https:\/\/spinbetter.center\/de\/wp-json\/wp\/v2\/pages"}],"about":[{"href":"https:\/\/spinbetter.center\/de\/wp-json\/wp\/v2\/types\/page"}],"author":[{"embeddable":true,"href":"https:\/\/spinbetter.center\/de\/wp-json\/wp\/v2\/users\/1"}],"replies":[{"embeddable":true,"href":"https:\/\/spinbetter.center\/de\/wp-json\/wp\/v2\/comments?post=490"}],"version-history":[{"count":2,"href":"https:\/\/spinbetter.center\/de\/wp-json\/wp\/v2\/pages\/490\/revisions"}],"predecessor-version":[{"id":546,"href":"https:\/\/spinbetter.center\/de\/wp-json\/wp\/v2\/pages\/490\/revisions\/546"}],"up":[{"embeddable":true,"href":"https:\/\/spinbetter.center\/de\/wp-json\/wp\/v2\/pages\/272"}],"wp:attachment":[{"href":"https:\/\/spinbetter.center\/de\/wp-json\/wp\/v2\/media?parent=490"}],"curies":[{"name":"wp","href":"https:\/\/api.w.org\/{rel}","templated":true}]}}