{"id":823,"date":"2025-07-24T05:48:10","date_gmt":"2025-07-24T05:48:10","guid":{"rendered":"https:\/\/spinbetter.center\/?page_id=823"},"modified":"2025-08-22T08:56:38","modified_gmt":"2025-08-22T08:56:38","slug":"cashback-on-football","status":"publish","type":"page","link":"https:\/\/spinbetter.center\/cs\/bonuses\/cashback-on-football\/","title":{"rendered":"Cashback na fotbal"},"content":{"rendered":"","protected":false},"excerpt":{"rendered":"","protected":false},"author":1,"featured_media":0,"parent":272,"menu_order":0,"comment_status":"closed","ping_status":"closed","template":"","meta":{"footnotes":""},"class_list":["post-823","page","type-page","status-publish","hentry"],"yoast_head":"<!-- This site is optimized with the Yoast SEO plugin v27.4 - https:\/\/yoast.com\/product\/yoast-seo-wordpress\/ -->\n<title>SpinBetter Cashback na fotbal: Z\u00edskejte a\u017e 20% kompenzaci<\/title>\n<meta name=\"description\" content=\"Zapojte se do akce SpinBetter a z\u00edskejte ka\u017ed\u00fd t\u00fdden a\u017e 20 % cashback na fotbalov\u00e9 s\u00e1zky! S\u00e1zejte od 125 K\u010c a nenechte si uj\u00edt \u0161anci z\u00edskat zp\u011bt \u010d\u00e1st sv\u00fdch n\u00e1klad\u016f!\" \/>\n<meta name=\"robots\" content=\"index, follow, max-snippet:-1, max-image-preview:large, max-video-preview:-1\" \/>\n<link rel=\"canonical\" href=\"https:\/\/spinbetter.center\/cs\/bonuses\/cashback-on-football\/\" \/>\n<meta property=\"og:locale\" content=\"cs_CZ\" \/>\n<meta property=\"og:type\" content=\"article\" \/>\n<meta property=\"og:title\" content=\"SpinBetter Cashback na fotbal: Z\u00edskejte a\u017e 20% kompenzaci\" \/>\n<meta property=\"og:description\" content=\"Zapojte se do akce SpinBetter a z\u00edskejte ka\u017ed\u00fd t\u00fdden a\u017e 20 % cashback na fotbalov\u00e9 s\u00e1zky! S\u00e1zejte od 125 K\u010c a nenechte si uj\u00edt \u0161anci z\u00edskat zp\u011bt \u010d\u00e1st sv\u00fdch n\u00e1klad\u016f!\" \/>\n<meta property=\"og:url\" content=\"https:\/\/spinbetter.center\/cs\/bonuses\/cashback-on-football\/\" \/>\n<meta property=\"og:site_name\" content=\"SpinBetter cs\" \/>\n<meta property=\"article:modified_time\" content=\"2025-08-22T08:56:38+00:00\" \/>\n<meta name=\"twitter:card\" content=\"summary_large_image\" \/>\n<script type=\"application\/ld+json\" class=\"yoast-schema-graph\">{\"@context\":\"https:\\\/\\\/schema.org\",\"@graph\":[{\"@type\":\"WebPage\",\"@id\":\"https:\\\/\\\/spinbetter.center\\\/cs\\\/bonuses\\\/cashback-on-football\\\/\",\"url\":\"https:\\\/\\\/spinbetter.center\\\/cs\\\/bonuses\\\/cashback-on-football\\\/\",\"name\":\"SpinBetter Cashback na fotbal: Z\u00edskejte a\u017e 20% kompenzaci\",\"isPartOf\":{\"@id\":\"https:\\\/\\\/spinbetter.center\\\/cs\\\/#website\"},\"datePublished\":\"2025-07-24T05:48:10+00:00\",\"dateModified\":\"2025-08-22T08:56:38+00:00\",\"description\":\"Zapojte se do akce SpinBetter a z\u00edskejte ka\u017ed\u00fd t\u00fdden a\u017e 20 % cashback na fotbalov\u00e9 s\u00e1zky! S\u00e1zejte od 125 K\u010c a nenechte si uj\u00edt \u0161anci z\u00edskat zp\u011bt \u010d\u00e1st sv\u00fdch n\u00e1klad\u016f!\",\"breadcrumb\":{\"@id\":\"https:\\\/\\\/spinbetter.center\\\/cs\\\/bonuses\\\/cashback-on-football\\\/#breadcrumb\"},\"inLanguage\":\"cs\",\"potentialAction\":[{\"@type\":\"ReadAction\",\"target\":[\"https:\\\/\\\/spinbetter.center\\\/cs\\\/bonuses\\\/cashback-on-football\\\/\"]}]},{\"@type\":\"BreadcrumbList\",\"@id\":\"https:\\\/\\\/spinbetter.center\\\/cs\\\/bonuses\\\/cashback-on-football\\\/#breadcrumb\",\"itemListElement\":[{\"@type\":\"ListItem\",\"position\":1,\"name\":\"Home\",\"item\":\"https:\\\/\\\/spinbetter.center\\\/cs\\\/\"},{\"@type\":\"ListItem\",\"position\":2,\"name\":\"Bonusy\",\"item\":\"https:\\\/\\\/spinbetter.center\\\/cs\\\/bonuses\\\/\"},{\"@type\":\"ListItem\",\"position\":3,\"name\":\"Cashback na fotbal\"}]},{\"@type\":\"WebSite\",\"@id\":\"https:\\\/\\\/spinbetter.center\\\/cs\\\/#website\",\"url\":\"https:\\\/\\\/spinbetter.center\\\/cs\\\/\",\"name\":\"SpinBetter\",\"description\":\"SpinBetter\",\"alternateName\":\"Spin Better\",\"potentialAction\":[{\"@type\":\"SearchAction\",\"target\":{\"@type\":\"EntryPoint\",\"urlTemplate\":\"https:\\\/\\\/spinbetter.center\\\/cs\\\/?s={search_term_string}\"},\"query-input\":{\"@type\":\"PropertyValueSpecification\",\"valueRequired\":true,\"valueName\":\"search_term_string\"}}],\"inLanguage\":\"cs\"}]}<\/script>\n<!-- \/ Yoast SEO plugin. -->","yoast_head_json":{"title":"SpinBetter Cashback na fotbal: Z\u00edskejte a\u017e 20% kompenzaci","description":"Zapojte se do akce SpinBetter a z\u00edskejte ka\u017ed\u00fd t\u00fdden a\u017e 20 % cashback na fotbalov\u00e9 s\u00e1zky! S\u00e1zejte od 125 K\u010c a nenechte si uj\u00edt \u0161anci z\u00edskat zp\u011bt \u010d\u00e1st sv\u00fdch n\u00e1klad\u016f!","robots":{"index":"index","follow":"follow","max-snippet":"max-snippet:-1","max-image-preview":"max-image-preview:large","max-video-preview":"max-video-preview:-1"},"canonical":"https:\/\/spinbetter.center\/cs\/bonuses\/cashback-on-football\/","og_locale":"cs_CZ","og_type":"article","og_title":"SpinBetter Cashback na fotbal: Z\u00edskejte a\u017e 20% kompenzaci","og_description":"Zapojte se do akce SpinBetter a z\u00edskejte ka\u017ed\u00fd t\u00fdden a\u017e 20 % cashback na fotbalov\u00e9 s\u00e1zky! S\u00e1zejte od 125 K\u010c a nenechte si uj\u00edt \u0161anci z\u00edskat zp\u011bt \u010d\u00e1st sv\u00fdch n\u00e1klad\u016f!","og_url":"https:\/\/spinbetter.center\/cs\/bonuses\/cashback-on-football\/","og_site_name":"SpinBetter cs","article_modified_time":"2025-08-22T08:56:38+00:00","twitter_card":"summary_large_image","schema":{"@context":"https:\/\/schema.org","@graph":[{"@type":"WebPage","@id":"https:\/\/spinbetter.center\/cs\/bonuses\/cashback-on-football\/","url":"https:\/\/spinbetter.center\/cs\/bonuses\/cashback-on-football\/","name":"SpinBetter Cashback na fotbal: Z\u00edskejte a\u017e 20% kompenzaci","isPartOf":{"@id":"https:\/\/spinbetter.center\/cs\/#website"},"datePublished":"2025-07-24T05:48:10+00:00","dateModified":"2025-08-22T08:56:38+00:00","description":"Zapojte se do akce SpinBetter a z\u00edskejte ka\u017ed\u00fd t\u00fdden a\u017e 20 % cashback na fotbalov\u00e9 s\u00e1zky! S\u00e1zejte od 125 K\u010c a nenechte si uj\u00edt \u0161anci z\u00edskat zp\u011bt \u010d\u00e1st sv\u00fdch n\u00e1klad\u016f!","breadcrumb":{"@id":"https:\/\/spinbetter.center\/cs\/bonuses\/cashback-on-football\/#breadcrumb"},"inLanguage":"cs","potentialAction":[{"@type":"ReadAction","target":["https:\/\/spinbetter.center\/cs\/bonuses\/cashback-on-football\/"]}]},{"@type":"BreadcrumbList","@id":"https:\/\/spinbetter.center\/cs\/bonuses\/cashback-on-football\/#breadcrumb","itemListElement":[{"@type":"ListItem","position":1,"name":"Home","item":"https:\/\/spinbetter.center\/cs\/"},{"@type":"ListItem","position":2,"name":"Bonusy","item":"https:\/\/spinbetter.center\/cs\/bonuses\/"},{"@type":"ListItem","position":3,"name":"Cashback na fotbal"}]},{"@type":"WebSite","@id":"https:\/\/spinbetter.center\/cs\/#website","url":"https:\/\/spinbetter.center\/cs\/","name":"SpinBetter","description":"SpinBetter","alternateName":"Spin Better","potentialAction":[{"@type":"SearchAction","target":{"@type":"EntryPoint","urlTemplate":"https:\/\/spinbetter.center\/cs\/?s={search_term_string}"},"query-input":{"@type":"PropertyValueSpecification","valueRequired":true,"valueName":"search_term_string"}}],"inLanguage":"cs"}]}},"amp_enabled":true,"_links":{"self":[{"href":"https:\/\/spinbetter.center\/cs\/wp-json\/wp\/v2\/pages\/823","targetHints":{"allow":["GET"]}}],"collection":[{"href":"https:\/\/spinbetter.center\/cs\/wp-json\/wp\/v2\/pages"}],"about":[{"href":"https:\/\/spinbetter.center\/cs\/wp-json\/wp\/v2\/types\/page"}],"author":[{"embeddable":true,"href":"https:\/\/spinbetter.center\/cs\/wp-json\/wp\/v2\/users\/1"}],"replies":[{"embeddable":true,"href":"https:\/\/spinbetter.center\/cs\/wp-json\/wp\/v2\/comments?post=823"}],"version-history":[{"count":3,"href":"https:\/\/spinbetter.center\/cs\/wp-json\/wp\/v2\/pages\/823\/revisions"}],"predecessor-version":[{"id":845,"href":"https:\/\/spinbetter.center\/cs\/wp-json\/wp\/v2\/pages\/823\/revisions\/845"}],"up":[{"embeddable":true,"href":"https:\/\/spinbetter.center\/cs\/wp-json\/wp\/v2\/pages\/272"}],"wp:attachment":[{"href":"https:\/\/spinbetter.center\/cs\/wp-json\/wp\/v2\/media?parent=823"}],"curies":[{"name":"wp","href":"https:\/\/api.w.org\/{rel}","templated":true}]}}