{"id":521,"date":"2025-03-28T15:40:33","date_gmt":"2025-03-28T15:40:33","guid":{"rendered":"https:\/\/spinbetter.center\/?page_id=521"},"modified":"2025-05-18T13:48:30","modified_gmt":"2025-05-18T13:48:30","slug":"losing-bets","status":"publish","type":"page","link":"https:\/\/spinbetter.center\/cs\/bonuses\/losing-bets\/","title":{"rendered":"Ztr\u00e1tov\u00e9 s\u00e1zky"},"content":{"rendered":"","protected":false},"excerpt":{"rendered":"","protected":false},"author":1,"featured_media":0,"parent":272,"menu_order":0,"comment_status":"closed","ping_status":"closed","template":"","meta":{"footnotes":""},"class_list":["post-521","page","type-page","status-publish","hentry"],"yoast_head":"<!-- This site is optimized with the Yoast SEO plugin v24.5 - https:\/\/yoast.com\/wordpress\/plugins\/seo\/ -->\n<title>Bonus SpinBetter za s\u00e9rii \u0161patn\u00fdch s\u00e1zek: z\u00edskejte a\u017e 11200 K\u010d!<\/title>\n<meta name=\"description\" content=\"Nenechte se zlomit ne\u00fasp\u011bchy! SpinBetter v\u00e1s nenech\u00e1 napospas osudu! Z\u00edskejte extra \u0161anci a kompenzaci a\u017e 11200 K\u010d za s\u00e9rii \u0161patn\u00fdch s\u00e1zek. Z\u00edskejte zp\u011bt sv\u00e9 sebev\u011bdom\u00ed a vyhrajte, zat\u00edmco ostatn\u00ed panika\u0159\u00ed!\" \/>\n<meta name=\"robots\" content=\"index, follow, max-snippet:-1, max-image-preview:large, max-video-preview:-1\" \/>\n<link rel=\"canonical\" href=\"https:\/\/spinbetter.center\/cs\/bonuses\/losing-bets\/\" \/>\n<meta property=\"og:locale\" content=\"cs_CZ\" \/>\n<meta property=\"og:type\" content=\"article\" \/>\n<meta property=\"og:title\" content=\"Bonus SpinBetter za s\u00e9rii \u0161patn\u00fdch s\u00e1zek: z\u00edskejte a\u017e 11200 K\u010d!\" \/>\n<meta property=\"og:description\" content=\"Nenechte se zlomit ne\u00fasp\u011bchy! SpinBetter v\u00e1s nenech\u00e1 napospas osudu! Z\u00edskejte extra \u0161anci a kompenzaci a\u017e 11200 K\u010d za s\u00e9rii \u0161patn\u00fdch s\u00e1zek. Z\u00edskejte zp\u011bt sv\u00e9 sebev\u011bdom\u00ed a vyhrajte, zat\u00edmco ostatn\u00ed panika\u0159\u00ed!\" \/>\n<meta property=\"og:url\" content=\"https:\/\/spinbetter.center\/cs\/bonuses\/losing-bets\/\" \/>\n<meta property=\"og:site_name\" content=\"SpinBetter cs\" \/>\n<meta property=\"article:modified_time\" content=\"2025-05-18T13:48:30+00:00\" \/>\n<meta name=\"twitter:card\" content=\"summary_large_image\" \/>\n<script type=\"application\/ld+json\" class=\"yoast-schema-graph\">{\"@context\":\"https:\/\/schema.org\",\"@graph\":[{\"@type\":\"WebPage\",\"@id\":\"https:\/\/spinbetter.center\/cs\/bonuses\/losing-bets\/\",\"url\":\"https:\/\/spinbetter.center\/cs\/bonuses\/losing-bets\/\",\"name\":\"Bonus SpinBetter za s\u00e9rii \u0161patn\u00fdch s\u00e1zek: z\u00edskejte a\u017e 11200 K\u010d!\",\"isPartOf\":{\"@id\":\"https:\/\/spinbetter.center\/cs\/#website\"},\"datePublished\":\"2025-03-28T15:40:33+00:00\",\"dateModified\":\"2025-05-18T13:48:30+00:00\",\"description\":\"Nenechte se zlomit ne\u00fasp\u011bchy! SpinBetter v\u00e1s nenech\u00e1 napospas osudu! Z\u00edskejte extra \u0161anci a kompenzaci a\u017e 11200 K\u010d za s\u00e9rii \u0161patn\u00fdch s\u00e1zek. Z\u00edskejte zp\u011bt sv\u00e9 sebev\u011bdom\u00ed a vyhrajte, zat\u00edmco ostatn\u00ed panika\u0159\u00ed!\",\"breadcrumb\":{\"@id\":\"https:\/\/spinbetter.center\/cs\/bonuses\/losing-bets\/#breadcrumb\"},\"inLanguage\":\"cs\",\"potentialAction\":[{\"@type\":\"ReadAction\",\"target\":[\"https:\/\/spinbetter.center\/cs\/bonuses\/losing-bets\/\"]}]},{\"@type\":\"BreadcrumbList\",\"@id\":\"https:\/\/spinbetter.center\/cs\/bonuses\/losing-bets\/#breadcrumb\",\"itemListElement\":[{\"@type\":\"ListItem\",\"position\":1,\"name\":\"Home\",\"item\":\"https:\/\/spinbetter.center\/cs\/\"},{\"@type\":\"ListItem\",\"position\":2,\"name\":\"Bonusy\",\"item\":\"https:\/\/spinbetter.center\/cs\/bonuses\/\"},{\"@type\":\"ListItem\",\"position\":3,\"name\":\"Ztr\u00e1tov\u00e9 s\u00e1zky\"}]},{\"@type\":\"WebSite\",\"@id\":\"https:\/\/spinbetter.center\/cs\/#website\",\"url\":\"https:\/\/spinbetter.center\/cs\/\",\"name\":\"SpinBetter\",\"description\":\"SpinBetter\",\"alternateName\":\"Spin Better\",\"potentialAction\":[{\"@type\":\"SearchAction\",\"target\":{\"@type\":\"EntryPoint\",\"urlTemplate\":\"https:\/\/spinbetter.center\/cs\/?s={search_term_string}\"},\"query-input\":{\"@type\":\"PropertyValueSpecification\",\"valueRequired\":true,\"valueName\":\"search_term_string\"}}],\"inLanguage\":\"cs\"}]}<\/script>\n<!-- \/ Yoast SEO plugin. -->","yoast_head_json":{"title":"Bonus SpinBetter za s\u00e9rii \u0161patn\u00fdch s\u00e1zek: z\u00edskejte a\u017e 11200 K\u010d!","description":"Nenechte se zlomit ne\u00fasp\u011bchy! SpinBetter v\u00e1s nenech\u00e1 napospas osudu! Z\u00edskejte extra \u0161anci a kompenzaci a\u017e 11200 K\u010d za s\u00e9rii \u0161patn\u00fdch s\u00e1zek. Z\u00edskejte zp\u011bt sv\u00e9 sebev\u011bdom\u00ed a vyhrajte, zat\u00edmco ostatn\u00ed panika\u0159\u00ed!","robots":{"index":"index","follow":"follow","max-snippet":"max-snippet:-1","max-image-preview":"max-image-preview:large","max-video-preview":"max-video-preview:-1"},"canonical":"https:\/\/spinbetter.center\/cs\/bonuses\/losing-bets\/","og_locale":"cs_CZ","og_type":"article","og_title":"Bonus SpinBetter za s\u00e9rii \u0161patn\u00fdch s\u00e1zek: z\u00edskejte a\u017e 11200 K\u010d!","og_description":"Nenechte se zlomit ne\u00fasp\u011bchy! SpinBetter v\u00e1s nenech\u00e1 napospas osudu! Z\u00edskejte extra \u0161anci a kompenzaci a\u017e 11200 K\u010d za s\u00e9rii \u0161patn\u00fdch s\u00e1zek. Z\u00edskejte zp\u011bt sv\u00e9 sebev\u011bdom\u00ed a vyhrajte, zat\u00edmco ostatn\u00ed panika\u0159\u00ed!","og_url":"https:\/\/spinbetter.center\/cs\/bonuses\/losing-bets\/","og_site_name":"SpinBetter cs","article_modified_time":"2025-05-18T13:48:30+00:00","twitter_card":"summary_large_image","schema":{"@context":"https:\/\/schema.org","@graph":[{"@type":"WebPage","@id":"https:\/\/spinbetter.center\/cs\/bonuses\/losing-bets\/","url":"https:\/\/spinbetter.center\/cs\/bonuses\/losing-bets\/","name":"Bonus SpinBetter za s\u00e9rii \u0161patn\u00fdch s\u00e1zek: z\u00edskejte a\u017e 11200 K\u010d!","isPartOf":{"@id":"https:\/\/spinbetter.center\/cs\/#website"},"datePublished":"2025-03-28T15:40:33+00:00","dateModified":"2025-05-18T13:48:30+00:00","description":"Nenechte se zlomit ne\u00fasp\u011bchy! SpinBetter v\u00e1s nenech\u00e1 napospas osudu! Z\u00edskejte extra \u0161anci a kompenzaci a\u017e 11200 K\u010d za s\u00e9rii \u0161patn\u00fdch s\u00e1zek. Z\u00edskejte zp\u011bt sv\u00e9 sebev\u011bdom\u00ed a vyhrajte, zat\u00edmco ostatn\u00ed panika\u0159\u00ed!","breadcrumb":{"@id":"https:\/\/spinbetter.center\/cs\/bonuses\/losing-bets\/#breadcrumb"},"inLanguage":"cs","potentialAction":[{"@type":"ReadAction","target":["https:\/\/spinbetter.center\/cs\/bonuses\/losing-bets\/"]}]},{"@type":"BreadcrumbList","@id":"https:\/\/spinbetter.center\/cs\/bonuses\/losing-bets\/#breadcrumb","itemListElement":[{"@type":"ListItem","position":1,"name":"Home","item":"https:\/\/spinbetter.center\/cs\/"},{"@type":"ListItem","position":2,"name":"Bonusy","item":"https:\/\/spinbetter.center\/cs\/bonuses\/"},{"@type":"ListItem","position":3,"name":"Ztr\u00e1tov\u00e9 s\u00e1zky"}]},{"@type":"WebSite","@id":"https:\/\/spinbetter.center\/cs\/#website","url":"https:\/\/spinbetter.center\/cs\/","name":"SpinBetter","description":"SpinBetter","alternateName":"Spin Better","potentialAction":[{"@type":"SearchAction","target":{"@type":"EntryPoint","urlTemplate":"https:\/\/spinbetter.center\/cs\/?s={search_term_string}"},"query-input":{"@type":"PropertyValueSpecification","valueRequired":true,"valueName":"search_term_string"}}],"inLanguage":"cs"}]}},"_links":{"self":[{"href":"https:\/\/spinbetter.center\/cs\/wp-json\/wp\/v2\/pages\/521","targetHints":{"allow":["GET"]}}],"collection":[{"href":"https:\/\/spinbetter.center\/cs\/wp-json\/wp\/v2\/pages"}],"about":[{"href":"https:\/\/spinbetter.center\/cs\/wp-json\/wp\/v2\/types\/page"}],"author":[{"embeddable":true,"href":"https:\/\/spinbetter.center\/cs\/wp-json\/wp\/v2\/users\/1"}],"replies":[{"embeddable":true,"href":"https:\/\/spinbetter.center\/cs\/wp-json\/wp\/v2\/comments?post=521"}],"version-history":[{"count":4,"href":"https:\/\/spinbetter.center\/cs\/wp-json\/wp\/v2\/pages\/521\/revisions"}],"predecessor-version":[{"id":565,"href":"https:\/\/spinbetter.center\/cs\/wp-json\/wp\/v2\/pages\/521\/revisions\/565"}],"up":[{"embeddable":true,"href":"https:\/\/spinbetter.center\/cs\/wp-json\/wp\/v2\/pages\/272"}],"wp:attachment":[{"href":"https:\/\/spinbetter.center\/cs\/wp-json\/wp\/v2\/media?parent=521"}],"curies":[{"name":"wp","href":"https:\/\/api.w.org\/{rel}","templated":true}]}}