{"id":519,"date":"2025-03-28T15:29:30","date_gmt":"2025-03-28T15:29:30","guid":{"rendered":"https:\/\/spinbetter.center\/?page_id=519"},"modified":"2025-05-18T13:46:43","modified_gmt":"2025-05-18T13:46:43","slug":"first-deposit","status":"publish","type":"page","link":"https:\/\/spinbetter.center\/cs\/bonuses\/first-deposit\/","title":{"rendered":"Prvn\u00ed vklad"},"content":{"rendered":"","protected":false},"excerpt":{"rendered":"","protected":false},"author":1,"featured_media":0,"parent":272,"menu_order":0,"comment_status":"closed","ping_status":"closed","template":"","meta":{"footnotes":""},"class_list":["post-519","page","type-page","status-publish","hentry"],"yoast_head":"<!-- This site is optimized with the Yoast SEO plugin v27.4 - https:\/\/yoast.com\/product\/yoast-seo-wordpress\/ -->\n<title>SpinBetter Uv\u00edtac\u00ed bal\u00ed\u010dek: 39000 K\u010d a 150 rozto\u010den\u00ed zdarma!<\/title>\n<meta name=\"description\" content=\"Otev\u0159ete si dve\u0159e do sv\u011bta hazardn\u00edch her s oslniv\u00fdm uv\u00edtac\u00edm bal\u00ed\u010dkem od SpinBetter! \u010cty\u0159i siln\u00e1 dobit\u00ed, a\u017e 39 000 K\u010d a 150 rozto\u010den\u00ed zdarma! Nenechte si uj\u00edt p\u0159\u00edle\u017eitost zkusit sv\u00e9 \u0161t\u011bst\u00ed a z\u00edskat p\u016fsobiv\u00e9 bonusy, d\u00edky kter\u00fdm se va\u0161e hern\u00ed seance stane nezapomenutelnou!\" \/>\n<meta name=\"robots\" content=\"index, follow, max-snippet:-1, max-image-preview:large, max-video-preview:-1\" \/>\n<link rel=\"canonical\" href=\"https:\/\/spinbetter.center\/cs\/bonuses\/first-deposit\/\" \/>\n<meta property=\"og:locale\" content=\"cs_CZ\" \/>\n<meta property=\"og:type\" content=\"article\" \/>\n<meta property=\"og:title\" content=\"SpinBetter Uv\u00edtac\u00ed bal\u00ed\u010dek: 39000 K\u010d a 150 rozto\u010den\u00ed zdarma!\" \/>\n<meta property=\"og:description\" content=\"Otev\u0159ete si dve\u0159e do sv\u011bta hazardn\u00edch her s oslniv\u00fdm uv\u00edtac\u00edm bal\u00ed\u010dkem od SpinBetter! \u010cty\u0159i siln\u00e1 dobit\u00ed, a\u017e 39 000 K\u010d a 150 rozto\u010den\u00ed zdarma! Nenechte si uj\u00edt p\u0159\u00edle\u017eitost zkusit sv\u00e9 \u0161t\u011bst\u00ed a z\u00edskat p\u016fsobiv\u00e9 bonusy, d\u00edky kter\u00fdm se va\u0161e hern\u00ed seance stane nezapomenutelnou!\" \/>\n<meta property=\"og:url\" content=\"https:\/\/spinbetter.center\/cs\/bonuses\/first-deposit\/\" \/>\n<meta property=\"og:site_name\" content=\"SpinBetter cs\" \/>\n<meta property=\"article:modified_time\" content=\"2025-05-18T13:46:43+00:00\" \/>\n<meta name=\"twitter:card\" content=\"summary_large_image\" \/>\n<script type=\"application\/ld+json\" class=\"yoast-schema-graph\">{\"@context\":\"https:\\\/\\\/schema.org\",\"@graph\":[{\"@type\":\"WebPage\",\"@id\":\"https:\\\/\\\/spinbetter.center\\\/cs\\\/bonuses\\\/first-deposit\\\/\",\"url\":\"https:\\\/\\\/spinbetter.center\\\/cs\\\/bonuses\\\/first-deposit\\\/\",\"name\":\"SpinBetter Uv\u00edtac\u00ed bal\u00ed\u010dek: 39000 K\u010d a 150 rozto\u010den\u00ed zdarma!\",\"isPartOf\":{\"@id\":\"https:\\\/\\\/spinbetter.center\\\/cs\\\/#website\"},\"datePublished\":\"2025-03-28T15:29:30+00:00\",\"dateModified\":\"2025-05-18T13:46:43+00:00\",\"description\":\"Otev\u0159ete si dve\u0159e do sv\u011bta hazardn\u00edch her s oslniv\u00fdm uv\u00edtac\u00edm bal\u00ed\u010dkem od SpinBetter! \u010cty\u0159i siln\u00e1 dobit\u00ed, a\u017e 39 000 K\u010d a 150 rozto\u010den\u00ed zdarma! Nenechte si uj\u00edt p\u0159\u00edle\u017eitost zkusit sv\u00e9 \u0161t\u011bst\u00ed a z\u00edskat p\u016fsobiv\u00e9 bonusy, d\u00edky kter\u00fdm se va\u0161e hern\u00ed seance stane nezapomenutelnou!\",\"breadcrumb\":{\"@id\":\"https:\\\/\\\/spinbetter.center\\\/cs\\\/bonuses\\\/first-deposit\\\/#breadcrumb\"},\"inLanguage\":\"cs\",\"potentialAction\":[{\"@type\":\"ReadAction\",\"target\":[\"https:\\\/\\\/spinbetter.center\\\/cs\\\/bonuses\\\/first-deposit\\\/\"]}]},{\"@type\":\"BreadcrumbList\",\"@id\":\"https:\\\/\\\/spinbetter.center\\\/cs\\\/bonuses\\\/first-deposit\\\/#breadcrumb\",\"itemListElement\":[{\"@type\":\"ListItem\",\"position\":1,\"name\":\"Home\",\"item\":\"https:\\\/\\\/spinbetter.center\\\/cs\\\/\"},{\"@type\":\"ListItem\",\"position\":2,\"name\":\"Bonusy\",\"item\":\"https:\\\/\\\/spinbetter.center\\\/cs\\\/bonuses\\\/\"},{\"@type\":\"ListItem\",\"position\":3,\"name\":\"Prvn\u00ed vklad\"}]},{\"@type\":\"WebSite\",\"@id\":\"https:\\\/\\\/spinbetter.center\\\/cs\\\/#website\",\"url\":\"https:\\\/\\\/spinbetter.center\\\/cs\\\/\",\"name\":\"SpinBetter\",\"description\":\"SpinBetter\",\"alternateName\":\"Spin Better\",\"potentialAction\":[{\"@type\":\"SearchAction\",\"target\":{\"@type\":\"EntryPoint\",\"urlTemplate\":\"https:\\\/\\\/spinbetter.center\\\/cs\\\/?s={search_term_string}\"},\"query-input\":{\"@type\":\"PropertyValueSpecification\",\"valueRequired\":true,\"valueName\":\"search_term_string\"}}],\"inLanguage\":\"cs\"}]}<\/script>\n<!-- \/ Yoast SEO plugin. -->","yoast_head_json":{"title":"SpinBetter Uv\u00edtac\u00ed bal\u00ed\u010dek: 39000 K\u010d a 150 rozto\u010den\u00ed zdarma!","description":"Otev\u0159ete si dve\u0159e do sv\u011bta hazardn\u00edch her s oslniv\u00fdm uv\u00edtac\u00edm bal\u00ed\u010dkem od SpinBetter! \u010cty\u0159i siln\u00e1 dobit\u00ed, a\u017e 39 000 K\u010d a 150 rozto\u010den\u00ed zdarma! Nenechte si uj\u00edt p\u0159\u00edle\u017eitost zkusit sv\u00e9 \u0161t\u011bst\u00ed a z\u00edskat p\u016fsobiv\u00e9 bonusy, d\u00edky kter\u00fdm se va\u0161e hern\u00ed seance stane nezapomenutelnou!","robots":{"index":"index","follow":"follow","max-snippet":"max-snippet:-1","max-image-preview":"max-image-preview:large","max-video-preview":"max-video-preview:-1"},"canonical":"https:\/\/spinbetter.center\/cs\/bonuses\/first-deposit\/","og_locale":"cs_CZ","og_type":"article","og_title":"SpinBetter Uv\u00edtac\u00ed bal\u00ed\u010dek: 39000 K\u010d a 150 rozto\u010den\u00ed zdarma!","og_description":"Otev\u0159ete si dve\u0159e do sv\u011bta hazardn\u00edch her s oslniv\u00fdm uv\u00edtac\u00edm bal\u00ed\u010dkem od SpinBetter! \u010cty\u0159i siln\u00e1 dobit\u00ed, a\u017e 39 000 K\u010d a 150 rozto\u010den\u00ed zdarma! Nenechte si uj\u00edt p\u0159\u00edle\u017eitost zkusit sv\u00e9 \u0161t\u011bst\u00ed a z\u00edskat p\u016fsobiv\u00e9 bonusy, d\u00edky kter\u00fdm se va\u0161e hern\u00ed seance stane nezapomenutelnou!","og_url":"https:\/\/spinbetter.center\/cs\/bonuses\/first-deposit\/","og_site_name":"SpinBetter cs","article_modified_time":"2025-05-18T13:46:43+00:00","twitter_card":"summary_large_image","schema":{"@context":"https:\/\/schema.org","@graph":[{"@type":"WebPage","@id":"https:\/\/spinbetter.center\/cs\/bonuses\/first-deposit\/","url":"https:\/\/spinbetter.center\/cs\/bonuses\/first-deposit\/","name":"SpinBetter Uv\u00edtac\u00ed bal\u00ed\u010dek: 39000 K\u010d a 150 rozto\u010den\u00ed zdarma!","isPartOf":{"@id":"https:\/\/spinbetter.center\/cs\/#website"},"datePublished":"2025-03-28T15:29:30+00:00","dateModified":"2025-05-18T13:46:43+00:00","description":"Otev\u0159ete si dve\u0159e do sv\u011bta hazardn\u00edch her s oslniv\u00fdm uv\u00edtac\u00edm bal\u00ed\u010dkem od SpinBetter! \u010cty\u0159i siln\u00e1 dobit\u00ed, a\u017e 39 000 K\u010d a 150 rozto\u010den\u00ed zdarma! Nenechte si uj\u00edt p\u0159\u00edle\u017eitost zkusit sv\u00e9 \u0161t\u011bst\u00ed a z\u00edskat p\u016fsobiv\u00e9 bonusy, d\u00edky kter\u00fdm se va\u0161e hern\u00ed seance stane nezapomenutelnou!","breadcrumb":{"@id":"https:\/\/spinbetter.center\/cs\/bonuses\/first-deposit\/#breadcrumb"},"inLanguage":"cs","potentialAction":[{"@type":"ReadAction","target":["https:\/\/spinbetter.center\/cs\/bonuses\/first-deposit\/"]}]},{"@type":"BreadcrumbList","@id":"https:\/\/spinbetter.center\/cs\/bonuses\/first-deposit\/#breadcrumb","itemListElement":[{"@type":"ListItem","position":1,"name":"Home","item":"https:\/\/spinbetter.center\/cs\/"},{"@type":"ListItem","position":2,"name":"Bonusy","item":"https:\/\/spinbetter.center\/cs\/bonuses\/"},{"@type":"ListItem","position":3,"name":"Prvn\u00ed vklad"}]},{"@type":"WebSite","@id":"https:\/\/spinbetter.center\/cs\/#website","url":"https:\/\/spinbetter.center\/cs\/","name":"SpinBetter","description":"SpinBetter","alternateName":"Spin Better","potentialAction":[{"@type":"SearchAction","target":{"@type":"EntryPoint","urlTemplate":"https:\/\/spinbetter.center\/cs\/?s={search_term_string}"},"query-input":{"@type":"PropertyValueSpecification","valueRequired":true,"valueName":"search_term_string"}}],"inLanguage":"cs"}]}},"_links":{"self":[{"href":"https:\/\/spinbetter.center\/cs\/wp-json\/wp\/v2\/pages\/519","targetHints":{"allow":["GET"]}}],"collection":[{"href":"https:\/\/spinbetter.center\/cs\/wp-json\/wp\/v2\/pages"}],"about":[{"href":"https:\/\/spinbetter.center\/cs\/wp-json\/wp\/v2\/types\/page"}],"author":[{"embeddable":true,"href":"https:\/\/spinbetter.center\/cs\/wp-json\/wp\/v2\/users\/1"}],"replies":[{"embeddable":true,"href":"https:\/\/spinbetter.center\/cs\/wp-json\/wp\/v2\/comments?post=519"}],"version-history":[{"count":3,"href":"https:\/\/spinbetter.center\/cs\/wp-json\/wp\/v2\/pages\/519\/revisions"}],"predecessor-version":[{"id":563,"href":"https:\/\/spinbetter.center\/cs\/wp-json\/wp\/v2\/pages\/519\/revisions\/563"}],"up":[{"embeddable":true,"href":"https:\/\/spinbetter.center\/cs\/wp-json\/wp\/v2\/pages\/272"}],"wp:attachment":[{"href":"https:\/\/spinbetter.center\/cs\/wp-json\/wp\/v2\/media?parent=519"}],"curies":[{"name":"wp","href":"https:\/\/api.w.org\/{rel}","templated":true}]}}