{"id":382,"date":"2024-11-08T08:39:19","date_gmt":"2024-11-08T08:39:19","guid":{"rendered":"https:\/\/spinbetter.center\/cs\/?page_id=382"},"modified":"2025-03-18T09:57:50","modified_gmt":"2025-03-18T09:57:50","slug":"partners","status":"publish","type":"page","link":"https:\/\/spinbetter.center\/cs\/partners\/","title":{"rendered":"Affiliate"},"content":{"rendered":"","protected":false},"excerpt":{"rendered":"","protected":false},"author":1,"featured_media":0,"parent":0,"menu_order":0,"comment_status":"closed","ping_status":"closed","template":"","meta":{"footnotes":""},"class_list":["post-382","page","type-page","status-publish","hentry"],"yoast_head":"<!-- This site is optimized with the Yoast SEO plugin v27.4 - https:\/\/yoast.com\/product\/yoast-seo-wordpress\/ -->\n<title>Partnersk\u00fd program Spinbetter: Zvy\u0161te sv\u00e9 p\u0159\u00edjmy<\/title>\n<meta name=\"description\" content=\"Jste p\u0159ipraveni prom\u011bnit svou v\u00e1\u0161e\u0148 pro hry v pen\u00edze? Objevte partnersk\u00fd program Spinbetter a nau\u010dte se, jak zv\u00fd\u0161it sv\u00e9 v\u00fdd\u011blky a z\u00e1rove\u0148 si u\u017e\u00edt vzru\u0161en\u00ed z online s\u00e1zen\u00ed.\" \/>\n<meta name=\"robots\" content=\"index, follow, max-snippet:-1, max-image-preview:large, max-video-preview:-1\" \/>\n<link rel=\"canonical\" href=\"https:\/\/spinbetter.center\/cs\/partners\/\" \/>\n<meta property=\"og:locale\" content=\"cs_CZ\" \/>\n<meta property=\"og:type\" content=\"article\" \/>\n<meta property=\"og:title\" content=\"Partnersk\u00fd program Spinbetter: Zvy\u0161te sv\u00e9 p\u0159\u00edjmy\" \/>\n<meta property=\"og:description\" content=\"Jste p\u0159ipraveni prom\u011bnit svou v\u00e1\u0161e\u0148 pro hry v pen\u00edze? Objevte partnersk\u00fd program Spinbetter a nau\u010dte se, jak zv\u00fd\u0161it sv\u00e9 v\u00fdd\u011blky a z\u00e1rove\u0148 si u\u017e\u00edt vzru\u0161en\u00ed z online s\u00e1zen\u00ed.\" \/>\n<meta property=\"og:url\" content=\"https:\/\/spinbetter.center\/cs\/partners\/\" \/>\n<meta property=\"og:site_name\" content=\"SpinBetter cs\" \/>\n<meta property=\"article:modified_time\" content=\"2025-03-18T09:57:50+00:00\" \/>\n<meta name=\"twitter:card\" content=\"summary_large_image\" \/>\n<script type=\"application\/ld+json\" class=\"yoast-schema-graph\">{\"@context\":\"https:\\\/\\\/schema.org\",\"@graph\":[{\"@type\":\"WebPage\",\"@id\":\"https:\\\/\\\/spinbetter.center\\\/cs\\\/partners\\\/\",\"url\":\"https:\\\/\\\/spinbetter.center\\\/cs\\\/partners\\\/\",\"name\":\"Partnersk\u00fd program Spinbetter: Zvy\u0161te sv\u00e9 p\u0159\u00edjmy\",\"isPartOf\":{\"@id\":\"https:\\\/\\\/spinbetter.center\\\/cs\\\/#website\"},\"datePublished\":\"2024-11-08T08:39:19+00:00\",\"dateModified\":\"2025-03-18T09:57:50+00:00\",\"description\":\"Jste p\u0159ipraveni prom\u011bnit svou v\u00e1\u0161e\u0148 pro hry v pen\u00edze? Objevte partnersk\u00fd program Spinbetter a nau\u010dte se, jak zv\u00fd\u0161it sv\u00e9 v\u00fdd\u011blky a z\u00e1rove\u0148 si u\u017e\u00edt vzru\u0161en\u00ed z online s\u00e1zen\u00ed.\",\"breadcrumb\":{\"@id\":\"https:\\\/\\\/spinbetter.center\\\/cs\\\/partners\\\/#breadcrumb\"},\"inLanguage\":\"cs\",\"potentialAction\":[{\"@type\":\"ReadAction\",\"target\":[\"https:\\\/\\\/spinbetter.center\\\/cs\\\/partners\\\/\"]}]},{\"@type\":\"BreadcrumbList\",\"@id\":\"https:\\\/\\\/spinbetter.center\\\/cs\\\/partners\\\/#breadcrumb\",\"itemListElement\":[{\"@type\":\"ListItem\",\"position\":1,\"name\":\"Home\",\"item\":\"https:\\\/\\\/spinbetter.center\\\/cs\\\/\"},{\"@type\":\"ListItem\",\"position\":2,\"name\":\"Affiliate\"}]},{\"@type\":\"WebSite\",\"@id\":\"https:\\\/\\\/spinbetter.center\\\/cs\\\/#website\",\"url\":\"https:\\\/\\\/spinbetter.center\\\/cs\\\/\",\"name\":\"SpinBetter\",\"description\":\"SpinBetter\",\"alternateName\":\"Spin Better\",\"potentialAction\":[{\"@type\":\"SearchAction\",\"target\":{\"@type\":\"EntryPoint\",\"urlTemplate\":\"https:\\\/\\\/spinbetter.center\\\/cs\\\/?s={search_term_string}\"},\"query-input\":{\"@type\":\"PropertyValueSpecification\",\"valueRequired\":true,\"valueName\":\"search_term_string\"}}],\"inLanguage\":\"cs\"}]}<\/script>\n<!-- \/ Yoast SEO plugin. -->","yoast_head_json":{"title":"Partnersk\u00fd program Spinbetter: Zvy\u0161te sv\u00e9 p\u0159\u00edjmy","description":"Jste p\u0159ipraveni prom\u011bnit svou v\u00e1\u0161e\u0148 pro hry v pen\u00edze? Objevte partnersk\u00fd program Spinbetter a nau\u010dte se, jak zv\u00fd\u0161it sv\u00e9 v\u00fdd\u011blky a z\u00e1rove\u0148 si u\u017e\u00edt vzru\u0161en\u00ed z online s\u00e1zen\u00ed.","robots":{"index":"index","follow":"follow","max-snippet":"max-snippet:-1","max-image-preview":"max-image-preview:large","max-video-preview":"max-video-preview:-1"},"canonical":"https:\/\/spinbetter.center\/cs\/partners\/","og_locale":"cs_CZ","og_type":"article","og_title":"Partnersk\u00fd program Spinbetter: Zvy\u0161te sv\u00e9 p\u0159\u00edjmy","og_description":"Jste p\u0159ipraveni prom\u011bnit svou v\u00e1\u0161e\u0148 pro hry v pen\u00edze? Objevte partnersk\u00fd program Spinbetter a nau\u010dte se, jak zv\u00fd\u0161it sv\u00e9 v\u00fdd\u011blky a z\u00e1rove\u0148 si u\u017e\u00edt vzru\u0161en\u00ed z online s\u00e1zen\u00ed.","og_url":"https:\/\/spinbetter.center\/cs\/partners\/","og_site_name":"SpinBetter cs","article_modified_time":"2025-03-18T09:57:50+00:00","twitter_card":"summary_large_image","schema":{"@context":"https:\/\/schema.org","@graph":[{"@type":"WebPage","@id":"https:\/\/spinbetter.center\/cs\/partners\/","url":"https:\/\/spinbetter.center\/cs\/partners\/","name":"Partnersk\u00fd program Spinbetter: Zvy\u0161te sv\u00e9 p\u0159\u00edjmy","isPartOf":{"@id":"https:\/\/spinbetter.center\/cs\/#website"},"datePublished":"2024-11-08T08:39:19+00:00","dateModified":"2025-03-18T09:57:50+00:00","description":"Jste p\u0159ipraveni prom\u011bnit svou v\u00e1\u0161e\u0148 pro hry v pen\u00edze? Objevte partnersk\u00fd program Spinbetter a nau\u010dte se, jak zv\u00fd\u0161it sv\u00e9 v\u00fdd\u011blky a z\u00e1rove\u0148 si u\u017e\u00edt vzru\u0161en\u00ed z online s\u00e1zen\u00ed.","breadcrumb":{"@id":"https:\/\/spinbetter.center\/cs\/partners\/#breadcrumb"},"inLanguage":"cs","potentialAction":[{"@type":"ReadAction","target":["https:\/\/spinbetter.center\/cs\/partners\/"]}]},{"@type":"BreadcrumbList","@id":"https:\/\/spinbetter.center\/cs\/partners\/#breadcrumb","itemListElement":[{"@type":"ListItem","position":1,"name":"Home","item":"https:\/\/spinbetter.center\/cs\/"},{"@type":"ListItem","position":2,"name":"Affiliate"}]},{"@type":"WebSite","@id":"https:\/\/spinbetter.center\/cs\/#website","url":"https:\/\/spinbetter.center\/cs\/","name":"SpinBetter","description":"SpinBetter","alternateName":"Spin Better","potentialAction":[{"@type":"SearchAction","target":{"@type":"EntryPoint","urlTemplate":"https:\/\/spinbetter.center\/cs\/?s={search_term_string}"},"query-input":{"@type":"PropertyValueSpecification","valueRequired":true,"valueName":"search_term_string"}}],"inLanguage":"cs"}]}},"amp_enabled":true,"_links":{"self":[{"href":"https:\/\/spinbetter.center\/cs\/wp-json\/wp\/v2\/pages\/382","targetHints":{"allow":["GET"]}}],"collection":[{"href":"https:\/\/spinbetter.center\/cs\/wp-json\/wp\/v2\/pages"}],"about":[{"href":"https:\/\/spinbetter.center\/cs\/wp-json\/wp\/v2\/types\/page"}],"author":[{"embeddable":true,"href":"https:\/\/spinbetter.center\/cs\/wp-json\/wp\/v2\/users\/1"}],"replies":[{"embeddable":true,"href":"https:\/\/spinbetter.center\/cs\/wp-json\/wp\/v2\/comments?post=382"}],"version-history":[{"count":1,"href":"https:\/\/spinbetter.center\/cs\/wp-json\/wp\/v2\/pages\/382\/revisions"}],"predecessor-version":[{"id":483,"href":"https:\/\/spinbetter.center\/cs\/wp-json\/wp\/v2\/pages\/382\/revisions\/483"}],"wp:attachment":[{"href":"https:\/\/spinbetter.center\/cs\/wp-json\/wp\/v2\/media?parent=382"}],"curies":[{"name":"wp","href":"https:\/\/api.w.org\/{rel}","templated":true}]}}