{"id":272,"date":"2024-09-18T14:55:02","date_gmt":"2024-09-18T14:55:02","guid":{"rendered":"https:\/\/spinbetter.center\/cs\/?page_id=272"},"modified":"2025-08-22T09:16:10","modified_gmt":"2025-08-22T09:16:10","slug":"bonuses","status":"publish","type":"page","link":"https:\/\/spinbetter.center\/cs\/bonuses\/","title":{"rendered":"Bonusy"},"content":{"rendered":"","protected":false},"excerpt":{"rendered":"","protected":false},"author":1,"featured_media":0,"parent":0,"menu_order":0,"comment_status":"closed","ping_status":"closed","template":"","meta":{"footnotes":""},"class_list":["post-272","page","type-page","status-publish","hentry"],"yoast_head":"<!-- This site is optimized with the Yoast SEO plugin v24.5 - https:\/\/yoast.com\/wordpress\/plugins\/seo\/ -->\n<title>Bonusy SpinBetter &quot; Uv\u00edtac\u00ed bonus a propaga\u010dn\u00ed akce<\/title>\n<meta name=\"description\" content=\"Spin Better nab\u00edz\u00ed skv\u011bl\u00e9 bonusy pro nov\u00e9 z\u00e1kazn\u00edky i pravideln\u00e9 hr\u00e1\u010de. Jak z\u00edskat bonus Spinbetter? Z\u00edskejte personalizovan\u00e9 nab\u00eddky, narozeninov\u00e9 d\u00e1rky, rozto\u010den\u00ed zdarma a bonus SpinBetter bez vkladu\" \/>\n<meta name=\"robots\" content=\"index, follow, max-snippet:-1, max-image-preview:large, max-video-preview:-1\" \/>\n<link rel=\"canonical\" href=\"https:\/\/spinbetter.center\/cs\/bonuses\/\" \/>\n<meta property=\"og:locale\" content=\"cs_CZ\" \/>\n<meta property=\"og:type\" content=\"article\" \/>\n<meta property=\"og:title\" content=\"Bonusy SpinBetter &quot; Uv\u00edtac\u00ed bonus a propaga\u010dn\u00ed akce\" \/>\n<meta property=\"og:description\" content=\"Spin Better nab\u00edz\u00ed skv\u011bl\u00e9 bonusy pro nov\u00e9 z\u00e1kazn\u00edky i pravideln\u00e9 hr\u00e1\u010de. Jak z\u00edskat bonus Spinbetter? Z\u00edskejte personalizovan\u00e9 nab\u00eddky, narozeninov\u00e9 d\u00e1rky, rozto\u010den\u00ed zdarma a bonus SpinBetter bez vkladu\" \/>\n<meta property=\"og:url\" content=\"https:\/\/spinbetter.center\/cs\/bonuses\/\" \/>\n<meta property=\"og:site_name\" content=\"SpinBetter cs\" \/>\n<meta property=\"article:modified_time\" content=\"2025-08-22T09:16:10+00:00\" \/>\n<meta name=\"twitter:card\" content=\"summary_large_image\" \/>\n<script type=\"application\/ld+json\" class=\"yoast-schema-graph\">{\"@context\":\"https:\/\/schema.org\",\"@graph\":[{\"@type\":\"WebPage\",\"@id\":\"https:\/\/spinbetter.center\/cs\/bonuses\/\",\"url\":\"https:\/\/spinbetter.center\/cs\/bonuses\/\",\"name\":\"Bonusy SpinBetter \\\" Uv\u00edtac\u00ed bonus a propaga\u010dn\u00ed akce\",\"isPartOf\":{\"@id\":\"https:\/\/spinbetter.center\/cs\/#website\"},\"datePublished\":\"2024-09-18T14:55:02+00:00\",\"dateModified\":\"2025-08-22T09:16:10+00:00\",\"description\":\"Spin Better nab\u00edz\u00ed skv\u011bl\u00e9 bonusy pro nov\u00e9 z\u00e1kazn\u00edky i pravideln\u00e9 hr\u00e1\u010de. Jak z\u00edskat bonus Spinbetter? Z\u00edskejte personalizovan\u00e9 nab\u00eddky, narozeninov\u00e9 d\u00e1rky, rozto\u010den\u00ed zdarma a bonus SpinBetter bez vkladu\",\"breadcrumb\":{\"@id\":\"https:\/\/spinbetter.center\/cs\/bonuses\/#breadcrumb\"},\"inLanguage\":\"cs\",\"potentialAction\":[{\"@type\":\"ReadAction\",\"target\":[\"https:\/\/spinbetter.center\/cs\/bonuses\/\"]}]},{\"@type\":\"BreadcrumbList\",\"@id\":\"https:\/\/spinbetter.center\/cs\/bonuses\/#breadcrumb\",\"itemListElement\":[{\"@type\":\"ListItem\",\"position\":1,\"name\":\"Home\",\"item\":\"https:\/\/spinbetter.center\/cs\/\"},{\"@type\":\"ListItem\",\"position\":2,\"name\":\"Bonusy\"}]},{\"@type\":\"WebSite\",\"@id\":\"https:\/\/spinbetter.center\/cs\/#website\",\"url\":\"https:\/\/spinbetter.center\/cs\/\",\"name\":\"SpinBetter\",\"description\":\"SpinBetter\",\"alternateName\":\"Spin Better\",\"potentialAction\":[{\"@type\":\"SearchAction\",\"target\":{\"@type\":\"EntryPoint\",\"urlTemplate\":\"https:\/\/spinbetter.center\/cs\/?s={search_term_string}\"},\"query-input\":{\"@type\":\"PropertyValueSpecification\",\"valueRequired\":true,\"valueName\":\"search_term_string\"}}],\"inLanguage\":\"cs\"}]}<\/script>\n<!-- \/ Yoast SEO plugin. -->","yoast_head_json":{"title":"Bonusy SpinBetter \" Uv\u00edtac\u00ed bonus a propaga\u010dn\u00ed akce","description":"Spin Better nab\u00edz\u00ed skv\u011bl\u00e9 bonusy pro nov\u00e9 z\u00e1kazn\u00edky i pravideln\u00e9 hr\u00e1\u010de. Jak z\u00edskat bonus Spinbetter? Z\u00edskejte personalizovan\u00e9 nab\u00eddky, narozeninov\u00e9 d\u00e1rky, rozto\u010den\u00ed zdarma a bonus SpinBetter bez vkladu","robots":{"index":"index","follow":"follow","max-snippet":"max-snippet:-1","max-image-preview":"max-image-preview:large","max-video-preview":"max-video-preview:-1"},"canonical":"https:\/\/spinbetter.center\/cs\/bonuses\/","og_locale":"cs_CZ","og_type":"article","og_title":"Bonusy SpinBetter \" Uv\u00edtac\u00ed bonus a propaga\u010dn\u00ed akce","og_description":"Spin Better nab\u00edz\u00ed skv\u011bl\u00e9 bonusy pro nov\u00e9 z\u00e1kazn\u00edky i pravideln\u00e9 hr\u00e1\u010de. Jak z\u00edskat bonus Spinbetter? Z\u00edskejte personalizovan\u00e9 nab\u00eddky, narozeninov\u00e9 d\u00e1rky, rozto\u010den\u00ed zdarma a bonus SpinBetter bez vkladu","og_url":"https:\/\/spinbetter.center\/cs\/bonuses\/","og_site_name":"SpinBetter cs","article_modified_time":"2025-08-22T09:16:10+00:00","twitter_card":"summary_large_image","schema":{"@context":"https:\/\/schema.org","@graph":[{"@type":"WebPage","@id":"https:\/\/spinbetter.center\/cs\/bonuses\/","url":"https:\/\/spinbetter.center\/cs\/bonuses\/","name":"Bonusy SpinBetter \" Uv\u00edtac\u00ed bonus a propaga\u010dn\u00ed akce","isPartOf":{"@id":"https:\/\/spinbetter.center\/cs\/#website"},"datePublished":"2024-09-18T14:55:02+00:00","dateModified":"2025-08-22T09:16:10+00:00","description":"Spin Better nab\u00edz\u00ed skv\u011bl\u00e9 bonusy pro nov\u00e9 z\u00e1kazn\u00edky i pravideln\u00e9 hr\u00e1\u010de. Jak z\u00edskat bonus Spinbetter? Z\u00edskejte personalizovan\u00e9 nab\u00eddky, narozeninov\u00e9 d\u00e1rky, rozto\u010den\u00ed zdarma a bonus SpinBetter bez vkladu","breadcrumb":{"@id":"https:\/\/spinbetter.center\/cs\/bonuses\/#breadcrumb"},"inLanguage":"cs","potentialAction":[{"@type":"ReadAction","target":["https:\/\/spinbetter.center\/cs\/bonuses\/"]}]},{"@type":"BreadcrumbList","@id":"https:\/\/spinbetter.center\/cs\/bonuses\/#breadcrumb","itemListElement":[{"@type":"ListItem","position":1,"name":"Home","item":"https:\/\/spinbetter.center\/cs\/"},{"@type":"ListItem","position":2,"name":"Bonusy"}]},{"@type":"WebSite","@id":"https:\/\/spinbetter.center\/cs\/#website","url":"https:\/\/spinbetter.center\/cs\/","name":"SpinBetter","description":"SpinBetter","alternateName":"Spin Better","potentialAction":[{"@type":"SearchAction","target":{"@type":"EntryPoint","urlTemplate":"https:\/\/spinbetter.center\/cs\/?s={search_term_string}"},"query-input":{"@type":"PropertyValueSpecification","valueRequired":true,"valueName":"search_term_string"}}],"inLanguage":"cs"}]}},"_links":{"self":[{"href":"https:\/\/spinbetter.center\/cs\/wp-json\/wp\/v2\/pages\/272","targetHints":{"allow":["GET"]}}],"collection":[{"href":"https:\/\/spinbetter.center\/cs\/wp-json\/wp\/v2\/pages"}],"about":[{"href":"https:\/\/spinbetter.center\/cs\/wp-json\/wp\/v2\/types\/page"}],"author":[{"embeddable":true,"href":"https:\/\/spinbetter.center\/cs\/wp-json\/wp\/v2\/users\/1"}],"replies":[{"embeddable":true,"href":"https:\/\/spinbetter.center\/cs\/wp-json\/wp\/v2\/comments?post=272"}],"version-history":[{"count":2,"href":"https:\/\/spinbetter.center\/cs\/wp-json\/wp\/v2\/pages\/272\/revisions"}],"predecessor-version":[{"id":848,"href":"https:\/\/spinbetter.center\/cs\/wp-json\/wp\/v2\/pages\/272\/revisions\/848"}],"wp:attachment":[{"href":"https:\/\/spinbetter.center\/cs\/wp-json\/wp\/v2\/media?parent=272"}],"curies":[{"name":"wp","href":"https:\/\/api.w.org\/{rel}","templated":true}]}}