{"id":766,"date":"2024-04-27T05:59:42","date_gmt":"2024-04-27T05:59:42","guid":{"rendered":"https:\/\/spinbetter.center\/cl\/?page_id=766"},"modified":"2025-08-17T15:56:21","modified_gmt":"2025-08-17T15:56:21","slug":"games","status":"publish","type":"page","link":"https:\/\/spinbetter.center\/cl\/games\/","title":{"rendered":"Juegos"},"content":{"rendered":"","protected":false},"excerpt":{"rendered":"","protected":false},"author":1,"featured_media":0,"parent":0,"menu_order":0,"comment_status":"closed","ping_status":"closed","template":"","meta":{"footnotes":""},"class_list":["post-766","page","type-page","status-publish","hentry"],"yoast_head":"<!-- This site is optimized with the Yoast SEO plugin v27.4 - https:\/\/yoast.com\/product\/yoast-seo-wordpress\/ -->\n<title>SpinBetter Chile Juegos: m\u00e1s de 10.000 juegos de entretenimiento<\/title>\n<meta name=\"description\" content=\"Sum\u00e9rjase en el mundo de los juegos de azar de SpinBetter. Atrapa tu suerte con m\u00e1s de 10.000 emocionantes entretenimientos de m\u00e1s de 150 de los mejores proveedores. Juega, gana y descubre nuevos horizontes de diversi\u00f3n: \u00a1juegos justos, probabilidades incre\u00edbles y solo emociones reales!\" \/>\n<meta name=\"robots\" content=\"index, follow, max-snippet:-1, max-image-preview:large, max-video-preview:-1\" \/>\n<link rel=\"canonical\" href=\"https:\/\/spinbetter.center\/cl\/games\/\" \/>\n<meta property=\"og:locale\" content=\"es_ES\" \/>\n<meta property=\"og:type\" content=\"article\" \/>\n<meta property=\"og:title\" content=\"SpinBetter Chile Juegos: m\u00e1s de 10.000 juegos de entretenimiento\" \/>\n<meta property=\"og:description\" content=\"Sum\u00e9rjase en el mundo de los juegos de azar de SpinBetter. Atrapa tu suerte con m\u00e1s de 10.000 emocionantes entretenimientos de m\u00e1s de 150 de los mejores proveedores. Juega, gana y descubre nuevos horizontes de diversi\u00f3n: \u00a1juegos justos, probabilidades incre\u00edbles y solo emociones reales!\" \/>\n<meta property=\"og:url\" content=\"https:\/\/spinbetter.center\/cl\/games\/\" \/>\n<meta property=\"og:site_name\" content=\"SpinBetter cl\" \/>\n<meta property=\"article:modified_time\" content=\"2025-08-17T15:56:21+00:00\" \/>\n<meta name=\"twitter:card\" content=\"summary_large_image\" \/>\n<script type=\"application\/ld+json\" class=\"yoast-schema-graph\">{\"@context\":\"https:\\\/\\\/schema.org\",\"@graph\":[{\"@type\":\"WebPage\",\"@id\":\"https:\\\/\\\/spinbetter.center\\\/cl\\\/games\\\/\",\"url\":\"https:\\\/\\\/spinbetter.center\\\/cl\\\/games\\\/\",\"name\":\"SpinBetter Chile Juegos: m\u00e1s de 10.000 juegos de entretenimiento\",\"isPartOf\":{\"@id\":\"https:\\\/\\\/spinbetter.center\\\/cl\\\/#website\"},\"datePublished\":\"2024-04-27T05:59:42+00:00\",\"dateModified\":\"2025-08-17T15:56:21+00:00\",\"description\":\"Sum\u00e9rjase en el mundo de los juegos de azar de SpinBetter. Atrapa tu suerte con m\u00e1s de 10.000 emocionantes entretenimientos de m\u00e1s de 150 de los mejores proveedores. Juega, gana y descubre nuevos horizontes de diversi\u00f3n: \u00a1juegos justos, probabilidades incre\u00edbles y solo emociones reales!\",\"breadcrumb\":{\"@id\":\"https:\\\/\\\/spinbetter.center\\\/cl\\\/games\\\/#breadcrumb\"},\"inLanguage\":\"es-CL\",\"potentialAction\":[{\"@type\":\"ReadAction\",\"target\":[\"https:\\\/\\\/spinbetter.center\\\/cl\\\/games\\\/\"]}]},{\"@type\":\"BreadcrumbList\",\"@id\":\"https:\\\/\\\/spinbetter.center\\\/cl\\\/games\\\/#breadcrumb\",\"itemListElement\":[{\"@type\":\"ListItem\",\"position\":1,\"name\":\"Home\",\"item\":\"https:\\\/\\\/spinbetter.center\\\/cl\\\/\"},{\"@type\":\"ListItem\",\"position\":2,\"name\":\"Juegos\"}]},{\"@type\":\"WebSite\",\"@id\":\"https:\\\/\\\/spinbetter.center\\\/cl\\\/#website\",\"url\":\"https:\\\/\\\/spinbetter.center\\\/cl\\\/\",\"name\":\"SpinBetter\",\"description\":\"SpinBetter\",\"alternateName\":\"Spin Better\",\"potentialAction\":[{\"@type\":\"SearchAction\",\"target\":{\"@type\":\"EntryPoint\",\"urlTemplate\":\"https:\\\/\\\/spinbetter.center\\\/cl\\\/?s={search_term_string}\"},\"query-input\":{\"@type\":\"PropertyValueSpecification\",\"valueRequired\":true,\"valueName\":\"search_term_string\"}}],\"inLanguage\":\"es-CL\"}]}<\/script>\n<!-- \/ Yoast SEO plugin. -->","yoast_head_json":{"title":"SpinBetter Chile Juegos: m\u00e1s de 10.000 juegos de entretenimiento","description":"Sum\u00e9rjase en el mundo de los juegos de azar de SpinBetter. Atrapa tu suerte con m\u00e1s de 10.000 emocionantes entretenimientos de m\u00e1s de 150 de los mejores proveedores. Juega, gana y descubre nuevos horizontes de diversi\u00f3n: \u00a1juegos justos, probabilidades incre\u00edbles y solo emociones reales!","robots":{"index":"index","follow":"follow","max-snippet":"max-snippet:-1","max-image-preview":"max-image-preview:large","max-video-preview":"max-video-preview:-1"},"canonical":"https:\/\/spinbetter.center\/cl\/games\/","og_locale":"es_ES","og_type":"article","og_title":"SpinBetter Chile Juegos: m\u00e1s de 10.000 juegos de entretenimiento","og_description":"Sum\u00e9rjase en el mundo de los juegos de azar de SpinBetter. Atrapa tu suerte con m\u00e1s de 10.000 emocionantes entretenimientos de m\u00e1s de 150 de los mejores proveedores. Juega, gana y descubre nuevos horizontes de diversi\u00f3n: \u00a1juegos justos, probabilidades incre\u00edbles y solo emociones reales!","og_url":"https:\/\/spinbetter.center\/cl\/games\/","og_site_name":"SpinBetter cl","article_modified_time":"2025-08-17T15:56:21+00:00","twitter_card":"summary_large_image","schema":{"@context":"https:\/\/schema.org","@graph":[{"@type":"WebPage","@id":"https:\/\/spinbetter.center\/cl\/games\/","url":"https:\/\/spinbetter.center\/cl\/games\/","name":"SpinBetter Chile Juegos: m\u00e1s de 10.000 juegos de entretenimiento","isPartOf":{"@id":"https:\/\/spinbetter.center\/cl\/#website"},"datePublished":"2024-04-27T05:59:42+00:00","dateModified":"2025-08-17T15:56:21+00:00","description":"Sum\u00e9rjase en el mundo de los juegos de azar de SpinBetter. Atrapa tu suerte con m\u00e1s de 10.000 emocionantes entretenimientos de m\u00e1s de 150 de los mejores proveedores. Juega, gana y descubre nuevos horizontes de diversi\u00f3n: \u00a1juegos justos, probabilidades incre\u00edbles y solo emociones reales!","breadcrumb":{"@id":"https:\/\/spinbetter.center\/cl\/games\/#breadcrumb"},"inLanguage":"es-CL","potentialAction":[{"@type":"ReadAction","target":["https:\/\/spinbetter.center\/cl\/games\/"]}]},{"@type":"BreadcrumbList","@id":"https:\/\/spinbetter.center\/cl\/games\/#breadcrumb","itemListElement":[{"@type":"ListItem","position":1,"name":"Home","item":"https:\/\/spinbetter.center\/cl\/"},{"@type":"ListItem","position":2,"name":"Juegos"}]},{"@type":"WebSite","@id":"https:\/\/spinbetter.center\/cl\/#website","url":"https:\/\/spinbetter.center\/cl\/","name":"SpinBetter","description":"SpinBetter","alternateName":"Spin Better","potentialAction":[{"@type":"SearchAction","target":{"@type":"EntryPoint","urlTemplate":"https:\/\/spinbetter.center\/cl\/?s={search_term_string}"},"query-input":{"@type":"PropertyValueSpecification","valueRequired":true,"valueName":"search_term_string"}}],"inLanguage":"es-CL"}]}},"amp_enabled":true,"_links":{"self":[{"href":"https:\/\/spinbetter.center\/cl\/wp-json\/wp\/v2\/pages\/766","targetHints":{"allow":["GET"]}}],"collection":[{"href":"https:\/\/spinbetter.center\/cl\/wp-json\/wp\/v2\/pages"}],"about":[{"href":"https:\/\/spinbetter.center\/cl\/wp-json\/wp\/v2\/types\/page"}],"author":[{"embeddable":true,"href":"https:\/\/spinbetter.center\/cl\/wp-json\/wp\/v2\/users\/1"}],"replies":[{"embeddable":true,"href":"https:\/\/spinbetter.center\/cl\/wp-json\/wp\/v2\/comments?post=766"}],"version-history":[{"count":5,"href":"https:\/\/spinbetter.center\/cl\/wp-json\/wp\/v2\/pages\/766\/revisions"}],"predecessor-version":[{"id":832,"href":"https:\/\/spinbetter.center\/cl\/wp-json\/wp\/v2\/pages\/766\/revisions\/832"}],"wp:attachment":[{"href":"https:\/\/spinbetter.center\/cl\/wp-json\/wp\/v2\/media?parent=766"}],"curies":[{"name":"wp","href":"https:\/\/api.w.org\/{rel}","templated":true}]}}