{"id":404,"date":"2024-11-11T07:02:10","date_gmt":"2024-11-11T07:02:10","guid":{"rendered":"https:\/\/spinbetter.center\/cl\/?page_id=404"},"modified":"2025-08-17T16:00:34","modified_gmt":"2025-08-17T16:00:34","slug":"registration","status":"publish","type":"page","link":"https:\/\/spinbetter.center\/cl\/registration\/","title":{"rendered":"Inscripci\u00f3n"},"content":{"rendered":"","protected":false},"excerpt":{"rendered":"","protected":false},"author":1,"featured_media":0,"parent":0,"menu_order":0,"comment_status":"closed","ping_status":"closed","template":"","meta":{"footnotes":""},"class_list":["post-404","page","type-page","status-publish","hentry"],"yoast_head":"<!-- This site is optimized with the Yoast SEO plugin v27.4 - https:\/\/yoast.com\/product\/yoast-seo-wordpress\/ -->\n<title>SpinBetter Procedimiento de registro y bono de bienvenida<\/title>\n<meta name=\"description\" content=\"Una descripci\u00f3n detallada del proceso de registro en SpinBetter Chile 2025. Razones por las que deber\u00eda elegir este sitio en particular. Qu\u00e9 es la verificaci\u00f3n, por qu\u00e9 la necesitas y c\u00f3mo pasarla.\" \/>\n<meta name=\"robots\" content=\"index, follow, max-snippet:-1, max-image-preview:large, max-video-preview:-1\" \/>\n<link rel=\"canonical\" href=\"https:\/\/spinbetter.center\/cl\/registration\/\" \/>\n<meta property=\"og:locale\" content=\"es_ES\" \/>\n<meta property=\"og:type\" content=\"article\" \/>\n<meta property=\"og:title\" content=\"SpinBetter Procedimiento de registro y bono de bienvenida\" \/>\n<meta property=\"og:description\" content=\"Una descripci\u00f3n detallada del proceso de registro en SpinBetter Chile 2025. Razones por las que deber\u00eda elegir este sitio en particular. Qu\u00e9 es la verificaci\u00f3n, por qu\u00e9 la necesitas y c\u00f3mo pasarla.\" \/>\n<meta property=\"og:url\" content=\"https:\/\/spinbetter.center\/cl\/registration\/\" \/>\n<meta property=\"og:site_name\" content=\"SpinBetter cl\" \/>\n<meta property=\"article:modified_time\" content=\"2025-08-17T16:00:34+00:00\" \/>\n<meta name=\"twitter:card\" content=\"summary_large_image\" \/>\n<script type=\"application\/ld+json\" class=\"yoast-schema-graph\">{\"@context\":\"https:\\\/\\\/schema.org\",\"@graph\":[{\"@type\":\"WebPage\",\"@id\":\"https:\\\/\\\/spinbetter.center\\\/cl\\\/registration\\\/\",\"url\":\"https:\\\/\\\/spinbetter.center\\\/cl\\\/registration\\\/\",\"name\":\"SpinBetter Procedimiento de registro y bono de bienvenida\",\"isPartOf\":{\"@id\":\"https:\\\/\\\/spinbetter.center\\\/cl\\\/#website\"},\"datePublished\":\"2024-11-11T07:02:10+00:00\",\"dateModified\":\"2025-08-17T16:00:34+00:00\",\"description\":\"Una descripci\u00f3n detallada del proceso de registro en SpinBetter Chile 2025. Razones por las que deber\u00eda elegir este sitio en particular. Qu\u00e9 es la verificaci\u00f3n, por qu\u00e9 la necesitas y c\u00f3mo pasarla.\",\"breadcrumb\":{\"@id\":\"https:\\\/\\\/spinbetter.center\\\/cl\\\/registration\\\/#breadcrumb\"},\"inLanguage\":\"es-CL\",\"potentialAction\":[{\"@type\":\"ReadAction\",\"target\":[\"https:\\\/\\\/spinbetter.center\\\/cl\\\/registration\\\/\"]}]},{\"@type\":\"BreadcrumbList\",\"@id\":\"https:\\\/\\\/spinbetter.center\\\/cl\\\/registration\\\/#breadcrumb\",\"itemListElement\":[{\"@type\":\"ListItem\",\"position\":1,\"name\":\"Home\",\"item\":\"https:\\\/\\\/spinbetter.center\\\/cl\\\/\"},{\"@type\":\"ListItem\",\"position\":2,\"name\":\"Inscripci\u00f3n\"}]},{\"@type\":\"WebSite\",\"@id\":\"https:\\\/\\\/spinbetter.center\\\/cl\\\/#website\",\"url\":\"https:\\\/\\\/spinbetter.center\\\/cl\\\/\",\"name\":\"SpinBetter\",\"description\":\"SpinBetter\",\"alternateName\":\"Spin Better\",\"potentialAction\":[{\"@type\":\"SearchAction\",\"target\":{\"@type\":\"EntryPoint\",\"urlTemplate\":\"https:\\\/\\\/spinbetter.center\\\/cl\\\/?s={search_term_string}\"},\"query-input\":{\"@type\":\"PropertyValueSpecification\",\"valueRequired\":true,\"valueName\":\"search_term_string\"}}],\"inLanguage\":\"es-CL\"}]}<\/script>\n<!-- \/ Yoast SEO plugin. -->","yoast_head_json":{"title":"SpinBetter Procedimiento de registro y bono de bienvenida","description":"Una descripci\u00f3n detallada del proceso de registro en SpinBetter Chile 2025. Razones por las que deber\u00eda elegir este sitio en particular. Qu\u00e9 es la verificaci\u00f3n, por qu\u00e9 la necesitas y c\u00f3mo pasarla.","robots":{"index":"index","follow":"follow","max-snippet":"max-snippet:-1","max-image-preview":"max-image-preview:large","max-video-preview":"max-video-preview:-1"},"canonical":"https:\/\/spinbetter.center\/cl\/registration\/","og_locale":"es_ES","og_type":"article","og_title":"SpinBetter Procedimiento de registro y bono de bienvenida","og_description":"Una descripci\u00f3n detallada del proceso de registro en SpinBetter Chile 2025. Razones por las que deber\u00eda elegir este sitio en particular. Qu\u00e9 es la verificaci\u00f3n, por qu\u00e9 la necesitas y c\u00f3mo pasarla.","og_url":"https:\/\/spinbetter.center\/cl\/registration\/","og_site_name":"SpinBetter cl","article_modified_time":"2025-08-17T16:00:34+00:00","twitter_card":"summary_large_image","schema":{"@context":"https:\/\/schema.org","@graph":[{"@type":"WebPage","@id":"https:\/\/spinbetter.center\/cl\/registration\/","url":"https:\/\/spinbetter.center\/cl\/registration\/","name":"SpinBetter Procedimiento de registro y bono de bienvenida","isPartOf":{"@id":"https:\/\/spinbetter.center\/cl\/#website"},"datePublished":"2024-11-11T07:02:10+00:00","dateModified":"2025-08-17T16:00:34+00:00","description":"Una descripci\u00f3n detallada del proceso de registro en SpinBetter Chile 2025. Razones por las que deber\u00eda elegir este sitio en particular. Qu\u00e9 es la verificaci\u00f3n, por qu\u00e9 la necesitas y c\u00f3mo pasarla.","breadcrumb":{"@id":"https:\/\/spinbetter.center\/cl\/registration\/#breadcrumb"},"inLanguage":"es-CL","potentialAction":[{"@type":"ReadAction","target":["https:\/\/spinbetter.center\/cl\/registration\/"]}]},{"@type":"BreadcrumbList","@id":"https:\/\/spinbetter.center\/cl\/registration\/#breadcrumb","itemListElement":[{"@type":"ListItem","position":1,"name":"Home","item":"https:\/\/spinbetter.center\/cl\/"},{"@type":"ListItem","position":2,"name":"Inscripci\u00f3n"}]},{"@type":"WebSite","@id":"https:\/\/spinbetter.center\/cl\/#website","url":"https:\/\/spinbetter.center\/cl\/","name":"SpinBetter","description":"SpinBetter","alternateName":"Spin Better","potentialAction":[{"@type":"SearchAction","target":{"@type":"EntryPoint","urlTemplate":"https:\/\/spinbetter.center\/cl\/?s={search_term_string}"},"query-input":{"@type":"PropertyValueSpecification","valueRequired":true,"valueName":"search_term_string"}}],"inLanguage":"es-CL"}]}},"_links":{"self":[{"href":"https:\/\/spinbetter.center\/cl\/wp-json\/wp\/v2\/pages\/404","targetHints":{"allow":["GET"]}}],"collection":[{"href":"https:\/\/spinbetter.center\/cl\/wp-json\/wp\/v2\/pages"}],"about":[{"href":"https:\/\/spinbetter.center\/cl\/wp-json\/wp\/v2\/types\/page"}],"author":[{"embeddable":true,"href":"https:\/\/spinbetter.center\/cl\/wp-json\/wp\/v2\/users\/1"}],"replies":[{"embeddable":true,"href":"https:\/\/spinbetter.center\/cl\/wp-json\/wp\/v2\/comments?post=404"}],"version-history":[{"count":2,"href":"https:\/\/spinbetter.center\/cl\/wp-json\/wp\/v2\/pages\/404\/revisions"}],"predecessor-version":[{"id":840,"href":"https:\/\/spinbetter.center\/cl\/wp-json\/wp\/v2\/pages\/404\/revisions\/840"}],"wp:attachment":[{"href":"https:\/\/spinbetter.center\/cl\/wp-json\/wp\/v2\/media?parent=404"}],"curies":[{"name":"wp","href":"https:\/\/api.w.org\/{rel}","templated":true}]}}