{"id":404,"date":"2024-11-11T07:02:10","date_gmt":"2024-11-11T07:02:10","guid":{"rendered":"https:\/\/spinbetter.center\/br\/?page_id=404"},"modified":"2025-03-13T08:55:26","modified_gmt":"2025-03-13T08:55:26","slug":"registration","status":"publish","type":"page","link":"https:\/\/spinbetter.center\/br\/registration\/","title":{"rendered":"Registro"},"content":{"rendered":"","protected":false},"excerpt":{"rendered":"","protected":false},"author":1,"featured_media":0,"parent":0,"menu_order":0,"comment_status":"closed","ping_status":"closed","template":"","meta":{"footnotes":""},"class_list":["post-404","page","type-page","status-publish","hentry"],"yoast_head":"<!-- This site is optimized with the Yoast SEO plugin v27.4 - https:\/\/yoast.com\/product\/yoast-seo-wordpress\/ -->\n<title>Procedimento de registro no SpinBetter e b\u00f4nus de boas-vindas passo a passo<\/title>\n<meta name=\"description\" content=\"Uma descri\u00e7\u00e3o detalhada do processo de registro no SpinBetter Brasil 2025. Raz\u00f5es pelas quais voc\u00ea deve escolher esse site espec\u00edfico. O que \u00e9 verifica\u00e7\u00e3o, por que voc\u00ea precisa dela e como pass\u00e1-la.\" \/>\n<meta name=\"robots\" content=\"index, follow, max-snippet:-1, max-image-preview:large, max-video-preview:-1\" \/>\n<link rel=\"canonical\" href=\"https:\/\/spinbetter.center\/br\/registration\/\" \/>\n<meta property=\"og:locale\" content=\"pt_BR\" \/>\n<meta property=\"og:type\" content=\"article\" \/>\n<meta property=\"og:title\" content=\"Procedimento de registro no SpinBetter e b\u00f4nus de boas-vindas passo a passo\" \/>\n<meta property=\"og:description\" content=\"Uma descri\u00e7\u00e3o detalhada do processo de registro no SpinBetter Brasil 2025. Raz\u00f5es pelas quais voc\u00ea deve escolher esse site espec\u00edfico. O que \u00e9 verifica\u00e7\u00e3o, por que voc\u00ea precisa dela e como pass\u00e1-la.\" \/>\n<meta property=\"og:url\" content=\"https:\/\/spinbetter.center\/br\/registration\/\" \/>\n<meta property=\"og:site_name\" content=\"Spinbetter Center br\" \/>\n<meta property=\"article:modified_time\" content=\"2025-03-13T08:55:26+00:00\" \/>\n<meta name=\"twitter:card\" content=\"summary_large_image\" \/>\n<script type=\"application\/ld+json\" class=\"yoast-schema-graph\">{\"@context\":\"https:\\\/\\\/schema.org\",\"@graph\":[{\"@type\":\"WebPage\",\"@id\":\"https:\\\/\\\/spinbetter.center\\\/br\\\/registration\\\/\",\"url\":\"https:\\\/\\\/spinbetter.center\\\/br\\\/registration\\\/\",\"name\":\"Procedimento de registro no SpinBetter e b\u00f4nus de boas-vindas passo a passo\",\"isPartOf\":{\"@id\":\"https:\\\/\\\/spinbetter.center\\\/br\\\/#website\"},\"datePublished\":\"2024-11-11T07:02:10+00:00\",\"dateModified\":\"2025-03-13T08:55:26+00:00\",\"description\":\"Uma descri\u00e7\u00e3o detalhada do processo de registro no SpinBetter Brasil 2025. Raz\u00f5es pelas quais voc\u00ea deve escolher esse site espec\u00edfico. O que \u00e9 verifica\u00e7\u00e3o, por que voc\u00ea precisa dela e como pass\u00e1-la.\",\"breadcrumb\":{\"@id\":\"https:\\\/\\\/spinbetter.center\\\/br\\\/registration\\\/#breadcrumb\"},\"inLanguage\":\"pt-BR\",\"potentialAction\":[{\"@type\":\"ReadAction\",\"target\":[\"https:\\\/\\\/spinbetter.center\\\/br\\\/registration\\\/\"]}]},{\"@type\":\"BreadcrumbList\",\"@id\":\"https:\\\/\\\/spinbetter.center\\\/br\\\/registration\\\/#breadcrumb\",\"itemListElement\":[{\"@type\":\"ListItem\",\"position\":1,\"name\":\"Home\",\"item\":\"https:\\\/\\\/spinbetter.center\\\/br\\\/\"},{\"@type\":\"ListItem\",\"position\":2,\"name\":\"Registro\"}]},{\"@type\":\"WebSite\",\"@id\":\"https:\\\/\\\/spinbetter.center\\\/br\\\/#website\",\"url\":\"https:\\\/\\\/spinbetter.center\\\/br\\\/\",\"name\":\"SpinBetter\",\"description\":\"SpinBetter\",\"alternateName\":\"Spin Better\",\"potentialAction\":[{\"@type\":\"SearchAction\",\"target\":{\"@type\":\"EntryPoint\",\"urlTemplate\":\"https:\\\/\\\/spinbetter.center\\\/br\\\/?s={search_term_string}\"},\"query-input\":{\"@type\":\"PropertyValueSpecification\",\"valueRequired\":true,\"valueName\":\"search_term_string\"}}],\"inLanguage\":\"pt-BR\"}]}<\/script>\n<!-- \/ Yoast SEO plugin. -->","yoast_head_json":{"title":"Procedimento de registro no SpinBetter e b\u00f4nus de boas-vindas passo a passo","description":"Uma descri\u00e7\u00e3o detalhada do processo de registro no SpinBetter Brasil 2025. Raz\u00f5es pelas quais voc\u00ea deve escolher esse site espec\u00edfico. O que \u00e9 verifica\u00e7\u00e3o, por que voc\u00ea precisa dela e como pass\u00e1-la.","robots":{"index":"index","follow":"follow","max-snippet":"max-snippet:-1","max-image-preview":"max-image-preview:large","max-video-preview":"max-video-preview:-1"},"canonical":"https:\/\/spinbetter.center\/br\/registration\/","og_locale":"pt_BR","og_type":"article","og_title":"Procedimento de registro no SpinBetter e b\u00f4nus de boas-vindas passo a passo","og_description":"Uma descri\u00e7\u00e3o detalhada do processo de registro no SpinBetter Brasil 2025. Raz\u00f5es pelas quais voc\u00ea deve escolher esse site espec\u00edfico. O que \u00e9 verifica\u00e7\u00e3o, por que voc\u00ea precisa dela e como pass\u00e1-la.","og_url":"https:\/\/spinbetter.center\/br\/registration\/","og_site_name":"Spinbetter Center br","article_modified_time":"2025-03-13T08:55:26+00:00","twitter_card":"summary_large_image","schema":{"@context":"https:\/\/schema.org","@graph":[{"@type":"WebPage","@id":"https:\/\/spinbetter.center\/br\/registration\/","url":"https:\/\/spinbetter.center\/br\/registration\/","name":"Procedimento de registro no SpinBetter e b\u00f4nus de boas-vindas passo a passo","isPartOf":{"@id":"https:\/\/spinbetter.center\/br\/#website"},"datePublished":"2024-11-11T07:02:10+00:00","dateModified":"2025-03-13T08:55:26+00:00","description":"Uma descri\u00e7\u00e3o detalhada do processo de registro no SpinBetter Brasil 2025. Raz\u00f5es pelas quais voc\u00ea deve escolher esse site espec\u00edfico. O que \u00e9 verifica\u00e7\u00e3o, por que voc\u00ea precisa dela e como pass\u00e1-la.","breadcrumb":{"@id":"https:\/\/spinbetter.center\/br\/registration\/#breadcrumb"},"inLanguage":"pt-BR","potentialAction":[{"@type":"ReadAction","target":["https:\/\/spinbetter.center\/br\/registration\/"]}]},{"@type":"BreadcrumbList","@id":"https:\/\/spinbetter.center\/br\/registration\/#breadcrumb","itemListElement":[{"@type":"ListItem","position":1,"name":"Home","item":"https:\/\/spinbetter.center\/br\/"},{"@type":"ListItem","position":2,"name":"Registro"}]},{"@type":"WebSite","@id":"https:\/\/spinbetter.center\/br\/#website","url":"https:\/\/spinbetter.center\/br\/","name":"SpinBetter","description":"SpinBetter","alternateName":"Spin Better","potentialAction":[{"@type":"SearchAction","target":{"@type":"EntryPoint","urlTemplate":"https:\/\/spinbetter.center\/br\/?s={search_term_string}"},"query-input":{"@type":"PropertyValueSpecification","valueRequired":true,"valueName":"search_term_string"}}],"inLanguage":"pt-BR"}]}},"_links":{"self":[{"href":"https:\/\/spinbetter.center\/br\/wp-json\/wp\/v2\/pages\/404","targetHints":{"allow":["GET"]}}],"collection":[{"href":"https:\/\/spinbetter.center\/br\/wp-json\/wp\/v2\/pages"}],"about":[{"href":"https:\/\/spinbetter.center\/br\/wp-json\/wp\/v2\/types\/page"}],"author":[{"embeddable":true,"href":"https:\/\/spinbetter.center\/br\/wp-json\/wp\/v2\/users\/1"}],"replies":[{"embeddable":true,"href":"https:\/\/spinbetter.center\/br\/wp-json\/wp\/v2\/comments?post=404"}],"version-history":[{"count":2,"href":"https:\/\/spinbetter.center\/br\/wp-json\/wp\/v2\/pages\/404\/revisions"}],"predecessor-version":[{"id":506,"href":"https:\/\/spinbetter.center\/br\/wp-json\/wp\/v2\/pages\/404\/revisions\/506"}],"wp:attachment":[{"href":"https:\/\/spinbetter.center\/br\/wp-json\/wp\/v2\/media?parent=404"}],"curies":[{"name":"wp","href":"https:\/\/api.w.org\/{rel}","templated":true}]}}