{"id":319,"date":"2024-10-22T13:42:47","date_gmt":"2024-10-22T13:42:47","guid":{"rendered":"https:\/\/spinbetter.center\/br\/?page_id=319"},"modified":"2025-03-13T08:49:53","modified_gmt":"2025-03-13T08:49:53","slug":"app","status":"publish","type":"page","link":"https:\/\/spinbetter.center\/br\/app\/","title":{"rendered":"Aplicativo"},"content":{"rendered":"","protected":false},"excerpt":{"rendered":"","protected":false},"author":1,"featured_media":0,"parent":0,"menu_order":0,"comment_status":"closed","ping_status":"closed","template":"","meta":{"footnotes":""},"class_list":["post-319","page","type-page","status-publish","hentry"],"yoast_head":"<!-- This site is optimized with the Yoast SEO plugin v24.5 - https:\/\/yoast.com\/wordpress\/plugins\/seo\/ -->\n<title>Aplicativo m\u00f3vel SpinBetter Brasil para Android e iOS<\/title>\n<meta name=\"description\" content=\"Recursos do aplicativo m\u00f3vel SpinBetter. Instru\u00e7\u00f5es de download e instala\u00e7\u00e3o. Como obter um b\u00f4nus no aplicativo e resolver problemas de inicializa\u00e7\u00e3o?\" \/>\n<meta name=\"robots\" content=\"index, follow, max-snippet:-1, max-image-preview:large, max-video-preview:-1\" \/>\n<link rel=\"canonical\" href=\"https:\/\/spinbetter.center\/br\/app\/\" \/>\n<meta property=\"og:locale\" content=\"pt_BR\" \/>\n<meta property=\"og:type\" content=\"article\" \/>\n<meta property=\"og:title\" content=\"Aplicativo m\u00f3vel SpinBetter Brasil para Android e iOS\" \/>\n<meta property=\"og:description\" content=\"Recursos do aplicativo m\u00f3vel SpinBetter. Instru\u00e7\u00f5es de download e instala\u00e7\u00e3o. Como obter um b\u00f4nus no aplicativo e resolver problemas de inicializa\u00e7\u00e3o?\" \/>\n<meta property=\"og:url\" content=\"https:\/\/spinbetter.center\/br\/app\/\" \/>\n<meta property=\"og:site_name\" content=\"Spinbetter Center br\" \/>\n<meta property=\"article:modified_time\" content=\"2025-03-13T08:49:53+00:00\" \/>\n<meta name=\"twitter:card\" content=\"summary_large_image\" \/>\n<script type=\"application\/ld+json\" class=\"yoast-schema-graph\">{\"@context\":\"https:\/\/schema.org\",\"@graph\":[{\"@type\":\"WebPage\",\"@id\":\"https:\/\/spinbetter.center\/br\/app\/\",\"url\":\"https:\/\/spinbetter.center\/br\/app\/\",\"name\":\"Aplicativo m\u00f3vel SpinBetter Brasil para Android e iOS\",\"isPartOf\":{\"@id\":\"https:\/\/spinbetter.center\/br\/#website\"},\"datePublished\":\"2024-10-22T13:42:47+00:00\",\"dateModified\":\"2025-03-13T08:49:53+00:00\",\"description\":\"Recursos do aplicativo m\u00f3vel SpinBetter. Instru\u00e7\u00f5es de download e instala\u00e7\u00e3o. Como obter um b\u00f4nus no aplicativo e resolver problemas de inicializa\u00e7\u00e3o?\",\"breadcrumb\":{\"@id\":\"https:\/\/spinbetter.center\/br\/app\/#breadcrumb\"},\"inLanguage\":\"pt-BR\",\"potentialAction\":[{\"@type\":\"ReadAction\",\"target\":[\"https:\/\/spinbetter.center\/br\/app\/\"]}]},{\"@type\":\"BreadcrumbList\",\"@id\":\"https:\/\/spinbetter.center\/br\/app\/#breadcrumb\",\"itemListElement\":[{\"@type\":\"ListItem\",\"position\":1,\"name\":\"Home\",\"item\":\"https:\/\/spinbetter.center\/br\/\"},{\"@type\":\"ListItem\",\"position\":2,\"name\":\"Aplicativo\"}]},{\"@type\":\"WebSite\",\"@id\":\"https:\/\/spinbetter.center\/br\/#website\",\"url\":\"https:\/\/spinbetter.center\/br\/\",\"name\":\"SpinBetter\",\"description\":\"SpinBetter\",\"alternateName\":\"Spin Better\",\"potentialAction\":[{\"@type\":\"SearchAction\",\"target\":{\"@type\":\"EntryPoint\",\"urlTemplate\":\"https:\/\/spinbetter.center\/br\/?s={search_term_string}\"},\"query-input\":{\"@type\":\"PropertyValueSpecification\",\"valueRequired\":true,\"valueName\":\"search_term_string\"}}],\"inLanguage\":\"pt-BR\"}]}<\/script>\n<!-- \/ Yoast SEO plugin. -->","yoast_head_json":{"title":"Aplicativo m\u00f3vel SpinBetter Brasil para Android e iOS","description":"Recursos do aplicativo m\u00f3vel SpinBetter. Instru\u00e7\u00f5es de download e instala\u00e7\u00e3o. Como obter um b\u00f4nus no aplicativo e resolver problemas de inicializa\u00e7\u00e3o?","robots":{"index":"index","follow":"follow","max-snippet":"max-snippet:-1","max-image-preview":"max-image-preview:large","max-video-preview":"max-video-preview:-1"},"canonical":"https:\/\/spinbetter.center\/br\/app\/","og_locale":"pt_BR","og_type":"article","og_title":"Aplicativo m\u00f3vel SpinBetter Brasil para Android e iOS","og_description":"Recursos do aplicativo m\u00f3vel SpinBetter. Instru\u00e7\u00f5es de download e instala\u00e7\u00e3o. Como obter um b\u00f4nus no aplicativo e resolver problemas de inicializa\u00e7\u00e3o?","og_url":"https:\/\/spinbetter.center\/br\/app\/","og_site_name":"Spinbetter Center br","article_modified_time":"2025-03-13T08:49:53+00:00","twitter_card":"summary_large_image","schema":{"@context":"https:\/\/schema.org","@graph":[{"@type":"WebPage","@id":"https:\/\/spinbetter.center\/br\/app\/","url":"https:\/\/spinbetter.center\/br\/app\/","name":"Aplicativo m\u00f3vel SpinBetter Brasil para Android e iOS","isPartOf":{"@id":"https:\/\/spinbetter.center\/br\/#website"},"datePublished":"2024-10-22T13:42:47+00:00","dateModified":"2025-03-13T08:49:53+00:00","description":"Recursos do aplicativo m\u00f3vel SpinBetter. Instru\u00e7\u00f5es de download e instala\u00e7\u00e3o. Como obter um b\u00f4nus no aplicativo e resolver problemas de inicializa\u00e7\u00e3o?","breadcrumb":{"@id":"https:\/\/spinbetter.center\/br\/app\/#breadcrumb"},"inLanguage":"pt-BR","potentialAction":[{"@type":"ReadAction","target":["https:\/\/spinbetter.center\/br\/app\/"]}]},{"@type":"BreadcrumbList","@id":"https:\/\/spinbetter.center\/br\/app\/#breadcrumb","itemListElement":[{"@type":"ListItem","position":1,"name":"Home","item":"https:\/\/spinbetter.center\/br\/"},{"@type":"ListItem","position":2,"name":"Aplicativo"}]},{"@type":"WebSite","@id":"https:\/\/spinbetter.center\/br\/#website","url":"https:\/\/spinbetter.center\/br\/","name":"SpinBetter","description":"SpinBetter","alternateName":"Spin Better","potentialAction":[{"@type":"SearchAction","target":{"@type":"EntryPoint","urlTemplate":"https:\/\/spinbetter.center\/br\/?s={search_term_string}"},"query-input":{"@type":"PropertyValueSpecification","valueRequired":true,"valueName":"search_term_string"}}],"inLanguage":"pt-BR"}]}},"_links":{"self":[{"href":"https:\/\/spinbetter.center\/br\/wp-json\/wp\/v2\/pages\/319","targetHints":{"allow":["GET"]}}],"collection":[{"href":"https:\/\/spinbetter.center\/br\/wp-json\/wp\/v2\/pages"}],"about":[{"href":"https:\/\/spinbetter.center\/br\/wp-json\/wp\/v2\/types\/page"}],"author":[{"embeddable":true,"href":"https:\/\/spinbetter.center\/br\/wp-json\/wp\/v2\/users\/1"}],"replies":[{"embeddable":true,"href":"https:\/\/spinbetter.center\/br\/wp-json\/wp\/v2\/comments?post=319"}],"version-history":[{"count":4,"href":"https:\/\/spinbetter.center\/br\/wp-json\/wp\/v2\/pages\/319\/revisions"}],"predecessor-version":[{"id":494,"href":"https:\/\/spinbetter.center\/br\/wp-json\/wp\/v2\/pages\/319\/revisions\/494"}],"wp:attachment":[{"href":"https:\/\/spinbetter.center\/br\/wp-json\/wp\/v2\/media?parent=319"}],"curies":[{"name":"wp","href":"https:\/\/api.w.org\/{rel}","templated":true}]}}