{"id":527,"date":"2025-03-31T05:47:08","date_gmt":"2025-03-31T05:47:08","guid":{"rendered":"https:\/\/spinbetter.center\/?page_id=527"},"modified":"2025-07-18T13:14:19","modified_gmt":"2025-07-18T13:14:19","slug":"reload-bonus","status":"publish","type":"page","link":"https:\/\/spinbetter.center\/be\/bonuses\/reload-bonus\/","title":{"rendered":"Bonus de recharge"},"content":{"rendered":"","protected":false},"excerpt":{"rendered":"","protected":false},"author":1,"featured_media":0,"parent":272,"menu_order":0,"comment_status":"closed","ping_status":"closed","template":"","meta":{"footnotes":""},"class_list":["post-527","page","type-page","status-publish","hentry"],"yoast_head":"<!-- This site is optimized with the Yoast SEO plugin v27.4 - https:\/\/yoast.com\/product\/yoast-seo-wordpress\/ -->\n<title>50% de bonus de recharge + 50 tours gratuits tous les mercredis!<\/title>\n<meta name=\"description\" content=\"Ne manquez pas votre gain de jeu mercredi! Obtenez un bonus de 50 % jusqu&#039;\u00e0 200 \u20ac et 50 freespins en d\u00e9posant 15 \u20ac. Ce bonus est votre chance de gagner gros! Augmentez vos mises et partez \u00e0 la conqu\u00eate des machines \u00e0 sous tous les mercredis!\" \/>\n<meta name=\"robots\" content=\"index, follow, max-snippet:-1, max-image-preview:large, max-video-preview:-1\" \/>\n<link rel=\"canonical\" href=\"https:\/\/spinbetter.center\/be\/bonuses\/reload-bonus\/\" \/>\n<meta property=\"og:locale\" content=\"fr_FR\" \/>\n<meta property=\"og:type\" content=\"article\" \/>\n<meta property=\"og:title\" content=\"50% de bonus de recharge + 50 tours gratuits tous les mercredis!\" \/>\n<meta property=\"og:description\" content=\"Ne manquez pas votre gain de jeu mercredi! Obtenez un bonus de 50 % jusqu&#039;\u00e0 200 \u20ac et 50 freespins en d\u00e9posant 15 \u20ac. Ce bonus est votre chance de gagner gros! Augmentez vos mises et partez \u00e0 la conqu\u00eate des machines \u00e0 sous tous les mercredis!\" \/>\n<meta property=\"og:url\" content=\"https:\/\/spinbetter.center\/be\/bonuses\/reload-bonus\/\" \/>\n<meta property=\"og:site_name\" content=\"Spinbetter center BE\" \/>\n<meta property=\"article:modified_time\" content=\"2025-07-18T13:14:19+00:00\" \/>\n<meta name=\"twitter:card\" content=\"summary_large_image\" \/>\n<script type=\"application\/ld+json\" class=\"yoast-schema-graph\">{\"@context\":\"https:\\\/\\\/schema.org\",\"@graph\":[{\"@type\":\"WebPage\",\"@id\":\"https:\\\/\\\/spinbetter.center\\\/be\\\/bonuses\\\/reload-bonus\\\/\",\"url\":\"https:\\\/\\\/spinbetter.center\\\/be\\\/bonuses\\\/reload-bonus\\\/\",\"name\":\"50% de bonus de recharge + 50 tours gratuits tous les mercredis!\",\"isPartOf\":{\"@id\":\"https:\\\/\\\/spinbetter.center\\\/be\\\/#website\"},\"datePublished\":\"2025-03-31T05:47:08+00:00\",\"dateModified\":\"2025-07-18T13:14:19+00:00\",\"description\":\"Ne manquez pas votre gain de jeu mercredi! Obtenez un bonus de 50 % jusqu'\u00e0 200 \u20ac et 50 freespins en d\u00e9posant 15 \u20ac. Ce bonus est votre chance de gagner gros! Augmentez vos mises et partez \u00e0 la conqu\u00eate des machines \u00e0 sous tous les mercredis!\",\"breadcrumb\":{\"@id\":\"https:\\\/\\\/spinbetter.center\\\/be\\\/bonuses\\\/reload-bonus\\\/#breadcrumb\"},\"inLanguage\":\"fr-BE\",\"potentialAction\":[{\"@type\":\"ReadAction\",\"target\":[\"https:\\\/\\\/spinbetter.center\\\/be\\\/bonuses\\\/reload-bonus\\\/\"]}]},{\"@type\":\"BreadcrumbList\",\"@id\":\"https:\\\/\\\/spinbetter.center\\\/be\\\/bonuses\\\/reload-bonus\\\/#breadcrumb\",\"itemListElement\":[{\"@type\":\"ListItem\",\"position\":1,\"name\":\"Home\",\"item\":\"https:\\\/\\\/spinbetter.center\\\/be\\\/\"},{\"@type\":\"ListItem\",\"position\":2,\"name\":\"Bonus\",\"item\":\"https:\\\/\\\/spinbetter.center\\\/be\\\/bonuses\\\/\"},{\"@type\":\"ListItem\",\"position\":3,\"name\":\"Bonus de recharge\"}]},{\"@type\":\"WebSite\",\"@id\":\"https:\\\/\\\/spinbetter.center\\\/be\\\/#website\",\"url\":\"https:\\\/\\\/spinbetter.center\\\/be\\\/\",\"name\":\"SpinBetter\",\"description\":\"SpinBetter\",\"alternateName\":\"Spin Better\",\"potentialAction\":[{\"@type\":\"SearchAction\",\"target\":{\"@type\":\"EntryPoint\",\"urlTemplate\":\"https:\\\/\\\/spinbetter.center\\\/be\\\/?s={search_term_string}\"},\"query-input\":{\"@type\":\"PropertyValueSpecification\",\"valueRequired\":true,\"valueName\":\"search_term_string\"}}],\"inLanguage\":\"fr-BE\"}]}<\/script>\n<!-- \/ Yoast SEO plugin. -->","yoast_head_json":{"title":"50% de bonus de recharge + 50 tours gratuits tous les mercredis!","description":"Ne manquez pas votre gain de jeu mercredi! Obtenez un bonus de 50 % jusqu'\u00e0 200 \u20ac et 50 freespins en d\u00e9posant 15 \u20ac. Ce bonus est votre chance de gagner gros! Augmentez vos mises et partez \u00e0 la conqu\u00eate des machines \u00e0 sous tous les mercredis!","robots":{"index":"index","follow":"follow","max-snippet":"max-snippet:-1","max-image-preview":"max-image-preview:large","max-video-preview":"max-video-preview:-1"},"canonical":"https:\/\/spinbetter.center\/be\/bonuses\/reload-bonus\/","og_locale":"fr_FR","og_type":"article","og_title":"50% de bonus de recharge + 50 tours gratuits tous les mercredis!","og_description":"Ne manquez pas votre gain de jeu mercredi! Obtenez un bonus de 50 % jusqu'\u00e0 200 \u20ac et 50 freespins en d\u00e9posant 15 \u20ac. Ce bonus est votre chance de gagner gros! Augmentez vos mises et partez \u00e0 la conqu\u00eate des machines \u00e0 sous tous les mercredis!","og_url":"https:\/\/spinbetter.center\/be\/bonuses\/reload-bonus\/","og_site_name":"Spinbetter center BE","article_modified_time":"2025-07-18T13:14:19+00:00","twitter_card":"summary_large_image","schema":{"@context":"https:\/\/schema.org","@graph":[{"@type":"WebPage","@id":"https:\/\/spinbetter.center\/be\/bonuses\/reload-bonus\/","url":"https:\/\/spinbetter.center\/be\/bonuses\/reload-bonus\/","name":"50% de bonus de recharge + 50 tours gratuits tous les mercredis!","isPartOf":{"@id":"https:\/\/spinbetter.center\/be\/#website"},"datePublished":"2025-03-31T05:47:08+00:00","dateModified":"2025-07-18T13:14:19+00:00","description":"Ne manquez pas votre gain de jeu mercredi! Obtenez un bonus de 50 % jusqu'\u00e0 200 \u20ac et 50 freespins en d\u00e9posant 15 \u20ac. Ce bonus est votre chance de gagner gros! Augmentez vos mises et partez \u00e0 la conqu\u00eate des machines \u00e0 sous tous les mercredis!","breadcrumb":{"@id":"https:\/\/spinbetter.center\/be\/bonuses\/reload-bonus\/#breadcrumb"},"inLanguage":"fr-BE","potentialAction":[{"@type":"ReadAction","target":["https:\/\/spinbetter.center\/be\/bonuses\/reload-bonus\/"]}]},{"@type":"BreadcrumbList","@id":"https:\/\/spinbetter.center\/be\/bonuses\/reload-bonus\/#breadcrumb","itemListElement":[{"@type":"ListItem","position":1,"name":"Home","item":"https:\/\/spinbetter.center\/be\/"},{"@type":"ListItem","position":2,"name":"Bonus","item":"https:\/\/spinbetter.center\/be\/bonuses\/"},{"@type":"ListItem","position":3,"name":"Bonus de recharge"}]},{"@type":"WebSite","@id":"https:\/\/spinbetter.center\/be\/#website","url":"https:\/\/spinbetter.center\/be\/","name":"SpinBetter","description":"SpinBetter","alternateName":"Spin Better","potentialAction":[{"@type":"SearchAction","target":{"@type":"EntryPoint","urlTemplate":"https:\/\/spinbetter.center\/be\/?s={search_term_string}"},"query-input":{"@type":"PropertyValueSpecification","valueRequired":true,"valueName":"search_term_string"}}],"inLanguage":"fr-BE"}]}},"amp_enabled":true,"_links":{"self":[{"href":"https:\/\/spinbetter.center\/be\/wp-json\/wp\/v2\/pages\/527","targetHints":{"allow":["GET"]}}],"collection":[{"href":"https:\/\/spinbetter.center\/be\/wp-json\/wp\/v2\/pages"}],"about":[{"href":"https:\/\/spinbetter.center\/be\/wp-json\/wp\/v2\/types\/page"}],"author":[{"embeddable":true,"href":"https:\/\/spinbetter.center\/be\/wp-json\/wp\/v2\/users\/1"}],"replies":[{"embeddable":true,"href":"https:\/\/spinbetter.center\/be\/wp-json\/wp\/v2\/comments?post=527"}],"version-history":[{"count":4,"href":"https:\/\/spinbetter.center\/be\/wp-json\/wp\/v2\/pages\/527\/revisions"}],"predecessor-version":[{"id":777,"href":"https:\/\/spinbetter.center\/be\/wp-json\/wp\/v2\/pages\/527\/revisions\/777"}],"up":[{"embeddable":true,"href":"https:\/\/spinbetter.center\/be\/wp-json\/wp\/v2\/pages\/272"}],"wp:attachment":[{"href":"https:\/\/spinbetter.center\/be\/wp-json\/wp\/v2\/media?parent=527"}],"curies":[{"name":"wp","href":"https:\/\/api.w.org\/{rel}","templated":true}]}}