{"id":521,"date":"2025-03-28T15:40:33","date_gmt":"2025-03-28T15:40:33","guid":{"rendered":"https:\/\/spinbetter.center\/?page_id=521"},"modified":"2025-06-04T15:32:43","modified_gmt":"2025-06-04T15:32:43","slug":"losing-bets","status":"publish","type":"page","link":"https:\/\/spinbetter.center\/be\/bonuses\/losing-bets\/","title":{"rendered":"Les paris perdants"},"content":{"rendered":"","protected":false},"excerpt":{"rendered":"","protected":false},"author":1,"featured_media":0,"parent":272,"menu_order":0,"comment_status":"closed","ping_status":"closed","template":"","meta":{"footnotes":""},"class_list":["post-521","page","type-page","status-publish","hentry"],"yoast_head":"<!-- This site is optimized with the Yoast SEO plugin v27.4 - https:\/\/yoast.com\/product\/yoast-seo-wordpress\/ -->\n<title>SpinBetter bonus pour une s\u00e9rie de mauvais paris: recevez jusqu&#039;\u00e0 \u20ac500 \u00e0 miser!<\/title>\n<meta name=\"description\" content=\"Ne vous laissez pas abattre par les revers! SpinBetter ne vous abandonne pas \u00e0 votre sort! Obtenez une chance suppl\u00e9mentaire et jusqu&#039;\u00e0 500 \u20ac de compensation pour une s\u00e9rie de mauvais paris. Retrouvez votre confiance et gagnez pendant que les autres paniquent!\" \/>\n<meta name=\"robots\" content=\"index, follow, max-snippet:-1, max-image-preview:large, max-video-preview:-1\" \/>\n<link rel=\"canonical\" href=\"https:\/\/spinbetter.center\/be\/bonuses\/losing-bets\/\" \/>\n<meta property=\"og:locale\" content=\"fr_FR\" \/>\n<meta property=\"og:type\" content=\"article\" \/>\n<meta property=\"og:title\" content=\"SpinBetter bonus pour une s\u00e9rie de mauvais paris: recevez jusqu&#039;\u00e0 \u20ac500 \u00e0 miser!\" \/>\n<meta property=\"og:description\" content=\"Ne vous laissez pas abattre par les revers! SpinBetter ne vous abandonne pas \u00e0 votre sort! Obtenez une chance suppl\u00e9mentaire et jusqu&#039;\u00e0 500 \u20ac de compensation pour une s\u00e9rie de mauvais paris. Retrouvez votre confiance et gagnez pendant que les autres paniquent!\" \/>\n<meta property=\"og:url\" content=\"https:\/\/spinbetter.center\/be\/bonuses\/losing-bets\/\" \/>\n<meta property=\"og:site_name\" content=\"Spinbetter center BE\" \/>\n<meta property=\"article:modified_time\" content=\"2025-06-04T15:32:43+00:00\" \/>\n<meta name=\"twitter:card\" content=\"summary_large_image\" \/>\n<script type=\"application\/ld+json\" class=\"yoast-schema-graph\">{\"@context\":\"https:\\\/\\\/schema.org\",\"@graph\":[{\"@type\":\"WebPage\",\"@id\":\"https:\\\/\\\/spinbetter.center\\\/be\\\/bonuses\\\/losing-bets\\\/\",\"url\":\"https:\\\/\\\/spinbetter.center\\\/be\\\/bonuses\\\/losing-bets\\\/\",\"name\":\"SpinBetter bonus pour une s\u00e9rie de mauvais paris: recevez jusqu'\u00e0 \u20ac500 \u00e0 miser!\",\"isPartOf\":{\"@id\":\"https:\\\/\\\/spinbetter.center\\\/be\\\/#website\"},\"datePublished\":\"2025-03-28T15:40:33+00:00\",\"dateModified\":\"2025-06-04T15:32:43+00:00\",\"description\":\"Ne vous laissez pas abattre par les revers! SpinBetter ne vous abandonne pas \u00e0 votre sort! Obtenez une chance suppl\u00e9mentaire et jusqu'\u00e0 500 \u20ac de compensation pour une s\u00e9rie de mauvais paris. Retrouvez votre confiance et gagnez pendant que les autres paniquent!\",\"breadcrumb\":{\"@id\":\"https:\\\/\\\/spinbetter.center\\\/be\\\/bonuses\\\/losing-bets\\\/#breadcrumb\"},\"inLanguage\":\"fr-BE\",\"potentialAction\":[{\"@type\":\"ReadAction\",\"target\":[\"https:\\\/\\\/spinbetter.center\\\/be\\\/bonuses\\\/losing-bets\\\/\"]}]},{\"@type\":\"BreadcrumbList\",\"@id\":\"https:\\\/\\\/spinbetter.center\\\/be\\\/bonuses\\\/losing-bets\\\/#breadcrumb\",\"itemListElement\":[{\"@type\":\"ListItem\",\"position\":1,\"name\":\"Home\",\"item\":\"https:\\\/\\\/spinbetter.center\\\/be\\\/\"},{\"@type\":\"ListItem\",\"position\":2,\"name\":\"Bonus\",\"item\":\"https:\\\/\\\/spinbetter.center\\\/be\\\/bonuses\\\/\"},{\"@type\":\"ListItem\",\"position\":3,\"name\":\"Les paris perdants\"}]},{\"@type\":\"WebSite\",\"@id\":\"https:\\\/\\\/spinbetter.center\\\/be\\\/#website\",\"url\":\"https:\\\/\\\/spinbetter.center\\\/be\\\/\",\"name\":\"SpinBetter\",\"description\":\"SpinBetter\",\"alternateName\":\"Spin Better\",\"potentialAction\":[{\"@type\":\"SearchAction\",\"target\":{\"@type\":\"EntryPoint\",\"urlTemplate\":\"https:\\\/\\\/spinbetter.center\\\/be\\\/?s={search_term_string}\"},\"query-input\":{\"@type\":\"PropertyValueSpecification\",\"valueRequired\":true,\"valueName\":\"search_term_string\"}}],\"inLanguage\":\"fr-BE\"}]}<\/script>\n<!-- \/ Yoast SEO plugin. -->","yoast_head_json":{"title":"SpinBetter bonus pour une s\u00e9rie de mauvais paris: recevez jusqu'\u00e0 \u20ac500 \u00e0 miser!","description":"Ne vous laissez pas abattre par les revers! SpinBetter ne vous abandonne pas \u00e0 votre sort! Obtenez une chance suppl\u00e9mentaire et jusqu'\u00e0 500 \u20ac de compensation pour une s\u00e9rie de mauvais paris. Retrouvez votre confiance et gagnez pendant que les autres paniquent!","robots":{"index":"index","follow":"follow","max-snippet":"max-snippet:-1","max-image-preview":"max-image-preview:large","max-video-preview":"max-video-preview:-1"},"canonical":"https:\/\/spinbetter.center\/be\/bonuses\/losing-bets\/","og_locale":"fr_FR","og_type":"article","og_title":"SpinBetter bonus pour une s\u00e9rie de mauvais paris: recevez jusqu'\u00e0 \u20ac500 \u00e0 miser!","og_description":"Ne vous laissez pas abattre par les revers! SpinBetter ne vous abandonne pas \u00e0 votre sort! Obtenez une chance suppl\u00e9mentaire et jusqu'\u00e0 500 \u20ac de compensation pour une s\u00e9rie de mauvais paris. Retrouvez votre confiance et gagnez pendant que les autres paniquent!","og_url":"https:\/\/spinbetter.center\/be\/bonuses\/losing-bets\/","og_site_name":"Spinbetter center BE","article_modified_time":"2025-06-04T15:32:43+00:00","twitter_card":"summary_large_image","schema":{"@context":"https:\/\/schema.org","@graph":[{"@type":"WebPage","@id":"https:\/\/spinbetter.center\/be\/bonuses\/losing-bets\/","url":"https:\/\/spinbetter.center\/be\/bonuses\/losing-bets\/","name":"SpinBetter bonus pour une s\u00e9rie de mauvais paris: recevez jusqu'\u00e0 \u20ac500 \u00e0 miser!","isPartOf":{"@id":"https:\/\/spinbetter.center\/be\/#website"},"datePublished":"2025-03-28T15:40:33+00:00","dateModified":"2025-06-04T15:32:43+00:00","description":"Ne vous laissez pas abattre par les revers! SpinBetter ne vous abandonne pas \u00e0 votre sort! Obtenez une chance suppl\u00e9mentaire et jusqu'\u00e0 500 \u20ac de compensation pour une s\u00e9rie de mauvais paris. Retrouvez votre confiance et gagnez pendant que les autres paniquent!","breadcrumb":{"@id":"https:\/\/spinbetter.center\/be\/bonuses\/losing-bets\/#breadcrumb"},"inLanguage":"fr-BE","potentialAction":[{"@type":"ReadAction","target":["https:\/\/spinbetter.center\/be\/bonuses\/losing-bets\/"]}]},{"@type":"BreadcrumbList","@id":"https:\/\/spinbetter.center\/be\/bonuses\/losing-bets\/#breadcrumb","itemListElement":[{"@type":"ListItem","position":1,"name":"Home","item":"https:\/\/spinbetter.center\/be\/"},{"@type":"ListItem","position":2,"name":"Bonus","item":"https:\/\/spinbetter.center\/be\/bonuses\/"},{"@type":"ListItem","position":3,"name":"Les paris perdants"}]},{"@type":"WebSite","@id":"https:\/\/spinbetter.center\/be\/#website","url":"https:\/\/spinbetter.center\/be\/","name":"SpinBetter","description":"SpinBetter","alternateName":"Spin Better","potentialAction":[{"@type":"SearchAction","target":{"@type":"EntryPoint","urlTemplate":"https:\/\/spinbetter.center\/be\/?s={search_term_string}"},"query-input":{"@type":"PropertyValueSpecification","valueRequired":true,"valueName":"search_term_string"}}],"inLanguage":"fr-BE"}]}},"amp_enabled":true,"_links":{"self":[{"href":"https:\/\/spinbetter.center\/be\/wp-json\/wp\/v2\/pages\/521","targetHints":{"allow":["GET"]}}],"collection":[{"href":"https:\/\/spinbetter.center\/be\/wp-json\/wp\/v2\/pages"}],"about":[{"href":"https:\/\/spinbetter.center\/be\/wp-json\/wp\/v2\/types\/page"}],"author":[{"embeddable":true,"href":"https:\/\/spinbetter.center\/be\/wp-json\/wp\/v2\/users\/1"}],"replies":[{"embeddable":true,"href":"https:\/\/spinbetter.center\/be\/wp-json\/wp\/v2\/comments?post=521"}],"version-history":[{"count":2,"href":"https:\/\/spinbetter.center\/be\/wp-json\/wp\/v2\/pages\/521\/revisions"}],"predecessor-version":[{"id":756,"href":"https:\/\/spinbetter.center\/be\/wp-json\/wp\/v2\/pages\/521\/revisions\/756"}],"up":[{"embeddable":true,"href":"https:\/\/spinbetter.center\/be\/wp-json\/wp\/v2\/pages\/272"}],"wp:attachment":[{"href":"https:\/\/spinbetter.center\/be\/wp-json\/wp\/v2\/media?parent=521"}],"curies":[{"name":"wp","href":"https:\/\/api.w.org\/{rel}","templated":true}]}}