{"id":422,"date":"2024-11-11T09:29:24","date_gmt":"2024-11-11T09:29:24","guid":{"rendered":"https:\/\/spinbetter.center\/be\/?page_id=422"},"modified":"2025-02-23T11:24:03","modified_gmt":"2025-02-23T11:24:03","slug":"login","status":"publish","type":"page","link":"https:\/\/spinbetter.center\/be\/login\/","title":{"rendered":"Connexion"},"content":{"rendered":"","protected":false},"excerpt":{"rendered":"","protected":false},"author":1,"featured_media":0,"parent":0,"menu_order":0,"comment_status":"closed","ping_status":"closed","template":"","meta":{"footnotes":""},"class_list":["post-422","page","type-page","status-publish","hentry"],"yoast_head":"<!-- This site is optimized with the Yoast SEO plugin v27.4 - https:\/\/yoast.com\/product\/yoast-seo-wordpress\/ -->\n<title>Autorisation SpinBetter Belgique - Instructions pour r\u00e9tablir l&#039;acc\u00e8s<\/title>\n<meta name=\"description\" content=\"M\u00e9thodes de base pour se connecter au compte SpinBetter. Guide \u00e9tape par \u00e9tape pour r\u00e9cup\u00e9rer un mot de passe oubli\u00e9. Solutions aux probl\u00e8mes de connexion les plus courants.\" \/>\n<meta name=\"robots\" content=\"index, follow, max-snippet:-1, max-image-preview:large, max-video-preview:-1\" \/>\n<link rel=\"canonical\" href=\"https:\/\/spinbetter.center\/be\/login\/\" \/>\n<meta property=\"og:locale\" content=\"fr_FR\" \/>\n<meta property=\"og:type\" content=\"article\" \/>\n<meta property=\"og:title\" content=\"Autorisation SpinBetter Belgique - Instructions pour r\u00e9tablir l&#039;acc\u00e8s\" \/>\n<meta property=\"og:description\" content=\"M\u00e9thodes de base pour se connecter au compte SpinBetter. Guide \u00e9tape par \u00e9tape pour r\u00e9cup\u00e9rer un mot de passe oubli\u00e9. Solutions aux probl\u00e8mes de connexion les plus courants.\" \/>\n<meta property=\"og:url\" content=\"https:\/\/spinbetter.center\/be\/login\/\" \/>\n<meta property=\"og:site_name\" content=\"Spinbetter center BE\" \/>\n<meta property=\"article:modified_time\" content=\"2025-02-23T11:24:03+00:00\" \/>\n<meta name=\"twitter:card\" content=\"summary_large_image\" \/>\n<script type=\"application\/ld+json\" class=\"yoast-schema-graph\">{\"@context\":\"https:\\\/\\\/schema.org\",\"@graph\":[{\"@type\":\"WebPage\",\"@id\":\"https:\\\/\\\/spinbetter.center\\\/be\\\/login\\\/\",\"url\":\"https:\\\/\\\/spinbetter.center\\\/be\\\/login\\\/\",\"name\":\"Autorisation SpinBetter Belgique - Instructions pour r\u00e9tablir l'acc\u00e8s\",\"isPartOf\":{\"@id\":\"https:\\\/\\\/spinbetter.center\\\/be\\\/#website\"},\"datePublished\":\"2024-11-11T09:29:24+00:00\",\"dateModified\":\"2025-02-23T11:24:03+00:00\",\"description\":\"M\u00e9thodes de base pour se connecter au compte SpinBetter. Guide \u00e9tape par \u00e9tape pour r\u00e9cup\u00e9rer un mot de passe oubli\u00e9. Solutions aux probl\u00e8mes de connexion les plus courants.\",\"breadcrumb\":{\"@id\":\"https:\\\/\\\/spinbetter.center\\\/be\\\/login\\\/#breadcrumb\"},\"inLanguage\":\"fr-BE\",\"potentialAction\":[{\"@type\":\"ReadAction\",\"target\":[\"https:\\\/\\\/spinbetter.center\\\/be\\\/login\\\/\"]}]},{\"@type\":\"BreadcrumbList\",\"@id\":\"https:\\\/\\\/spinbetter.center\\\/be\\\/login\\\/#breadcrumb\",\"itemListElement\":[{\"@type\":\"ListItem\",\"position\":1,\"name\":\"Home\",\"item\":\"https:\\\/\\\/spinbetter.center\\\/be\\\/\"},{\"@type\":\"ListItem\",\"position\":2,\"name\":\"Connexion\"}]},{\"@type\":\"WebSite\",\"@id\":\"https:\\\/\\\/spinbetter.center\\\/be\\\/#website\",\"url\":\"https:\\\/\\\/spinbetter.center\\\/be\\\/\",\"name\":\"SpinBetter\",\"description\":\"SpinBetter\",\"alternateName\":\"Spin Better\",\"potentialAction\":[{\"@type\":\"SearchAction\",\"target\":{\"@type\":\"EntryPoint\",\"urlTemplate\":\"https:\\\/\\\/spinbetter.center\\\/be\\\/?s={search_term_string}\"},\"query-input\":{\"@type\":\"PropertyValueSpecification\",\"valueRequired\":true,\"valueName\":\"search_term_string\"}}],\"inLanguage\":\"fr-BE\"}]}<\/script>\n<!-- \/ Yoast SEO plugin. -->","yoast_head_json":{"title":"Autorisation SpinBetter Belgique - Instructions pour r\u00e9tablir l'acc\u00e8s","description":"M\u00e9thodes de base pour se connecter au compte SpinBetter. Guide \u00e9tape par \u00e9tape pour r\u00e9cup\u00e9rer un mot de passe oubli\u00e9. Solutions aux probl\u00e8mes de connexion les plus courants.","robots":{"index":"index","follow":"follow","max-snippet":"max-snippet:-1","max-image-preview":"max-image-preview:large","max-video-preview":"max-video-preview:-1"},"canonical":"https:\/\/spinbetter.center\/be\/login\/","og_locale":"fr_FR","og_type":"article","og_title":"Autorisation SpinBetter Belgique - Instructions pour r\u00e9tablir l'acc\u00e8s","og_description":"M\u00e9thodes de base pour se connecter au compte SpinBetter. Guide \u00e9tape par \u00e9tape pour r\u00e9cup\u00e9rer un mot de passe oubli\u00e9. Solutions aux probl\u00e8mes de connexion les plus courants.","og_url":"https:\/\/spinbetter.center\/be\/login\/","og_site_name":"Spinbetter center BE","article_modified_time":"2025-02-23T11:24:03+00:00","twitter_card":"summary_large_image","schema":{"@context":"https:\/\/schema.org","@graph":[{"@type":"WebPage","@id":"https:\/\/spinbetter.center\/be\/login\/","url":"https:\/\/spinbetter.center\/be\/login\/","name":"Autorisation SpinBetter Belgique - Instructions pour r\u00e9tablir l'acc\u00e8s","isPartOf":{"@id":"https:\/\/spinbetter.center\/be\/#website"},"datePublished":"2024-11-11T09:29:24+00:00","dateModified":"2025-02-23T11:24:03+00:00","description":"M\u00e9thodes de base pour se connecter au compte SpinBetter. Guide \u00e9tape par \u00e9tape pour r\u00e9cup\u00e9rer un mot de passe oubli\u00e9. Solutions aux probl\u00e8mes de connexion les plus courants.","breadcrumb":{"@id":"https:\/\/spinbetter.center\/be\/login\/#breadcrumb"},"inLanguage":"fr-BE","potentialAction":[{"@type":"ReadAction","target":["https:\/\/spinbetter.center\/be\/login\/"]}]},{"@type":"BreadcrumbList","@id":"https:\/\/spinbetter.center\/be\/login\/#breadcrumb","itemListElement":[{"@type":"ListItem","position":1,"name":"Home","item":"https:\/\/spinbetter.center\/be\/"},{"@type":"ListItem","position":2,"name":"Connexion"}]},{"@type":"WebSite","@id":"https:\/\/spinbetter.center\/be\/#website","url":"https:\/\/spinbetter.center\/be\/","name":"SpinBetter","description":"SpinBetter","alternateName":"Spin Better","potentialAction":[{"@type":"SearchAction","target":{"@type":"EntryPoint","urlTemplate":"https:\/\/spinbetter.center\/be\/?s={search_term_string}"},"query-input":{"@type":"PropertyValueSpecification","valueRequired":true,"valueName":"search_term_string"}}],"inLanguage":"fr-BE"}]}},"_links":{"self":[{"href":"https:\/\/spinbetter.center\/be\/wp-json\/wp\/v2\/pages\/422","targetHints":{"allow":["GET"]}}],"collection":[{"href":"https:\/\/spinbetter.center\/be\/wp-json\/wp\/v2\/pages"}],"about":[{"href":"https:\/\/spinbetter.center\/be\/wp-json\/wp\/v2\/types\/page"}],"author":[{"embeddable":true,"href":"https:\/\/spinbetter.center\/be\/wp-json\/wp\/v2\/users\/1"}],"replies":[{"embeddable":true,"href":"https:\/\/spinbetter.center\/be\/wp-json\/wp\/v2\/comments?post=422"}],"version-history":[{"count":3,"href":"https:\/\/spinbetter.center\/be\/wp-json\/wp\/v2\/pages\/422\/revisions"}],"predecessor-version":[{"id":486,"href":"https:\/\/spinbetter.center\/be\/wp-json\/wp\/v2\/pages\/422\/revisions\/486"}],"wp:attachment":[{"href":"https:\/\/spinbetter.center\/be\/wp-json\/wp\/v2\/media?parent=422"}],"curies":[{"name":"wp","href":"https:\/\/api.w.org\/{rel}","templated":true}]}}