{"id":360,"date":"2024-11-08T07:17:25","date_gmt":"2024-11-08T07:17:25","guid":{"rendered":"https:\/\/spinbetter.center\/be\/?page_id=360"},"modified":"2025-02-20T14:09:12","modified_gmt":"2025-02-20T14:09:12","slug":"apk","status":"publish","type":"page","link":"https:\/\/spinbetter.center\/be\/apk\/","title":{"rendered":"Apk"},"content":{"rendered":"","protected":false},"excerpt":{"rendered":"","protected":false},"author":1,"featured_media":0,"parent":0,"menu_order":0,"comment_status":"closed","ping_status":"closed","template":"","meta":{"footnotes":""},"class_list":["post-360","page","type-page","status-publish","hentry"],"yoast_head":"<!-- This site is optimized with the Yoast SEO plugin v27.4 - https:\/\/yoast.com\/product\/yoast-seo-wordpress\/ -->\n<title>SpinBetter Belgique Apk Android : T\u00e9l\u00e9chargement et installation<\/title>\n<meta name=\"description\" content=\"Principales caract\u00e9ristiques de l&#039;application mobile SpinBetter pour Android. Instructions pas \u00e0 pas pour le t\u00e9l\u00e9chargement et l&#039;installation du programme. Comparaison de SpinBetter apk avec la version mobile du site web.\" \/>\n<meta name=\"robots\" content=\"index, follow, max-snippet:-1, max-image-preview:large, max-video-preview:-1\" \/>\n<link rel=\"canonical\" href=\"https:\/\/spinbetter.center\/be\/apk\/\" \/>\n<meta property=\"og:locale\" content=\"fr_FR\" \/>\n<meta property=\"og:type\" content=\"article\" \/>\n<meta property=\"og:title\" content=\"SpinBetter Belgique Apk Android : T\u00e9l\u00e9chargement et installation\" \/>\n<meta property=\"og:description\" content=\"Principales caract\u00e9ristiques de l&#039;application mobile SpinBetter pour Android. Instructions pas \u00e0 pas pour le t\u00e9l\u00e9chargement et l&#039;installation du programme. Comparaison de SpinBetter apk avec la version mobile du site web.\" \/>\n<meta property=\"og:url\" content=\"https:\/\/spinbetter.center\/be\/apk\/\" \/>\n<meta property=\"og:site_name\" content=\"Spinbetter center BE\" \/>\n<meta property=\"article:modified_time\" content=\"2025-02-20T14:09:12+00:00\" \/>\n<meta name=\"twitter:card\" content=\"summary_large_image\" \/>\n<script type=\"application\/ld+json\" class=\"yoast-schema-graph\">{\"@context\":\"https:\\\/\\\/schema.org\",\"@graph\":[{\"@type\":\"WebPage\",\"@id\":\"https:\\\/\\\/spinbetter.center\\\/be\\\/apk\\\/\",\"url\":\"https:\\\/\\\/spinbetter.center\\\/be\\\/apk\\\/\",\"name\":\"SpinBetter Belgique Apk Android : T\u00e9l\u00e9chargement et installation\",\"isPartOf\":{\"@id\":\"https:\\\/\\\/spinbetter.center\\\/be\\\/#website\"},\"datePublished\":\"2024-11-08T07:17:25+00:00\",\"dateModified\":\"2025-02-20T14:09:12+00:00\",\"description\":\"Principales caract\u00e9ristiques de l'application mobile SpinBetter pour Android. Instructions pas \u00e0 pas pour le t\u00e9l\u00e9chargement et l'installation du programme. Comparaison de SpinBetter apk avec la version mobile du site web.\",\"breadcrumb\":{\"@id\":\"https:\\\/\\\/spinbetter.center\\\/be\\\/apk\\\/#breadcrumb\"},\"inLanguage\":\"fr-BE\",\"potentialAction\":[{\"@type\":\"ReadAction\",\"target\":[\"https:\\\/\\\/spinbetter.center\\\/be\\\/apk\\\/\"]}]},{\"@type\":\"BreadcrumbList\",\"@id\":\"https:\\\/\\\/spinbetter.center\\\/be\\\/apk\\\/#breadcrumb\",\"itemListElement\":[{\"@type\":\"ListItem\",\"position\":1,\"name\":\"Home\",\"item\":\"https:\\\/\\\/spinbetter.center\\\/be\\\/\"},{\"@type\":\"ListItem\",\"position\":2,\"name\":\"Apk\"}]},{\"@type\":\"WebSite\",\"@id\":\"https:\\\/\\\/spinbetter.center\\\/be\\\/#website\",\"url\":\"https:\\\/\\\/spinbetter.center\\\/be\\\/\",\"name\":\"SpinBetter\",\"description\":\"SpinBetter\",\"alternateName\":\"Spin Better\",\"potentialAction\":[{\"@type\":\"SearchAction\",\"target\":{\"@type\":\"EntryPoint\",\"urlTemplate\":\"https:\\\/\\\/spinbetter.center\\\/be\\\/?s={search_term_string}\"},\"query-input\":{\"@type\":\"PropertyValueSpecification\",\"valueRequired\":true,\"valueName\":\"search_term_string\"}}],\"inLanguage\":\"fr-BE\"}]}<\/script>\n<!-- \/ Yoast SEO plugin. -->","yoast_head_json":{"title":"SpinBetter Belgique Apk Android : T\u00e9l\u00e9chargement et installation","description":"Principales caract\u00e9ristiques de l'application mobile SpinBetter pour Android. Instructions pas \u00e0 pas pour le t\u00e9l\u00e9chargement et l'installation du programme. Comparaison de SpinBetter apk avec la version mobile du site web.","robots":{"index":"index","follow":"follow","max-snippet":"max-snippet:-1","max-image-preview":"max-image-preview:large","max-video-preview":"max-video-preview:-1"},"canonical":"https:\/\/spinbetter.center\/be\/apk\/","og_locale":"fr_FR","og_type":"article","og_title":"SpinBetter Belgique Apk Android : T\u00e9l\u00e9chargement et installation","og_description":"Principales caract\u00e9ristiques de l'application mobile SpinBetter pour Android. Instructions pas \u00e0 pas pour le t\u00e9l\u00e9chargement et l'installation du programme. Comparaison de SpinBetter apk avec la version mobile du site web.","og_url":"https:\/\/spinbetter.center\/be\/apk\/","og_site_name":"Spinbetter center BE","article_modified_time":"2025-02-20T14:09:12+00:00","twitter_card":"summary_large_image","schema":{"@context":"https:\/\/schema.org","@graph":[{"@type":"WebPage","@id":"https:\/\/spinbetter.center\/be\/apk\/","url":"https:\/\/spinbetter.center\/be\/apk\/","name":"SpinBetter Belgique Apk Android : T\u00e9l\u00e9chargement et installation","isPartOf":{"@id":"https:\/\/spinbetter.center\/be\/#website"},"datePublished":"2024-11-08T07:17:25+00:00","dateModified":"2025-02-20T14:09:12+00:00","description":"Principales caract\u00e9ristiques de l'application mobile SpinBetter pour Android. Instructions pas \u00e0 pas pour le t\u00e9l\u00e9chargement et l'installation du programme. Comparaison de SpinBetter apk avec la version mobile du site web.","breadcrumb":{"@id":"https:\/\/spinbetter.center\/be\/apk\/#breadcrumb"},"inLanguage":"fr-BE","potentialAction":[{"@type":"ReadAction","target":["https:\/\/spinbetter.center\/be\/apk\/"]}]},{"@type":"BreadcrumbList","@id":"https:\/\/spinbetter.center\/be\/apk\/#breadcrumb","itemListElement":[{"@type":"ListItem","position":1,"name":"Home","item":"https:\/\/spinbetter.center\/be\/"},{"@type":"ListItem","position":2,"name":"Apk"}]},{"@type":"WebSite","@id":"https:\/\/spinbetter.center\/be\/#website","url":"https:\/\/spinbetter.center\/be\/","name":"SpinBetter","description":"SpinBetter","alternateName":"Spin Better","potentialAction":[{"@type":"SearchAction","target":{"@type":"EntryPoint","urlTemplate":"https:\/\/spinbetter.center\/be\/?s={search_term_string}"},"query-input":{"@type":"PropertyValueSpecification","valueRequired":true,"valueName":"search_term_string"}}],"inLanguage":"fr-BE"}]}},"_links":{"self":[{"href":"https:\/\/spinbetter.center\/be\/wp-json\/wp\/v2\/pages\/360","targetHints":{"allow":["GET"]}}],"collection":[{"href":"https:\/\/spinbetter.center\/be\/wp-json\/wp\/v2\/pages"}],"about":[{"href":"https:\/\/spinbetter.center\/be\/wp-json\/wp\/v2\/types\/page"}],"author":[{"embeddable":true,"href":"https:\/\/spinbetter.center\/be\/wp-json\/wp\/v2\/users\/1"}],"replies":[{"embeddable":true,"href":"https:\/\/spinbetter.center\/be\/wp-json\/wp\/v2\/comments?post=360"}],"version-history":[{"count":1,"href":"https:\/\/spinbetter.center\/be\/wp-json\/wp\/v2\/pages\/360\/revisions"}],"predecessor-version":[{"id":468,"href":"https:\/\/spinbetter.center\/be\/wp-json\/wp\/v2\/pages\/360\/revisions\/468"}],"wp:attachment":[{"href":"https:\/\/spinbetter.center\/be\/wp-json\/wp\/v2\/media?parent=360"}],"curies":[{"name":"wp","href":"https:\/\/api.w.org\/{rel}","templated":true}]}}